{"id":79,"date":"2021-07-01T00:00:20","date_gmt":"2021-07-01T02:00:20","guid":{"rendered":"http:\/\/sites.usp.br\/df\/?page_id=79"},"modified":"2026-02-11T14:57:39","modified_gmt":"2026-02-11T16:57:39","slug":"pagina-inicial","status":"publish","type":"page","link":"https:\/\/sites.usp.br\/df\/","title":{"rendered":"Apresenta\u00e7\u00e3o"},"content":{"rendered":"<p style=\"text-align: center; padding-left: 40px;\"><span style=\"color: #000000;\"><strong>O Departamento de Finan\u00e7as da Reitoria, \u00f3rg\u00e3o subordinado \u00e0 Coordenadoria de Administra\u00e7\u00e3o Geral, tem por atribui\u00e7\u00e3o o estabelecimento das diretrizes de organiza\u00e7\u00e3o e controle das atividades or\u00e7ament\u00e1rias, financeiras e patrimoniais da Universidade de S\u00e3o Paulo.<\/strong><\/span><\/p>\n<p style=\"text-align: center; padding-left: 40px;\">\r\n\t<div class=\"slideshow_container slideshow_container_style-light\" style=\"height: 292px; \" data-slideshow-id=\"82\" data-style-name=\"style-light\" data-style-version=\"2.3.1\" >\r\n\r\n\t\t\t\t\t<div class=\"slideshow_loading_icon\"><\/div>\r\n\t\t\r\n\t\t<div class=\"slideshow_content\" style=\"display: none;\">\r\n\r\n\t\t\t<div class=\"slideshow_view\">\r\n\t\t\t\t<div class=\"slideshow_slide slideshow_slide_image\">\r\n\t\t\t\t\t\t\t\t\t\t\t<img src=\"https:\/\/sites.usp.br\/df\/wp-content\/uploads\/sites\/678\/2020\/05\/PraC3A7a-do-relC3B3gio-Foto-Marcos-Santos-USP-Imagens-3-scaled.jpg\" alt=\"reg. 439-16 Campus da Cidade Universit\u00e1ria no Butant\u00e3. Torre d\" width=\"2560\" height=\"1707\" \/>\r\n\t\t\t\t\t\t\t\t\t\t<div class=\"slideshow_description_box slideshow_transparent\">\r\n\t\t\t\t\t\t<div class=\"slideshow_title\">reg. 439-16 Campus da Cidade Universit\u00e1ria no Butant\u00e3. Torre d<\/div>\t\t\t\t\t\t\t\t\t\t\t<\/div>\r\n\t\t\t\t<\/div>\r\n\r\n\t\t\t\t\t\t<div style=\"clear: both;\"><\/div><\/div><div class=\"slideshow_view\">\r\n\t\t\t\t<div class=\"slideshow_slide slideshow_slide_image\">\r\n\t\t\t\t\t\t\t\t\t\t\t<img src=\"https:\/\/sites.usp.br\/df\/wp-content\/uploads\/sites\/678\/2020\/05\/PraC3A7a-do-RelC3B3gio-Foto-Marcos-Santos-020.jpg\" alt=\"Praa-do-Relgio-Foto-Marcos-Santos-020\" width=\"1772\" height=\"1181\" \/>\r\n\t\t\t\t\t\t\t\t\t\t<div class=\"slideshow_description_box slideshow_transparent\">\r\n\t\t\t\t\t\t<div class=\"slideshow_title\">Praa-do-Relgio-Foto-Marcos-Santos-020<\/div>\t\t\t\t\t\t\t\t\t\t\t<\/div>\r\n\t\t\t\t<\/div>\r\n\r\n\t\t\t\t\t\t<div style=\"clear: both;\"><\/div><\/div><div class=\"slideshow_view\">\r\n\t\t\t\t<div class=\"slideshow_slide slideshow_slide_image\">\r\n\t\t\t\t\t\t\t\t\t\t\t<img src=\"https:\/\/sites.usp.br\/df\/wp-content\/uploads\/sites\/678\/2020\/05\/PrC3A9dio-da-Reitoria-Foto-Marcos-Santos-USP-Imagens-6-2-scaled.jpg\" alt=\"reg. 439-16 Campus da Cidade Universit\u00e1ria no Butant\u00e3. Torre d\" width=\"2560\" height=\"1707\" \/>\r\n\t\t\t\t\t\t\t\t\t\t<div class=\"slideshow_description_box slideshow_transparent\">\r\n\t\t\t\t\t\t<div class=\"slideshow_title\">reg. 439-16 Campus da Cidade Universit\u00e1ria no Butant\u00e3. Torre d<\/div>\t\t\t\t\t\t\t\t\t\t\t<\/div>\r\n\t\t\t\t<\/div>\r\n\r\n\t\t\t\t\t\t<div style=\"clear: both;\"><\/div><\/div><div class=\"slideshow_view\">\r\n\t\t\t\t<div class=\"slideshow_slide slideshow_slide_image\">\r\n\t\t\t\t\t\t\t\t\t\t\t<img src=\"https:\/\/sites.usp.br\/df\/wp-content\/uploads\/sites\/678\/2020\/05\/CRUSP-2007-Fto-Jorge-Maruta_-Jornal-da-USP-023.jpg\" alt=\"CRUSP-2007-Fto-Jorge-Maruta_-Jornal-da-USP-023\" width=\"1772\" height=\"1181\" \/>\r\n\t\t\t\t\t\t\t\t\t\t<div class=\"slideshow_description_box slideshow_transparent\">\r\n\t\t\t\t\t\t<div class=\"slideshow_title\">CRUSP-2007-Fto-Jorge-Maruta_-Jornal-da-USP-023<\/div>\t\t\t\t\t\t\t\t\t\t\t<\/div>\r\n\t\t\t\t<\/div>\r\n\r\n\t\t\t\t\t\t<div style=\"clear: both;\"><\/div><\/div><div class=\"slideshow_view\">\r\n\t\t\t\t<div class=\"slideshow_slide slideshow_slide_image\">\r\n\t\t\t\t\t\t\t\t\t\t\t<img src=\"https:\/\/sites.usp.br\/df\/wp-content\/uploads\/sites\/678\/2020\/05\/01042014uspnoitefotomarcossantos002.jpg\" alt=\"01042014uspnoitefotomarcossantos002\" width=\"1772\" height=\"1181\" \/>\r\n\t\t\t\t\t\t\t\t\t\t<div class=\"slideshow_description_box slideshow_transparent\">\r\n\t\t\t\t\t\t<div class=\"slideshow_title\">01042014uspnoitefotomarcossantos002<\/div>\t\t\t\t\t\t\t\t\t\t\t<\/div>\r\n\t\t\t\t<\/div>\r\n\r\n\t\t\t\t\t\t<div style=\"clear: both;\"><\/div><\/div>\r\n\t\t<\/div>\r\n\r\n\t\t<div class=\"slideshow_controlPanel slideshow_transparent\" style=\"display: none;\"><ul><li class=\"slideshow_togglePlay\" data-play-text=\"Acionar\" data-pause-text=\"Pausar\"><\/li><\/ul><\/div>\r\n\r\n\t\t<div class=\"slideshow_button slideshow_previous slideshow_transparent\" role=\"button\" data-previous-text=\"Anterior\" style=\"display: none;\"><\/div>\r\n\t\t<div class=\"slideshow_button slideshow_next slideshow_transparent\" role=\"button\" data-next-text=\"Pr\u00f3ximo\" style=\"display: none;\"><\/div>\r\n\r\n\t\t<div class=\"slideshow_pagination\" style=\"display: none;\" data-go-to-text=\"Ir para o slide\"><div class=\"slideshow_pagination_center\"><\/div><\/div>\r\n\r\n\t\t<!-- WordPress Slideshow Version 2.3.1 -->\r\n\r\n\t\t\t<\/div>\r\n\r\n\n","protected":false},"excerpt":{"rendered":"<p>O Departamento de Finan\u00e7as da Reitoria, \u00f3rg\u00e3o subordinado \u00e0 Coordenadoria de Administra\u00e7\u00e3o Geral, tem por atribui\u00e7\u00e3o o estabelecimento das diretrizes de organiza\u00e7\u00e3o e controle das atividades or\u00e7ament\u00e1rias, financeiras e patrimoniais da Universidade de S\u00e3o Paulo. reg. 439-16 Campus da Cidade Universit\u00e1ria no Butant\u00e3. Torre d Praa-do-Relgio-Foto-Marcos-Santos-020 reg. 439-16 Campus da Cidade Universit\u00e1ria no Butant\u00e3. Torre d CRUSP-2007-Fto-Jorge-Maruta_-Jornal-da-USP-023 01042014uspnoitefotomarcossantos002<\/p>\n","protected":false},"author":1304,"featured_media":0,"parent":0,"menu_order":10,"comment_status":"closed","ping_status":"closed","template":"homepage.php","meta":{"footnotes":"","_links_to":"","_links_to_target":""},"class_list":["post-79","page","type-page","status-publish","hentry"],"_links":{"self":[{"href":"https:\/\/sites.usp.br\/df\/wp-json\/wp\/v2\/pages\/79","targetHints":{"allow":["GET"]}}],"collection":[{"href":"https:\/\/sites.usp.br\/df\/wp-json\/wp\/v2\/pages"}],"about":[{"href":"https:\/\/sites.usp.br\/df\/wp-json\/wp\/v2\/types\/page"}],"author":[{"embeddable":true,"href":"https:\/\/sites.usp.br\/df\/wp-json\/wp\/v2\/users\/1304"}],"replies":[{"embeddable":true,"href":"https:\/\/sites.usp.br\/df\/wp-json\/wp\/v2\/comments?post=79"}],"version-history":[{"count":4,"href":"https:\/\/sites.usp.br\/df\/wp-json\/wp\/v2\/pages\/79\/revisions"}],"predecessor-version":[{"id":729,"href":"https:\/\/sites.usp.br\/df\/wp-json\/wp\/v2\/pages\/79\/revisions\/729"}],"wp:attachment":[{"href":"https:\/\/sites.usp.br\/df\/wp-json\/wp\/v2\/media?parent=79"}],"curies":[{"name":"wp","href":"https:\/\/api.w.org\/{rel}","templated":true}]}}