{"id":1183,"date":"2021-10-28T14:37:07","date_gmt":"2021-10-28T17:37:07","guid":{"rendered":"https:\/\/sites.usp.br\/padrao8\/?page_id=1183"},"modified":"2022-02-04T22:10:51","modified_gmt":"2022-02-05T01:10:51","slug":"quem-somos","status":"publish","type":"page","link":"https:\/\/sites.usp.br\/dhd\/quem-somos\/","title":{"rendered":"Quem Somos"},"content":{"rendered":"<h2>QUEM SOMOS<\/h2>\n<p>O presente projeto de forma\u00e7\u00e3o articula docentes da Universidade de S\u00e3o Paulo de 6 unidades acad\u00eamicas do Campus Capital. Cada unidade colabora com suas expertises na confec\u00e7\u00e3o e execu\u00e7\u00e3o da proposta, a saber:<\/p>\n<p>A\u00a0 <strong>EACH &#8211; Escola de Artes, Ci\u00eancias e Humanidades<\/strong> (Unidade proponente) concentra o maior n\u00famero de<a href=\"https:\/\/sites.usp.br\/dhd\/wp-content\/uploads\/sites\/1063\/2022\/01\/logo-each.png\"><img decoding=\"async\" class=\" wp-image-2874 alignright\" src=\"https:\/\/sites.usp.br\/dhd\/wp-content\/uploads\/sites\/1063\/2022\/01\/logo-each.png\" alt=\"\" width=\"174\" height=\"170\" srcset=\"https:\/\/sites.usp.br\/dhd\/wp-content\/uploads\/sites\/1063\/2022\/01\/logo-each.png 227w, https:\/\/sites.usp.br\/dhd\/wp-content\/uploads\/sites\/1063\/2022\/01\/logo-each-45x45.png 45w\" sizes=\"(max-width: 174px) 100vw, 174px\" \/><\/a> docentes e estudantes. Conta com uma equipe de seis docentes vinculados ao Ciclo B\u00e1sico respons\u00e1vel pela forma\u00e7\u00e3o humana dos estudantes do conjunto das gradua\u00e7\u00f5es ga EACH; as carreiras de Gerontologia; Gest\u00e3o de Pol\u00edticas P\u00fablicas; Obstetr\u00edcia; T\u00eaxtil e Moda e aos Programas de P\u00f3s Gradua\u00e7\u00e3o em Estudos Culturais e Mudan\u00e7a Social e Participa\u00e7\u00e3o Pol\u00edtica. A equipe trabalha temas relacionados a todos os ODS citados na proposta. o Docente Coordenador integra o corpo docente da EACH. Docentes: <em>Alessandro Soares da Silva<\/em> (Coord); <em>Bibiana Graeff<\/em>; <em>D\u00e1ria Jaremtchuk<\/em>; <em>Gustavo Menon<\/em>; <em>Graziela Serroni Perosa<\/em>; <em>Martin Jayo<\/em>; <em>R\u00e9gia Cristina Oliveira<\/em>; <em>Soraia Ansara<\/em>.<\/p>\n<p>O <strong>CELACC<\/strong> foi criado em 1996, o\u00a0Centro de Estudos Latino-Americanos sobre\u00a0Comunica\u00e7\u00e3o e Cultura (Celacc) \u00e9 um<a href=\"https:\/\/sites.usp.br\/dhd\/wp-content\/uploads\/sites\/1063\/2022\/01\/logocelacc-COLOR-1.png\"><img decoding=\"async\" class=\" wp-image-3268 alignleft\" src=\"https:\/\/sites.usp.br\/dhd\/wp-content\/uploads\/sites\/1063\/2022\/01\/logocelacc-COLOR-1-300x144.png\" alt=\"\" width=\"317\" height=\"152\" srcset=\"https:\/\/sites.usp.br\/dhd\/wp-content\/uploads\/sites\/1063\/2022\/01\/logocelacc-COLOR-1-300x144.png 300w, https:\/\/sites.usp.br\/dhd\/wp-content\/uploads\/sites\/1063\/2022\/01\/logocelacc-COLOR-1-1024x493.png 1024w, https:\/\/sites.usp.br\/dhd\/wp-content\/uploads\/sites\/1063\/2022\/01\/logocelacc-COLOR-1-768x370.png 768w, https:\/\/sites.usp.br\/dhd\/wp-content\/uploads\/sites\/1063\/2022\/01\/logocelacc-COLOR-1-400x193.png 400w, https:\/\/sites.usp.br\/dhd\/wp-content\/uploads\/sites\/1063\/2022\/01\/logocelacc-COLOR-1.png 1263w\" sizes=\"(max-width: 317px) 100vw, 317px\" \/><\/a> NAP- N\u00facleo de Apoio \u00e0 Pesquisa da\u00a0Universidade de S\u00e3o Paulo. O n\u00facleo\u00a0\u00e9 coordenado atualmente pelo\u00a0<a href=\"http:\/\/buscatextual.cnpq.br\/buscatextual\/visualizacv.do?id=B545365\">Prof. Dr. Dennis de Oliveira<\/a> (ECA\/USP).\u00a0 O Celacc integra o <a href=\"http:\/\/dgp.cnpq.br\/buscaoperacional\/detalhegrupo.jsp?grupo=0067609EO09HQ2\">Diret\u00f3rio de Grupos de Pesquisa do CNPq<\/a> e os seus projetos abordam as seguintes linhas de pesquisa: 1 \u2013 Comunica\u00e7\u00e3o e Cultura na Am\u00e9rica Latina e 2 \u2013Processo de Produ\u00e7\u00e3o, Circula\u00e7\u00e3o e Frui\u00e7\u00e3o de bens culturais na Am\u00e9rica Latina. Os projetos desenvolvidos s\u00e3o financiados pelos \u00f3rg\u00e3os de fomento \u00e0 pesquisa como FAPESP, CAPES e CNPq. Atualmente o Celacc oferece tr\u00eas cursos de P\u00f3s-Gradua\u00e7\u00e3o (lato-sensu), seguindo as seguintes \u00e1reas: \u2018M\u00eddia, Informa\u00e7\u00e3o e Cultura\u2019; \u2018Gest\u00e3o de Projetos Culturais\u2019 e \u2018Cultura, Educa\u00e7\u00e3o e Rela\u00e7\u00f5es \u00c9tnico- Raciais\u2019. Mais informa\u00e7\u00f5es: <a href=\"http:\/\/celacc.eca.usp.br\/?q=pt-br\">http:\/\/celacc.eca.usp.br\/?q=pt-br<\/a><\/p>\n<p>O <b>CCMA &#8211; Centro Cultural Maria Ant\u00f4nia (PROCEU)<\/b>, conta com a participa\u00e7\u00e3o de sua vice-Diretora, aportar\u00e1<a href=\"https:\/\/sites.usp.br\/dhd\/wp-content\/uploads\/sites\/1063\/2022\/01\/LOGOS_mariaantonia.jpg\"><img decoding=\"async\" class=\" wp-image-2877 alignright\" src=\"https:\/\/sites.usp.br\/dhd\/wp-content\/uploads\/sites\/1063\/2022\/01\/LOGOS_mariaantonia-300x56.jpg\" alt=\"\" width=\"315\" height=\"59\" srcset=\"https:\/\/sites.usp.br\/dhd\/wp-content\/uploads\/sites\/1063\/2022\/01\/LOGOS_mariaantonia-300x56.jpg 300w, https:\/\/sites.usp.br\/dhd\/wp-content\/uploads\/sites\/1063\/2022\/01\/LOGOS_mariaantonia-1024x190.jpg 1024w, https:\/\/sites.usp.br\/dhd\/wp-content\/uploads\/sites\/1063\/2022\/01\/LOGOS_mariaantonia-768x142.jpg 768w, https:\/\/sites.usp.br\/dhd\/wp-content\/uploads\/sites\/1063\/2022\/01\/LOGOS_mariaantonia-400x74.jpg 400w, https:\/\/sites.usp.br\/dhd\/wp-content\/uploads\/sites\/1063\/2022\/01\/LOGOS_mariaantonia.jpg 1107w\" sizes=\"(max-width: 315px) 100vw, 315px\" \/><\/a> os recursos de difus\u00e3o do projeto e sua expertise em aten\u00e7\u00e3o \u00e0 comunidade externa por meio de cursos de extens\u00e3o. Tamb\u00e9m nos possibilitar\u00e1 melhor integra\u00e7\u00e3o com as a\u00e7\u00f5es j\u00e1 desenvolvidas pela PROCEU no \u00e2mbito da promo\u00e7\u00e3o de direitos humanos. Docente: <em>D\u00e1ria Jaremtchuk<\/em>.<\/p>\n<p>A <strong>ECA \u2013 Escola de Comunica\u00e7\u00e3o e Artes<\/strong> conta com um docente do departamento de Jornalismo e estudantes<a href=\"https:\/\/sites.usp.br\/dhd\/wp-content\/uploads\/sites\/1063\/2022\/01\/eca-usp-logo.png\"><img loading=\"lazy\" decoding=\"async\" class=\"wp-image-2880 alignleft\" src=\"https:\/\/sites.usp.br\/dhd\/wp-content\/uploads\/sites\/1063\/2022\/01\/eca-usp-logo.png\" alt=\"\" width=\"179\" height=\"127\" \/><\/a> de doutorado no Programa de P\u00f3s-Gradua\u00e7\u00e3o em Integra\u00e7\u00e3o da Am\u00e9rica Latina, com pesquisadores doutores vinculados ao Centro de Estudos Latino-Americanos em Comunica\u00e7\u00e3o. O docente \u00e9 tamb\u00e9m o vice-Coordenador da Proposta, <em>Dennis de Oliveira<\/em>. A equipe da ECA tem focado, em particular, em estudos que articulam Direitos Humanos, Igualdade de G\u00eanero, Ra\u00e7a e Comunica\u00e7\u00e3o.<\/p>\n<p>A <strong>FD<\/strong> <strong>\u2013 Faculdade de Direito<\/strong> integra a equipe com um docente e um P\u00f3s-Doutorando Volunt\u00e1rio. Ambos t\u00eam<a href=\"https:\/\/sites.usp.br\/dhd\/wp-content\/uploads\/sites\/1063\/2022\/01\/logo-direito-usp.png\"><img loading=\"lazy\" decoding=\"async\" class=\"wp-image-2881 alignright\" src=\"https:\/\/sites.usp.br\/dhd\/wp-content\/uploads\/sites\/1063\/2022\/01\/logo-direito-usp.png\" alt=\"\" width=\"153\" height=\"152\" srcset=\"https:\/\/sites.usp.br\/dhd\/wp-content\/uploads\/sites\/1063\/2022\/01\/logo-direito-usp.png 225w, https:\/\/sites.usp.br\/dhd\/wp-content\/uploads\/sites\/1063\/2022\/01\/logo-direito-usp-150x150.png 150w, https:\/\/sites.usp.br\/dhd\/wp-content\/uploads\/sites\/1063\/2022\/01\/logo-direito-usp-45x45.png 45w, https:\/\/sites.usp.br\/dhd\/wp-content\/uploads\/sites\/1063\/2022\/01\/logo-direito-usp-200x200.png 200w\" sizes=\"(max-width: 153px) 100vw, 153px\" \/><\/a> trabalhado os ODS no plano de direitos humanos e dado particular aten\u00e7\u00e3o ao tema dos imigrantes, refugiados e LGBTs. A dimens\u00e3o jur\u00eddica dos Direitos humanos \u00e9 fundamental para a transforma\u00e7\u00e3o e enfrentamento das desigualdades, gera\u00e7\u00e3o de igualdade de g\u00eanero e promo\u00e7\u00e3o da paz. A participa\u00e7\u00e3o da FD tamb\u00e9m oportuniza a participa\u00e7\u00e3o de docentes e estudantes do Programa de P\u00f3s-Gradua\u00e7\u00e3o em Direito (Direitos Humanos). Docente: <em>Guilherme Assis Almeida<\/em>.<\/p>\n<p>A <strong>FFLCH<\/strong> \u2013 <strong>Faculdade de Filosofia, Letras e Hist\u00f3ria<\/strong> , aporta um importante contribui\u00e7\u00e3o na an\u00e1lise do<a href=\"https:\/\/sites.usp.br\/dhd\/wp-content\/uploads\/sites\/1063\/2022\/01\/fflch-logo.png\"><img loading=\"lazy\" decoding=\"async\" class=\"wp-image-2875 alignleft\" src=\"https:\/\/sites.usp.br\/dhd\/wp-content\/uploads\/sites\/1063\/2022\/01\/fflch-logo-300x156.png\" alt=\"\" width=\"254\" height=\"132\" srcset=\"https:\/\/sites.usp.br\/dhd\/wp-content\/uploads\/sites\/1063\/2022\/01\/fflch-logo-300x156.png 300w, https:\/\/sites.usp.br\/dhd\/wp-content\/uploads\/sites\/1063\/2022\/01\/fflch-logo.png 311w\" sizes=\"(max-width: 254px) 100vw, 254px\" \/><\/a> territ\u00f3rio no qual o projeto ser\u00e1 implementado. Por meio dos estudos das territorialidades relacionadas com as quest\u00f5es de g\u00eanero, Ra\u00e7a\/Etnia LGBTs e Imigra\u00e7\u00e3o \u00e9 poss\u00edvel entender como as ODS destacadas nesse projeto ganham vida nas din\u00e2micas da cidade e dos territ\u00f3rios que a formam. E isso nos possibilita mapear as din\u00e2micas desses grupos na Cidade de S\u00e3o Paulo. Integra a equipe uma docente e estudantes de doutorado vinculados ao Programa de P\u00f3s-Gradua\u00e7\u00e3o em Geografia Humana. Docente: <em>Fernanda Padovesi Fonseca<\/em><\/p>\n<p>O <strong>IEB \u2013 Instituto de Estudos Brasileiros <\/strong>com sua larga tradi\u00e7\u00e3o de investiga\u00e7\u00e3o sobre o Brasil, contribui para<a href=\"https:\/\/sites.usp.br\/dhd\/wp-content\/uploads\/sites\/1063\/2022\/01\/ieb-logo.png\"><img loading=\"lazy\" decoding=\"async\" class=\" wp-image-2879 alignright\" src=\"https:\/\/sites.usp.br\/dhd\/wp-content\/uploads\/sites\/1063\/2022\/01\/ieb-logo-300x90.png\" alt=\"\" width=\"326\" height=\"98\" srcset=\"https:\/\/sites.usp.br\/dhd\/wp-content\/uploads\/sites\/1063\/2022\/01\/ieb-logo-300x90.png 300w, https:\/\/sites.usp.br\/dhd\/wp-content\/uploads\/sites\/1063\/2022\/01\/ieb-logo-400x120.png 400w, https:\/\/sites.usp.br\/dhd\/wp-content\/uploads\/sites\/1063\/2022\/01\/ieb-logo.png 409w\" sizes=\"(max-width: 326px) 100vw, 326px\" \/><\/a> entendermos aspectos culturais da din\u00e2mica nacional. De modo particular, o instituto associa-se aos docentes da EACH e da FFLCH para aprofundar as din\u00e2micas da Cidade, visto que esta tem sido a tem\u00e1tica que mais tem sido trabalhada pelo docente que representa essa unidade. Docente:<em> Jaime Tadeu Oliva<\/em>.<\/p>\n","protected":false},"excerpt":{"rendered":"<p>QUEM SOMOS O presente projeto de forma\u00e7\u00e3o articula docentes da Universidade de S\u00e3o Paulo de 6 unidades acad\u00eamicas do Campus Capital. Cada unidade colabora com suas expertises na confec\u00e7\u00e3o e execu\u00e7\u00e3o da proposta, a saber: A\u00a0 EACH &#8211; Escola de Artes, Ci\u00eancias e Humanidades (Unidade proponente) concentra o maior n\u00famero de docentes e estudantes. Conta [&hellip;]<\/p>\n","protected":false},"author":22641,"featured_media":0,"parent":0,"menu_order":0,"comment_status":"closed","ping_status":"closed","template":"","meta":{"_monsterinsights_skip_tracking":false,"_monsterinsights_sitenote_active":false,"_monsterinsights_sitenote_note":"","_monsterinsights_sitenote_category":0,"footnotes":"","_links_to":"","_links_to_target":""},"class_list":["post-1183","page","type-page","status-publish","hentry","entry"],"_links":{"self":[{"href":"https:\/\/sites.usp.br\/dhd\/wp-json\/wp\/v2\/pages\/1183","targetHints":{"allow":["GET"]}}],"collection":[{"href":"https:\/\/sites.usp.br\/dhd\/wp-json\/wp\/v2\/pages"}],"about":[{"href":"https:\/\/sites.usp.br\/dhd\/wp-json\/wp\/v2\/types\/page"}],"author":[{"embeddable":true,"href":"https:\/\/sites.usp.br\/dhd\/wp-json\/wp\/v2\/users\/22641"}],"replies":[{"embeddable":true,"href":"https:\/\/sites.usp.br\/dhd\/wp-json\/wp\/v2\/comments?post=1183"}],"version-history":[{"count":5,"href":"https:\/\/sites.usp.br\/dhd\/wp-json\/wp\/v2\/pages\/1183\/revisions"}],"predecessor-version":[{"id":3332,"href":"https:\/\/sites.usp.br\/dhd\/wp-json\/wp\/v2\/pages\/1183\/revisions\/3332"}],"wp:attachment":[{"href":"https:\/\/sites.usp.br\/dhd\/wp-json\/wp\/v2\/media?parent=1183"}],"curies":[{"name":"wp","href":"https:\/\/api.w.org\/{rel}","templated":true}]}}