{"id":2939,"date":"2022-01-24T12:42:15","date_gmt":"2022-01-24T15:42:15","guid":{"rendered":"https:\/\/sites.usp.br\/dhd\/?page_id=2939"},"modified":"2022-03-17T10:43:17","modified_gmt":"2022-03-17T13:43:17","slug":"modulo-i","status":"publish","type":"page","link":"https:\/\/sites.usp.br\/dhd\/modulo-i\/","title":{"rendered":"M\u00f3dulo I"},"content":{"rendered":"<h1>M\u00f3dulo I &#8211; Direitos Humanos<a href=\"https:\/\/sites.usp.br\/dhd\/wp-content\/uploads\/sites\/1063\/2022\/01\/logo-modulo-direitos-humanis.png\"><img fetchpriority=\"high\" decoding=\"async\" class=\"size-medium wp-image-2848 alignright\" src=\"https:\/\/sites.usp.br\/dhd\/wp-content\/uploads\/sites\/1063\/2022\/01\/logo-modulo-direitos-humanis-300x300.png\" alt=\"\" width=\"300\" height=\"300\" srcset=\"https:\/\/sites.usp.br\/dhd\/wp-content\/uploads\/sites\/1063\/2022\/01\/logo-modulo-direitos-humanis-300x300.png 300w, https:\/\/sites.usp.br\/dhd\/wp-content\/uploads\/sites\/1063\/2022\/01\/logo-modulo-direitos-humanis-1024x1024.png 1024w, https:\/\/sites.usp.br\/dhd\/wp-content\/uploads\/sites\/1063\/2022\/01\/logo-modulo-direitos-humanis-150x150.png 150w, https:\/\/sites.usp.br\/dhd\/wp-content\/uploads\/sites\/1063\/2022\/01\/logo-modulo-direitos-humanis-768x768.png 768w, https:\/\/sites.usp.br\/dhd\/wp-content\/uploads\/sites\/1063\/2022\/01\/logo-modulo-direitos-humanis-45x45.png 45w, https:\/\/sites.usp.br\/dhd\/wp-content\/uploads\/sites\/1063\/2022\/01\/logo-modulo-direitos-humanis-200x200.png 200w, https:\/\/sites.usp.br\/dhd\/wp-content\/uploads\/sites\/1063\/2022\/01\/logo-modulo-direitos-humanis-400x400.png 400w, https:\/\/sites.usp.br\/dhd\/wp-content\/uploads\/sites\/1063\/2022\/01\/logo-modulo-direitos-humanis.png 1500w\" sizes=\"(max-width: 300px) 100vw, 300px\" \/><\/a><\/h1>\n<h2>Diversidades, Inclus\u00e3o Social e os Fundamentos dos Direitos Humanos<\/h2>\n<p>O primeiro m\u00f3dulo \u00e9 estruturante e integrar\u00e1 todas, todos e todes que participam nessa primeira fase. \u00c9 um m\u00f3dulo\u00a0integrativo e que se comunica com cada uma das atividades dos m\u00f3dulos subsequentes, que ocorrer\u00e3o\u00a0concomitantemente na segunda fase dessa forma\u00e7\u00e3o. Nessa primeira fase, as principais atividades est\u00e3o organizadas em\u00a0<em>aulas expositivas<\/em>\u00a0pela manh\u00e3, aos s\u00e1bados, das 9h \u00e0s 13h; e\u00a0<em>estudos dirigidos<\/em>, com indica\u00e7\u00f5es de leitura e testes de avalia\u00e7\u00e3o de m\u00faltipla escolha, correspondentes a cada dia de forma\u00e7\u00e3o, e que poder\u00e3o ser realizados pelos alunos, alunas e alunes, de maneira aut\u00f4noma, dentro do per\u00edodo de realiza\u00e7\u00e3o desse m\u00f3dulo.\u00a0 As\u00a0<em>rodas de conversas<\/em>\u00a0somente acontecer\u00e3o na segunda fase dessa forma\u00e7\u00e3o.<\/p>\n<h2><\/h2>\n<h2><strong>Moodle &#8211; Cursos de Extens\u00e3o da USP<\/strong><\/h2>\n<p>Ambiente virtual da forma\u00e7\u00e3o de extens\u00e3o online <strong>Diversidades e Inclus\u00e3o Social em Direitos Humanos<\/strong><\/p>\n<p>O Moodle Extens\u00e3o hospeda cursos da comunidade USP para o p\u00fablico em geral.<\/p>\n<p>Para participar dessa\u00a0 forma\u00e7\u00e3o completa com todo conte\u00fado e receber o certificado, os alunos al\u00e9m de completarem 70% de presen\u00e7a nas aulas, tamb\u00e9m precisam se cadastrar atrav\u00e9s do c\u00f3digo-convite que foi enviado aos inscritos.<\/p>\n<p><img decoding=\"async\" class=\"wp-image-3433 aligncenter\" src=\"https:\/\/sites.usp.br\/dhd\/wp-content\/uploads\/sites\/1063\/2022\/02\/moodle-usp-cursos-de-extensao-300x134.jpg\" alt=\"\" width=\"545\" height=\"244\" srcset=\"https:\/\/sites.usp.br\/dhd\/wp-content\/uploads\/sites\/1063\/2022\/02\/moodle-usp-cursos-de-extensao-300x134.jpg 300w, https:\/\/sites.usp.br\/dhd\/wp-content\/uploads\/sites\/1063\/2022\/02\/moodle-usp-cursos-de-extensao.jpg 336w\" sizes=\"(max-width: 545px) 100vw, 545px\" \/>Para ter acesso ao conte\u00fado dessa forma\u00e7\u00e3o como visitante (sem emiss\u00e3o de certificado) basta clicar no link:<\/p>\n<p><a href=\"https:\/\/cursosextensao.usp.br\/course\/view.php?id=3029\">https:\/\/cursosextensao.usp.br\/course\/view.php?id=3029<\/a><\/p>\n<h2><\/h2>\n<h2>Oficina 1 &#8211; Aula inaugural<\/h2>\n<p id=\"yui_3_17_2_1_1644505541944_5805\" dir=\"ltr\"><strong id=\"yui_3_17_2_1_1644505541944_5804\">1. Cerim\u00f4nia de abertura: &#8220;Podemos Viver Juntos?&#8221; | Das 9h \u00e0s 11h<\/strong><\/p>\n<p dir=\"ltr\">Apresenta\u00e7\u00e3o: Prof.\u00a0Alessandro Soares da Silva (EACH-USP) e Prof. Dennis de Oliveira (ECA-\u00a0USP)<\/p>\n<p dir=\"ltr\">Media\u00e7\u00e3o: Prof. Gustavo Menon (EACH-USP)<\/p>\n<p dir=\"ltr\"><strong>2. Aula inaugural: \u201cDial\u00e9tica da Inclus\u00e3o\/Exclus\u00e3o Social\u201d | 11h \u00e0s 13h<\/strong><\/p>\n<p dir=\"ltr\">Ministrante<em>:\u00a0<\/em>Prof.<em>\u00a0<\/em>Alessandro Soares da Silva (EACH-USP)<\/p>\n<p dir=\"ltr\">Media\u00e7\u00e3o: Prof. Gustavo Menon (EACH-USP)<\/p>\n<p dir=\"ltr\">Apresenta\u00e7\u00e3o: Eliane Almeida (EACH-USP)<\/p>\n<p dir=\"ltr\">Os materiais did\u00e1ticos dessa oficina ficar\u00e3o dispon\u00edveis na plataforma Moodle cursos de extens\u00e3o da USP (<a href=\"https:\/\/cursosextensao.usp.br\/course\/view.php?id=3029\" target=\"_blank\" rel=\"noopener\" data-saferedirecturl=\"https:\/\/www.google.com\/url?q=https:\/\/cursosextensao.usp.br\/course\/view.php?id%3D3029&amp;source=gmail&amp;ust=1644953231886000&amp;usg=AOvVaw3B6_Lk6E_FgUpa77jnYlPG\">https:\/\/cursosextensao.usp.<wbr \/>br\/course\/view.php?id=3029<\/a>).<\/p>\n<p dir=\"ltr\">Assista a aula inaugural<\/p>\n<p class=\"responsive-video-wrap clr\"><iframe title=\"Diversidades e Inclus\u00e3o Social em Direitos Humanos | M\u00f3dulo I - Abertura e aula inaugural\" width=\"1200\" height=\"675\" src=\"https:\/\/www.youtube.com\/embed\/7w6vkAGx2QU?feature=oembed\" frameborder=\"0\" allow=\"accelerometer; autoplay; clipboard-write; encrypted-media; gyroscope; picture-in-picture\" allowfullscreen><\/iframe><\/p>\n<h2><\/h2>\n<h2><\/h2>\n<h2>Oficina 2 &#8211; <span id=\"yui_3_17_2_1_1644868821276_1659\"><strong id=\"yui_3_17_2_1_1644868821276_1658\">Diversidade, Diferen\u00e7a e Cultura<\/strong><\/span><\/h2>\n<p id=\"yui_3_17_2_1_1644868821276_1660\" dir=\"ltr\"><span id=\"yui_3_17_2_1_1644868821276_1659\"><strong id=\"yui_3_17_2_1_1644868821276_1658\">DIVERSIDADE, DIFEREN\u00c7A E CULTURA &#8211; PROF. DR. F\u00c1BIO ORTOLANO\u00a0<\/strong><strong>(SENAC-SP)<\/strong><\/span><\/p>\n<p dir=\"ltr\"><strong>12\/02\/2022 | Das 9h \u00e0s 13h<br \/>\n<\/strong><\/p>\n<p dir=\"ltr\"><strong>1. Aula<\/strong><\/p>\n<p id=\"yui_3_17_2_1_1644868821276_1730\" dir=\"ltr\"><strong>1.1 Objetivo:\u00a0<\/strong><span id=\"yui_3_17_2_1_1644868821276_1729\">Sensibilizar para a import\u00e2ncia da promo\u00e7\u00e3o de ambientes inclusivos e diversos, com aten\u00e7\u00e3o \u00e0 cultura, aos princ\u00edpios e fundamentos dos Direitos Humanos e aos Objetivos do Desenvolvimento Sustent\u00e1vel.<\/span><\/p>\n<p dir=\"ltr\"><strong>1.2 Conhecimentos:\u00a0<\/strong>alheamento e indiferen\u00e7a, diversidade, direito \u00e0 diferen\u00e7a, pr\u00e1ticas de gest\u00e3o da diversidade.<\/p>\n<p dir=\"ltr\"><strong>1.3 Habilidades:<\/strong>\u00a0dialogar com a alteridade; valorizar a diversidade a fim de eliminar barreiras por meio das atitudes e da comunica\u00e7\u00e3o.<\/p>\n<p dir=\"ltr\"><strong>1.4 Valores e atitudes:<\/strong>\u00a0di\u00e1logo apreciativo; empatia; inclus\u00e3o, diversidade e alteridade.<\/p>\n<p dir=\"ltr\"><strong>1.5 T\u00f3picos :<\/strong><\/p>\n<ol>\n<li>Introdu\u00e7\u00e3o: comunidade, alheamento e os direitos humanos.<\/li>\n<li>Conjuga\u00e7\u00f5es poss\u00edveis entre diversidade, diferen\u00e7a e cultura<\/li>\n<li>Institucionaliza\u00e7\u00e3o das pautas de D&amp;I e os ODS<\/li>\n<li>Provoca\u00e7\u00f5es \u00e0 luz da pr\u00e1xis em forma\u00e7\u00e3o e multiplica\u00e7\u00e3o na \u00e1rea de gest\u00e3o da diversidade<\/li>\n<\/ol>\n<p>Os materiais did\u00e1ticos dessa oficina ficar\u00e3o dispon\u00edveis na plataforma Moodle cursos de extens\u00e3o da USP (<a href=\"https:\/\/cursosextensao.usp.br\/course\/view.php?id=3029\" target=\"_blank\" rel=\"noopener\" data-saferedirecturl=\"https:\/\/www.google.com\/url?q=https:\/\/cursosextensao.usp.br\/course\/view.php?id%3D3029&amp;source=gmail&amp;ust=1644953231886000&amp;usg=AOvVaw3B6_Lk6E_FgUpa77jnYlPG\">https:\/\/cursosextensao.usp.<wbr \/>br\/course\/view.php?id=3029<\/a>).<\/p>\n<p>Transmiss\u00e3o via Canal Diversidades &#8211; Parte 1<\/p>\n<p class=\"responsive-video-wrap clr\"><iframe title=\"Diversidades e Inclus\u00e3o social - M\u00f3dulo I DH Aula 2\" width=\"1200\" height=\"675\" src=\"https:\/\/www.youtube.com\/embed\/CPDDVOekTYc?feature=oembed\" frameborder=\"0\" allow=\"accelerometer; autoplay; clipboard-write; encrypted-media; gyroscope; picture-in-picture\" allowfullscreen><\/iframe><\/p>\n<p>Transmiss\u00e3o via Canal Diversidades &#8211; Parte 2<\/p>\n<p class=\"responsive-video-wrap clr\"><iframe title=\"Diversidades e Inclus\u00e3o social - M\u00f3dulo I DH Aula 2\" width=\"1200\" height=\"675\" src=\"https:\/\/www.youtube.com\/embed\/qWj33RcbGg4?feature=oembed\" frameborder=\"0\" allow=\"accelerometer; autoplay; clipboard-write; encrypted-media; gyroscope; picture-in-picture\" allowfullscreen><\/iframe><\/p>\n<h2>Oficina 3 &#8211; Desigualdade, Sociedade e Cultura<\/h2>\n<p><strong>1) Aula 3 &#8211; DESIGUALDADE, SOCIEDADE E CULTURA &#8211; PROF\u00aa. GRAZIELA PEROSA (EACH-USP)<\/strong><\/p>\n<p><strong>19\/02\/2022 | Das 9h \u00e0s 13h<\/strong><\/p>\n<p class=\"responsive-video-wrap clr\"><iframe title=\"Diversidades e Inclus\u00e3o social - M\u00f3dulo I DH Aula 3\" width=\"1200\" height=\"675\" src=\"https:\/\/www.youtube.com\/embed\/XpIfHpLovpI?feature=oembed\" frameborder=\"0\" allow=\"accelerometer; autoplay; clipboard-write; encrypted-media; gyroscope; picture-in-picture\" allowfullscreen><\/iframe><\/p>\n<p>Os materiais did\u00e1ticos dessa oficina ficar\u00e3o dispon\u00edveis na plataforma Moodle cursos de extens\u00e3o da USP (<a href=\"https:\/\/cursosextensao.usp.br\/course\/view.php?id=3029\" target=\"_blank\" rel=\"noopener\" data-saferedirecturl=\"https:\/\/www.google.com\/url?q=https:\/\/cursosextensao.usp.br\/course\/view.php?id%3D3029&amp;source=gmail&amp;ust=1644953231886000&amp;usg=AOvVaw3B6_Lk6E_FgUpa77jnYlPG\">https:\/\/cursosextensao.usp.<wbr \/>br\/course\/view.php?id=3029<\/a>).<\/p>\n<h2 id=\"yui_3_17_2_1_1647523337138_32\"><span id=\"yui_3_17_2_1_1647523337138_31\"><span id=\"yui_3_17_2_1_1647523337138_30\">Oficina 4 &#8211; MEM\u00d3RIA, VIOL\u00caNCIA POL\u00cdTICA E SOCIEDADE &#8211; PROF. ALESSANDRO SOARES (EACH-USP)<\/span><\/span><\/h2>\n<p dir=\"ltr\"><strong>1) Aula 4: <\/strong><strong>Mem\u00f3ria, Viol\u00eancia Pol\u00edtica e Sociedade &#8211; Prof. Alessandro Soares (EACH-USP)<\/strong><\/p>\n<p dir=\"ltr\"><strong>05\/03\/2022 | Das 9h \u00e0s 13h<\/strong><\/p>\n<p class=\"responsive-video-wrap clr\"><iframe title=\"Diversidades e Inclus\u00e3o Social - M\u00f3dulo I DH Aula 4\" width=\"1200\" height=\"675\" src=\"https:\/\/www.youtube.com\/embed\/YVY_JauCZ10?start=60&#038;feature=oembed\" frameborder=\"0\" allow=\"accelerometer; autoplay; clipboard-write; encrypted-media; gyroscope; picture-in-picture\" allowfullscreen><\/iframe><\/p>\n<p dir=\"ltr\"><strong>2) Atividade &#8211; Roda de conversa com convidados:\u00a0<\/strong><\/p>\n<p dir=\"ltr\"><strong>Partilha de experi\u00eancias &#8211;\u00a0<\/strong><strong>Os mosaicos da mem\u00f3ria no Brasil, Chile e Col\u00f4mbia<\/strong><\/p>\n<p dir=\"ltr\"><strong>05\/03\/2022 | \u00c0s 14h\u00a0<\/strong><\/p>\n<p class=\"responsive-video-wrap clr\"><iframe title=\"Partilha de experi\u00eancias - M\u00f3dulo I DH (Estudo Dirigido da aula 4)\" width=\"1200\" height=\"675\" src=\"https:\/\/www.youtube.com\/embed\/ktE35CWnitc?start=42&#038;feature=oembed\" frameborder=\"0\" allow=\"accelerometer; autoplay; clipboard-write; encrypted-media; gyroscope; picture-in-picture\" allowfullscreen><\/iframe><\/p>\n<p>Os materiais did\u00e1ticos dessa oficina ficar\u00e3o dispon\u00edveis na plataforma Moodle cursos de extens\u00e3o da USP (<a href=\"https:\/\/cursosextensao.usp.br\/course\/view.php?id=3029\" target=\"_blank\" rel=\"noopener\" data-saferedirecturl=\"https:\/\/www.google.com\/url?q=https:\/\/cursosextensao.usp.br\/course\/view.php?id%3D3029&amp;source=gmail&amp;ust=1644953231886000&amp;usg=AOvVaw3B6_Lk6E_FgUpa77jnYlPG\">https:\/\/cursosextensao.usp.<wbr \/>br\/course\/view.php?id=3029<\/a>).<\/p>\n<h2>Oficina 5 &#8211;\u00a0<span id=\"yui_3_17_2_1_1647523337138_52\">DOMIN\u00c2NCIA SOCIAL, PRECONCEITO E DISCRIMINA\u00c7\u00c3O &#8211; PROF. DENNIS DE OLIVEIRA (ECA-USP)<\/span><\/h2>\n<p>Aula 5 &#8211;\u00a0<span id=\"yui_3_17_2_1_1647523337138_52\">DOMIN\u00c2NCIA SOCIAL, PRECONCEITO E DISCRIMINA\u00c7\u00c3O &#8211; PROF. DENNIS DE OLIVEIRA (ECA-USP)<\/span><\/p>\n<p id=\"yui_3_17_2_1_1647523337138_58\" dir=\"ltr\"><strong>12\/03\/2022 | Das 9h \u00e0s 13h<\/strong><\/p>\n<p class=\"responsive-video-wrap clr\"><iframe title=\"Diversidades e Inclus\u00e3o social - M\u00f3dulo I DH Aula 5\" width=\"1200\" height=\"675\" src=\"https:\/\/www.youtube.com\/embed\/XZaAiul2h_Y?feature=oembed\" frameborder=\"0\" allow=\"accelerometer; autoplay; clipboard-write; encrypted-media; gyroscope; picture-in-picture\" allowfullscreen><\/iframe><\/p>\n<p dir=\"ltr\"><strong>2) Atividade &#8211; Roda de conversa com convidados:\u00a0<\/strong><\/p>\n<p dir=\"ltr\"><strong>Quilombagens partilhadas &#8211;\u00a0<\/strong><strong>Express\u00f5es da luta contra o racismo<\/strong><\/p>\n<p dir=\"ltr\"><strong>12\/03\/2022 | \u00c0s 14h\u00a0<\/strong><\/p>\n<p class=\"responsive-video-wrap clr\"><iframe title=\"Oficina - M\u00f3dulo I DH (Estudo Dirigido da aula 5)\" width=\"1200\" height=\"675\" src=\"https:\/\/www.youtube.com\/embed\/VyRsJ0vjJNc?start=10&#038;feature=oembed\" frameborder=\"0\" allow=\"accelerometer; autoplay; clipboard-write; encrypted-media; gyroscope; picture-in-picture\" allowfullscreen><\/iframe><\/p>\n<p>Os materiais did\u00e1ticos dessa oficina ficar\u00e3o dispon\u00edveis na plataforma Moodle cursos de extens\u00e3o da USP (<a href=\"https:\/\/cursosextensao.usp.br\/course\/view.php?id=3029\" target=\"_blank\" rel=\"noopener\" data-saferedirecturl=\"https:\/\/www.google.com\/url?q=https:\/\/cursosextensao.usp.br\/course\/view.php?id%3D3029&amp;source=gmail&amp;ust=1644953231886000&amp;usg=AOvVaw3B6_Lk6E_FgUpa77jnYlPG\">https:\/\/cursosextensao.usp.<wbr \/>br\/course\/view.php?id=3029<\/a>).<\/p>\n<h3 id=\"yui_3_17_2_1_1647523337138_47\">Oficina 6 &#8211; A FORMA\u00c7\u00c3O MODERNA DOS DIREITOS HUMANOS: HISTORICIDADE E ELEMENTOS CR\u00cdTICOS &#8211; PROF. DR. GUSTAVO MENON (EACH\/USP)<\/h3>\n<h5 id=\"yui_3_17_2_1_1647523337138_47\">1) Aula 6 -A FORMA\u00c7\u00c3O MODERNA DOS DIREITOS HUMANOS: HISTORICIDADE E ELEMENTOS CR\u00cdTICOS &#8211; PROF. DR. GUSTAVO MENON (EACH-USP\/UCB)<\/h5>\n<p id=\"yui_3_17_2_1_1647523337138_62\" dir=\"ltr\"><strong>19\/03\/2022 | Das 9h \u00e0s 13h<\/strong><\/p>\n<p class=\"responsive-video-wrap clr\"><iframe title=\"Diversidades e Inclus\u00e3o Social - M\u00f3dulo I DH Aula 6\" width=\"1200\" height=\"675\" src=\"https:\/\/www.youtube.com\/embed\/gol9CU4I1KM?feature=oembed\" frameborder=\"0\" allow=\"accelerometer; autoplay; clipboard-write; encrypted-media; gyroscope; picture-in-picture\" allowfullscreen><\/iframe><\/p>\n<p>Os materiais did\u00e1ticos dessa oficina ficar\u00e3o dispon\u00edveis na plataforma Moodle cursos de extens\u00e3o da USP (<a href=\"https:\/\/cursosextensao.usp.br\/course\/view.php?id=3029\" target=\"_blank\" rel=\"noopener\" data-saferedirecturl=\"https:\/\/www.google.com\/url?q=https:\/\/cursosextensao.usp.br\/course\/view.php?id%3D3029&amp;source=gmail&amp;ust=1644953231886000&amp;usg=AOvVaw3B6_Lk6E_FgUpa77jnYlPG\">https:\/\/cursosextensao.usp.<wbr \/>br\/course\/view.php?id=3029<\/a>).<\/p>\n","protected":false},"excerpt":{"rendered":"<p>M\u00f3dulo I &#8211; Direitos Humanos Diversidades, Inclus\u00e3o Social e os Fundamentos dos Direitos Humanos O primeiro m\u00f3dulo \u00e9 estruturante e integrar\u00e1 todas, todos e todes que participam nessa primeira fase. \u00c9 um m\u00f3dulo\u00a0integrativo e que se comunica com cada uma das atividades dos m\u00f3dulos subsequentes, que ocorrer\u00e3o\u00a0concomitantemente na segunda fase dessa forma\u00e7\u00e3o. Nessa primeira fase, [&hellip;]<\/p>\n","protected":false},"author":22720,"featured_media":0,"parent":0,"menu_order":0,"comment_status":"closed","ping_status":"closed","template":"","meta":{"_monsterinsights_skip_tracking":false,"_monsterinsights_sitenote_active":false,"_monsterinsights_sitenote_note":"","_monsterinsights_sitenote_category":0,"footnotes":"","_links_to":"","_links_to_target":""},"class_list":["post-2939","page","type-page","status-publish","hentry","entry"],"_links":{"self":[{"href":"https:\/\/sites.usp.br\/dhd\/wp-json\/wp\/v2\/pages\/2939","targetHints":{"allow":["GET"]}}],"collection":[{"href":"https:\/\/sites.usp.br\/dhd\/wp-json\/wp\/v2\/pages"}],"about":[{"href":"https:\/\/sites.usp.br\/dhd\/wp-json\/wp\/v2\/types\/page"}],"author":[{"embeddable":true,"href":"https:\/\/sites.usp.br\/dhd\/wp-json\/wp\/v2\/users\/22720"}],"replies":[{"embeddable":true,"href":"https:\/\/sites.usp.br\/dhd\/wp-json\/wp\/v2\/comments?post=2939"}],"version-history":[{"count":5,"href":"https:\/\/sites.usp.br\/dhd\/wp-json\/wp\/v2\/pages\/2939\/revisions"}],"predecessor-version":[{"id":3472,"href":"https:\/\/sites.usp.br\/dhd\/wp-json\/wp\/v2\/pages\/2939\/revisions\/3472"}],"wp:attachment":[{"href":"https:\/\/sites.usp.br\/dhd\/wp-json\/wp\/v2\/media?parent=2939"}],"curies":[{"name":"wp","href":"https:\/\/api.w.org\/{rel}","templated":true}]}}