{"id":2941,"date":"2022-01-24T12:42:33","date_gmt":"2022-01-24T15:42:33","guid":{"rendered":"https:\/\/sites.usp.br\/dhd\/?page_id=2941"},"modified":"2022-02-04T23:02:35","modified_gmt":"2022-02-05T02:02:35","slug":"modulo-ii","status":"publish","type":"page","link":"https:\/\/sites.usp.br\/dhd\/modulo-ii\/","title":{"rendered":"M\u00f3dulo II"},"content":{"rendered":"<h1>M\u00f3dulo II &#8211; G\u00eanero<img fetchpriority=\"high\" decoding=\"async\" class=\" wp-image-2852 alignright\" src=\"https:\/\/sites.usp.br\/dhd\/wp-content\/uploads\/sites\/1063\/2022\/01\/logo-modulo-genero-300x300.png\" alt=\"\" width=\"352\" height=\"352\" srcset=\"https:\/\/sites.usp.br\/dhd\/wp-content\/uploads\/sites\/1063\/2022\/01\/logo-modulo-genero-300x300.png 300w, https:\/\/sites.usp.br\/dhd\/wp-content\/uploads\/sites\/1063\/2022\/01\/logo-modulo-genero-1024x1024.png 1024w, https:\/\/sites.usp.br\/dhd\/wp-content\/uploads\/sites\/1063\/2022\/01\/logo-modulo-genero-150x150.png 150w, https:\/\/sites.usp.br\/dhd\/wp-content\/uploads\/sites\/1063\/2022\/01\/logo-modulo-genero-768x768.png 768w, https:\/\/sites.usp.br\/dhd\/wp-content\/uploads\/sites\/1063\/2022\/01\/logo-modulo-genero-45x45.png 45w, https:\/\/sites.usp.br\/dhd\/wp-content\/uploads\/sites\/1063\/2022\/01\/logo-modulo-genero-200x200.png 200w, https:\/\/sites.usp.br\/dhd\/wp-content\/uploads\/sites\/1063\/2022\/01\/logo-modulo-genero-400x400.png 400w, https:\/\/sites.usp.br\/dhd\/wp-content\/uploads\/sites\/1063\/2022\/01\/logo-modulo-genero.png 1500w\" sizes=\"(max-width: 352px) 100vw, 352px\" \/><\/h1>\n<h2 id=\"yui_3_17_2_1_1644026352267_921\">Direitos Humanos e enfrentamentos das Viol\u00eancias e Desigualdades de G\u00eanero<\/h2>\n<p>Este m\u00f3dulo pretende oferecer oportunidades de discuss\u00e3o sobre as rela\u00e7\u00f5es de g\u00eanero nas<br \/>\nsociedades contempor\u00e2neas e seus impactos na esfera p\u00fablica e privada. O programa inclui<br \/>\numa breve genealogia do conceito de g\u00eanero e dos seus diferentes usos nas sociedades<br \/>\ncontempor\u00e2neas. Discute-se g\u00eanero como uma rela\u00e7\u00e3o social e um princ\u00edpio de divis\u00e3o das<br \/>\ndesigualdades em nossas sociedades.<\/p>\n<p>Conte\u00fado:<br \/>\n1. Socializa\u00e7\u00e3o e g\u00eanese das disposi\u00e7\u00f5es de g\u00eanero;<br \/>\n2. Corpo e g\u00eanero, historicizar para desnaturalizar;<br \/>\n3. Uma revolu\u00e7\u00e3o silenciosa: o aumento da escolaridade feminina;<br \/>\n4. G\u00eanero e pol\u00edticas p\u00fablicas: um olhar sobre os indicadores sociais.<\/p>\n<p>&nbsp;<\/p>\n","protected":false},"excerpt":{"rendered":"<p>M\u00f3dulo II &#8211; G\u00eanero Direitos Humanos e enfrentamentos das Viol\u00eancias e Desigualdades de G\u00eanero Este m\u00f3dulo pretende oferecer oportunidades de discuss\u00e3o sobre as rela\u00e7\u00f5es de g\u00eanero nas sociedades contempor\u00e2neas e seus impactos na esfera p\u00fablica e privada. O programa inclui uma breve genealogia do conceito de g\u00eanero e dos seus diferentes usos nas sociedades contempor\u00e2neas. [&hellip;]<\/p>\n","protected":false},"author":22720,"featured_media":0,"parent":0,"menu_order":0,"comment_status":"closed","ping_status":"closed","template":"","meta":{"_monsterinsights_skip_tracking":false,"_monsterinsights_sitenote_active":false,"_monsterinsights_sitenote_note":"","_monsterinsights_sitenote_category":0,"footnotes":"","_links_to":"","_links_to_target":""},"class_list":["post-2941","page","type-page","status-publish","hentry","entry"],"_links":{"self":[{"href":"https:\/\/sites.usp.br\/dhd\/wp-json\/wp\/v2\/pages\/2941","targetHints":{"allow":["GET"]}}],"collection":[{"href":"https:\/\/sites.usp.br\/dhd\/wp-json\/wp\/v2\/pages"}],"about":[{"href":"https:\/\/sites.usp.br\/dhd\/wp-json\/wp\/v2\/types\/page"}],"author":[{"embeddable":true,"href":"https:\/\/sites.usp.br\/dhd\/wp-json\/wp\/v2\/users\/22720"}],"replies":[{"embeddable":true,"href":"https:\/\/sites.usp.br\/dhd\/wp-json\/wp\/v2\/comments?post=2941"}],"version-history":[{"count":3,"href":"https:\/\/sites.usp.br\/dhd\/wp-json\/wp\/v2\/pages\/2941\/revisions"}],"predecessor-version":[{"id":3339,"href":"https:\/\/sites.usp.br\/dhd\/wp-json\/wp\/v2\/pages\/2941\/revisions\/3339"}],"wp:attachment":[{"href":"https:\/\/sites.usp.br\/dhd\/wp-json\/wp\/v2\/media?parent=2941"}],"curies":[{"name":"wp","href":"https:\/\/api.w.org\/{rel}","templated":true}]}}