{"id":2945,"date":"2022-01-24T12:42:58","date_gmt":"2022-01-24T15:42:58","guid":{"rendered":"https:\/\/sites.usp.br\/dhd\/?page_id=2945"},"modified":"2022-02-10T20:04:41","modified_gmt":"2022-02-10T23:04:41","slug":"modulo-iv","status":"publish","type":"page","link":"https:\/\/sites.usp.br\/dhd\/modulo-iv\/","title":{"rendered":"M\u00f3dulo IV"},"content":{"rendered":"<h1>M\u00f3dulo IV Diversidade Sexual<\/h1>\n<h1><a href=\"https:\/\/sites.usp.br\/dhd\/wp-content\/uploads\/sites\/1063\/2022\/01\/logo-modulo-diversidade-sexuak.png\"><img fetchpriority=\"high\" decoding=\"async\" class=\" wp-image-2851 alignright\" src=\"https:\/\/sites.usp.br\/dhd\/wp-content\/uploads\/sites\/1063\/2022\/01\/logo-modulo-diversidade-sexuak-300x300.png\" alt=\"\" width=\"325\" height=\"325\" srcset=\"https:\/\/sites.usp.br\/dhd\/wp-content\/uploads\/sites\/1063\/2022\/01\/logo-modulo-diversidade-sexuak-300x300.png 300w, https:\/\/sites.usp.br\/dhd\/wp-content\/uploads\/sites\/1063\/2022\/01\/logo-modulo-diversidade-sexuak-1024x1024.png 1024w, https:\/\/sites.usp.br\/dhd\/wp-content\/uploads\/sites\/1063\/2022\/01\/logo-modulo-diversidade-sexuak-150x150.png 150w, https:\/\/sites.usp.br\/dhd\/wp-content\/uploads\/sites\/1063\/2022\/01\/logo-modulo-diversidade-sexuak-768x768.png 768w, https:\/\/sites.usp.br\/dhd\/wp-content\/uploads\/sites\/1063\/2022\/01\/logo-modulo-diversidade-sexuak-45x45.png 45w, https:\/\/sites.usp.br\/dhd\/wp-content\/uploads\/sites\/1063\/2022\/01\/logo-modulo-diversidade-sexuak-200x200.png 200w, https:\/\/sites.usp.br\/dhd\/wp-content\/uploads\/sites\/1063\/2022\/01\/logo-modulo-diversidade-sexuak-400x400.png 400w, https:\/\/sites.usp.br\/dhd\/wp-content\/uploads\/sites\/1063\/2022\/01\/logo-modulo-diversidade-sexuak.png 1500w\" sizes=\"(max-width: 325px) 100vw, 325px\" \/><\/a><\/h1>\n<h3 id=\"yui_3_17_2_1_1644026672706_404\"><span id=\"yui_3_17_2_1_1644026672706_403\">Direitos Humanos e enfrentamentos das Viol\u00eancias e Desigualdades contra a Diversidade Sexual<\/span><\/h3>\n<p>Este m\u00f3dulo pretende oferecer oportunidades de discuss\u00e3o sobre as viol\u00eancias sofridas pela popula\u00e7\u00e3o LGBTQIA+ nas\u00a0sociedades contempor\u00e2neas e seus impactos na esfera p\u00fablica e privada.<\/p>\n<p>Tem\u00e1ticas:<\/p>\n<ol>\n<li>Direitos Humanos e a Popula\u00e7\u00e3o LGBT<\/li>\n<li>A Heterossexualidade Obrigat\u00f3ria e a Criminaliza\u00e7\u00e3o da Sexualidade n\u00e3o Heterocisnormativa<\/li>\n<li>Roda de Conversa Virtual<\/li>\n<li>Identidades de G\u00eanero e Performatividades de G\u00eanero<\/li>\n<li>Roda de Conversa Virtual<\/li>\n<li>Ideologia de G\u00eanero<\/li>\n<li>Roda de Conversa Virtual<\/li>\n<li>Direitos Humanos, Diversidade e Orienta\u00e7\u00e3o Sexual<\/li>\n<li>Homofobia, Viol\u00eancia e Direitos Humanos<\/li>\n<li>Roda de Conversa Virtual<\/li>\n<li>Viol\u00eancia, Transsexualidade e Travestilidade<\/li>\n<li>Direitos Humanos e Sa\u00fade LGBT<\/li>\n<li>Direitos Humanos, Educa\u00e7\u00e3o e Popula\u00e7\u00e3o LGBT<\/li>\n<li>Roda de Conversa Virtual<\/li>\n<li>Direitos Humanos LGBTs e Pol\u00edticas P\u00fablicas<\/li>\n<li>Viol\u00eancia Contra LGBTs na Pandemia de COVID-19<\/li>\n<li>Roda de Conversa Virtual<\/li>\n<li>Desigualdade, LGBTs e Trabalho<\/li>\n<li>LGBTs, Participa\u00e7\u00e3o Pol\u00edtica e Democracia<\/li>\n<li>ODS, LGBTs e Promo\u00e7\u00e3o da Igualdade<\/li>\n<\/ol>\n<p>&nbsp;<\/p>\n","protected":false},"excerpt":{"rendered":"<p>M\u00f3dulo IV Diversidade Sexual Direitos Humanos e enfrentamentos das Viol\u00eancias e Desigualdades contra a Diversidade Sexual Este m\u00f3dulo pretende oferecer oportunidades de discuss\u00e3o sobre as viol\u00eancias sofridas pela popula\u00e7\u00e3o LGBTQIA+ nas\u00a0sociedades contempor\u00e2neas e seus impactos na esfera p\u00fablica e privada. Tem\u00e1ticas: Direitos Humanos e a Popula\u00e7\u00e3o LGBT A Heterossexualidade Obrigat\u00f3ria e a Criminaliza\u00e7\u00e3o da Sexualidade [&hellip;]<\/p>\n","protected":false},"author":22720,"featured_media":0,"parent":0,"menu_order":0,"comment_status":"closed","ping_status":"closed","template":"","meta":{"_monsterinsights_skip_tracking":false,"_monsterinsights_sitenote_active":false,"_monsterinsights_sitenote_note":"","_monsterinsights_sitenote_category":0,"footnotes":"","_links_to":"","_links_to_target":""},"class_list":["post-2945","page","type-page","status-publish","hentry","entry"],"_links":{"self":[{"href":"https:\/\/sites.usp.br\/dhd\/wp-json\/wp\/v2\/pages\/2945","targetHints":{"allow":["GET"]}}],"collection":[{"href":"https:\/\/sites.usp.br\/dhd\/wp-json\/wp\/v2\/pages"}],"about":[{"href":"https:\/\/sites.usp.br\/dhd\/wp-json\/wp\/v2\/types\/page"}],"author":[{"embeddable":true,"href":"https:\/\/sites.usp.br\/dhd\/wp-json\/wp\/v2\/users\/22720"}],"replies":[{"embeddable":true,"href":"https:\/\/sites.usp.br\/dhd\/wp-json\/wp\/v2\/comments?post=2945"}],"version-history":[{"count":4,"href":"https:\/\/sites.usp.br\/dhd\/wp-json\/wp\/v2\/pages\/2945\/revisions"}],"predecessor-version":[{"id":3414,"href":"https:\/\/sites.usp.br\/dhd\/wp-json\/wp\/v2\/pages\/2945\/revisions\/3414"}],"wp:attachment":[{"href":"https:\/\/sites.usp.br\/dhd\/wp-json\/wp\/v2\/media?parent=2945"}],"curies":[{"name":"wp","href":"https:\/\/api.w.org\/{rel}","templated":true}]}}