{"id":2947,"date":"2022-01-24T12:43:07","date_gmt":"2022-01-24T15:43:07","guid":{"rendered":"https:\/\/sites.usp.br\/dhd\/?page_id=2947"},"modified":"2022-02-04T22:51:34","modified_gmt":"2022-02-05T01:51:34","slug":"modulo-v","status":"publish","type":"page","link":"https:\/\/sites.usp.br\/dhd\/modulo-v\/","title":{"rendered":"M\u00f3dulo V"},"content":{"rendered":"<h1>M\u00f3dulo V &#8211; Imigrantes e Refugiados<a href=\"https:\/\/sites.usp.br\/dhd\/wp-content\/uploads\/sites\/1063\/2022\/01\/logo-modulo-refugiados.png\"><img fetchpriority=\"high\" decoding=\"async\" class=\" wp-image-2849 alignright\" src=\"https:\/\/sites.usp.br\/dhd\/wp-content\/uploads\/sites\/1063\/2022\/01\/logo-modulo-refugiados-300x300.png\" alt=\"\" width=\"356\" height=\"356\" srcset=\"https:\/\/sites.usp.br\/dhd\/wp-content\/uploads\/sites\/1063\/2022\/01\/logo-modulo-refugiados-300x300.png 300w, https:\/\/sites.usp.br\/dhd\/wp-content\/uploads\/sites\/1063\/2022\/01\/logo-modulo-refugiados-1024x1024.png 1024w, https:\/\/sites.usp.br\/dhd\/wp-content\/uploads\/sites\/1063\/2022\/01\/logo-modulo-refugiados-150x150.png 150w, https:\/\/sites.usp.br\/dhd\/wp-content\/uploads\/sites\/1063\/2022\/01\/logo-modulo-refugiados-768x768.png 768w, https:\/\/sites.usp.br\/dhd\/wp-content\/uploads\/sites\/1063\/2022\/01\/logo-modulo-refugiados-45x45.png 45w, https:\/\/sites.usp.br\/dhd\/wp-content\/uploads\/sites\/1063\/2022\/01\/logo-modulo-refugiados-200x200.png 200w, https:\/\/sites.usp.br\/dhd\/wp-content\/uploads\/sites\/1063\/2022\/01\/logo-modulo-refugiados-400x400.png 400w, https:\/\/sites.usp.br\/dhd\/wp-content\/uploads\/sites\/1063\/2022\/01\/logo-modulo-refugiados.png 1500w\" sizes=\"(max-width: 356px) 100vw, 356px\" \/><\/a><\/h1>\n<h2 id=\"yui_3_17_2_1_1644025650477_411\"><span id=\"yui_3_17_2_1_1644025650477_415\">Direitos Humanos e enfrentamentos das Viol\u00eancias e Desigualdades inerentes \u00e0 Imigrantes e Refugiados<\/span><\/h2>\n<p id=\"yui_3_17_2_1_1644025650477_420\" dir=\"ltr\"><span id=\"yui_3_17_2_1_1644025650477_419\">Imigra\u00e7\u00e3o est\u00e1 relacionada com as condi\u00e7\u00f5es sociais dos locais nos quais se inserem a apresentam especificidades de acordo com estas condi\u00e7\u00f5es. O imigrante \u00e9 geralmente levado a deixar seu pa\u00eds por falta de condi\u00e7\u00f5es que o permitam ascender socialmente e acaba se tornando o imigrante de algum outro pa\u00eds no qual ele deposita suas esperan\u00e7as de melhoria de vida. Com base neste entendimento, as migra\u00e7\u00f5es internacionais distinguem-se de outras formas de mobilidade que, por n\u00e3o implicarem mudan\u00e7a de resid\u00eancia, redefini\u00e7\u00e3o das rela\u00e7\u00f5es pessoais, reorganiza\u00e7\u00e3o das atividades vitais, e serem transit\u00f3rias, n\u00e3o podem ser consideradas como migrat\u00f3rias.<\/span><\/p>\n<p>Nos \u00faltimos anos o Brasil teve um grande salto de mulheres imigrantes o que traz consigo a parte que \u00e9 vulner\u00e1vel e pouco vista pela popula\u00e7\u00e3o mostrando a pir\u00e2mide social e pouco ajudada dentro da popula\u00e7\u00e3o. Segundo a Organiza\u00e7\u00e3o Internacional para as Migra\u00e7\u00f5es (OIM), em todo o mundo, \u00e9 cada vez maior o n\u00famero de mulheres que se deslocam por raz\u00f5es de trabalho, tentando novas oportunidades e melhorias em suas vidas. N\u00e3o se tem um motivo principal para o processo de migra\u00e7\u00e3o das mulheres, mas a quest\u00e3o do g\u00eanero \u00e9 um dos grandes fatores onde muitas sofrem s\u00e3o estupro como arma de guerra, esses n\u00fameros n\u00e3o param de crescer no decorrer dos anos trazendo cada vez mais imigrantes para o Brasil e principalmente para a cidade de S\u00e3o Paulo.<\/p>\n<p>Mesmo por observa\u00e7\u00e3o informal de meios de comunica\u00e7\u00e3o pode-se identificar a quest\u00e3o dos refugiados que s\u00e3o obrigados a sair de seus locais de origem. Por quest\u00f5es graves como persegui\u00e7\u00e3o de ra\u00e7a, nacionalidade, grupo social, religi\u00e3o, pol\u00edtica, conflitos armados que acabam tendo uma viola\u00e7\u00e3o em suas vidas que atingem os direitos humanos das pessoas, o que acaba obrigando milh\u00f5es de refugiados a se deslocarem para outros pa\u00edses segundo as \u00faltimas pesquisas informadas pela ONU(2017).<\/p>\n<p>Na Cidade de S\u00e3o Paulo temos muitos refugiados espalhados pela Metr\u00f3pole e com isso muitos bairros se tornaram polos de algumas etnias como os bairros do Br\u00e1s, Liberdade, Glic\u00e9rio, Pari e Bom Retiro, que trazem uma miscigena\u00e7\u00e3o de povos como Japoneses, Angolanos, Mul\u00e7umanos, Coreanos, Haitianos, Iranianos e Chineses tendo em m\u00e9dio um total de 6,6 mil refugiados pela metr\u00f3pole. Um dos fatores que acarreta no n\u00famero crescente de refugiadas mulheres \u00e9 a quest\u00e3o do g\u00eanero, onde muitas sofrem repress\u00e3o por parte da popula\u00e7\u00e3o masculina e s\u00e3o invisibilidades diante das culturas machistas e o pouco espa\u00e7o para as mulheres mostrarem seu potencial, Entre as refugiadas s\u00edrias, as formas mais relatadas de viol\u00eancia contra mulheres e meninas incluem agress\u00e3o f\u00edsica, viol\u00eancia dom\u00e9stica e sexual, nega\u00e7\u00e3o de recursos e casamento for\u00e7ado e infantil e atualmente as mulheres\u00a0comp\u00f5em metade da popula\u00e7\u00e3o migrante, e s\u00e3o a maioria entre imigrantes na Am\u00e9rica, Europa e Oceania. Falar da mulher refugiada, portanto, \u00e9 falar de desigualdades profundas. A subjuga\u00e7\u00e3o e viola\u00e7\u00e3o de direitos dessas mulheres s\u00e3o resultado das intera\u00e7\u00f5es que, como vistas at\u00e9 aqui, podem ser cru\u00e9is entre o sexismo, o racismo, e outras variantes discriminat\u00f3rias e degradantes.<\/p>\n<p>&nbsp;<\/p>\n","protected":false},"excerpt":{"rendered":"<p>M\u00f3dulo V &#8211; Imigrantes e Refugiados Direitos Humanos e enfrentamentos das Viol\u00eancias e Desigualdades inerentes \u00e0 Imigrantes e Refugiados Imigra\u00e7\u00e3o est\u00e1 relacionada com as condi\u00e7\u00f5es sociais dos locais nos quais se inserem a apresentam especificidades de acordo com estas condi\u00e7\u00f5es. O imigrante \u00e9 geralmente levado a deixar seu pa\u00eds por falta de condi\u00e7\u00f5es que o [&hellip;]<\/p>\n","protected":false},"author":22720,"featured_media":0,"parent":0,"menu_order":0,"comment_status":"closed","ping_status":"closed","template":"","meta":{"_monsterinsights_skip_tracking":false,"_monsterinsights_sitenote_active":false,"_monsterinsights_sitenote_note":"","_monsterinsights_sitenote_category":0,"footnotes":"","_links_to":"","_links_to_target":""},"class_list":["post-2947","page","type-page","status-publish","hentry","entry"],"_links":{"self":[{"href":"https:\/\/sites.usp.br\/dhd\/wp-json\/wp\/v2\/pages\/2947","targetHints":{"allow":["GET"]}}],"collection":[{"href":"https:\/\/sites.usp.br\/dhd\/wp-json\/wp\/v2\/pages"}],"about":[{"href":"https:\/\/sites.usp.br\/dhd\/wp-json\/wp\/v2\/types\/page"}],"author":[{"embeddable":true,"href":"https:\/\/sites.usp.br\/dhd\/wp-json\/wp\/v2\/users\/22720"}],"replies":[{"embeddable":true,"href":"https:\/\/sites.usp.br\/dhd\/wp-json\/wp\/v2\/comments?post=2947"}],"version-history":[{"count":4,"href":"https:\/\/sites.usp.br\/dhd\/wp-json\/wp\/v2\/pages\/2947\/revisions"}],"predecessor-version":[{"id":3336,"href":"https:\/\/sites.usp.br\/dhd\/wp-json\/wp\/v2\/pages\/2947\/revisions\/3336"}],"wp:attachment":[{"href":"https:\/\/sites.usp.br\/dhd\/wp-json\/wp\/v2\/media?parent=2947"}],"curies":[{"name":"wp","href":"https:\/\/api.w.org\/{rel}","templated":true}]}}