{"id":774,"date":"2021-10-22T09:09:20","date_gmt":"2021-10-22T12:09:20","guid":{"rendered":"https:\/\/sites.usp.br\/padrao8\/?page_id=774"},"modified":"2022-02-10T13:11:45","modified_gmt":"2022-02-10T16:11:45","slug":"projeto","status":"publish","type":"page","link":"https:\/\/sites.usp.br\/dhd\/projeto\/","title":{"rendered":"Projeto"},"content":{"rendered":"<h2>SOBRE<\/h2>\n<h2>&#8216;Inclus\u00e3o Social e Diversidade: Direitos Humanos e Rela\u00e7\u00f5es de G\u00eanero, Ra\u00e7a e Orienta\u00e7\u00e3o Sexual como Fundamentos da Igualdade&#8217;<\/h2>\n<h4>Projeto de cultura e extens\u00e3o universit\u00e1ria criado e conduzido por docentes no \u00e2mbito da Universidade de S\u00e3o Paulo, com recursos financeiros da Pr\u00f3-Reitoria de Cultura e Extens\u00e3o Universit\u00e1ria.<\/h4>\n<p>O projeto <i>Inclus\u00e3o Social e Diversidade: Direitos Humanos\u00a0 e Rela\u00e7\u00f5es de G\u00eanero, Ra\u00e7a e Orienta\u00e7\u00e3o Sexual como Fundamentos da Igualdade foi selecionado<\/i> com base na sua fundamenta\u00e7\u00e3o ser aplicada aos 17 Objetivos de Desenvolvimento Sustent\u00e1vel (ODS) da Agenda 2030 da ONU.<\/p>\n<p><a href=\"https:\/\/sites.usp.br\/dhd\/wp-content\/uploads\/sites\/1063\/2022\/01\/ODS-onu.png\"><img fetchpriority=\"high\" decoding=\"async\" class=\"alignnone wp-image-3182\" src=\"https:\/\/sites.usp.br\/dhd\/wp-content\/uploads\/sites\/1063\/2022\/01\/ODS-onu-300x76.png\" alt=\"\" width=\"809\" height=\"205\" srcset=\"https:\/\/sites.usp.br\/dhd\/wp-content\/uploads\/sites\/1063\/2022\/01\/ODS-onu-300x76.png 300w, https:\/\/sites.usp.br\/dhd\/wp-content\/uploads\/sites\/1063\/2022\/01\/ODS-onu-1024x258.png 1024w, https:\/\/sites.usp.br\/dhd\/wp-content\/uploads\/sites\/1063\/2022\/01\/ODS-onu-768x194.png 768w, https:\/\/sites.usp.br\/dhd\/wp-content\/uploads\/sites\/1063\/2022\/01\/ODS-onu-400x101.png 400w, https:\/\/sites.usp.br\/dhd\/wp-content\/uploads\/sites\/1063\/2022\/01\/ODS-onu.png 1296w\" sizes=\"(max-width: 809px) 100vw, 809px\" \/><\/a><\/p>\n<p>Particularmente, as a\u00e7\u00f5es desse projeto est\u00e3o direcionadas aos indicadores (5) <strong>Igualdade de G\u00eanero<\/strong>; (10) <strong>Redu\u00e7\u00e3o das Desigualdades<\/strong> e (16) <strong>Paz, Justi\u00e7a e Institui\u00e7\u00f5es Eficazes<\/strong>.<\/p>\n<p><a href=\"https:\/\/sites.usp.br\/dhd\/wp-content\/uploads\/sites\/1063\/2022\/01\/ODS-fundamentacao.png\"><img decoding=\"async\" class=\" wp-image-3201 aligncenter\" src=\"https:\/\/sites.usp.br\/dhd\/wp-content\/uploads\/sites\/1063\/2022\/01\/ODS-fundamentacao-300x212.png\" alt=\"\" width=\"608\" height=\"429\" srcset=\"https:\/\/sites.usp.br\/dhd\/wp-content\/uploads\/sites\/1063\/2022\/01\/ODS-fundamentacao-300x212.png 300w, https:\/\/sites.usp.br\/dhd\/wp-content\/uploads\/sites\/1063\/2022\/01\/ODS-fundamentacao-1024x724.png 1024w, https:\/\/sites.usp.br\/dhd\/wp-content\/uploads\/sites\/1063\/2022\/01\/ODS-fundamentacao-768x543.png 768w, https:\/\/sites.usp.br\/dhd\/wp-content\/uploads\/sites\/1063\/2022\/01\/ODS-fundamentacao-1536x1086.png 1536w, https:\/\/sites.usp.br\/dhd\/wp-content\/uploads\/sites\/1063\/2022\/01\/ODS-fundamentacao-2048x1448.png 2048w, https:\/\/sites.usp.br\/dhd\/wp-content\/uploads\/sites\/1063\/2022\/01\/ODS-fundamentacao-400x283.png 400w\" sizes=\"(max-width: 608px) 100vw, 608px\" \/><\/a><\/p>\n<p>Estes 3 s\u00e3o atravessados por mais outros 4 indicadores: (3) <strong>Sa\u00fade e Bem-Estar<\/strong>; (4) <strong>Educa\u00e7\u00e3o de Qualidade<\/strong>; (8) <strong>Trabalho Decente e Crescimento Econ\u00f4mico<\/strong>; (11) <strong>Cidades e Comunidades Sustent\u00e1veis<\/strong> e (17) <strong>Parcerias e Meios de Implementa\u00e7\u00e3o<\/strong>, na medida em que para alcan\u00e7ar os principais, os demais s\u00e3o estrat\u00e9gicos.<\/p>\n<p><a href=\"https:\/\/sites.usp.br\/dhd\/wp-content\/uploads\/sites\/1063\/2022\/01\/ODS-estrategico.png\"><img decoding=\"async\" class=\"wp-image-3203 aligncenter\" src=\"https:\/\/sites.usp.br\/dhd\/wp-content\/uploads\/sites\/1063\/2022\/01\/ODS-estrategico-300x75.png\" alt=\"\" width=\"788\" height=\"197\" srcset=\"https:\/\/sites.usp.br\/dhd\/wp-content\/uploads\/sites\/1063\/2022\/01\/ODS-estrategico-300x75.png 300w, https:\/\/sites.usp.br\/dhd\/wp-content\/uploads\/sites\/1063\/2022\/01\/ODS-estrategico-1024x256.png 1024w, https:\/\/sites.usp.br\/dhd\/wp-content\/uploads\/sites\/1063\/2022\/01\/ODS-estrategico-768x192.png 768w, https:\/\/sites.usp.br\/dhd\/wp-content\/uploads\/sites\/1063\/2022\/01\/ODS-estrategico-1536x384.png 1536w, https:\/\/sites.usp.br\/dhd\/wp-content\/uploads\/sites\/1063\/2022\/01\/ODS-estrategico-400x100.png 400w, https:\/\/sites.usp.br\/dhd\/wp-content\/uploads\/sites\/1063\/2022\/01\/ODS-estrategico.png 1920w\" sizes=\"(max-width: 788px) 100vw, 788px\" \/><\/a><\/p>\n<h3><\/h3>\n<h3><\/h3>\n<h3><\/h3>\n<h3><\/h3>\n<h3><\/h3>\n<h3><\/h3>\n<p>&nbsp;<\/p>\n<h3>\u00a0 \u00a0 \u00a0Interdisciplinaridade<\/h3>\n<p><a href=\"https:\/\/sites.usp.br\/dhd\/wp-content\/uploads\/sites\/1063\/2022\/01\/interdisciplinar-sem-fundo.png\"><img loading=\"lazy\" decoding=\"async\" class=\"wp-image-3198 alignleft\" src=\"https:\/\/sites.usp.br\/dhd\/wp-content\/uploads\/sites\/1063\/2022\/01\/interdisciplinar-sem-fundo-300x212.png\" alt=\"\" width=\"194\" height=\"137\" srcset=\"https:\/\/sites.usp.br\/dhd\/wp-content\/uploads\/sites\/1063\/2022\/01\/interdisciplinar-sem-fundo-300x212.png 300w, https:\/\/sites.usp.br\/dhd\/wp-content\/uploads\/sites\/1063\/2022\/01\/interdisciplinar-sem-fundo-400x283.png 400w, https:\/\/sites.usp.br\/dhd\/wp-content\/uploads\/sites\/1063\/2022\/01\/interdisciplinar-sem-fundo.png 594w\" sizes=\"(max-width: 194px) 100vw, 194px\" \/><\/a><\/p>\n<p>A composi\u00e7\u00e3o do programa pedag\u00f3gico \u00e9 formada por docentes e discentes da USP de diferentes unidades, refor\u00e7ando o aspecto interdisciplinar, bem como convidados de outras universidades; al\u00e9m de parcerias com entidades p\u00fablicas, privadas e de movimentos sociais e culturais com hist\u00f3ricos de atua\u00e7\u00e3o como forma de luta e resist\u00eancia.<\/p>\n<p>&nbsp;<\/p>\n<h2><strong>\u00a0 \u00a0 \u00a0<\/strong><strong>Diversidades e Inclus\u00e3o Social em Direitos Humanos<\/strong><\/h2>\n<h3 style=\"margin-left: 54.0pt; mso-add-space: auto; text-indent: -36.0pt; mso-list: l0 level1 lfo1;\"><b>\u00a0 Forma\u00e7\u00e3o de extens\u00e3o online<\/b><\/h3>\n<h3 style=\"margin-left: 54.0pt; mso-add-space: auto; text-indent: -36.0pt; mso-list: l0 level1 lfo1;\"><b><img loading=\"lazy\" decoding=\"async\" class=\"wp-image-2842 alignright\" src=\"https:\/\/sites.usp.br\/dhd\/wp-content\/uploads\/sites\/1063\/2022\/01\/Logo-diversidades-youtube-27-300x300.png\" alt=\"\" width=\"339\" height=\"339\" srcset=\"https:\/\/sites.usp.br\/dhd\/wp-content\/uploads\/sites\/1063\/2022\/01\/Logo-diversidades-youtube-27-300x300.png 300w, https:\/\/sites.usp.br\/dhd\/wp-content\/uploads\/sites\/1063\/2022\/01\/Logo-diversidades-youtube-27-1024x1024.png 1024w, https:\/\/sites.usp.br\/dhd\/wp-content\/uploads\/sites\/1063\/2022\/01\/Logo-diversidades-youtube-27-150x150.png 150w, https:\/\/sites.usp.br\/dhd\/wp-content\/uploads\/sites\/1063\/2022\/01\/Logo-diversidades-youtube-27-768x768.png 768w, https:\/\/sites.usp.br\/dhd\/wp-content\/uploads\/sites\/1063\/2022\/01\/Logo-diversidades-youtube-27-45x45.png 45w, https:\/\/sites.usp.br\/dhd\/wp-content\/uploads\/sites\/1063\/2022\/01\/Logo-diversidades-youtube-27-200x200.png 200w, https:\/\/sites.usp.br\/dhd\/wp-content\/uploads\/sites\/1063\/2022\/01\/Logo-diversidades-youtube-27-400x400.png 400w, https:\/\/sites.usp.br\/dhd\/wp-content\/uploads\/sites\/1063\/2022\/01\/Logo-diversidades-youtube-27.png 1500w\" sizes=\"(max-width: 339px) 100vw, 339px\" \/><\/b><\/h3>\n<p>Desse projeto, nasce a forma\u00e7\u00e3o de extens\u00e3o (online) <em>Diversidades e Inclus\u00e3o Social em Direitos Humanos<\/em> que visa proporcionar espa\u00e7os de aprendizado e debates sobre processos de inclus\u00e3o e diversidade em um mundo no qual se verifica um alarmante crescimento do preconceito e da discrimina\u00e7\u00e3o de grupos em posi\u00e7\u00f5es minorit\u00e1rias. Tratar dessa realidade \u00e9 afrontar as condicionantes psicol\u00f3gicas, pol\u00edticas, sociais, culturais, geopol\u00edticas, interseccionais e estruturais que afetam a dignidade humana. Para fazer frente a algumas das m\u00faltiplas facetas das problem\u00e1ticas contempor\u00e2neas no que diz respeito \u00e0s lutas em defesa dos direitos humanos, optamos por destacar as referentes \u00e0 igualdade de g\u00eanero, diversidade sexual, racial e processos migrat\u00f3rios e de ref\u00fagio. Aberto e gratuito, com dura\u00e7\u00e3o de 6 meses, prev\u00ea uma carga hor\u00e1ria de 160 horas, com aulas e atividades que acontecer\u00e3o aos s\u00e1bados, no per\u00edodo da manh\u00e3 e da tarde, a partir do dia 5 de fevereiro de 2022.<\/p>\n<p>Focado na forma\u00e7\u00e3o de lideran\u00e7as comunit\u00e1rias, al\u00e9m de educadores sociais; agentes culturais; comunidade universit\u00e1ria; trabalhadores e interessados da sociedade civil, a forma\u00e7\u00e3o pretende promover trocas de experi\u00eancias na articula\u00e7\u00e3o de redes e promover produ\u00e7\u00f5es coletivas de movimentos e entidades sociais, culturais e sociais na cidade de S\u00e3o Paulo e de outras localidades, a partir de 5 eixos tem\u00e1ticos, com vistas a alcan\u00e7ar uma maior diversidade de grupos afligidos pela discrimina\u00e7\u00e3o e pelo conservadorismo contempor\u00e2neo. S\u00e3o eles: I. Diversidades e Inclus\u00e3o Social; II. Viol\u00eancias e Desigualdades de G\u00eanero; III. Viol\u00eancias e Desigualdades de Ra\u00e7a\/Etnia; IV. Viol\u00eancias e Desigualdades contra a Diversidade Sexual e V. Viol\u00eancias e Desigualdades Inerentes a Imigrantes e Refugiados. O primeiro m\u00f3dulo \u00e9 estruturante aos 4 m\u00f3dulos restantes relativos a grupos minorit\u00e1rios que materializam 4 faces das desigualdades e da dial\u00e9tica da inclus\u00e3o\/exclus\u00e3o.<\/p>\n","protected":false},"excerpt":{"rendered":"<p>SOBRE &#8216;Inclus\u00e3o Social e Diversidade: Direitos Humanos e Rela\u00e7\u00f5es de G\u00eanero, Ra\u00e7a e Orienta\u00e7\u00e3o Sexual como Fundamentos da Igualdade&#8217; Projeto de cultura e extens\u00e3o universit\u00e1ria criado e conduzido por docentes no \u00e2mbito da Universidade de S\u00e3o Paulo, com recursos financeiros da Pr\u00f3-Reitoria de Cultura e Extens\u00e3o Universit\u00e1ria. O projeto Inclus\u00e3o Social e Diversidade: Direitos Humanos\u00a0 [&hellip;]<\/p>\n","protected":false},"author":22641,"featured_media":0,"parent":0,"menu_order":0,"comment_status":"closed","ping_status":"closed","template":"","meta":{"_monsterinsights_skip_tracking":false,"_monsterinsights_sitenote_active":false,"_monsterinsights_sitenote_note":"","_monsterinsights_sitenote_category":0,"footnotes":"","_links_to":"","_links_to_target":""},"class_list":["post-774","page","type-page","status-publish","hentry","entry"],"_links":{"self":[{"href":"https:\/\/sites.usp.br\/dhd\/wp-json\/wp\/v2\/pages\/774","targetHints":{"allow":["GET"]}}],"collection":[{"href":"https:\/\/sites.usp.br\/dhd\/wp-json\/wp\/v2\/pages"}],"about":[{"href":"https:\/\/sites.usp.br\/dhd\/wp-json\/wp\/v2\/types\/page"}],"author":[{"embeddable":true,"href":"https:\/\/sites.usp.br\/dhd\/wp-json\/wp\/v2\/users\/22641"}],"replies":[{"embeddable":true,"href":"https:\/\/sites.usp.br\/dhd\/wp-json\/wp\/v2\/comments?post=774"}],"version-history":[{"count":5,"href":"https:\/\/sites.usp.br\/dhd\/wp-json\/wp\/v2\/pages\/774\/revisions"}],"predecessor-version":[{"id":3396,"href":"https:\/\/sites.usp.br\/dhd\/wp-json\/wp\/v2\/pages\/774\/revisions\/3396"}],"wp:attachment":[{"href":"https:\/\/sites.usp.br\/dhd\/wp-json\/wp\/v2\/media?parent=774"}],"curies":[{"name":"wp","href":"https:\/\/api.w.org\/{rel}","templated":true}]}}