{"id":883,"date":"2021-10-25T10:19:25","date_gmt":"2021-10-25T13:19:25","guid":{"rendered":"https:\/\/sites.usp.br\/padrao8\/?page_id=883"},"modified":"2022-01-26T16:27:26","modified_gmt":"2022-01-26T19:27:26","slug":"modulos","status":"publish","type":"page","link":"https:\/\/sites.usp.br\/dhd\/modulos\/","title":{"rendered":"M\u00f3dulos"},"content":{"rendered":"<h2>M\u00d3DULOS<\/h2>\n<p>Esta forma\u00e7\u00e3o de extens\u00e3o online <strong><em>Diversidades e Inclus\u00e3o Social em Direitos Humanos <\/em><\/strong>\u00e9 organizada em cinco m\u00f3dulos que procuram facilitar debates e partilhas de experi\u00eancias vividas na vida cotidiana em meio a processos de viol\u00eancia:<\/p>\n<ol>\n<li>Diversidades, Inclus\u00e3o Social e os Fundamentos dos Direitos Humanos;<\/li>\n<li>Direitos Humanos, Viol\u00eancias e Desigualdades de G\u00eanero;<\/li>\n<li>Direitos Humanos, Viol\u00eancias e Desigualdades de Ra\u00e7a\/Etnia;<\/li>\n<li>Direitos Humanos, Viol\u00eancias e Desigualdades contra \u00e0 Diversidade Sexual<\/li>\n<li>Direitos Humanos, Viol\u00eancias e Desigualdades inerentes \u00e0 Imigrantes e Refugiados.<\/li>\n<\/ol>\n<p><a href=\"https:\/\/sites.usp.br\/dhd\/wp-content\/uploads\/sites\/1063\/2022\/01\/painel-modulos.png\"><img fetchpriority=\"high\" decoding=\"async\" class=\" wp-image-2854 aligncenter\" src=\"https:\/\/sites.usp.br\/dhd\/wp-content\/uploads\/sites\/1063\/2022\/01\/painel-modulos-300x212.png\" alt=\"\" width=\"683\" height=\"482\" srcset=\"https:\/\/sites.usp.br\/dhd\/wp-content\/uploads\/sites\/1063\/2022\/01\/painel-modulos-300x212.png 300w, https:\/\/sites.usp.br\/dhd\/wp-content\/uploads\/sites\/1063\/2022\/01\/painel-modulos-1024x724.png 1024w, https:\/\/sites.usp.br\/dhd\/wp-content\/uploads\/sites\/1063\/2022\/01\/painel-modulos-768x543.png 768w, https:\/\/sites.usp.br\/dhd\/wp-content\/uploads\/sites\/1063\/2022\/01\/painel-modulos-1536x1086.png 1536w, https:\/\/sites.usp.br\/dhd\/wp-content\/uploads\/sites\/1063\/2022\/01\/painel-modulos-2048x1448.png 2048w, https:\/\/sites.usp.br\/dhd\/wp-content\/uploads\/sites\/1063\/2022\/01\/painel-modulos-400x283.png 400w\" sizes=\"(max-width: 683px) 100vw, 683px\" \/><\/a><\/p>\n<p>O primeiro m\u00f3dulo \u00e9 estruturante e onde todos inscritos participam. \u00c9 um m\u00f3dulo integrativo e que se comunica com cada uma das a\u00e7\u00f5es seguintes da forma\u00e7\u00e3o, sejam elas as atividades de cada eixo sejam as atividades cont\u00ednuas do projeto como mapeamento, an\u00e1lise de dados e pesquisas de bolsistas. Os quatro m\u00f3dulos seguintes s\u00e3o elegidos segundo o interesse do p\u00fablico e ofertados de modo concomitante.<\/p>\n<p>&nbsp;<\/p>\n","protected":false},"excerpt":{"rendered":"<p>M\u00d3DULOS Esta forma\u00e7\u00e3o de extens\u00e3o online Diversidades e Inclus\u00e3o Social em Direitos Humanos \u00e9 organizada em cinco m\u00f3dulos que procuram facilitar debates e partilhas de experi\u00eancias vividas na vida cotidiana em meio a processos de viol\u00eancia: Diversidades, Inclus\u00e3o Social e os Fundamentos dos Direitos Humanos; Direitos Humanos, Viol\u00eancias e Desigualdades de G\u00eanero; Direitos Humanos, Viol\u00eancias [&hellip;]<\/p>\n","protected":false},"author":22641,"featured_media":0,"parent":0,"menu_order":0,"comment_status":"closed","ping_status":"closed","template":"","meta":{"_monsterinsights_skip_tracking":false,"_monsterinsights_sitenote_active":false,"_monsterinsights_sitenote_note":"","_monsterinsights_sitenote_category":0,"footnotes":"","_links_to":"","_links_to_target":""},"class_list":["post-883","page","type-page","status-publish","hentry","entry"],"_links":{"self":[{"href":"https:\/\/sites.usp.br\/dhd\/wp-json\/wp\/v2\/pages\/883","targetHints":{"allow":["GET"]}}],"collection":[{"href":"https:\/\/sites.usp.br\/dhd\/wp-json\/wp\/v2\/pages"}],"about":[{"href":"https:\/\/sites.usp.br\/dhd\/wp-json\/wp\/v2\/types\/page"}],"author":[{"embeddable":true,"href":"https:\/\/sites.usp.br\/dhd\/wp-json\/wp\/v2\/users\/22641"}],"replies":[{"embeddable":true,"href":"https:\/\/sites.usp.br\/dhd\/wp-json\/wp\/v2\/comments?post=883"}],"version-history":[{"count":4,"href":"https:\/\/sites.usp.br\/dhd\/wp-json\/wp\/v2\/pages\/883\/revisions"}],"predecessor-version":[{"id":3004,"href":"https:\/\/sites.usp.br\/dhd\/wp-json\/wp\/v2\/pages\/883\/revisions\/3004"}],"wp:attachment":[{"href":"https:\/\/sites.usp.br\/dhd\/wp-json\/wp\/v2\/media?parent=883"}],"curies":[{"name":"wp","href":"https:\/\/api.w.org\/{rel}","templated":true}]}}