{"id":214,"date":"2023-04-09T06:33:59","date_gmt":"2023-04-09T08:33:59","guid":{"rendered":"https:\/\/sites.usp.br\/dig-gegal2023\/?page_id=214"},"modified":"2024-03-20T10:15:45","modified_gmt":"2024-03-20T12:15:45","slug":"inscricao-registration","status":"publish","type":"page","link":"https:\/\/sites.usp.br\/dig-gegal2023\/inscricao-registration\/","title":{"rendered":"Inscri\u00e7\u00e3o \/ Registration"},"content":{"rendered":"<h2 style=\"text-align: left;\"><b>Taxas de Registro \/ <em>Registration Fees<\/em><\/b><\/h2>\n<table style=\"height: 281px;\" width=\"707\">\n<tbody>\n<tr>\n<td><span style=\"font-weight: 400;\">\u00a0<\/span><\/td>\n<td><span style=\"font-weight: 400;\">Estudante \/ <em>Students<\/em><\/span><\/td>\n<td style=\"text-align: left;\"><span style=\"font-weight: 400;\">Profissionais\/ <em>Professionals<\/em><\/span><\/td>\n<\/tr>\n<tr>\n<td>Inscri\u00e7\u00e3o com desconto \/ <em>Early bird registration<\/em><\/p>\n<p><span style=\"font-weight: 400;\">01\/05 a 29\/07<\/span><\/td>\n<td>&nbsp;<\/p>\n<p><span style=\"font-weight: 400;\">US$ 15,00<\/span><\/td>\n<td>&nbsp;<\/p>\n<p><span style=\"font-weight: 400;\">US$ 30,00<\/span><\/td>\n<\/tr>\n<tr>\n<td>Inscri\u00e7\u00e3o sem desconto \/ <em>Regular registration<\/em><\/p>\n<p><span style=\"font-weight: 400;\">01\/07 a 15\/11<\/span><\/td>\n<td>&nbsp;<\/p>\n<p><span style=\"font-weight: 400;\">US$ 25,00<\/span><\/td>\n<td>&nbsp;<\/p>\n<p><span style=\"font-weight: 400;\">US$ 50,00<\/span><\/td>\n<\/tr>\n<\/tbody>\n<\/table>\n<h3><a href=\"https:\/\/www.even3.com.br\/10-developing-international-geoarchaeology-conference-318516\">Inscri\u00e7\u00f5es\/ <em>Registration\u00a0<\/em><\/a><\/h3>\n<p>&nbsp;<\/p>\n<p><span style=\"font-weight: 400;\"><a href=\"https:\/\/docs.google.com\/forms\/u\/2\/d\/e\/1FAIpQLSfbQxvn0lUF83yCSbznMZQ5dbLVlCIYqm7_B5-UdX2sNxMpAA\/viewform?usp=sf_link\">Solicita\u00e7\u00e3o de isen\u00e7\u00e3o da taxa de inscri\u00e7\u00e3o para estudantes da gradua\u00e7\u00e3o<\/a> <strong>(Aberto at\u00e9 25 de junho-2023)\u00a0<\/strong><\/span><\/p>\n<p><em><span style=\"font-family: inherit; font-size: inherit;\"><a href=\"https:\/\/docs.google.com\/forms\/d\/e\/1FAIpQLSfbQxvn0lUF83yCSbznMZQ5dbLVlCIYqm7_B5-UdX2sNxMpAA\/viewform?usp=sf_link\">Fee waiver application for undergraduate students <\/a><strong>(Open Link\u00a0 June 25th, 2023)<\/strong><\/span><\/em><\/p>\n<p><a href=\"https:\/\/sites.usp.br\/dig-gegal2023\/resultado-isencao-de-taxa-da-inscricao\/\"><strong>Resultado da isen\u00e7\u00e3o da taxa de inscri\u00e7\u00e3o\/ <em>Application fee exemption result<\/em><\/strong><\/a><\/p>\n<p>&nbsp;<\/p>\n<p>&nbsp;<\/p>\n","protected":false},"excerpt":{"rendered":"<p>Taxas de Registro \/ Registration Fees \u00a0 Estudante \/ Students Profissionais\/ Professionals Inscri\u00e7\u00e3o com desconto \/ Early bird registration 01\/05 a 29\/07 &nbsp; US$ 15,00 &nbsp; US$ 30,00 Inscri\u00e7\u00e3o sem desconto \/ Regular registration 01\/07 a 15\/11 &nbsp; US$ 25,00 &nbsp; US$ 50,00 Inscri\u00e7\u00f5es\/ Registration\u00a0 &nbsp; Solicita\u00e7\u00e3o de isen\u00e7\u00e3o da taxa de inscri\u00e7\u00e3o para estudantes [&hellip;]<\/p>\n","protected":false},"author":23493,"featured_media":0,"parent":0,"menu_order":8,"comment_status":"closed","ping_status":"closed","template":"","meta":{"footnotes":"","_links_to":"","_links_to_target":""},"class_list":["post-214","page","type-page","status-publish","hentry","entry"],"_links":{"self":[{"href":"https:\/\/sites.usp.br\/dig-gegal2023\/wp-json\/wp\/v2\/pages\/214","targetHints":{"allow":["GET"]}}],"collection":[{"href":"https:\/\/sites.usp.br\/dig-gegal2023\/wp-json\/wp\/v2\/pages"}],"about":[{"href":"https:\/\/sites.usp.br\/dig-gegal2023\/wp-json\/wp\/v2\/types\/page"}],"author":[{"embeddable":true,"href":"https:\/\/sites.usp.br\/dig-gegal2023\/wp-json\/wp\/v2\/users\/23493"}],"replies":[{"embeddable":true,"href":"https:\/\/sites.usp.br\/dig-gegal2023\/wp-json\/wp\/v2\/comments?post=214"}],"version-history":[{"count":4,"href":"https:\/\/sites.usp.br\/dig-gegal2023\/wp-json\/wp\/v2\/pages\/214\/revisions"}],"predecessor-version":[{"id":742,"href":"https:\/\/sites.usp.br\/dig-gegal2023\/wp-json\/wp\/v2\/pages\/214\/revisions\/742"}],"wp:attachment":[{"href":"https:\/\/sites.usp.br\/dig-gegal2023\/wp-json\/wp\/v2\/media?parent=214"}],"curies":[{"name":"wp","href":"https:\/\/api.w.org\/{rel}","templated":true}]}}