{"id":253,"date":"2023-04-17T01:24:45","date_gmt":"2023-04-17T03:24:45","guid":{"rendered":"https:\/\/sites.usp.br\/dig-gegal2023\/?page_id=253"},"modified":"2023-04-27T19:10:27","modified_gmt":"2023-04-27T21:10:27","slug":"2-circular-dig-gegal-2023","status":"publish","type":"page","link":"https:\/\/sites.usp.br\/dig-gegal2023\/2-circular-dig-gegal-2023\/","title":{"rendered":"2\u00b0 Circular DIG-GEGAL 2023"},"content":{"rendered":"<p><span style=\"font-weight: 400;\">(Portugu\u00eas, espan\u00f5l e ingl\u00eas)<\/span><\/p>\n<h3><b>10 DIG \u2013 GEGAL<\/b><\/h3>\n<h3><b>2<\/b><b>a<\/b><b> Circular<\/b><\/h3>\n<p><span style=\"font-weight: 400;\">Prezados\/as colegas,<\/span><\/p>\n<p><span style=\"font-weight: 400;\">O primeiro congresso conjunto do Developing International Geoarchaeology (DIG) e o workshop do Grupo de Estudos Geoarqueol\u00f3gicos de Am\u00e9rica Latina (GEGAL), acontecer\u00e1 do dia <\/span><b>20 a 24 de novembro de 2023 na Universidade de S\u00e3o Paulo, Brasil. <\/b><span style=\"font-weight: 400;\">Nesta segunda circular, poder\u00e3o encontrar informa\u00e7\u00f5es referentes \u00e0s taxas de inscri\u00e7\u00e3o, prazos e website com todas as informa\u00e7\u00f5es sobre o evento:<\/span><\/p>\n<ul>\n<li aria-level=\"1\"><span style=\"font-weight: 400;\">Prazo para envio dos resumos:<\/span><b> 30\/06\/2023<\/b><\/li>\n<\/ul>\n<ul>\n<li aria-level=\"1\"><span style=\"font-weight: 400;\">Prazo para solicita\u00e7\u00e3o de isen\u00e7\u00e3o da taxa de inscri\u00e7\u00e3o (somente para estudantes de gradua\u00e7\u00e3o): <\/span><b>1 a 20\/05\/2023 <\/b><span style=\"font-weight: 400;\">&#8211;<\/span> <span style=\"font-weight: 400;\">atrav\u00e9s do formul\u00e1rio eletr\u00f4nico dispon\u00edvel no site do evento.<\/span><\/li>\n<\/ul>\n<ul>\n<li aria-level=\"1\"><span style=\"font-weight: 400;\">Inscri\u00e7\u00e3o com desconto para apresenta\u00e7\u00e3o oral ou p\u00f4ster:<\/span><b> 01 a 31\/05\/2023\u00a0<\/b><\/li>\n<\/ul>\n<ul>\n<li style=\"list-style-type: none;\">\n<ul>\n<li style=\"list-style-type: none;\">\n<ul>\n<li style=\"font-weight: 400;\" aria-level=\"2\"><span style=\"font-weight: 400;\">Estudante: 15 USD<\/span><\/li>\n<li style=\"font-weight: 400;\" aria-level=\"2\"><span style=\"font-weight: 400;\">Profissional: 25 USD<\/span><\/li>\n<\/ul>\n<\/li>\n<\/ul>\n<\/li>\n<\/ul>\n<ul>\n<li aria-level=\"1\"><span style=\"font-weight: 400;\">Inscri\u00e7\u00e3o sem desconto para apresenta\u00e7\u00e3o oral ou p\u00f4ster:<\/span><b> 1 a 30\/06\/2023<\/b><\/li>\n<\/ul>\n<ul>\n<li style=\"list-style-type: none;\">\n<ul>\n<li style=\"font-weight: 400;\" aria-level=\"2\"><span style=\"font-weight: 400;\">Estudante: 25 USD<\/span><\/li>\n<li style=\"font-weight: 400;\" aria-level=\"2\"><span style=\"font-weight: 400;\">Profissionais: 50 USD<\/span><\/li>\n<\/ul>\n<\/li>\n<li style=\"font-weight: 400;\" aria-level=\"1\"><span style=\"font-weight: 400;\">Inscri\u00e7\u00e3o como ouvinte: <\/span><b>01\/05 a 30\/09\/2023<\/b><\/li>\n<\/ul>\n<p><span style=\"font-weight: 400;\">Para realizar a sua inscri\u00e7\u00e3o e obter informa\u00e7\u00e3o sobre hospedagem (hot\u00e9is, Airbnb\u2019s e hospedagem universit\u00e1ria), visite o site do evento em:\u00a0<\/span><\/p>\n<p><b>https:\/\/sites.usp.br\/dig-gegal2023\/<\/b><\/p>\n<p><span style=\"font-weight: 400;\">Mais informa\u00e7\u00f5es tamb\u00e9m podem ser solicitadas por e-mail para a comiss\u00e3o organizadora em:\u00a0 <\/span><span style=\"font-weight: 400;\">dig-gegal2023@usp.br<\/span><span style=\"font-weight: 400;\">.<\/span><\/p>\n<p>&nbsp;<\/p>\n<h3><b>10 DIG \u2013 GEGAL<\/b><\/h3>\n<p><b>2<\/b><b>da<\/b><b> Circular<\/b><\/p>\n<p><span style=\"font-weight: 400;\">Estimados\/as colegas,<\/span><\/p>\n<p><span style=\"font-weight: 400;\">El primer congreso conjunto del Developing International Geoarchaeology (DIG) y el Encuentro del Grupo de Estudios Geoarqueol\u00f3gicos de Am\u00e9rica Latina (GEGAL), tendr\u00e1 lugar los d\u00edas <\/span><b>20 a 24 de noviembre de 2023 en la Universidad de S\u00e3o Paulo, Brasil<\/b><span style=\"font-weight: 400;\">. En esta segunda circular, podr\u00e1n encontrar informaci\u00f3n sobre los costos de inscripci\u00f3n, plazos y el sitio web con todos los datos sobre el evento:<\/span><\/p>\n<ul>\n<li aria-level=\"1\"><span style=\"font-weight: 400;\">Plazo para env\u00edo de los res\u00famenes:<\/span><b> 30\/06\/2023<\/b><\/li>\n<\/ul>\n<ul>\n<li aria-level=\"1\"><span style=\"font-weight: 400;\">Plazo para solicitud de exenci\u00f3n del costo de inscripci\u00f3n (solamente para estudiantes de grado): <\/span><b>01 a 20\/05\/2023 <\/b><span style=\"font-weight: 400;\">&#8211;<\/span> <span style=\"font-weight: 400;\">mediante formulario electr\u00f3nico disponible en el sitio web del evento.<\/span><\/li>\n<\/ul>\n<ul>\n<li aria-level=\"1\"><span style=\"font-weight: 400;\">Inscripci\u00f3n con descuento para presentaci\u00f3n oral o p\u00f3ster:<\/span><b> 01 a 31\/05\/2023\u00a0<\/b><\/li>\n<\/ul>\n<ul>\n<li style=\"list-style-type: none;\">\n<ul>\n<li style=\"list-style-type: none;\">\n<ul>\n<li style=\"font-weight: 400;\" aria-level=\"2\"><span style=\"font-weight: 400;\">Estudiante: 15 USD<\/span><\/li>\n<li style=\"font-weight: 400;\" aria-level=\"2\"><span style=\"font-weight: 400;\">Profesional: 25 USD<\/span><\/li>\n<\/ul>\n<\/li>\n<\/ul>\n<\/li>\n<\/ul>\n<ul>\n<li aria-level=\"1\"><span style=\"font-weight: 400;\">Inscripci\u00f3n sin descuento para presentaci\u00f3n oral o p\u00f3ster:<\/span><b> 01 a 30\/06\/2023<\/b><\/li>\n<\/ul>\n<ul>\n<li style=\"list-style-type: none;\">\n<ul>\n<li style=\"font-weight: 400;\" aria-level=\"2\"><span style=\"font-weight: 400;\">Estudiante: 25 USD<\/span><\/li>\n<li style=\"font-weight: 400;\" aria-level=\"2\"><span style=\"font-weight: 400;\">Profesional: 50 USD<\/span><\/li>\n<\/ul>\n<\/li>\n<li style=\"font-weight: 400;\" aria-level=\"1\"><span style=\"font-weight: 400;\">Inscripci\u00f3n como oyente: <\/span><b>01\/05 a 30\/09\/2023<\/b><\/li>\n<\/ul>\n<p><span style=\"font-weight: 400;\">Para realizar su inscripci\u00f3n y obtener informaci\u00f3n sobre hospedaje (hoteles, Airbnbs y hospedaje universitario), visite el sitio web del evento en:\u00a0<\/span><\/p>\n<p><b>https:\/\/sites.usp.br\/dig-gegal2023\/<\/b><\/p>\n<p><span style=\"font-weight: 400;\">M\u00e1s informaci\u00f3n puede tambi\u00e9n ser solicitada por e-mail a\u00a0 la comisi\u00f3n organizadora en:\u00a0 <\/span><span style=\"font-weight: 400;\">dig-gegal2023@usp.br<\/span><span style=\"font-weight: 400;\">.<\/span><\/p>\n<p>&nbsp;<\/p>\n<h3><b>10 DIG \u2013 GEGAL<\/b><\/h3>\n<p><b>2<\/b><b>nd<\/b><b> Circular<\/b><\/p>\n<p><span style=\"font-weight: 400;\">Dear colleagues,<\/span><\/p>\n<p><span style=\"font-weight: 400;\">The first joint congress of Developing International Geoarchaeology (DIG) and the workshop of the Geoarchaeological Study Group of Latin America (GEGAL), will take place from <\/span><b>November 20th to 24th 2023 at the University of S\u00e3o Paulo, Brazil<\/b><span style=\"font-weight: 400;\">. In this second circular you can find information regarding registration fees, deadlines and our website with all the information about the event:<\/span><\/p>\n<ul>\n<li style=\"font-weight: 400;\" aria-level=\"1\"><span style=\"font-weight: 400;\">Deadline for abstract submission: <\/span><b>06\/30\/2023<\/b><\/li>\n<li style=\"font-weight: 400;\" aria-level=\"1\"><span style=\"font-weight: 400;\">Deadline for applications for fee waiver (undergraduate students only): <\/span><b>05\/01 to 05\/20\/2023<\/b><span style=\"font-weight: 400;\"> &#8211; through the electronic form available in our website.<\/span><\/li>\n<li style=\"font-weight: 400;\" aria-level=\"1\"><span style=\"font-weight: 400;\">Early bird registration for oral presentations or posters: <\/span><b>05\/01 to 05\/31\/2023\u00a0<\/b>\n<ul>\n<li style=\"font-weight: 400;\" aria-level=\"2\"><span style=\"font-weight: 400;\">Students: <\/span><b>15 USD<\/b><\/li>\n<li style=\"font-weight: 400;\" aria-level=\"2\"><span style=\"font-weight: 400;\">Professionals: <\/span><b>25 USD<\/b><\/li>\n<\/ul>\n<\/li>\n<li style=\"font-weight: 400;\" aria-level=\"1\"><span style=\"font-weight: 400;\">Registration without discount for oral presentations or postes: <\/span><b>06\/01 to 06\/30\/2023<\/b>\n<ul>\n<li style=\"font-weight: 400;\" aria-level=\"2\"><span style=\"font-weight: 400;\">Students: <\/span><b>25 USD<\/b><\/li>\n<li style=\"font-weight: 400;\" aria-level=\"2\"><span style=\"font-weight: 400;\">Professionals: <\/span><b>50 USD<\/b><\/li>\n<\/ul>\n<\/li>\n<li style=\"font-weight: 400;\" aria-level=\"1\"><span style=\"font-weight: 400;\">Registration as attendee: <\/span><b>05\/01 to 09\/30\/2023<\/b><\/li>\n<\/ul>\n<p><span style=\"font-weight: 400;\">For registration to the conference and information about accommodation (hotels, Airbnb, and university campus accommodation), please visit our website at:<\/span><\/p>\n<p>&nbsp;<\/p>\n<p><b>https:\/\/sites.usp.br\/dig-gegal2023\/<\/b><\/p>\n<p><span style=\"font-weight: 400;\">More information can also be requested by e-mail to the organizing committee at: <\/span><span style=\"font-weight: 400;\">dig-gegal2023@usp.br.<\/span><\/p>\n","protected":false},"excerpt":{"rendered":"<p>(Portugu\u00eas, espan\u00f5l e ingl\u00eas) 10 DIG \u2013 GEGAL 2a Circular Prezados\/as colegas, O primeiro congresso conjunto do Developing International Geoarchaeology (DIG) e o workshop do Grupo de Estudos Geoarqueol\u00f3gicos de Am\u00e9rica Latina (GEGAL), acontecer\u00e1 do dia 20 a 24 de novembro de 2023 na Universidade de S\u00e3o Paulo, Brasil. Nesta segunda circular, poder\u00e3o encontrar informa\u00e7\u00f5es [&hellip;]<\/p>\n","protected":false},"author":23493,"featured_media":0,"parent":0,"menu_order":2,"comment_status":"closed","ping_status":"closed","template":"","meta":{"footnotes":"","_links_to":"","_links_to_target":""},"class_list":["post-253","page","type-page","status-publish","hentry","entry"],"_links":{"self":[{"href":"https:\/\/sites.usp.br\/dig-gegal2023\/wp-json\/wp\/v2\/pages\/253","targetHints":{"allow":["GET"]}}],"collection":[{"href":"https:\/\/sites.usp.br\/dig-gegal2023\/wp-json\/wp\/v2\/pages"}],"about":[{"href":"https:\/\/sites.usp.br\/dig-gegal2023\/wp-json\/wp\/v2\/types\/page"}],"author":[{"embeddable":true,"href":"https:\/\/sites.usp.br\/dig-gegal2023\/wp-json\/wp\/v2\/users\/23493"}],"replies":[{"embeddable":true,"href":"https:\/\/sites.usp.br\/dig-gegal2023\/wp-json\/wp\/v2\/comments?post=253"}],"version-history":[{"count":3,"href":"https:\/\/sites.usp.br\/dig-gegal2023\/wp-json\/wp\/v2\/pages\/253\/revisions"}],"predecessor-version":[{"id":437,"href":"https:\/\/sites.usp.br\/dig-gegal2023\/wp-json\/wp\/v2\/pages\/253\/revisions\/437"}],"wp:attachment":[{"href":"https:\/\/sites.usp.br\/dig-gegal2023\/wp-json\/wp\/v2\/media?parent=253"}],"curies":[{"name":"wp","href":"https:\/\/api.w.org\/{rel}","templated":true}]}}