{"id":26,"date":"2013-11-21T19:00:33","date_gmt":"2013-11-21T19:00:33","guid":{"rendered":"http:\/\/sites.usp.br\/dig-gegal2023\/?page_id=26"},"modified":"2023-11-01T14:00:42","modified_gmt":"2023-11-01T16:00:42","slug":"local-venue","status":"publish","type":"page","link":"https:\/\/sites.usp.br\/dig-gegal2023\/local-venue\/","title":{"rendered":"Local \/ Venue"},"content":{"rendered":"<p>No dia <strong>20\/11<\/strong>, a cerim\u00f4nia de abertura e primeira sess\u00e3o de apresenta\u00e7\u00f5es do 10 DIG-GEGAL, acontecer\u00e3o no <strong>Royal Jardins Boutique Hotel<\/strong>, localizado na Alameda Ja\u00fa 729. Neste dia ser\u00e3o realizados o registro para o evento, seguido da palestra inaugural ministrada pela Profa. Carolina Mallol, a primeira sess\u00e3o de apresenta\u00e7\u00f5es e o coquetel de boas vindas no fim do dia.<\/p>\n<p><em>On <strong>November 20th<\/strong>, the opening ceremony and first session of presentations of the 10th DIG-GEGAL will take place at the <strong>Royal Jardins Boutique Hotel<\/strong>, located at Alameda Ja\u00fa 729. On this day, registration for the event will take place, followed by the opening lecture given by Prof. Carolina Mallol,\u00a0 the first session of presentations, and the ice-breaker cocktail at the end of the day.<\/em><\/p>\n<p><a href=\"https:\/\/sites.usp.br\/dig-gegal2023\/wp-content\/uploads\/sites\/1233\/2023\/11\/Maps.jpg\"><img loading=\"lazy\" decoding=\"async\" class=\"alignnone size-large wp-image-603\" src=\"https:\/\/sites.usp.br\/dig-gegal2023\/wp-content\/uploads\/sites\/1233\/2023\/11\/Maps-1024x724.jpg\" alt=\"\" width=\"1024\" height=\"724\" srcset=\"https:\/\/sites.usp.br\/dig-gegal2023\/wp-content\/uploads\/sites\/1233\/2023\/11\/Maps-1024x724.jpg 1024w, https:\/\/sites.usp.br\/dig-gegal2023\/wp-content\/uploads\/sites\/1233\/2023\/11\/Maps-300x212.jpg 300w, https:\/\/sites.usp.br\/dig-gegal2023\/wp-content\/uploads\/sites\/1233\/2023\/11\/Maps-768x543.jpg 768w, https:\/\/sites.usp.br\/dig-gegal2023\/wp-content\/uploads\/sites\/1233\/2023\/11\/Maps-1536x1086.jpg 1536w, https:\/\/sites.usp.br\/dig-gegal2023\/wp-content\/uploads\/sites\/1233\/2023\/11\/Maps-400x283.jpg 400w, https:\/\/sites.usp.br\/dig-gegal2023\/wp-content\/uploads\/sites\/1233\/2023\/11\/Maps.jpg 2000w\" sizes=\"auto, (max-width: 1024px) 100vw, 1024px\" \/><\/a><\/p>\n<p>Dos dias <strong>21 a 24\/11<\/strong> o congresso\u00a0 acontecer\u00e1 no <strong>auditorio do INOVA<\/strong> &#8211; Centro de Inova\u00e7\u00e3o da USP, localizado na Av. Prof. L\u00facio Martins 370, primeiro andar. Todos os dias haver\u00e1 palestras de convidados internacionais durante a manh\u00e3, seguido de sess\u00f5es de apresenta\u00e7\u00f5es e dois coffee-breaks.<\/p>\n<p><em>From <strong>November 21st to 24th<\/strong>, the congress will take place in the <strong>auditorium of INOVA &#8211; USP<\/strong> &#8211; Innovation Center of the University of S\u00e3o Paulo, located at Av. Prof. L\u00facio Martins 370, first floor. Each day, there will be keynote talks by international guests, followed by presentation sessions and two coffee breaks.<\/em><\/p>\n<p><a href=\"https:\/\/sites.usp.br\/dig-gegal2023\/wp-content\/uploads\/sites\/1233\/2023\/11\/Mapa-USP-congresso-Portugues.png\"><img loading=\"lazy\" decoding=\"async\" class=\"alignnone wp-image-600 size-large\" src=\"https:\/\/sites.usp.br\/dig-gegal2023\/wp-content\/uploads\/sites\/1233\/2023\/11\/Mapa-USP-congresso-Portugues-1024x675.png\" alt=\"\" width=\"1024\" height=\"675\" srcset=\"https:\/\/sites.usp.br\/dig-gegal2023\/wp-content\/uploads\/sites\/1233\/2023\/11\/Mapa-USP-congresso-Portugues-1024x675.png 1024w, https:\/\/sites.usp.br\/dig-gegal2023\/wp-content\/uploads\/sites\/1233\/2023\/11\/Mapa-USP-congresso-Portugues-300x198.png 300w, https:\/\/sites.usp.br\/dig-gegal2023\/wp-content\/uploads\/sites\/1233\/2023\/11\/Mapa-USP-congresso-Portugues-768x506.png 768w, https:\/\/sites.usp.br\/dig-gegal2023\/wp-content\/uploads\/sites\/1233\/2023\/11\/Mapa-USP-congresso-Portugues-1536x1012.png 1536w, https:\/\/sites.usp.br\/dig-gegal2023\/wp-content\/uploads\/sites\/1233\/2023\/11\/Mapa-USP-congresso-Portugues-2048x1350.png 2048w, https:\/\/sites.usp.br\/dig-gegal2023\/wp-content\/uploads\/sites\/1233\/2023\/11\/Mapa-USP-congresso-Portugues-400x264.png 400w\" sizes=\"auto, (max-width: 1024px) 100vw, 1024px\" \/><\/a><\/p>\n<p><a href=\"https:\/\/sites.usp.br\/dig-gegal2023\/wp-content\/uploads\/sites\/1233\/2023\/11\/Mapa-USP-congresso-Ingles.png\"><img loading=\"lazy\" decoding=\"async\" class=\"alignnone size-large wp-image-602\" src=\"https:\/\/sites.usp.br\/dig-gegal2023\/wp-content\/uploads\/sites\/1233\/2023\/11\/Mapa-USP-congresso-Ingles-1024x675.png\" alt=\"\" width=\"1024\" height=\"675\" srcset=\"https:\/\/sites.usp.br\/dig-gegal2023\/wp-content\/uploads\/sites\/1233\/2023\/11\/Mapa-USP-congresso-Ingles-1024x675.png 1024w, https:\/\/sites.usp.br\/dig-gegal2023\/wp-content\/uploads\/sites\/1233\/2023\/11\/Mapa-USP-congresso-Ingles-300x198.png 300w, https:\/\/sites.usp.br\/dig-gegal2023\/wp-content\/uploads\/sites\/1233\/2023\/11\/Mapa-USP-congresso-Ingles-768x506.png 768w, https:\/\/sites.usp.br\/dig-gegal2023\/wp-content\/uploads\/sites\/1233\/2023\/11\/Mapa-USP-congresso-Ingles-1536x1012.png 1536w, https:\/\/sites.usp.br\/dig-gegal2023\/wp-content\/uploads\/sites\/1233\/2023\/11\/Mapa-USP-congresso-Ingles-2048x1350.png 2048w, https:\/\/sites.usp.br\/dig-gegal2023\/wp-content\/uploads\/sites\/1233\/2023\/11\/Mapa-USP-congresso-Ingles-400x264.png 400w\" sizes=\"auto, (max-width: 1024px) 100vw, 1024px\" \/><\/a><\/p>\n<p>&nbsp;<\/p>\n<p><a href=\"https:\/\/sites.usp.br\/dig-gegal2023\/wp-content\/uploads\/sites\/1233\/2023\/10\/Inova2.jpg\"><img loading=\"lazy\" decoding=\"async\" class=\"size-full wp-image-565 alignleft\" src=\"https:\/\/sites.usp.br\/dig-gegal2023\/wp-content\/uploads\/sites\/1233\/2023\/10\/Inova2.jpg\" alt=\"\" width=\"275\" height=\"183\" \/><\/a><a href=\"https:\/\/sites.usp.br\/dig-gegal2023\/wp-content\/uploads\/sites\/1233\/2023\/10\/Inova.jpg\"><img loading=\"lazy\" decoding=\"async\" class=\"size-full wp-image-566 alignleft\" src=\"https:\/\/sites.usp.br\/dig-gegal2023\/wp-content\/uploads\/sites\/1233\/2023\/10\/Inova.jpg\" alt=\"\" width=\"275\" height=\"183\" \/><\/a><a href=\"https:\/\/sites.usp.br\/dig-gegal2023\/wp-content\/uploads\/sites\/1233\/2023\/10\/Inova-logo.png\"><img loading=\"lazy\" decoding=\"async\" class=\"size-medium wp-image-571 alignleft\" src=\"https:\/\/sites.usp.br\/dig-gegal2023\/wp-content\/uploads\/sites\/1233\/2023\/10\/Inova-logo-300x101.png\" alt=\"\" width=\"300\" height=\"101\" srcset=\"https:\/\/sites.usp.br\/dig-gegal2023\/wp-content\/uploads\/sites\/1233\/2023\/10\/Inova-logo-300x101.png 300w, https:\/\/sites.usp.br\/dig-gegal2023\/wp-content\/uploads\/sites\/1233\/2023\/10\/Inova-logo.png 387w\" sizes=\"auto, (max-width: 300px) 100vw, 300px\" \/><\/a><\/p>\n","protected":false},"excerpt":{"rendered":"<p>No dia 20\/11, a cerim\u00f4nia de abertura e primeira sess\u00e3o de apresenta\u00e7\u00f5es do 10 DIG-GEGAL, acontecer\u00e3o no Royal Jardins Boutique Hotel, localizado na Alameda Ja\u00fa 729. Neste dia ser\u00e3o realizados o registro para o evento, seguido da palestra inaugural ministrada pela Profa. Carolina Mallol, a primeira sess\u00e3o de apresenta\u00e7\u00f5es e o coquetel de boas vindas [&hellip;]<\/p>\n","protected":false},"author":1,"featured_media":0,"parent":0,"menu_order":10,"comment_status":"closed","ping_status":"closed","template":"","meta":{"footnotes":"","_links_to":"","_links_to_target":""},"class_list":["post-26","page","type-page","status-publish","hentry","entry"],"_links":{"self":[{"href":"https:\/\/sites.usp.br\/dig-gegal2023\/wp-json\/wp\/v2\/pages\/26","targetHints":{"allow":["GET"]}}],"collection":[{"href":"https:\/\/sites.usp.br\/dig-gegal2023\/wp-json\/wp\/v2\/pages"}],"about":[{"href":"https:\/\/sites.usp.br\/dig-gegal2023\/wp-json\/wp\/v2\/types\/page"}],"author":[{"embeddable":true,"href":"https:\/\/sites.usp.br\/dig-gegal2023\/wp-json\/wp\/v2\/users\/1"}],"replies":[{"embeddable":true,"href":"https:\/\/sites.usp.br\/dig-gegal2023\/wp-json\/wp\/v2\/comments?post=26"}],"version-history":[{"count":4,"href":"https:\/\/sites.usp.br\/dig-gegal2023\/wp-json\/wp\/v2\/pages\/26\/revisions"}],"predecessor-version":[{"id":604,"href":"https:\/\/sites.usp.br\/dig-gegal2023\/wp-json\/wp\/v2\/pages\/26\/revisions\/604"}],"wp:attachment":[{"href":"https:\/\/sites.usp.br\/dig-gegal2023\/wp-json\/wp\/v2\/media?parent=26"}],"curies":[{"name":"wp","href":"https:\/\/api.w.org\/{rel}","templated":true}]}}