{"id":273,"date":"2023-04-17T03:40:48","date_gmt":"2023-04-17T05:40:48","guid":{"rendered":"https:\/\/sites.usp.br\/dig-gegal2023\/?page_id=273"},"modified":"2023-09-11T13:19:26","modified_gmt":"2023-09-11T15:19:26","slug":"hospedagem-accomodation","status":"publish","type":"page","link":"https:\/\/sites.usp.br\/dig-gegal2023\/hospedagem-accomodation\/","title":{"rendered":"Hospedagem  \/ Accomodation"},"content":{"rendered":"<h3><strong>Hot\u00e9is e Airbnb \/ <em>Hotels and Airbnb<\/em><\/strong><\/h3>\n<p><strong>Hot\u00e9is com pre\u00e7o especial para a Universidade de S\u00e3o Paulo \/ <em>Hotels with discounts for the University of S\u00e3o Paulo:<\/em><\/strong><\/p>\n<p>&#8211; Ibis Styles SP Faria Lima (3 estrelas, R$ 325 a noite + 5% impostos) <em>(3 stars, 65 USD per night + 5% taxes)<\/em>.<\/p>\n<p>Para reservas, envie um email a <a href=\"mailto:ha1b6-re@accor.com\">ha1b6-re@accor.com<\/a>, mencionando que voc\u00ea solicita a taxa especial para a Universidade de S\u00e3o Paulo.<\/p>\n<p><em>For reservations, send an email to <a href=\"mailto:ha1b6-re@accor.com\">ha1b6-re@accor.com<\/a>, mentioning that you will be a guest of the University of Sao Paulo.<\/em><\/p>\n<p><strong>Accomoda\u00e7\u00f5es pr\u00f3ximas da Cidade Universit\u00e1ria \/ <em>Accomodation near University campus:<\/em><\/strong><\/p>\n<p>Acccomoda\u00e7\u00f5es pr\u00f3ximas da Cidade Universit\u00e1ria com f\u00e1cil acesso a metr\u00f4 (linha Amarela) ou localizadas a poucos minutos de uber ou taxi do campus:<\/p>\n<p><em>Accomodation options near the University campus with easy access to subway (yellow line) or located a few minutes by uber or taxi from campus:<\/em><\/p>\n<p>&#8211; Ibis Budget Sao Paulo (2 estrelas, R$ 230) <em>(3 stars, 45 USD per night)<\/em><\/p>\n<p>&#8211; Quality Faria Lima (4 estrelas, R$ 355 a noite) <em>(4 stars, 70 USD per night)<\/em><\/p>\n<p>&#8211; H4 Hotel Opera Jardins (4 estrelas, R$ 440) <em>(4 stars, 85 USD per night)<\/em><\/p>\n<p>&#8211; Golden Tower Pinheiros (4 estrelas, R$ 480 a noite) <em>(4 stars, 85 USD per night)<\/em><\/p>\n<p>&#8211; Hotel WZ Jardins (4 estrelas, R$ 480 a noite) <em>(4 stars, 85 USD per night)<\/em><\/p>\n<p>&#8211; Hilton Garden Inn Rebou\u00e7as (4 estrelas, R$ 500 a noite) <em>(4 stars, 98 USD per night)<\/em><\/p>\n<p><strong>Airbnb:<\/strong><\/p>\n<p>Existem tamb\u00e9m numerosas op\u00e7\u00f5es de Airbnb a pre\u00e7os\u00a0 mais acess\u00edveis nos bairros de Butant\u00e3 e Pinheiros, pr\u00f3ximos do campus da USP: <a href=\"https:\/\/www.airbnb.com.br\/\">https:\/\/www.airbnb.com.br\/<\/a><\/p>\n<p><em>There are several Airbnb options with lower prices in Butant\u00e3 and Pinheiros neighbourhoods, near the University campus: <a href=\"https:\/\/www.airbnb.com.br\/\">https:\/\/www.airbnb.com.br\/<\/a><\/em><\/p>\n<p>&#8211; Cawy Pinheiros &#8211; studios (R$ 200 a noite) <em>(35 USD per night)<\/em><\/p>\n<p>&#8211; Charlie Houx Pinheiros &#8211; studios (R$ 230 a noite) <em>(40 USD per night)<\/em><\/p>\n<p>&#8211; Enjoy Butant\u00e3 Residencial &#8211; studios (R$ 280 a noite)<em> (55 USD per night)<\/em><\/p>\n<p>&#8211; Charlie Homelike Pinheiros &#8211; studios (R$ 300 a noite) <em>(60 USD per night)<\/em><\/p>\n<h3><strong>Hospedagem universit\u00e1ria \/ <em>University accomodation<\/em><\/strong><\/h3>\n<p><strong>Hospedagem no CEPE-USP \/ <em>Accommodation at CEPE-USP<\/em><br \/>\n<\/strong><\/p>\n<p>Ser\u00e3o disponibilizadas at\u00e9 40 vagas para o alojamento no Centro de Pr\u00e1ticas Esportivas da USP.\u00a0 S\u00e3o quartos coletivos com beliches, simples e r\u00fasticos, com acesso a vesti\u00e1rios com duchas e banheiro compartilhado.<\/p>\n<p><em>Up to 40 places will be available for lodging at USP&#8217;s Sports Practice Center. They are collective rooms with bunk beds, simple and rustic, with access to changing rooms with showers and shared bathrooms.<\/em><\/p>\n<p>O valor da pernoite \u00e9 de R$52,00. As solicita\u00e7\u00f5es devem ser realizadas at\u00e9 o dia <strong>10\/08\/2023.<\/strong><\/p>\n<p><em>The price per night is R$52,00. Requests must be made by <strong>10\/31\/2023<\/strong>.<\/em><\/p>\n<p><strong>Leia o regulamento da hospedagem do CEPE\/USP<\/strong> <a href=\"https:\/\/sites.usp.br\/dig-gegal2023\/wp-content\/uploads\/sites\/1233\/2023\/04\/Regulamento-CEPE-USP.pdf\">aqui<\/a>.<\/p>\n<p><em>Read the regulations of CEPE\/USP accommodation <a href=\"https:\/\/sites.usp.br\/dig-gegal2023\/wp-content\/uploads\/sites\/1233\/2023\/04\/Regulamento-CEPE-USP.pdf\">here<\/a>.<\/em><\/p>\n<p>Caso tenha interesse, preencha o formul\u00e1rio <a href=\"https:\/\/docs.google.com\/forms\/d\/e\/1FAIpQLSe3TH9QD0FzyJDZExPXBB-i2DIK11l0f5lekELsb0JzR0P2zw\/viewform?usp=sf_link\">aqui.<\/a><\/p>\n<p><em>If you are interested, please fill out the form using <a href=\"https:\/\/docs.google.com\/forms\/d\/e\/1FAIpQLSe3TH9QD0FzyJDZExPXBB-i2DIK11l0f5lekELsb0JzR0P2zw\/viewform?usp=sf_link\">this link<\/a>.<\/em><\/p>\n<h3><strong>Restaurante universit\u00e1rio (somente para estudantes) \/ <em>University restaurant (only for students)<\/em><\/strong><\/h3>\n<p>Os estudantes participantes do 10 DIG-GEGAL poder\u00e3o ter acesso a tickets para almo\u00e7o e jantar nos restaurantes da USP pelo valor de R$10,00 a refei\u00e7\u00e3o. As solicita\u00e7\u00f5es devem ser encaminhadas a comiss\u00e3o organizadora at\u00e9 o dia 30\/08\/2023.<\/p>\n<p>Caso tenha interesse, preencha o formul\u00e1rio <a href=\"https:\/\/docs.google.com\/forms\/d\/e\/1FAIpQLSe3TH9QD0FzyJDZExPXBB-i2DIK11l0f5lekELsb0JzR0P2zw\/viewform?usp=sf_link\">aqui.<\/a><\/p>\n<p><em>Students participating in the 10 DIG-GEGAL will have access to lunch and dinner tickets at USP university restaurants for R$10.00 per meal. Send your request to the organizing committee by 08\/30\/2023.<\/em><\/p>\n<p><em>If you are interested, please fill out the form <a href=\"https:\/\/docs.google.com\/forms\/d\/e\/1FAIpQLSe3TH9QD0FzyJDZExPXBB-i2DIK11l0f5lekELsb0JzR0P2zw\/viewform?usp=sf_link\">here.<\/a><\/em><\/p>\n<p>&nbsp;<\/p>\n","protected":false},"excerpt":{"rendered":"<p>Hot\u00e9is e Airbnb \/ Hotels and Airbnb Hot\u00e9is com pre\u00e7o especial para a Universidade de S\u00e3o Paulo \/ Hotels with discounts for the University of S\u00e3o Paulo: &#8211; Ibis Styles SP Faria Lima (3 estrelas, R$ 325 a noite + 5% impostos) (3 stars, 65 USD per night + 5% taxes). Para reservas, envie um [&hellip;]<\/p>\n","protected":false},"author":23493,"featured_media":0,"parent":0,"menu_order":9,"comment_status":"closed","ping_status":"closed","template":"","meta":{"footnotes":"","_links_to":"","_links_to_target":""},"class_list":["post-273","page","type-page","status-publish","hentry","entry"],"_links":{"self":[{"href":"https:\/\/sites.usp.br\/dig-gegal2023\/wp-json\/wp\/v2\/pages\/273","targetHints":{"allow":["GET"]}}],"collection":[{"href":"https:\/\/sites.usp.br\/dig-gegal2023\/wp-json\/wp\/v2\/pages"}],"about":[{"href":"https:\/\/sites.usp.br\/dig-gegal2023\/wp-json\/wp\/v2\/types\/page"}],"author":[{"embeddable":true,"href":"https:\/\/sites.usp.br\/dig-gegal2023\/wp-json\/wp\/v2\/users\/23493"}],"replies":[{"embeddable":true,"href":"https:\/\/sites.usp.br\/dig-gegal2023\/wp-json\/wp\/v2\/comments?post=273"}],"version-history":[{"count":5,"href":"https:\/\/sites.usp.br\/dig-gegal2023\/wp-json\/wp\/v2\/pages\/273\/revisions"}],"predecessor-version":[{"id":536,"href":"https:\/\/sites.usp.br\/dig-gegal2023\/wp-json\/wp\/v2\/pages\/273\/revisions\/536"}],"wp:attachment":[{"href":"https:\/\/sites.usp.br\/dig-gegal2023\/wp-json\/wp\/v2\/media?parent=273"}],"curies":[{"name":"wp","href":"https:\/\/api.w.org\/{rel}","templated":true}]}}