{"id":287,"date":"2023-04-17T04:13:58","date_gmt":"2023-04-17T06:13:58","guid":{"rendered":"https:\/\/sites.usp.br\/dig-gegal2023\/?page_id=287"},"modified":"2023-08-17T15:35:50","modified_gmt":"2023-08-17T17:35:50","slug":"logo","status":"publish","type":"page","link":"https:\/\/sites.usp.br\/dig-gegal2023\/logo\/","title":{"rendered":"Logo"},"content":{"rendered":"<h3><strong>Logo 10 DIG &#8211; GEGAL 2023<\/strong><\/h3>\n<p>O logo do 10\u00b0 DIG -GEGAL 2023 foi criado por Nicolas Batalla e teve como inspira\u00e7\u00e3o a obra &#8220;Am\u00e9rica Invertida&#8221;, criada em 1943, pelo artista Uruguaio Joaqu\u00edm Torres Garc\u00eda.<\/p>\n<p>Se quiser conhecer um pouco mais sobre Joaqu\u00edm Torres Garc\u00eda \u00e9 poss\u00edvel visitar o site do <a href=\"https:\/\/www.torresgarcia.org.uy\/bio.php\">Museo Torres Garc\u00eda.<\/a><\/p>\n<p><em>The logo of the 10th DIG -GEGAL 2023 was created by Nicolas Batalla and was inspired by the work &#8220;Inverted America&#8221;, created in 1943 by the Uruguayan artist Joaqu\u00edm Torres Garc\u00eda.<\/em><\/p>\n<p><em>If you want to know a little more about Joaqu\u00edm Torres Garc\u00eda, you can visit the <a href=\"https:\/\/www.torresgarcia.org.uy\/bio.php\">Museo Torres Garc\u00eda<\/a> website.<\/em><\/p>\n<p><img loading=\"lazy\" decoding=\"async\" class=\"\" src=\"https:\/\/historiasdasamericas.com\/wp-content\/uploads\/2021\/09\/America-Invertida.jpg\" width=\"527\" height=\"557\" \/><\/p>\n","protected":false},"excerpt":{"rendered":"<p>Logo 10 DIG &#8211; GEGAL 2023 O logo do 10\u00b0 DIG -GEGAL 2023 foi criado por Nicolas Batalla e teve como inspira\u00e7\u00e3o a obra &#8220;Am\u00e9rica Invertida&#8221;, criada em 1943, pelo artista Uruguaio Joaqu\u00edm Torres Garc\u00eda. Se quiser conhecer um pouco mais sobre Joaqu\u00edm Torres Garc\u00eda \u00e9 poss\u00edvel visitar o site do Museo Torres Garc\u00eda. The [&hellip;]<\/p>\n","protected":false},"author":23493,"featured_media":0,"parent":0,"menu_order":0,"comment_status":"closed","ping_status":"closed","template":"","meta":{"footnotes":"","_links_to":"","_links_to_target":""},"class_list":["post-287","page","type-page","status-publish","hentry","entry"],"_links":{"self":[{"href":"https:\/\/sites.usp.br\/dig-gegal2023\/wp-json\/wp\/v2\/pages\/287","targetHints":{"allow":["GET"]}}],"collection":[{"href":"https:\/\/sites.usp.br\/dig-gegal2023\/wp-json\/wp\/v2\/pages"}],"about":[{"href":"https:\/\/sites.usp.br\/dig-gegal2023\/wp-json\/wp\/v2\/types\/page"}],"author":[{"embeddable":true,"href":"https:\/\/sites.usp.br\/dig-gegal2023\/wp-json\/wp\/v2\/users\/23493"}],"replies":[{"embeddable":true,"href":"https:\/\/sites.usp.br\/dig-gegal2023\/wp-json\/wp\/v2\/comments?post=287"}],"version-history":[{"count":4,"href":"https:\/\/sites.usp.br\/dig-gegal2023\/wp-json\/wp\/v2\/pages\/287\/revisions"}],"predecessor-version":[{"id":518,"href":"https:\/\/sites.usp.br\/dig-gegal2023\/wp-json\/wp\/v2\/pages\/287\/revisions\/518"}],"wp:attachment":[{"href":"https:\/\/sites.usp.br\/dig-gegal2023\/wp-json\/wp\/v2\/media?parent=287"}],"curies":[{"name":"wp","href":"https:\/\/api.w.org\/{rel}","templated":true}]}}