{"id":296,"date":"2023-04-17T05:18:14","date_gmt":"2023-04-17T07:18:14","guid":{"rendered":"https:\/\/sites.usp.br\/dig-gegal2023\/?page_id=296"},"modified":"2023-11-27T18:17:40","modified_gmt":"2023-11-27T20:17:40","slug":"programacao-program","status":"publish","type":"page","link":"https:\/\/sites.usp.br\/dig-gegal2023\/programacao-program\/","title":{"rendered":"Programa\u00e7\u00e3o \/ Program"},"content":{"rendered":"<p><strong>TODAS AS APRESENTA\u00c7\u00d5ES CONTAR\u00c3O COM TRADU\u00c7\u00c3O SIMULT\u00c2NEA PORTUGU\u00caS\/ESPANHOL &#8211; INGL\u00caS<br \/>\n<\/strong><\/p>\n<p><strong>ALL PRESENTATIONS WILL BE SIMULTANEOUSLY TRANSLATED FROM PORTUGUESE\/SPANISH &#8211; ENGLISH<br \/>\n<\/strong><\/p>\n<p><img loading=\"lazy\" decoding=\"async\" class=\"wp-image-586 size-full alignnone\" src=\"https:\/\/sites.usp.br\/dig-gegal2023\/wp-content\/uploads\/sites\/1233\/2023\/11\/Programacao-Apresentacoes-rotated.jpg\" alt=\"\" width=\"2000\" height=\"1414\" srcset=\"https:\/\/sites.usp.br\/dig-gegal2023\/wp-content\/uploads\/sites\/1233\/2023\/11\/Programacao-Apresentacoes-rotated.jpg 2000w, https:\/\/sites.usp.br\/dig-gegal2023\/wp-content\/uploads\/sites\/1233\/2023\/11\/Programacao-Apresentacoes-300x212.jpg 300w, https:\/\/sites.usp.br\/dig-gegal2023\/wp-content\/uploads\/sites\/1233\/2023\/11\/Programacao-Apresentacoes-1024x724.jpg 1024w, https:\/\/sites.usp.br\/dig-gegal2023\/wp-content\/uploads\/sites\/1233\/2023\/11\/Programacao-Apresentacoes-768x543.jpg 768w, https:\/\/sites.usp.br\/dig-gegal2023\/wp-content\/uploads\/sites\/1233\/2023\/11\/Programacao-Apresentacoes-1536x1086.jpg 1536w, https:\/\/sites.usp.br\/dig-gegal2023\/wp-content\/uploads\/sites\/1233\/2023\/11\/Programacao-Apresentacoes-400x283.jpg 400w\" sizes=\"auto, (max-width: 2000px) 100vw, 2000px\" \/><strong>Acesse a programa\u00e7\u00e3o completa &#8211; <a href=\"https:\/\/sites.usp.br\/dig-gegal2023\/wp-content\/uploads\/sites\/1233\/2023\/11\/Programacao-Apresentacoes-1.pdf\">aqui<\/a><\/strong><\/p>\n<p><strong><em>Click <a href=\"https:\/\/sites.usp.br\/dig-gegal2023\/wp-content\/uploads\/sites\/1233\/2023\/11\/Programacao-Apresentacoes-1.pdf\">here<\/a> to access the complete program<\/em><\/strong><\/p>\n<p><a href=\"https:\/\/sites.usp.br\/dig-gegal2023\/wp-content\/uploads\/sites\/1233\/2023\/11\/programacaoEN-rotated.jpg\"><img loading=\"lazy\" decoding=\"async\" class=\"alignnone size-full wp-image-590\" src=\"https:\/\/sites.usp.br\/dig-gegal2023\/wp-content\/uploads\/sites\/1233\/2023\/11\/programacaoEN-rotated.jpg\" alt=\"\" width=\"2000\" height=\"1414\" srcset=\"https:\/\/sites.usp.br\/dig-gegal2023\/wp-content\/uploads\/sites\/1233\/2023\/11\/programacaoEN-rotated.jpg 2000w, https:\/\/sites.usp.br\/dig-gegal2023\/wp-content\/uploads\/sites\/1233\/2023\/11\/programacaoEN-300x212.jpg 300w, https:\/\/sites.usp.br\/dig-gegal2023\/wp-content\/uploads\/sites\/1233\/2023\/11\/programacaoEN-1024x724.jpg 1024w, https:\/\/sites.usp.br\/dig-gegal2023\/wp-content\/uploads\/sites\/1233\/2023\/11\/programacaoEN-768x543.jpg 768w, https:\/\/sites.usp.br\/dig-gegal2023\/wp-content\/uploads\/sites\/1233\/2023\/11\/programacaoEN-1536x1086.jpg 1536w, https:\/\/sites.usp.br\/dig-gegal2023\/wp-content\/uploads\/sites\/1233\/2023\/11\/programacaoEN-400x283.jpg 400w\" sizes=\"auto, (max-width: 2000px) 100vw, 2000px\" \/><\/a><\/p>\n","protected":false},"excerpt":{"rendered":"<p>TODAS AS APRESENTA\u00c7\u00d5ES CONTAR\u00c3O COM TRADU\u00c7\u00c3O SIMULT\u00c2NEA PORTUGU\u00caS\/ESPANHOL &#8211; INGL\u00caS ALL PRESENTATIONS WILL BE SIMULTANEOUSLY TRANSLATED FROM PORTUGUESE\/SPANISH &#8211; ENGLISH Acesse a programa\u00e7\u00e3o completa &#8211; aqui Click here to access the complete program<\/p>\n","protected":false},"author":23493,"featured_media":0,"parent":0,"menu_order":0,"comment_status":"closed","ping_status":"closed","template":"","meta":{"footnotes":"","_links_to":"","_links_to_target":""},"class_list":["post-296","page","type-page","status-publish","hentry","entry"],"_links":{"self":[{"href":"https:\/\/sites.usp.br\/dig-gegal2023\/wp-json\/wp\/v2\/pages\/296","targetHints":{"allow":["GET"]}}],"collection":[{"href":"https:\/\/sites.usp.br\/dig-gegal2023\/wp-json\/wp\/v2\/pages"}],"about":[{"href":"https:\/\/sites.usp.br\/dig-gegal2023\/wp-json\/wp\/v2\/types\/page"}],"author":[{"embeddable":true,"href":"https:\/\/sites.usp.br\/dig-gegal2023\/wp-json\/wp\/v2\/users\/23493"}],"replies":[{"embeddable":true,"href":"https:\/\/sites.usp.br\/dig-gegal2023\/wp-json\/wp\/v2\/comments?post=296"}],"version-history":[{"count":4,"href":"https:\/\/sites.usp.br\/dig-gegal2023\/wp-json\/wp\/v2\/pages\/296\/revisions"}],"predecessor-version":[{"id":654,"href":"https:\/\/sites.usp.br\/dig-gegal2023\/wp-json\/wp\/v2\/pages\/296\/revisions\/654"}],"wp:attachment":[{"href":"https:\/\/sites.usp.br\/dig-gegal2023\/wp-json\/wp\/v2\/media?parent=296"}],"curies":[{"name":"wp","href":"https:\/\/api.w.org\/{rel}","templated":true}]}}