{"id":358,"date":"2023-04-22T05:05:30","date_gmt":"2023-04-22T07:05:30","guid":{"rendered":"https:\/\/sites.usp.br\/dig-gegal2023\/?page_id=358"},"modified":"2023-08-17T15:37:03","modified_gmt":"2023-08-17T17:37:03","slug":"visto-visa","status":"publish","type":"page","link":"https:\/\/sites.usp.br\/dig-gegal2023\/visto-visa\/","title":{"rendered":"Visto \/ Visa"},"content":{"rendered":"<p><strong>Voc\u00ea precisa de visto?<\/strong><\/p>\n<p>O Brasil adota uma pol\u00edtica de concess\u00e3o de vistos com base no princ\u00edpio da reciprocidade. Isso significa que nacionais de pa\u00edses que exigem vistos de cidad\u00e3os brasileiros para entrada em seus territ\u00f3rios tamb\u00e9m precisar\u00e3o de visto para viajar ao Brasil. Pela atual legisla\u00e7\u00e3o migrat\u00f3ria brasileira (Lei 13.445\/2017), a isen\u00e7\u00e3o de vistos somente poder\u00e1 ser concedida pelas autoridades brasileiras, em bases rec\u00edprocas, por meio de entendimento bilateral sobre o assunto, ressalvadas as hip\u00f3teses do Decreto 9.731\/2019. O Brasil possui entendimentos bilaterais sobre isen\u00e7\u00e3o de vistos com cerca de 90 pa\u00edses.<\/p>\n<p><strong>Cidad\u00e3os do Mercosul<\/strong><\/p>\n<p>Nacionais dos Estados signat\u00e1rios do Acordo de Resid\u00eancia do Mercosul (Argentina, Bol\u00edvia, Chile, Col\u00f4mbia, Equador, Paraguai, Peru e Uruguai) podem estabelecer resid\u00eancia tempor\u00e1ria no Brasil, por meio de solicita\u00e7\u00e3o do Visto de Resid\u00eancia Tempor\u00e1ria do Mercosul (VITEM XIII) ou, sem necessidade de visto, diretamente junto ao\u00a0<a href=\"http:\/\/www.justica.gov.br\/central-de-atendimento\/estrangeiros\/entrada\" target=\"_blank\" rel=\"alternate noopener noreferrer\">Minist\u00e9rio da Justi\u00e7a<\/a>, de acordo com os artigos pertinentes daquele acordo (internalizado pelo Decreto Presidencial 6.975\/2009). Ap\u00f3s 2 anos, a resid\u00eancia tempor\u00e1ria poder\u00e1, cumpridos os requisitos previstos no referido decreto, ser transformada em resid\u00eancia por prazo indeterminado, procedimento que dever\u00e1 ser realizado junto \u00e0 Pol\u00edcia Federal.<\/p>\n<p>Para saber se voc\u00ea precisa de visto para viajar ao Brasil,\u00a0<a class=\"internal-link\" href=\"https:\/\/www.gov.br\/mre\/pt-br\/assuntos\/portal-consular\/vistos\/quadro-geral-de-regime-de-vistos-para-entrada-de-estrangeiros-no-brasil\" target=\"_self\" rel=\"noopener\" data-tippreview-image=\"\" data-tippreview-title=\"\" data-tippreview-enabled=\"true\" data-tippy=\"\">clique aqui.<\/a><\/p>\n<p>Para informa\u00e7\u00f5es completa acesse o <a href=\"https:\/\/www.gov.br\/mre\/pt-br\/assuntos\/portal-consular\/vistos\/informacoes-sobre-vistos-para-estrangeiros-viajarem-ao-brasil#Mercosul\">site do Governo Brasileiro<\/a><\/p>\n<p><em><strong>Do you need a visa?<\/strong><\/em><\/p>\n<p><em>Brazil adopts a policy of reciprocity regarding visas. This means that nationals of countries that require visas for Brazilian citizens will need a visa to travel to Brazil. According to the Brazilian law, Brazil must agree, on a reciprocal basis, to offer visa waiver to nationals of another country, except for the hypotheses established in the Decree 9.731 \/ 2019. Brazil has signed visa exemption agreements with about 90 countries.<\/em><\/p>\n<p><em><strong>Mercosur citizens<\/strong><\/em><\/p>\n<p><em>Nationals of countries which joined the Agreement on Residence for Nationals of Mercosur, namely, Argentina, Paraguay, Uruguay, Bolivia, Chile, Colombia, Ecuador and Peru, may apply, at a Consular Office, for a temporary residence visa (VITEM XIII). Those who already live in Brazil can go directly to the\u00a0<a href=\"http:\/\/www.justica.gov.br\/central-de-atendimento\/estrangeiros\/entrada\" target=\"_blank\" rel=\"alternate noopener noreferrer\">Ministry of Justice<\/a>. After two years in Brazil, holders of a temporary residence visa can request residence for an indefinite period to the Federal Police.<\/em><\/p>\n<p><em>To find out if you need a visa to travel to Brazil,<a class=\"internal-link\" title=\"\" href=\"https:\/\/www.gov.br\/mre\/pt-br\/assuntos\/portal-consular\/vistos\/quadro-geral-de-regime-de-vistos-para-entrada-de-estrangeiros-no-brasil\" target=\"_self\" rel=\"noopener\" data-tippreview-image=\"\" data-tippreview-title=\"\" data-tippreview-enabled=\"false\">\u00a0click\u00a0<\/a><a class=\"internal-link\" title=\"\" href=\"https:\/\/www.gov.br\/mre\/pt-br\/assuntos\/portal-consular\/vistos\/quadro-geral-de-regime-de-vistos-para-entrada-de-estrangeiros-no-brasil\" target=\"_self\" rel=\"noopener\" data-tippreview-image=\"\" data-tippreview-title=\"\" data-tippreview-enabled=\"false\">here<\/a><a class=\"internal-link\" title=\"\" href=\"https:\/\/www.gov.br\/mre\/pt-br\/assuntos\/portal-consular\/vistos\/quadro-geral-de-regime-de-vistos-para-entrada-de-estrangeiros-no-brasil\" target=\"_self\" rel=\"noopener\" data-tippreview-image=\"\" data-tippreview-title=\"\" data-tippreview-enabled=\"false\">.<\/a><\/em><\/p>\n<p><em>For complete information visit the <a href=\"https:\/\/www.gov.br\/mre\/pt-br\/assuntos\/portal-consular\/vistos\/informacoes-sobre-vistos-para-estrangeiros-viajarem-ao-brasil#Mercosul\">website of the Brazilian Government<\/a>.<\/em><\/p>\n<p>&nbsp;<\/p>\n<p>&nbsp;<\/p>\n<p>&nbsp;<\/p>\n","protected":false},"excerpt":{"rendered":"<p>Voc\u00ea precisa de visto? O Brasil adota uma pol\u00edtica de concess\u00e3o de vistos com base no princ\u00edpio da reciprocidade. Isso significa que nacionais de pa\u00edses que exigem vistos de cidad\u00e3os brasileiros para entrada em seus territ\u00f3rios tamb\u00e9m precisar\u00e3o de visto para viajar ao Brasil. Pela atual legisla\u00e7\u00e3o migrat\u00f3ria brasileira (Lei 13.445\/2017), a isen\u00e7\u00e3o de vistos [&hellip;]<\/p>\n","protected":false},"author":23493,"featured_media":0,"parent":0,"menu_order":0,"comment_status":"closed","ping_status":"closed","template":"","meta":{"footnotes":"","_links_to":"","_links_to_target":""},"class_list":["post-358","page","type-page","status-publish","hentry","entry"],"_links":{"self":[{"href":"https:\/\/sites.usp.br\/dig-gegal2023\/wp-json\/wp\/v2\/pages\/358","targetHints":{"allow":["GET"]}}],"collection":[{"href":"https:\/\/sites.usp.br\/dig-gegal2023\/wp-json\/wp\/v2\/pages"}],"about":[{"href":"https:\/\/sites.usp.br\/dig-gegal2023\/wp-json\/wp\/v2\/types\/page"}],"author":[{"embeddable":true,"href":"https:\/\/sites.usp.br\/dig-gegal2023\/wp-json\/wp\/v2\/users\/23493"}],"replies":[{"embeddable":true,"href":"https:\/\/sites.usp.br\/dig-gegal2023\/wp-json\/wp\/v2\/comments?post=358"}],"version-history":[{"count":3,"href":"https:\/\/sites.usp.br\/dig-gegal2023\/wp-json\/wp\/v2\/pages\/358\/revisions"}],"predecessor-version":[{"id":521,"href":"https:\/\/sites.usp.br\/dig-gegal2023\/wp-json\/wp\/v2\/pages\/358\/revisions\/521"}],"wp:attachment":[{"href":"https:\/\/sites.usp.br\/dig-gegal2023\/wp-json\/wp\/v2\/media?parent=358"}],"curies":[{"name":"wp","href":"https:\/\/api.w.org\/{rel}","templated":true}]}}