{"id":446,"date":"2023-05-01T04:32:17","date_gmt":"2023-05-01T06:32:17","guid":{"rendered":"https:\/\/sites.usp.br\/dig-gegal2023\/?page_id=446"},"modified":"2023-11-27T18:10:38","modified_gmt":"2023-11-27T20:10:38","slug":"submissao-submissions","status":"publish","type":"page","link":"https:\/\/sites.usp.br\/dig-gegal2023\/submissao-submissions\/","title":{"rendered":"Submiss\u00e3o \/ Submissions"},"content":{"rendered":"<h2>Submiss\u00e3o de resumos \/ <em>Abstract submission<\/em><\/h2>\n<p>Convidamos profissionais e estudantes para submiss\u00e3o de resumos para apresenta\u00e7\u00f5es orais e p\u00f4steres em qualquer \u00e1rea da Geoarqueologia. As apresenta\u00e7\u00f5es orais ter\u00e3o dura\u00e7\u00e3o de 15 minutos, com mais 5 minutos para discuss\u00f5es. Para os p\u00f4sters haver\u00e1 uma sess\u00e3o especifica. Ser\u00e1 aceita uma \u00fanica submiss\u00e3o por autor\/a.<\/p>\n<p>O resumo dever\u00e1 ter at\u00e9 200 palavras, tr\u00eas palavras chaves e ser\u00e3o aceitos resumos em Portugu\u00eas, Espanhol e Ingl\u00eas. A submiss\u00e3o dos resumos deve ser realizada atrav\u00e9s do link abaixo. N\u00e3o ser\u00e3o aceitos trabalhos enviados por email.<\/p>\n<p><em>We invite professionals and students to submit abstracts for oral and poster presentations in any area of Geoarchaeology. Oral presentations will last 15 minutes, with 5 minutes for discussions. There will be a special session for posters. Only one submission per author will be accepted.<\/em><\/p>\n<p><em>Abstracts must have up to 200 words, plus three keywords. Abstracts in Portuguese, Spanish, and English will be accepted. Papers sent by email will not be accepted. For submissions, use the link below:<\/em><\/p>\n<h3><a href=\"https:\/\/www.even3.com.br\/10-developing-international-geoarchaeology-conference-318516\/\">Submiss\u00e3o de resumos \/<em>Abstract submission<\/em><\/a><\/h3>\n","protected":false},"excerpt":{"rendered":"<p>Submiss\u00e3o de resumos \/ Abstract submission Convidamos profissionais e estudantes para submiss\u00e3o de resumos para apresenta\u00e7\u00f5es orais e p\u00f4steres em qualquer \u00e1rea da Geoarqueologia. As apresenta\u00e7\u00f5es orais ter\u00e3o dura\u00e7\u00e3o de 15 minutos, com mais 5 minutos para discuss\u00f5es. Para os p\u00f4sters haver\u00e1 uma sess\u00e3o especifica. Ser\u00e1 aceita uma \u00fanica submiss\u00e3o por autor\/a. O resumo dever\u00e1 [&hellip;]<\/p>\n","protected":false},"author":23493,"featured_media":0,"parent":0,"menu_order":0,"comment_status":"closed","ping_status":"closed","template":"","meta":{"footnotes":"","_links_to":"","_links_to_target":""},"class_list":["post-446","page","type-page","status-publish","hentry","entry"],"_links":{"self":[{"href":"https:\/\/sites.usp.br\/dig-gegal2023\/wp-json\/wp\/v2\/pages\/446","targetHints":{"allow":["GET"]}}],"collection":[{"href":"https:\/\/sites.usp.br\/dig-gegal2023\/wp-json\/wp\/v2\/pages"}],"about":[{"href":"https:\/\/sites.usp.br\/dig-gegal2023\/wp-json\/wp\/v2\/types\/page"}],"author":[{"embeddable":true,"href":"https:\/\/sites.usp.br\/dig-gegal2023\/wp-json\/wp\/v2\/users\/23493"}],"replies":[{"embeddable":true,"href":"https:\/\/sites.usp.br\/dig-gegal2023\/wp-json\/wp\/v2\/comments?post=446"}],"version-history":[{"count":4,"href":"https:\/\/sites.usp.br\/dig-gegal2023\/wp-json\/wp\/v2\/pages\/446\/revisions"}],"predecessor-version":[{"id":650,"href":"https:\/\/sites.usp.br\/dig-gegal2023\/wp-json\/wp\/v2\/pages\/446\/revisions\/650"}],"wp:attachment":[{"href":"https:\/\/sites.usp.br\/dig-gegal2023\/wp-json\/wp\/v2\/media?parent=446"}],"curies":[{"name":"wp","href":"https:\/\/api.w.org\/{rel}","templated":true}]}}