{"id":484,"date":"2023-06-26T13:50:03","date_gmt":"2023-06-26T15:50:03","guid":{"rendered":"https:\/\/sites.usp.br\/dig-gegal2023\/?page_id=484"},"modified":"2023-06-26T13:50:03","modified_gmt":"2023-06-26T15:50:03","slug":"resultado-isencao-de-taxa-da-inscricao","status":"publish","type":"page","link":"https:\/\/sites.usp.br\/dig-gegal2023\/resultado-isencao-de-taxa-da-inscricao\/","title":{"rendered":"Resultado isen\u00e7\u00e3o de taxa da inscri\u00e7\u00e3o"},"content":{"rendered":"<table style=\"height: 774px;\" width=\"562\">\n<tbody>\n<tr>\n<td width=\"453\"><strong>Aprovados para isen\u00e7\u00e3o\/desconto da taxa de inscri\u00e7\u00e3o<\/strong><\/td>\n<\/tr>\n<tr>\n<td width=\"453\">Andr\u00e9a Tertuliano De Oliveira<\/td>\n<\/tr>\n<tr>\n<td width=\"453\">Caua Oliveira Lima<\/td>\n<\/tr>\n<tr>\n<td width=\"453\">Dayvison Xavier Da Fonseca Kawamorita Nunes<\/td>\n<\/tr>\n<tr>\n<td width=\"453\">Giovana Gazzana Roso<\/td>\n<\/tr>\n<tr>\n<td width=\"453\">Jhessika Cassandra Medina Fernandes<\/td>\n<\/tr>\n<tr>\n<td width=\"453\">J\u00falia Dallacqua Alves<\/td>\n<\/tr>\n<tr>\n<td width=\"453\">Leandro De Paula Neto<\/td>\n<\/tr>\n<tr>\n<td width=\"453\">Mariana Garcia De Souza<\/td>\n<\/tr>\n<tr>\n<td width=\"453\">Petala Quaresma Zeferino Nascimento<\/td>\n<\/tr>\n<tr>\n<td width=\"453\">Rafaela Maria Da Silva Neves<\/td>\n<\/tr>\n<tr>\n<td width=\"453\">Richard Tomazi<\/td>\n<\/tr>\n<tr>\n<td width=\"453\">Sol Moreno-Roso<\/td>\n<\/tr>\n<tr>\n<td width=\"453\">Ta\u00eds Ketlyn De Souza Santos<\/td>\n<\/tr>\n<tr>\n<td width=\"453\">Thania Alejandra Garc\u00eda Zeferino<\/td>\n<\/tr>\n<\/tbody>\n<\/table>\n<p>&nbsp;<\/p>\n<p>Ser\u00e3o enviados e-mails aos contemplados com orienta\u00e7\u00e3o sobre como realizar a inscri\u00e7\u00e3o no sistema Even3, por favor, aguardem as instru\u00e7\u00f5es.<\/p>\n","protected":false},"excerpt":{"rendered":"<p>Aprovados para isen\u00e7\u00e3o\/desconto da taxa de inscri\u00e7\u00e3o Andr\u00e9a Tertuliano De Oliveira Caua Oliveira Lima Dayvison Xavier Da Fonseca Kawamorita Nunes Giovana Gazzana Roso Jhessika Cassandra Medina Fernandes J\u00falia Dallacqua Alves Leandro De Paula Neto Mariana Garcia De Souza Petala Quaresma Zeferino Nascimento Rafaela Maria Da Silva Neves Richard Tomazi Sol Moreno-Roso Ta\u00eds Ketlyn De Souza [&hellip;]<\/p>\n","protected":false},"author":23493,"featured_media":0,"parent":0,"menu_order":0,"comment_status":"closed","ping_status":"closed","template":"","meta":{"footnotes":"","_links_to":"","_links_to_target":""},"class_list":["post-484","page","type-page","status-publish","hentry","entry"],"_links":{"self":[{"href":"https:\/\/sites.usp.br\/dig-gegal2023\/wp-json\/wp\/v2\/pages\/484","targetHints":{"allow":["GET"]}}],"collection":[{"href":"https:\/\/sites.usp.br\/dig-gegal2023\/wp-json\/wp\/v2\/pages"}],"about":[{"href":"https:\/\/sites.usp.br\/dig-gegal2023\/wp-json\/wp\/v2\/types\/page"}],"author":[{"embeddable":true,"href":"https:\/\/sites.usp.br\/dig-gegal2023\/wp-json\/wp\/v2\/users\/23493"}],"replies":[{"embeddable":true,"href":"https:\/\/sites.usp.br\/dig-gegal2023\/wp-json\/wp\/v2\/comments?post=484"}],"version-history":[{"count":1,"href":"https:\/\/sites.usp.br\/dig-gegal2023\/wp-json\/wp\/v2\/pages\/484\/revisions"}],"predecessor-version":[{"id":485,"href":"https:\/\/sites.usp.br\/dig-gegal2023\/wp-json\/wp\/v2\/pages\/484\/revisions\/485"}],"wp:attachment":[{"href":"https:\/\/sites.usp.br\/dig-gegal2023\/wp-json\/wp\/v2\/media?parent=484"}],"curies":[{"name":"wp","href":"https:\/\/api.w.org\/{rel}","templated":true}]}}