{"id":608,"date":"2023-11-18T17:27:55","date_gmt":"2023-11-18T19:27:55","guid":{"rendered":"https:\/\/sites.usp.br\/dig-gegal2023\/?page_id=608"},"modified":"2023-11-27T18:18:57","modified_gmt":"2023-11-27T20:18:57","slug":"posters","status":"publish","type":"page","link":"https:\/\/sites.usp.br\/dig-gegal2023\/posters\/","title":{"rendered":"Posters"},"content":{"rendered":"<p>Nesta p\u00e1gina, podem ser acessados os arquivos pdf dos posters apresentados durante o evento.<\/p>\n<p><em>In this page, the pdf files of the posters presented during the conference can be accessed.<\/em><\/p>\n<ul>\n<li><span class=\"fontstyle0\">&#8220;Antropossolos brasileiros: um estudo do s\u00edtio \u201cAbrigo do Malhador\u201d no norte de Minas Gerais \u2013 Brasil&#8221;. Autores: Richard Tomazi &amp; Fabio S. Oliveira. [download id=&#8221;631&#8243; template=&#8221;filename&#8221;]<\/span><\/li>\n<li>&#8220;Geoarqueologia aplicada na arqueologia preventiva: inser\u00e7\u00e3o do S\u00edtio Mumbaca no contexto geoarqueol\u00f3gico do munic\u00edpio de Itaituba\/PA&#8221;. Autores\/as: Claudete Radel, Fernanda Elisa Costa Paulino Resende, Udele Ferreira de Souza, Mariana Freitas, Ana Carolina Cavenague Napolitano &amp; \u00canio Nunes. [download id=&#8221;634&#8243; template=&#8221;filename&#8221;]<\/li>\n<li><span class=\"fontstyle0\">&#8220;Spestroscopic studies of common, rare and new minerals in refuges with rock art in S\u00e3o Paulo and Paran\u00e1&#8221;. Autores\/as: Tatiane de Souza &amp; Daniel Atencio. [download id=&#8221;637&#8243; template=&#8221;filename&#8221;]<\/span><\/li>\n<\/ul>\n","protected":false},"excerpt":{"rendered":"<p>Nesta p\u00e1gina, podem ser acessados os arquivos pdf dos posters apresentados durante o evento. In this page, the pdf files of the posters presented during the conference can be accessed. &#8220;Antropossolos brasileiros: um estudo do s\u00edtio \u201cAbrigo do Malhador\u201d no norte de Minas Gerais \u2013 Brasil&#8221;. Autores: Richard Tomazi &amp; Fabio S. Oliveira. [download id=&#8221;631&#8243; [&hellip;]<\/p>\n","protected":false},"author":23466,"featured_media":0,"parent":0,"menu_order":0,"comment_status":"closed","ping_status":"closed","template":"","meta":{"footnotes":"","_links_to":"","_links_to_target":""},"class_list":["post-608","page","type-page","status-publish","hentry","entry"],"_links":{"self":[{"href":"https:\/\/sites.usp.br\/dig-gegal2023\/wp-json\/wp\/v2\/pages\/608","targetHints":{"allow":["GET"]}}],"collection":[{"href":"https:\/\/sites.usp.br\/dig-gegal2023\/wp-json\/wp\/v2\/pages"}],"about":[{"href":"https:\/\/sites.usp.br\/dig-gegal2023\/wp-json\/wp\/v2\/types\/page"}],"author":[{"embeddable":true,"href":"https:\/\/sites.usp.br\/dig-gegal2023\/wp-json\/wp\/v2\/users\/23466"}],"replies":[{"embeddable":true,"href":"https:\/\/sites.usp.br\/dig-gegal2023\/wp-json\/wp\/v2\/comments?post=608"}],"version-history":[{"count":4,"href":"https:\/\/sites.usp.br\/dig-gegal2023\/wp-json\/wp\/v2\/pages\/608\/revisions"}],"predecessor-version":[{"id":656,"href":"https:\/\/sites.usp.br\/dig-gegal2023\/wp-json\/wp\/v2\/pages\/608\/revisions\/656"}],"wp:attachment":[{"href":"https:\/\/sites.usp.br\/dig-gegal2023\/wp-json\/wp\/v2\/media?parent=608"}],"curies":[{"name":"wp","href":"https:\/\/api.w.org\/{rel}","templated":true}]}}