{"id":62,"date":"2014-02-12T11:28:30","date_gmt":"2014-02-12T13:28:30","guid":{"rendered":"http:\/\/sites.usp.br\/dig-gegal2023\/?page_id=62"},"modified":"2023-10-15T18:30:02","modified_gmt":"2023-10-15T20:30:02","slug":"datas-importantes-important-dates","status":"publish","type":"page","link":"https:\/\/sites.usp.br\/dig-gegal2023\/datas-importantes-important-dates\/","title":{"rendered":"Datas importantes \/ Important dates"},"content":{"rendered":"<h2 style=\"text-align: left;\"><b>Datas Importantes \/ <em>Important Dates<\/em><\/b><\/h2>\n<table style=\"height: 630px;\" width=\"724\">\n<tbody>\n<tr>\n<td><span style=\"font-weight: 400;\">Solicita\u00e7\u00f5es de isen\u00e7\u00e3o na taxa de inscri\u00e7\u00e3o &#8211; somente para estudantes da gradua\u00e7\u00e3o\u00a0 \u00a0 \u00a0 \u00a0 \u00a0 \u00a0 \u00a0 <\/span><\/p>\n<p><span style=\"font-family: inherit; font-size: inherit;\"><em>Fee waiver applications for undergraduate students only<\/em><br \/>\n<\/span><\/td>\n<td><span style=\"font-weight: 400;\"><strong>01 &#8211; 25\/06\/2023<\/strong><\/span><\/td>\n<\/tr>\n<tr>\n<td><span style=\"font-weight: 400;\">Resultado de isen\u00e7\u00e3o\u00a0 \u00a0 \u00a0 \u00a0 \u00a0<\/span><\/p>\n<p><em><span style=\"font-weight: 400;\">Exemption result<\/span><\/em><\/td>\n<td><span style=\"font-weight: 400;\">\u00a0<strong>26<\/strong><\/span><span style=\"font-weight: 400;\"><b>\/06\/2023<\/b><\/span><\/td>\n<\/tr>\n<tr>\n<td>Inscri\u00e7\u00e3o com desconto<\/p>\n<p><em>Early bird registration<\/em><\/td>\n<td><strong>01\/05\/2023 &#8211; 30\/06\/2023<\/strong><\/td>\n<\/tr>\n<tr>\n<td>Inscri\u00e7\u00e3o sem desconto e submiss\u00e3o de resumos<\/p>\n<p><em>Regular registration and abstract submission<\/em><\/td>\n<td><strong>01\/07 &#8211; 20\/08\/2023<\/strong><\/td>\n<\/tr>\n<tr>\n<td><span style=\"font-weight: 400;\">Inscri\u00e7\u00e3o como ouvinte<\/span><\/p>\n<p><em><span style=\"font-weight: 400;\">Registration as attendee<\/span><\/em><\/td>\n<td><b>01\/05 a 20\/11\/2023<\/b><\/td>\n<\/tr>\n<tr>\n<td><b>Resultado das Submiss\u00f5es \/Results of abstract submissions<\/b><\/td>\n<td>\u00a0<strong>18\/09\/2023<\/strong><\/td>\n<\/tr>\n<\/tbody>\n<\/table>\n<table style=\"height: 80px;\" width=\"724\">\n<tbody>\n<tr>\n<td width=\"444\"><\/td>\n<td width=\"122\"><span style=\"font-family: inherit; font-size: inherit;\">Em breve \/ <em>Soon<\/em><\/span><\/td>\n<\/tr>\n<\/tbody>\n<\/table>\n<p>&nbsp;<\/p>\n<h2 style=\"text-align: left;\"><b>Taxas de Registro \/ <em>Registration Fees<\/em><\/b><\/h2>\n<table style=\"height: 139px;\" width=\"716\">\n<tbody>\n<tr>\n<td><span style=\"font-weight: 400;\">\u00a0<\/span><\/td>\n<td><strong>Estudantes \/<em> Students<\/em><\/strong><\/td>\n<td style=\"text-align: left;\"><strong>Profissionais \/ <em>Professionals<\/em><\/strong><\/td>\n<\/tr>\n<tr>\n<td><strong>01 &#8211; 30\/06<\/strong><\/td>\n<td><span style=\"font-weight: 400;\">US$ 15,00<\/span><\/td>\n<td><span style=\"font-weight: 400;\">US$ 30,00<\/span><\/td>\n<\/tr>\n<tr>\n<td><\/td>\n<td><\/td>\n<td><\/td>\n<\/tr>\n<tr>\n<td><strong>01-\u00a0 20\/11<\/strong><\/td>\n<td><span style=\"font-weight: 400;\">US$ 25,00<\/span><\/td>\n<td><span style=\"font-weight: 400;\">US$ 50,00<\/span><\/td>\n<\/tr>\n<\/tbody>\n<\/table>\n","protected":false},"excerpt":{"rendered":"<p>Datas Importantes \/ Important Dates Solicita\u00e7\u00f5es de isen\u00e7\u00e3o na taxa de inscri\u00e7\u00e3o &#8211; somente para estudantes da gradua\u00e7\u00e3o\u00a0 \u00a0 \u00a0 \u00a0 \u00a0 \u00a0 \u00a0 Fee waiver applications for undergraduate students only 01 &#8211; 25\/06\/2023 Resultado de isen\u00e7\u00e3o\u00a0 \u00a0 \u00a0 \u00a0 \u00a0 Exemption result \u00a026\/06\/2023 Inscri\u00e7\u00e3o com desconto Early bird registration 01\/05\/2023 &#8211; 30\/06\/2023 Inscri\u00e7\u00e3o sem [&hellip;]<\/p>\n","protected":false},"author":1,"featured_media":0,"parent":0,"menu_order":10,"comment_status":"closed","ping_status":"closed","template":"","meta":{"footnotes":"","_links_to":"","_links_to_target":""},"class_list":["post-62","page","type-page","status-publish","hentry","entry"],"_links":{"self":[{"href":"https:\/\/sites.usp.br\/dig-gegal2023\/wp-json\/wp\/v2\/pages\/62","targetHints":{"allow":["GET"]}}],"collection":[{"href":"https:\/\/sites.usp.br\/dig-gegal2023\/wp-json\/wp\/v2\/pages"}],"about":[{"href":"https:\/\/sites.usp.br\/dig-gegal2023\/wp-json\/wp\/v2\/types\/page"}],"author":[{"embeddable":true,"href":"https:\/\/sites.usp.br\/dig-gegal2023\/wp-json\/wp\/v2\/users\/1"}],"replies":[{"embeddable":true,"href":"https:\/\/sites.usp.br\/dig-gegal2023\/wp-json\/wp\/v2\/comments?post=62"}],"version-history":[{"count":5,"href":"https:\/\/sites.usp.br\/dig-gegal2023\/wp-json\/wp\/v2\/pages\/62\/revisions"}],"predecessor-version":[{"id":559,"href":"https:\/\/sites.usp.br\/dig-gegal2023\/wp-json\/wp\/v2\/pages\/62\/revisions\/559"}],"wp:attachment":[{"href":"https:\/\/sites.usp.br\/dig-gegal2023\/wp-json\/wp\/v2\/media?parent=62"}],"curies":[{"name":"wp","href":"https:\/\/api.w.org\/{rel}","templated":true}]}}