{"id":747,"date":"2024-08-14T10:21:10","date_gmt":"2024-08-14T12:21:10","guid":{"rendered":"https:\/\/sites.usp.br\/dig-gegal2023\/?page_id=747"},"modified":"2024-08-14T10:35:26","modified_gmt":"2024-08-14T12:35:26","slug":"publicacoes","status":"publish","type":"page","link":"https:\/\/sites.usp.br\/dig-gegal2023\/publicacoes\/","title":{"rendered":"Publica\u00e7\u00f5es \/ Publications"},"content":{"rendered":"<div class=\"page\" title=\"Page 1\">\n<div class=\"section\">\n<div class=\"layoutArea\">\n<div class=\"column\">\n<p>Gostar\u00edamos de anunciar o lan\u00e7amento dos dossi\u00eas especiais para publica\u00e7\u00e3o dos trabalhos apresentados no 10 DIG-GEGAL.<\/p>\n<p><strong>Para os\/as autores\/as interessados\/as em enviar trabalhos em portugu\u00eas ou espanhol:<\/strong><\/p>\n<p>Revista do Museu de Arqueologia e Etnologia da Universidade de S\u00e3o Paulo \u201cVis\u00f5es da geoarqueologia na Am\u00e9rica Latina: trabalhos apresentados no 10\u00b0<br \/>\nDIG-GEGAL\u201d<\/p>\n<p>Data limite para submiss\u00e3o de manuscritos: <strong>30\/09\/2024<\/strong><\/p>\n<p>Tipos de manuscritos: artigos que apresentem resultados de pesquisas cient\u00edficas originais, ou desenvolvimento de um m\u00e9todo, revis\u00f5es bibliogr\u00e1ficas<br \/>\nou te\u00f3ricas; notas com resultados preliminares e parciais de pesquisas in\u00e9ditas ou ainda em desenvolvimento; entrevistas feitas com profissionais renomados nas \u00e1reas de Arqueologia, Etnologia e Museologia.<\/p>\n<p>Para submiss\u00e3o clique <a href=\"https:\/\/revistas.usp.br\/revmae\/\">aqui<\/a><\/p>\n<p>Cadastre-se na p\u00e1gina da revista para iniciar a submiss\u00e3o.<br \/>\nClique em \u201csubmiss\u00f5es\u201d, \u201cnova submiss\u00e3o\u201d e selecione o tipo de manuscrito (artigos, resenhas, entrevistas\u2026)<br \/>\nPara vincular a sua submiss\u00e3o ao dossi\u00ea, coloque o t\u00edtulo do dossi\u00ea em \u201cComent\u00e1rios para o editor\u201d.<\/p>\n<p>__________________________<\/p>\n<p><strong>Para os\/as autores\/as interessados\/as em enviar trabalhos em ingl\u00eas:<\/strong><\/p>\n<p>Frontiers in Environmental Archaeology \u201cGeoarchaeological Research in Latin America: Trends and Challenges\u201d<\/p>\n<p>Data limite para submiss\u00e3o de resumos: 31\/08\/2024<br \/>\nData limite para submiss\u00e3o de manuscritos: 31\/12\/2024<\/p>\n<p>Tipos de manuscritos: pesquisa original, revis\u00e3o sistem\u00e1tica, m\u00e9todos,perspectiva ou notas de pesquisa.<\/p>\n<p>Mais informa\u00e7\u00f5es, clique <a href=\"https:\/\/www.frontiersin.org\/journals\/environmental-archaeology\/for-authors\/article-types\">aqui<\/a><\/p>\n<p>Submiss\u00e3o clique <a href=\"https:\/\/www.frontiersin.org\/research-topics\/64121\/geoarchaeological-research-in-latin-america-trends-and-challenges\">aqui<\/a><\/p>\n<p>Haver\u00e1 possibilidade de descontos das taxas de publica\u00e7\u00e3o de at\u00e9 30%. No entanto, sugerimos autores\/as que tamb\u00e9m solicitem os descontos ou isen\u00e7\u00f5es de taxa diretamente pelo Frontiers Fee Support Program clique <a href=\"https:\/\/frontiersin.qualtrics.com\/jfe\/form\/SV_9YqUCmY73k4Gm0u\">aqui<\/a><\/p>\n<p>&nbsp;<\/p>\n<\/div>\n<p><a href=\"https:\/\/sites.usp.br\/dig-gegal2023\/wp-content\/uploads\/sites\/1233\/2024\/08\/Chamada-Publicaoes-FINAL.pdf\">Chamada para publica\u00e7\u00f5es \/ Call for publications<\/a><\/p>\n<\/div>\n<\/div>\n<\/div>\n","protected":false},"excerpt":{"rendered":"<p>Gostar\u00edamos de anunciar o lan\u00e7amento dos dossi\u00eas especiais para publica\u00e7\u00e3o dos trabalhos apresentados no 10 DIG-GEGAL. Para os\/as autores\/as interessados\/as em enviar trabalhos em portugu\u00eas ou espanhol: Revista do Museu de Arqueologia e Etnologia da Universidade de S\u00e3o Paulo \u201cVis\u00f5es da geoarqueologia na Am\u00e9rica Latina: trabalhos apresentados no 10\u00b0 DIG-GEGAL\u201d Data limite para submiss\u00e3o de [&hellip;]<\/p>\n","protected":false},"author":845,"featured_media":0,"parent":0,"menu_order":0,"comment_status":"closed","ping_status":"closed","template":"","meta":{"footnotes":"","_links_to":"","_links_to_target":""},"class_list":["post-747","page","type-page","status-publish","hentry","entry"],"_links":{"self":[{"href":"https:\/\/sites.usp.br\/dig-gegal2023\/wp-json\/wp\/v2\/pages\/747","targetHints":{"allow":["GET"]}}],"collection":[{"href":"https:\/\/sites.usp.br\/dig-gegal2023\/wp-json\/wp\/v2\/pages"}],"about":[{"href":"https:\/\/sites.usp.br\/dig-gegal2023\/wp-json\/wp\/v2\/types\/page"}],"author":[{"embeddable":true,"href":"https:\/\/sites.usp.br\/dig-gegal2023\/wp-json\/wp\/v2\/users\/845"}],"replies":[{"embeddable":true,"href":"https:\/\/sites.usp.br\/dig-gegal2023\/wp-json\/wp\/v2\/comments?post=747"}],"version-history":[{"count":4,"href":"https:\/\/sites.usp.br\/dig-gegal2023\/wp-json\/wp\/v2\/pages\/747\/revisions"}],"predecessor-version":[{"id":762,"href":"https:\/\/sites.usp.br\/dig-gegal2023\/wp-json\/wp\/v2\/pages\/747\/revisions\/762"}],"wp:attachment":[{"href":"https:\/\/sites.usp.br\/dig-gegal2023\/wp-json\/wp\/v2\/media?parent=747"}],"curies":[{"name":"wp","href":"https:\/\/api.w.org\/{rel}","templated":true}]}}