{"id":1799,"date":"2025-09-03T16:16:25","date_gmt":"2025-09-03T19:16:25","guid":{"rendered":"https:\/\/sites.usp.br\/direitoshumanos\/?page_id=1799"},"modified":"2025-09-25T16:41:03","modified_gmt":"2025-09-25T19:41:03","slug":"18-edicao-2022","status":"publish","type":"page","link":"https:\/\/sites.usp.br\/direitoshumanos\/premio-de-direitos-humanos\/18-edicao-2022\/","title":{"rendered":"18\u00b0 Edi\u00e7\u00e3o (2022)"},"content":{"rendered":"<p><strong>Categoria institucional <\/strong><br \/>\n<span style=\"color: #008080;\">Funda\u00e7\u00e3o Oswaldo Cruz &#8211; Fiocruz<\/span><\/p>\n<blockquote><p>Funda\u00e7\u00e3o Oswaldo Cruz &#8211; Fiocruz \u00e9 uma institui\u00e7\u00e3o p\u00fablica brasileira de ci\u00eancia e tecnologia em sa\u00fade, vinculada ao Minist\u00e9rio da Sa\u00fade e criada oficialmente em 1900 como Instituto Soroter\u00e1pico Federal, no Rio de Janeiro. Seu nome homenageia o m\u00e9dico e cientista Oswaldo Cruz, que liderou campanhas de saneamento e combate a epidemias no in\u00edcio do s\u00e9culo XX. A Fiocruz atua em pesquisa, desenvolvimento tecnol\u00f3gico, produ\u00e7\u00e3o de vacinas, medicamentos e diagn\u00f3sticos, al\u00e9m de forma\u00e7\u00e3o de profissionais e assessoria em pol\u00edticas p\u00fablicas de sa\u00fade, sendo um dos principais pilares do Sistema \u00danico de Sa\u00fade (SUS).<\/p>\n<p>Reconhecida internacionalmente, a Fiocruz desempenha papel estrat\u00e9gico em emerg\u00eancias sanit\u00e1rias, como no enfrentamento da febre amarela, da gripe H1N1, do zika v\u00edrus, da COVID-19 e de outras doen\u00e7as tropicais. Com unidades em diversos estados brasileiros, mant\u00e9m coopera\u00e7\u00e3o com institui\u00e7\u00f5es de todo o mundo e \u00e9 refer\u00eancia na promo\u00e7\u00e3o da sa\u00fade p\u00fablica, na inova\u00e7\u00e3o cient\u00edfica e na defesa do acesso universal \u00e0 sa\u00fade.<\/p><\/blockquote>\n<p><strong>Categoria institucional <\/strong><br \/>\n<span style=\"color: #008080;\">Instituto Butant\u00e3<\/span><\/p>\n<blockquote><p>Instituto Butantan \u00e9 um centro de pesquisa biom\u00e9dica e produ\u00e7\u00e3o de imunobiol\u00f3gicos ligado \u00e0 Secretaria de Estado da Sa\u00fade de S\u00e3o Paulo. Fundado em 23 de fevereiro de 1901, o instituto nasceu com a miss\u00e3o de produzir soros e vacinas para combater surtos de peste bub\u00f4nica e outras doen\u00e7as que amea\u00e7avam a popula\u00e7\u00e3o paulista no in\u00edcio do s\u00e9culo XX. Ao longo de sua hist\u00f3ria, tornou-se refer\u00eancia nacional e internacional na produ\u00e7\u00e3o de vacinas, soros antiof\u00eddicos e antivenenos, al\u00e9m de ser um importante polo de pesquisa em imunologia, microbiologia e biotecnologia.<\/p>\n<p>Com ampla estrutura de laborat\u00f3rios, museus e programas educacionais, o Butantan \u00e9 pe\u00e7a-chave nas campanhas de vacina\u00e7\u00e3o brasileiras e parceiro de organismos internacionais em projetos de sa\u00fade global. Durante a pandemia de COVID-19, ganhou destaque por coordenar a produ\u00e7\u00e3o e o envasamento da CoronaVac no Brasil, refor\u00e7ando sua import\u00e2ncia estrat\u00e9gica para o Sistema \u00danico de Sa\u00fade (SUS) e para a inova\u00e7\u00e3o cient\u00edfica no pa\u00eds.<\/p><\/blockquote>\n","protected":false},"excerpt":{"rendered":"<p>Categoria institucional Funda\u00e7\u00e3o Oswaldo Cruz &#8211; Fiocruz Funda\u00e7\u00e3o Oswaldo Cruz &#8211; Fiocruz \u00e9 uma institui\u00e7\u00e3o p\u00fablica brasileira de ci\u00eancia e tecnologia em sa\u00fade, vinculada ao Minist\u00e9rio da Sa\u00fade e criada oficialmente em 1900 como&#46;&#46;&#46;<\/p>\n","protected":false},"author":24756,"featured_media":0,"parent":285,"menu_order":0,"comment_status":"closed","ping_status":"closed","template":"","meta":{"footnotes":"","_links_to":"","_links_to_target":""},"class_list":["post-1799","page","type-page","status-publish","hentry"],"_links":{"self":[{"href":"https:\/\/sites.usp.br\/direitoshumanos\/wp-json\/wp\/v2\/pages\/1799","targetHints":{"allow":["GET"]}}],"collection":[{"href":"https:\/\/sites.usp.br\/direitoshumanos\/wp-json\/wp\/v2\/pages"}],"about":[{"href":"https:\/\/sites.usp.br\/direitoshumanos\/wp-json\/wp\/v2\/types\/page"}],"author":[{"embeddable":true,"href":"https:\/\/sites.usp.br\/direitoshumanos\/wp-json\/wp\/v2\/users\/24756"}],"replies":[{"embeddable":true,"href":"https:\/\/sites.usp.br\/direitoshumanos\/wp-json\/wp\/v2\/comments?post=1799"}],"version-history":[{"count":4,"href":"https:\/\/sites.usp.br\/direitoshumanos\/wp-json\/wp\/v2\/pages\/1799\/revisions"}],"predecessor-version":[{"id":1835,"href":"https:\/\/sites.usp.br\/direitoshumanos\/wp-json\/wp\/v2\/pages\/1799\/revisions\/1835"}],"up":[{"embeddable":true,"href":"https:\/\/sites.usp.br\/direitoshumanos\/wp-json\/wp\/v2\/pages\/285"}],"wp:attachment":[{"href":"https:\/\/sites.usp.br\/direitoshumanos\/wp-json\/wp\/v2\/media?parent=1799"}],"curies":[{"name":"wp","href":"https:\/\/api.w.org\/{rel}","templated":true}]}}