{"id":285,"date":"2015-07-28T11:06:15","date_gmt":"2015-07-28T14:06:15","guid":{"rendered":"http:\/\/sites.usp.br\/direitoshumanos\/?page_id=285"},"modified":"2025-09-03T17:06:43","modified_gmt":"2025-09-03T20:06:43","slug":"premio-de-direitos-humanos","status":"publish","type":"page","link":"https:\/\/sites.usp.br\/direitoshumanos\/premio-de-direitos-humanos\/","title":{"rendered":"Pr\u00eamio USP de Direitos Humanos &#8211; Todas as Edi\u00e7\u00f5es"},"content":{"rendered":"<p><strong><a href=\"https:\/\/sites.usp.br\/direitoshumanos\/premio-de-direitos-humanos\/20-edicao-2024\/\">20\u00b0 Edi\u00e7\u00e3o do Pr\u00eamio USP de Direitos Humanos (2024)<\/a><\/strong><\/p>\n<p>Categoria individual: Kunh\u00e3 Nimbopuru\u00e1<\/p>\n<p>Categoria institucional: Instituto Marielle Franco<\/p>\n<p><a href=\"https:\/\/sites.usp.br\/direitoshumanos\/19-edicao-2023\/\"><strong>19\u00b0 Edi\u00e7\u00e3o do Pr\u00eamio USP de Direitos Humanos (2023)<\/strong><\/a><\/p>\n<p>Categoria individual: Prof. Jos\u00e9 Gregori<\/p>\n<p><a href=\"https:\/\/sites.usp.br\/direitoshumanos\/18-edicao-2022\/\"><strong>18\u00b0 Edi\u00e7\u00e3o do Pr\u00eamio USP de Direitos Humanos (2022)<\/strong><\/a><\/p>\n<p>Categoria institucional: Funda\u00e7\u00e3o Oswaldo Cruz<\/p>\n<p>Categoria institucional: Instituto Butant\u00e3<\/p>\n<p><strong><a href=\"https:\/\/sites.usp.br\/direitoshumanos\/premio-de-direitos-humanos\/17-edicao-2020\/\">17\u00b0 Edi\u00e7\u00e3o do Pr\u00eamio USP de Direitos Humanos (2020)<\/a><\/strong><\/p>\n<p>Categoria individual: J\u00falio Lancellotti<\/p>\n<p>Categoria institucional: Instituto Gel\u00e9des<\/p>\n<p><strong><a href=\"http:\/\/sites.usp.br\/direitoshumanos\/17%e2%81%b0-edicao-2017\/\">16\u00b0 Pr\u00eamio USP de Direitos Humanos (2019)<\/a><\/strong><\/p>\n<p>Categoria individual: Profa. Dra. Eva Blay<\/p>\n<p>Categoria institucional: Faculdade Zumbis dos Palmares<\/p>\n<p><a href=\"https:\/\/sites.usp.br\/direitoshumanos\/?page_id=1766&amp;preview=true\"><strong>15\u00b0 Edi\u00e7\u00e3o do Pr\u00eamio USP de Direitos Humanos(2018)<\/strong><\/a><\/p>\n<p>Categoria individual: Prof. Kabengele Munanga<\/p>\n<p><strong><a href=\"http:\/\/sites.usp.br\/direitoshumanos\/?p=408\">14\u00b0 Edi\u00e7\u00e3o do Pr\u00eamio USP de Direitos Humanos (2016)<\/a><\/strong><\/p>\n<p>Categoria individual: Dr. Drauzio Varella<\/p>\n<p><strong><a href=\"http:\/\/sites.usp.br\/direitoshumanos\/?p=660\">13\u00b0 Edi\u00e7\u00e3o do Pr\u00eamio USP de Direitos Humanos (2014)<\/a><\/strong><\/p>\n<p>Categoria individual: Prof. Paulo S\u00e9rgio Pinheiro<\/p>\n<p><a href=\"http:\/\/sites.usp.br\/direitoshumanos\/12a-edicao\"><strong>12\u00b0 Edi\u00e7\u00e3o do Pr\u00eamio USP de Direitos Humanos (2012)<\/strong><\/a><\/p>\n<p>Categoria individual: Aracy de Carvalo Guimar\u00e3es Rosa e Sabine Lovatelli<\/p>\n<p>Categoria institucional: Mozarteum Brasileiro<\/p>\n<p><strong><a href=\"http:\/\/sites.usp.br\/direitoshumanos\/11a-edicao-2011\">11\u00b0 Edi\u00e7\u00e3o do Pr\u00eamio USP de Direitos Humanos (2010)<\/a><\/strong><\/p>\n<p>Categoria individual: Dorina Nowill<\/p>\n<p><strong><a href=\"http:\/\/sites.usp.br\/direitoshumanos\/10a-edicao\/\">10\u00b0 Edi\u00e7\u00e3o do Pr\u00eamio USP de Direitos Humanos (2009)<\/a><\/strong><\/p>\n<p>Categoria individual: Abdias do Nascimento<\/p>\n<p>Categoria institucional: Caminhada pela Paz<\/p>\n<p><strong><a href=\"http:\/\/sites.usp.br\/direitoshumanos\/8-edicao-2008\/\">9\u00b0 Edi\u00e7\u00e3o do\u00a0 Pr\u00eamio USP de Direitos Humanos (2008)<\/a><\/strong><\/p>\n<p>Categoria individual: Ant\u00f4nio Augusto Can\u00e7ado Trindade<\/p>\n<p>Categoria institucional: Conselho Indigenista Mission\u00e1rio &#8211; CIMI<\/p>\n<p><strong><a href=\"http:\/\/sites.usp.br\/direitoshumanos\/7-edicao-2007\/\">8\u00b0 Edi\u00e7\u00e3o do Pr\u00eamio USP de Direitos Humanos (2007)<\/a><\/strong><\/p>\n<p>Categoria individual: Dom Paulo Evaristo Arns<\/p>\n<p>Categoria institucional: Corpo de Bombeiros da Pol\u00edcia Militar do Estado de S\u00e3o Paulo<\/p>\n<p><strong><a href=\"http:\/\/sites.usp.br\/direitoshumanos\/7a-edicao-2006\">7\u00b0 Edi\u00e7\u00e3o do Pr\u00eamio USP de Direitos Humanos (2006)<\/a><\/strong><\/p>\n<p>Categoria individual: Maria da Concei\u00e7\u00e3o Andrade Paganele Santos<\/p>\n<p>Categoria institucional: Sociedade Paraense de Defesa dos Direitos Humanos<\/p>\n<p><strong><a href=\"http:\/\/sites.usp.br\/direitoshumanos\/6a-edicao\">6\u00b0 Edi\u00e7\u00e3o do Pr\u00eamio USP de Direitos Humanos (2005)<\/a><\/strong><\/p>\n<p>Categoria individual: Padre Jaime Crowe<\/p>\n<p>Categoria institucional: Organiza\u00e7\u00e3o VIVA RIO<\/p>\n<p><strong><a href=\"http:\/\/sites.usp.br\/direitoshumanos\/5-edicao\/\">5\u00b0 Edi\u00e7\u00e3o do Pr\u00eamio USP de Direitos Humanos (2004)<\/a><\/strong><\/p>\n<p>Categoria individual: Padre Bruno Sechi<\/p>\n<p>Categoria institucional: Funda\u00e7\u00e3o Gol de Letra<\/p>\n<p><strong><a href=\"http:\/\/sites.usp.br\/direitoshumanos\/4-edicao\/\">4\u00b0 Edi\u00e7\u00e3o do Pr\u00eamio USP de Direitos Humanos (2003)<\/a><\/strong><\/p>\n<p>Categoria individual: Padre Ricardo Rezende Figueira<\/p>\n<p>Categoria institucional: Grupo Tortura Nunca Mais &#8211; RJ<\/p>\n<p><strong><a href=\"http:\/\/sites.usp.br\/direitoshumanos\/?p=655\">3\u00b0 Edi\u00e7\u00e3o do Pr\u00eamio USP de Direitos Humanos (2002)<\/a><\/strong><\/p>\n<p>Categoria individual: Margarida Genevois<\/p>\n<p>Categoria institucional: Rede DHNET &#8211; Rede de Direitos Humanos<\/p>\n<p><strong><a href=\"http:\/\/sites.usp.br\/direitoshumanos\/?p=653\">2\u00b0 Edi\u00e7\u00e3o do Pr\u00eamio USP de Direitos Humanos (2001)<\/a><\/strong><\/p>\n<p>Categoria individual: Ana Rita de Paula<\/p>\n<p>Categoria institucional : Servi\u00e7o Pastoral dos Migrantes<\/p>\n<p><strong><a href=\"http:\/\/sites.usp.br\/direitoshumanos\/?p=556\">1\u00b0 Edi\u00e7\u00e3o do Pr\u00eamio USP de Direitos Humanos (2000)<\/a><\/strong><\/p>\n<p>Categoria individual: Zilda Arns Neumann<\/p>\n<p>Categoria institucional: Themis &#8211; Assessoria Jur\u00eddica e Estudos de G\u00eanero<\/p>\n<p>&nbsp;<\/p>\n<p>&nbsp;<\/p>\n","protected":false},"excerpt":{"rendered":"<p>20\u00b0 Edi\u00e7\u00e3o do Pr\u00eamio USP de Direitos Humanos (2024) Categoria individual: Kunh\u00e3 Nimbopuru\u00e1 Categoria institucional: Instituto Marielle Franco 19\u00b0 Edi\u00e7\u00e3o do Pr\u00eamio USP de Direitos Humanos (2023) Categoria individual: Prof. Jos\u00e9 Gregori 18\u00b0 Edi\u00e7\u00e3o&#46;&#46;&#46;<\/p>\n","protected":false},"author":13,"featured_media":0,"parent":0,"menu_order":0,"comment_status":"closed","ping_status":"closed","template":"","meta":{"footnotes":"","_links_to":"","_links_to_target":""},"class_list":["post-285","page","type-page","status-publish","hentry"],"_links":{"self":[{"href":"https:\/\/sites.usp.br\/direitoshumanos\/wp-json\/wp\/v2\/pages\/285","targetHints":{"allow":["GET"]}}],"collection":[{"href":"https:\/\/sites.usp.br\/direitoshumanos\/wp-json\/wp\/v2\/pages"}],"about":[{"href":"https:\/\/sites.usp.br\/direitoshumanos\/wp-json\/wp\/v2\/types\/page"}],"author":[{"embeddable":true,"href":"https:\/\/sites.usp.br\/direitoshumanos\/wp-json\/wp\/v2\/users\/13"}],"replies":[{"embeddable":true,"href":"https:\/\/sites.usp.br\/direitoshumanos\/wp-json\/wp\/v2\/comments?post=285"}],"version-history":[{"count":6,"href":"https:\/\/sites.usp.br\/direitoshumanos\/wp-json\/wp\/v2\/pages\/285\/revisions"}],"predecessor-version":[{"id":1819,"href":"https:\/\/sites.usp.br\/direitoshumanos\/wp-json\/wp\/v2\/pages\/285\/revisions\/1819"}],"wp:attachment":[{"href":"https:\/\/sites.usp.br\/direitoshumanos\/wp-json\/wp\/v2\/media?parent=285"}],"curies":[{"name":"wp","href":"https:\/\/api.w.org\/{rel}","templated":true}]}}