{"id":305,"date":"2015-07-28T11:32:49","date_gmt":"2015-07-28T14:32:49","guid":{"rendered":"http:\/\/sites.usp.br\/direitoshumanos\/?page_id=305"},"modified":"2021-04-16T13:07:56","modified_gmt":"2021-04-16T16:07:56","slug":"sistema-marte","status":"publish","type":"page","link":"https:\/\/sites.usp.br\/direitoshumanos\/sistema-marte\/","title":{"rendered":"Links importantes"},"content":{"rendered":"<p style=\"text-align: left;\"><a href=\"http:\/\/sites.usp.br\/direitoshumanos\/wp-content\/uploads\/sites\/69\/2015\/07\/NUCLEODIREITOS.png\"><img loading=\"lazy\" decoding=\"async\" class=\"alignnone wp-image-626\" src=\"http:\/\/sites.usp.br\/direitoshumanos\/wp-content\/uploads\/sites\/69\/2015\/07\/NUCLEODIREITOS.png\" alt=\"NUCLEODIREITOS\" width=\"78\" height=\"81\" \/><\/a>\u00a0<a href=\"http:\/\/prceu.usp.br\/nucleodosdireitos\/\">N\u00facleo dos Direitos da USP<\/a><\/p>\n<p><img loading=\"lazy\" decoding=\"async\" class=\"\" src=\"http:\/\/sites.usp.br\/uspmulheres\/wp-content\/uploads\/sites\/145\/2016\/07\/13432446_206879016377256_2091262617072495185_n3-150x150.png\" alt=\"Resultado de imagem para USP MULHERES\" width=\"114\" height=\"114\" \/>\u00a0<a href=\"http:\/\/sites.usp.br\/uspmulheres\/\">USP Mulheres<\/a><\/p>\n<p><img loading=\"lazy\" decoding=\"async\" class=\"\" src=\"http:\/\/www.esalq.usp.br\/pclq\/logoUSP.jpg\" alt=\"Resultado de imagem para ouvidoria usp\" width=\"124\" height=\"55\" \/><a href=\"http:\/\/sites.usp.br\/ouvidoria\/\">\u00a0Ouvidoria Geral da USP<\/a><\/p>\n<p><a href=\"http:\/\/sites.usp.br\/direitoshumanos\/wp-content\/uploads\/sites\/69\/2015\/07\/NEV.png\"><img loading=\"lazy\" decoding=\"async\" class=\"alignnone size-full wp-image-649\" src=\"http:\/\/sites.usp.br\/direitoshumanos\/wp-content\/uploads\/sites\/69\/2015\/07\/NEV.png\" alt=\"NEV\" width=\"86\" height=\"88\" srcset=\"https:\/\/sites.usp.br\/direitoshumanos\/wp-content\/uploads\/sites\/69\/2015\/07\/NEV.png 86w, https:\/\/sites.usp.br\/direitoshumanos\/wp-content\/uploads\/sites\/69\/2015\/07\/NEV-45x45.png 45w\" sizes=\"auto, (max-width: 86px) 100vw, 86px\" \/><\/a>\u00a0<a href=\"http:\/\/nevusp.org\/\">N\u00facleo de Estudos da Viol\u00eancia\u00a0<\/a><\/p>\n<p><img loading=\"lazy\" decoding=\"async\" class=\"\" src=\"http:\/\/www.ccrp.usp.br\/pages\/seguranca\/imgs\/logo_guarda.gif\" alt=\"Imagem relacionada\" width=\"80\" height=\"85\" \/>\u00a0<a href=\"http:\/\/www.sppu.usp.br\/\">Superintend\u00eancia de Prote\u00e7\u00e3o e Preven\u00e7\u00e3o Universit\u00e1ria<\/a><\/p>\n<p>&nbsp;<\/p>\n<p><a href=\"http:\/\/sites.usp.br\/direitoshumanos\/wp-content\/uploads\/sites\/69\/2015\/07\/usp.png\"><img loading=\"lazy\" decoding=\"async\" class=\"alignnone size-full wp-image-674\" src=\"http:\/\/sites.usp.br\/direitoshumanos\/wp-content\/uploads\/sites\/69\/2015\/07\/usp.png\" alt=\"usp\" width=\"109\" height=\"97\" \/><\/a>\u00a0<a href=\"http:\/\/www.usp.br\/secretaria\/?p=2710\">Comiss\u00e3o de \u00c9tica da USP<\/a><\/p>\n<p>&nbsp;<\/p>\n<p><a href=\"http:\/\/sites.usp.br\/direitoshumanos\/wp-content\/uploads\/sites\/69\/2017\/04\/regime.png\"><img loading=\"lazy\" decoding=\"async\" class=\"alignnone wp-image-678\" src=\"http:\/\/sites.usp.br\/direitoshumanos\/wp-content\/uploads\/sites\/69\/2017\/04\/regime-300x122.png\" alt=\"regime\" width=\"211\" height=\"86\" srcset=\"https:\/\/sites.usp.br\/direitoshumanos\/wp-content\/uploads\/sites\/69\/2017\/04\/regime-300x122.png 300w, https:\/\/sites.usp.br\/direitoshumanos\/wp-content\/uploads\/sites\/69\/2017\/04\/regime-400x163.png 400w, https:\/\/sites.usp.br\/direitoshumanos\/wp-content\/uploads\/sites\/69\/2017\/04\/regime.png 415w\" sizes=\"auto, (max-width: 211px) 100vw, 211px\" \/><\/a>\u00a0<a href=\"http:\/\/sites.usp.br\/direitoshumanos\/regime-disciplinar-manual-de-esclarecimento\/\">Regime Disciplinar (simplificado)<\/a><\/p>\n<p><a href=\"http:\/\/sites.usp.br\/direitoshumanos\/wp-content\/uploads\/sites\/69\/2015\/07\/usp.png\"><img loading=\"lazy\" decoding=\"async\" class=\"alignnone size-full wp-image-674\" src=\"http:\/\/sites.usp.br\/direitoshumanos\/wp-content\/uploads\/sites\/69\/2015\/07\/usp.png\" alt=\"usp\" width=\"109\" height=\"97\" \/><\/a>\u00a0 <a href=\"http:\/\/www.pgusp.usp.br\/\">Procuradoria Geral da USP<\/a><\/p>\n<p>&nbsp;<\/p>\n<p>&nbsp;<\/p>\n","protected":false},"excerpt":{"rendered":"<p>\u00a0N\u00facleo dos Direitos da USP \u00a0USP Mulheres \u00a0Ouvidoria Geral da USP \u00a0N\u00facleo de Estudos da Viol\u00eancia\u00a0 \u00a0Superintend\u00eancia de Prote\u00e7\u00e3o e Preven\u00e7\u00e3o Universit\u00e1ria &nbsp; \u00a0Comiss\u00e3o de \u00c9tica da USP &nbsp; \u00a0Regime Disciplinar (simplificado) \u00a0 Procuradoria&#46;&#46;&#46;<\/p>\n","protected":false},"author":13,"featured_media":0,"parent":0,"menu_order":2,"comment_status":"closed","ping_status":"closed","template":"page-templates\/child-menu.php","meta":{"footnotes":"","_links_to":"","_links_to_target":""},"class_list":["post-305","page","type-page","status-publish","hentry"],"_links":{"self":[{"href":"https:\/\/sites.usp.br\/direitoshumanos\/wp-json\/wp\/v2\/pages\/305","targetHints":{"allow":["GET"]}}],"collection":[{"href":"https:\/\/sites.usp.br\/direitoshumanos\/wp-json\/wp\/v2\/pages"}],"about":[{"href":"https:\/\/sites.usp.br\/direitoshumanos\/wp-json\/wp\/v2\/types\/page"}],"author":[{"embeddable":true,"href":"https:\/\/sites.usp.br\/direitoshumanos\/wp-json\/wp\/v2\/users\/13"}],"replies":[{"embeddable":true,"href":"https:\/\/sites.usp.br\/direitoshumanos\/wp-json\/wp\/v2\/comments?post=305"}],"version-history":[{"count":6,"href":"https:\/\/sites.usp.br\/direitoshumanos\/wp-json\/wp\/v2\/pages\/305\/revisions"}],"predecessor-version":[{"id":1225,"href":"https:\/\/sites.usp.br\/direitoshumanos\/wp-json\/wp\/v2\/pages\/305\/revisions\/1225"}],"wp:attachment":[{"href":"https:\/\/sites.usp.br\/direitoshumanos\/wp-json\/wp\/v2\/media?parent=305"}],"curies":[{"name":"wp","href":"https:\/\/api.w.org\/{rel}","templated":true}]}}