{"id":376,"date":"2015-11-05T16:32:35","date_gmt":"2015-11-05T18:32:35","guid":{"rendered":"http:\/\/sites.usp.br\/direitoshumanos\/?page_id=376"},"modified":"2025-09-03T14:28:19","modified_gmt":"2025-09-03T17:28:19","slug":"6a-edicao","status":"publish","type":"page","link":"https:\/\/sites.usp.br\/direitoshumanos\/premio-de-direitos-humanos\/6a-edicao\/","title":{"rendered":"6\u00aa. Edi\u00e7\u00e3o (2005)"},"content":{"rendered":"<p><strong>Categoria Individual<\/strong><\/p>\n<p><span style=\"color: #008080\">\u00a0 Padre Jaime Crowe<\/span><\/p>\n<blockquote><p>\u00a0\u00a0\u00a0 Um dos fundadores da Sociedade Santos M\u00e1rtires e mentor do F\u00f3rum em Defesa da Vida do Jardim \u00c2ngela, at\u00e9 recentemente o bairro mais violento da regi\u00e3o sul do munic\u00edpio de S\u00e3o Paulo. \u00c9 importante notar que as atividades desenvolvidas pelo Padre Jaime Crowe constituem um referente luminoso para a luta em favor da inclus\u00e3o social e da melhoria da qualidade de vida nos bairros de popula\u00e7\u00e3o mais carente.<\/p>\n<p>Padre Jaime Crowe \u00e9 o aglutinador de movimentos sociais que procuram reduzir a viol\u00eancia, prevenir as viola\u00e7\u00f5es dos direitos humanos e promover solu\u00e7\u00e3o pac\u00edfica dos conflitos. Utilizou para tanto recursos procedentes do setor p\u00fablico e do setor privado, em projetos de seguran\u00e7a p\u00fablica e de redes de prote\u00e7\u00e3o \u00e0s popula\u00e7\u00f5es mais expostas, especialmente crian\u00e7as e adolescentes.<\/p>\n<p>As recentes estat\u00edsticas, divulgadas oficialmente pelo poder p\u00fablico, confirmam o \u00eaxito de suas lutas e iniciativas.<\/p><\/blockquote>\n<p>&nbsp;<\/p>\n<p>&nbsp;<\/p>\n<p><strong>Categoria Institucional<\/strong><\/p>\n<p><span style=\"color: #008080\">Organiza\u00e7\u00e3o\u201cVIVA RIO\u201d<\/span><\/p>\n<blockquote><p>\u00a0\u00a0\u00a0 Criada em 1993, \u00e9 uma organiza\u00e7\u00e3o n\u00e3o-governamental, sem fins lucrativos e apartid\u00e1ria que promove a participa\u00e7\u00e3o de indiv\u00edduos, associa\u00e7\u00f5es e empresas na constru\u00e7\u00e3o de uma sociedade mais justa e democr\u00e1tica.<\/p>\n<p><span style=\"color: #3366ff\"><a style=\"color: #3366ff\" href=\"http:\/\/vivario.org.br\/\">Viva Rio<\/a><\/span> surge como resposta cidad\u00e3 ao assassinato de oito meninos junto \u00e0 Igreja da Candel\u00e1ria e \u00e0 Chacina de 21 pessoas em Vig\u00e1rio Geral.<\/p>\n<p>Com o apoio da popula\u00e7\u00e3o, a organiza\u00e7\u00e3o promove e implementa campanhas de paz e projetos de inclus\u00e3o social relacionados com direitos humanos e seguran\u00e7a p\u00fablica; desenvolvimento comunit\u00e1rio; educa\u00e7\u00e3o; esportes e meio ambiente.<\/p>\n<p>Viva Rio est\u00e1 presente em cerca de 350 favelas e comunidades de baixa renda da regi\u00e3o Metropolitana do Rio de Janeiro, atrav\u00e9s de parcerias com entidades locais e com o apoio de entidades nacionais e internacionais. A organiza\u00e7\u00e3o concentra suas atividades na popula\u00e7\u00e3o jovem, mais vulner\u00e1vel \u00e0s injusti\u00e7as e \u00e0 viol\u00eancia.<\/p>\n<p>Viva Rio se destaca como exemplo de organiza\u00e7\u00e3o n\u00e3o-governamental que promove o fortalecimento da sociedade civil, condi\u00e7\u00e3o necess\u00e1ria ao processo de supera\u00e7\u00e3o dos graves problemas sociais que afetam o pa\u00eds.<\/p>\n<p>&nbsp;<\/p><\/blockquote>\n<p><strong>Men\u00e7\u00f5es Honrosas:<\/strong><\/p>\n<p><strong>Categoria Institucional<\/strong><\/p>\n<p><span style=\"color: #008080\">P\u00f3lo Unama de Liberdade Assistida<\/span> &#8211; <em><strong>Universidade da Amazonia &#8211; Bel\u00e9m \/ PA<\/strong><\/em><\/p>\n<p>Visa a viabiliza\u00e7\u00e3o de um espa\u00e7o para o cumprimento da medida s\u00f3cio \u2013 educativa da Liberdade Assistida para jovens infratores, preceituada no ECA \u2013 Estatuto da Crian\u00e7a e do Adolescente.<\/p>\n<p><span style=\"color: #008080\">Doutores da Alegria<\/span> &#8211; <em><strong>Arte, Forma\u00e7\u00e3o e Desenvolvimento &#8211; S\u00e3o Paulo \/ SP<\/strong><\/em><\/p>\n<p>Nossa miss\u00e3o \u00e9 ser uma organiza\u00e7\u00e3o proeminentemente dedicada a levar alegria a crian\u00e7as hospitalizadas, seus pais e profissionais de sa\u00fade, atrav\u00e9s da arte do palha\u00e7o, nutrindo esta forma de express\u00e3o como meio de enriquecimento da experi\u00eancia humana.<\/p>\n<p>Somos uma organiza\u00e7\u00e3o da sociedade civil sem fins lucrativos que realiza cerca de 50 mil visitas por ano a crian\u00e7as internadas em hospitais de S\u00e3o Paulo, Rio de Janeiro e Recife.<\/p>\n<p>Em S\u00e3o Paulo estamos em 5 hospitais, temos um elenco de 28 palha\u00e7os, 6 deles em fun\u00e7\u00f5es de coordena\u00e7\u00e3o e pedag\u00f3gicas; alguns volta-e-meia saem mundo afora em trabalhos ou estudos pessoais e voltam ainda mais afiados. Nos bastidores est\u00e3o 13 profissionais das \u00e1reas financeira, administrativa, acad\u00eamica, de marketing, comunica\u00e7\u00e3o e servi\u00e7os gerais, al\u00e9m dos palha\u00e7os-coordenadores e de cerca de 10 colaboradores volunt\u00e1rios em diversas \u00e1reas.<\/p>\n","protected":false},"excerpt":{"rendered":"<p>Categoria Individual \u00a0 Padre Jaime Crowe \u00a0\u00a0\u00a0 Um dos fundadores da Sociedade Santos M\u00e1rtires e mentor do F\u00f3rum em Defesa da Vida do Jardim \u00c2ngela, at\u00e9 recentemente o bairro mais violento da regi\u00e3o sul&#46;&#46;&#46;<\/p>\n","protected":false},"author":153,"featured_media":0,"parent":285,"menu_order":0,"comment_status":"closed","ping_status":"closed","template":"","meta":{"footnotes":"","_links_to":"","_links_to_target":""},"class_list":["post-376","page","type-page","status-publish","hentry"],"_links":{"self":[{"href":"https:\/\/sites.usp.br\/direitoshumanos\/wp-json\/wp\/v2\/pages\/376","targetHints":{"allow":["GET"]}}],"collection":[{"href":"https:\/\/sites.usp.br\/direitoshumanos\/wp-json\/wp\/v2\/pages"}],"about":[{"href":"https:\/\/sites.usp.br\/direitoshumanos\/wp-json\/wp\/v2\/types\/page"}],"author":[{"embeddable":true,"href":"https:\/\/sites.usp.br\/direitoshumanos\/wp-json\/wp\/v2\/users\/153"}],"replies":[{"embeddable":true,"href":"https:\/\/sites.usp.br\/direitoshumanos\/wp-json\/wp\/v2\/comments?post=376"}],"version-history":[{"count":3,"href":"https:\/\/sites.usp.br\/direitoshumanos\/wp-json\/wp\/v2\/pages\/376\/revisions"}],"predecessor-version":[{"id":1214,"href":"https:\/\/sites.usp.br\/direitoshumanos\/wp-json\/wp\/v2\/pages\/376\/revisions\/1214"}],"up":[{"embeddable":true,"href":"https:\/\/sites.usp.br\/direitoshumanos\/wp-json\/wp\/v2\/pages\/285"}],"wp:attachment":[{"href":"https:\/\/sites.usp.br\/direitoshumanos\/wp-json\/wp\/v2\/media?parent=376"}],"curies":[{"name":"wp","href":"https:\/\/api.w.org\/{rel}","templated":true}]}}