{"id":802,"date":"2017-09-21T09:19:56","date_gmt":"2017-09-21T12:19:56","guid":{"rendered":"http:\/\/sites.usp.br\/direitoshumanos\/?page_id=802"},"modified":"2021-04-16T11:59:10","modified_gmt":"2021-04-16T14:59:10","slug":"subcomissoes","status":"publish","type":"page","link":"https:\/\/sites.usp.br\/direitoshumanos\/subcomissoes\/","title":{"rendered":"Subcomiss\u00f5es"},"content":{"rendered":"<table>\n<tbody>\n<tr class=\"alt\">\n<td width=\"181\"><strong>UNIDADE<\/strong><\/td>\n<td width=\"179\"><strong>SUBCOMISS\u00c3O<\/strong><\/td>\n<td width=\"221\"><strong>E-MAIL DE CONTATO<\/strong><\/td>\n<\/tr>\n<tr>\n<td width=\"181\">Escola de Artes, Ci\u00eancias e Humanidades (EACH)<\/td>\n<td width=\"179\">Comiss\u00e3o de Defesa da Diversidade, Direitos Humanos e Democracia<\/td>\n<td width=\"221\"><a>direitoshumanos-each@usp.br<\/a><\/td>\n<\/tr>\n<tr>\n<td width=\"181\">Escola de Comunica\u00e7\u00e3o e Artes (ECA)<\/td>\n<td width=\"179\">Comiss\u00e3o de Direitos Humanos<\/td>\n<td width=\"221\">cdh.eca@usp.br<\/td>\n<\/tr>\n<tr class=\"alt\">\n<td width=\"181\">Escola de Educa\u00e7\u00e3o F\u00edsica e Esporte (EEFE)<\/td>\n<td width=\"179\">N\u00facleo de Direitos Humanos<\/td>\n<td width=\"221\"><a>ndheefe@usp.br<\/a><\/td>\n<\/tr>\n<tr>\n<td width=\"181\">Faculdade de Arquitetura e Urbanismo (FAU)<\/td>\n<td width=\"179\">Comiss\u00e3o de Direitos Humanos<\/td>\n<td width=\"221\"><a>admfau@usp.br<\/a><\/td>\n<\/tr>\n<tr class=\"alt\">\n<td width=\"181\">Faculdade de Ci\u00eancias Farmac\u00eauticas (FCF)<\/td>\n<td width=\"179\">N\u00facleo de Direitos Humanos<\/td>\n<td width=\"221\"><a>nucleodireitoshumanosfcf@usp.br<\/a><\/td>\n<\/tr>\n<tr>\n<td width=\"181\">Faculdade de Filosofia, Letras e Ci\u00eancias Humanas (FFLCH)<\/td>\n<td width=\"179\">Comiss\u00e3o de Defesa dos Direitos Humanos<\/td>\n<td width=\"221\"><a>cddhfflch@usp.br<\/a><\/td>\n<\/tr>\n<tr class=\"alt\">\n<td width=\"181\">Faculdade de Medicina Veterin\u00e1ria e Zootecnia (FMVZ)<\/td>\n<td width=\"179\">N\u00facleo de Direitos Humanos<\/td>\n<td width=\"221\"><a>direitoshumanosfmvz@usp.br<\/a><\/td>\n<\/tr>\n<tr>\n<td width=\"181\">Faculdade de Odontologia (FO)<\/td>\n<td width=\"179\">Comiss\u00e3o de Direitos Humanos<\/td>\n<td width=\"221\"><a>direitoshumanosfo@usp.br<\/a><\/td>\n<\/tr>\n<tr class=\"alt\">\n<td width=\"181\">Instituto de Astronomia, Geof\u00edsica e Ci\u00eancias Atmosf\u00e9ricas (IAG)<\/td>\n<td width=\"179\">Comiss\u00e3o de Defesa da Diversidade, dos Direitos Humanos e Democracia<\/td>\n<td width=\"221\"><a>direitoshumanos@iag.usp.br<\/a><\/td>\n<\/tr>\n<tr class=\"alt\">\n<td width=\"181\">Instituto de F\u00edsica (IF)<\/td>\n<td width=\"179\">Comiss\u00e3o de Direitos Humanos<\/td>\n<td width=\"221\"><a>carla@if.usp.br<\/a><\/td>\n<\/tr>\n<tr>\n<td width=\"181\">Instituto de Geoci\u00eancias (IGc)<\/td>\n<td width=\"179\">Comiss\u00e3o de Direitos Humanos<\/td>\n<td width=\"221\"><a>adrianaalves@usp.br<\/a><\/td>\n<\/tr>\n<tr class=\"alt\">\n<td width=\"181\">Instituto de Matem\u00e1tica e Estat\u00edstica (IME)<\/td>\n<td width=\"179\">Comiss\u00e3o de Acolhimento da Mulher<\/td>\n<td width=\"221\"><a href=\"mailto:majo@ime.usp.br\">majo@ime.usp.br<\/a><\/td>\n<\/tr>\n<tr>\n<td width=\"181\">Instituto de Medicina Tropical (IMT)<\/td>\n<td width=\"179\">Comiss\u00e3o de Prote\u00e7\u00e3o e Apoio \u00e0s Mulheres do IMT<\/td>\n<td width=\"221\"><a href=\"mailto:sabinoec@usp.br\">sabinoec@usp.br<\/a><\/td>\n<\/tr>\n<tr>\n<td width=\"181\">Instituto de Qu\u00edmica (IQ)<\/td>\n<td width=\"179\">Comiss\u00e3o de \u00c9tica e Direitos Humanos<\/td>\n<td width=\"221\"><a href=\"mailto:direitos@iq.usp.br\">direitos@iq.usp.br<\/a><\/td>\n<\/tr>\n<tr class=\"alt\">\n<td width=\"181\">Faculdade de Odontologia de Bauru (FOB)<\/td>\n<td width=\"179\">Comiss\u00e3o para Apurar e Acompanhar Relatos de Discrimina\u00e7\u00e3o, Ass\u00e9dio e Viol\u00eancia contra Mulheres e G\u00eaneros<\/td>\n<td width=\"221\"><a href=\"mailto:mbachega@usp.br\">mbachega@usp.br<\/a><\/td>\n<\/tr>\n<tr class=\"alt\">\n<td width=\"181\">Conselho Gestor do Campus de S\u00e3o Carlos<\/td>\n<td width=\"179\">N\u00facleo de Direitos Humanos<\/td>\n<td width=\"221\"><a href=\"mailto:direitoshumanos@sc.usp.br\">direitoshumanos@sc.usp.br<\/a><\/td>\n<\/tr>\n<tr>\n<td width=\"181\">Instituto de Arquitetura e Urbanismo (IAU)<\/td>\n<td width=\"179\">Comiss\u00e3o dos Direitos das Mulheres<\/td>\n<td width=\"221\">\u00a0<a href=\"mailto:cmcamargo.urb@gmail.com\" target=\"_blank\" rel=\"noopener noreferrer\">cmcamargo.urb@gmail.com<\/a><\/td>\n<\/tr>\n<tr>\n<td width=\"181\">Escola de Engenharia de Lorena (EEL)<\/td>\n<td width=\"179\">N\u00facleo de Direitos Humanos<\/td>\n<td width=\"221\">\u00a0jromeiro@usp.br<\/td>\n<\/tr>\n<tr class=\"alt\">\n<td width=\"181\">Campus de Ribeir\u00e3o Preto<\/td>\n<td width=\"179\">Comiss\u00e3o para Apurar Den\u00fancias de Discrimina\u00e7\u00e3o, Ass\u00e9dio e Viol\u00eancia contra Mulheres e G\u00eaneros<\/td>\n<td width=\"221\"><a href=\"mailto:cavmulheres-rp@usp.br\">cavmulheres-rp@usp.br<\/a><\/td>\n<\/tr>\n<tr>\n<td width=\"181\">Escola de Educa\u00e7\u00e3o F\u00edsica e Esporte de Ribeir\u00e3o Preto (EEFERP)<\/td>\n<td width=\"179\">Comiss\u00e3o de Preven\u00e7\u00e3o e Apura\u00e7\u00e3o de Den\u00fancias de Discrimina\u00e7\u00e3o, Ass\u00e9dio e Viol\u00eancia contra Mulheres e G\u00eaneros<\/td>\n<td width=\"221\"><a href=\"mailto:ellenfreitas@usp.br\">ellenfreitas@usp.br<\/a><\/td>\n<\/tr>\n<tr class=\"alt\">\n<td width=\"181\">Faculdade de Direito de Ribeir\u00e3o Preto (FDRP)<\/td>\n<td width=\"179\">Comiss\u00e3o sobre Viol\u00eancia de G\u00eanero<\/td>\n<td width=\"221\"><a href=\"mailto:comissao.genero.fdrp@usp.br\">comissao.genero.fdrp@usp.br<\/a><\/td>\n<\/tr>\n<tr>\n<td width=\"181\">Faculdade de Economia, Administra\u00e7\u00e3o e Contabilidade (FEARP)<\/td>\n<td width=\"179\">Comiss\u00e3o de Acolhimento e Orienta\u00e7\u00e3o<\/td>\n<td width=\"221\"><a href=\"mailto:acolhimentofearp@gmail.com\">acolhimentofearp@gmail.com<\/a><\/td>\n<\/tr>\n<tr class=\"alt\">\n<td width=\"181\">Faculdade de Medicina de Ribeir\u00e3o Preto (FMRP)<\/td>\n<td width=\"179\">Comiss\u00e3o de Direitos Humanos<\/td>\n<td width=\"221\"><a href=\"mailto:direitoshumanos@fmrp.usp.br\">direitoshumanos@fmrp.usp.br<\/a><\/td>\n<\/tr>\n<tr>\n<td width=\"181\">Faculdade de Odontologia de Ribeir\u00e3o Preto (FORP)<\/td>\n<td width=\"179\">Comiss\u00e3o para Apurar Den\u00fancias de Discrimina\u00e7\u00e3o, Ass\u00e9dio e Viol\u00eancia contra Mulheres e G\u00eaneros<\/td>\n<td width=\"221\"><a href=\"mailto:chl@forp.usp.br\">chl@forp.usp.br<\/a><\/td>\n<\/tr>\n<tr>\n<td width=\"181\">Museu Paulista (MP)<\/td>\n<td width=\"179\">Comiss\u00e3o de Acolhimento<\/td>\n<td width=\"221\"><a href=\"mailto:flaviaurzua@usp.br\">flaviaurzua@usp.br<\/a><\/td>\n<\/tr>\n<tr>\n<td width=\"181\">Instituto de Estudos Brasileiros (IEB)<\/td>\n<td width=\"179\">Comiss\u00e3o de Direitos Humanos<\/td>\n<td width=\"221\"><a href=\"mailto:cdhieb@usp.br\">cdhieb@usp.br<\/a><\/td>\n<\/tr>\n<tr>\n<td width=\"181\">Faculdade de Educa\u00e7\u00e3o<\/td>\n<td width=\"179\">Comiss\u00e3o de Equidade<\/td>\n<td width=\"221\"><a \nhref=\"mailto:equidade.fe@usp.br\">equidade.fe@usp.br<\/a><\/td>\n<\/tr>\n<tr>\n<td width=\"181\">Instituto de Bioci\u00eancias (IB)<\/td>\n<td width=\"179\">Comiss\u00e3o de Acolhimento e Apoio<\/td>\n<td width=\"221\"><a href=\"mailto:acolhe@ib.usp.br\">acolhe@ib.usp.br<\/a><\/td>\n<\/tr>\n<\/tbody>\n<\/table>\n","protected":false},"excerpt":{"rendered":"<p>UNIDADE SUBCOMISS\u00c3O E-MAIL DE CONTATO Escola de Artes, Ci\u00eancias e Humanidades (EACH) Comiss\u00e3o de Defesa da Diversidade, Direitos Humanos e Democracia direitoshumanos-each@usp.br Escola de Comunica\u00e7\u00e3o e Artes (ECA) Comiss\u00e3o de Direitos Humanos cdh.eca@usp.br Escola&#46;&#46;&#46;<\/p>\n","protected":false},"author":557,"featured_media":0,"parent":0,"menu_order":0,"comment_status":"closed","ping_status":"closed","template":"","meta":{"footnotes":"","_links_to":"","_links_to_target":""},"class_list":["post-802","page","type-page","status-publish","hentry"],"_links":{"self":[{"href":"https:\/\/sites.usp.br\/direitoshumanos\/wp-json\/wp\/v2\/pages\/802","targetHints":{"allow":["GET"]}}],"collection":[{"href":"https:\/\/sites.usp.br\/direitoshumanos\/wp-json\/wp\/v2\/pages"}],"about":[{"href":"https:\/\/sites.usp.br\/direitoshumanos\/wp-json\/wp\/v2\/types\/page"}],"author":[{"embeddable":true,"href":"https:\/\/sites.usp.br\/direitoshumanos\/wp-json\/wp\/v2\/users\/557"}],"replies":[{"embeddable":true,"href":"https:\/\/sites.usp.br\/direitoshumanos\/wp-json\/wp\/v2\/comments?post=802"}],"version-history":[{"count":4,"href":"https:\/\/sites.usp.br\/direitoshumanos\/wp-json\/wp\/v2\/pages\/802\/revisions"}],"predecessor-version":[{"id":1205,"href":"https:\/\/sites.usp.br\/direitoshumanos\/wp-json\/wp\/v2\/pages\/802\/revisions\/1205"}],"wp:attachment":[{"href":"https:\/\/sites.usp.br\/direitoshumanos\/wp-json\/wp\/v2\/media?parent=802"}],"curies":[{"name":"wp","href":"https:\/\/api.w.org\/{rel}","templated":true}]}}