{"id":674,"date":"2023-08-08T00:36:30","date_gmt":"2023-08-08T02:36:30","guid":{"rendered":"https:\/\/sites.usp.br\/diversaeca\/?page_id=674"},"modified":"2024-03-13T20:11:25","modified_gmt":"2024-03-13T22:11:25","slug":"quem-somos","status":"publish","type":"page","link":"https:\/\/sites.usp.br\/diversaeca\/quem-somos\/","title":{"rendered":"Quem Somos"},"content":{"rendered":"<p>O Diversidade na ECA visa a <span style=\"font-weight: 400;\">promo\u00e7\u00e3o das discuss\u00f5es a respeito das rela\u00e7\u00f5es de g\u00eanero, ra\u00e7a, classe, sexualidade e outros marcadores sociais no interior da Academia, para que se fortale\u00e7a a cultura de respeito e fortalecimento dos direitos humanos na universidade, a partir dos pressupostos educomunicativos e em alian\u00e7a com demais entidades e coletivos.\u00a0 <\/span><\/p>\n<div id=\"attachment_188\" style=\"width: 2748px\" class=\"wp-caption alignnone\"><a href=\"https:\/\/sites.usp.br\/diversaeca\/wp-content\/uploads\/sites\/452\/2019\/03\/MG_2625-1.jpg\"><img loading=\"lazy\" decoding=\"async\" aria-describedby=\"caption-attachment-188\" class=\"size-full wp-image-188\" src=\"https:\/\/sites.usp.br\/diversaeca\/wp-content\/uploads\/sites\/452\/2019\/03\/MG_2625-1.jpg\" alt=\"\" width=\"2738\" height=\"1825\" srcset=\"https:\/\/sites.usp.br\/diversaeca\/wp-content\/uploads\/sites\/452\/2019\/03\/MG_2625-1.jpg 2738w, https:\/\/sites.usp.br\/diversaeca\/wp-content\/uploads\/sites\/452\/2019\/03\/MG_2625-1-300x200.jpg 300w, https:\/\/sites.usp.br\/diversaeca\/wp-content\/uploads\/sites\/452\/2019\/03\/MG_2625-1-768x512.jpg 768w, https:\/\/sites.usp.br\/diversaeca\/wp-content\/uploads\/sites\/452\/2019\/03\/MG_2625-1-1024x683.jpg 1024w, https:\/\/sites.usp.br\/diversaeca\/wp-content\/uploads\/sites\/452\/2019\/03\/MG_2625-1-750x500.jpg 750w, https:\/\/sites.usp.br\/diversaeca\/wp-content\/uploads\/sites\/452\/2019\/03\/MG_2625-1-400x267.jpg 400w\" sizes=\"auto, (max-width: 2738px) 100vw, 2738px\" \/><\/a><p id=\"caption-attachment-188\" class=\"wp-caption-text\">Evento promovido pela turma de \u00c9tica de 2018.2 com o objetivo de debater a Interseccionalidade, uma pauta urgente. Convidados Juni\u00e3o e Rosane Borges e a media\u00e7\u00e3o de Denise Oliveira. (Divulga\u00e7\u00e3o)<\/p><\/div>\n<p>&nbsp;<\/p>\n<h2><span style=\"color: #ff6600;\">O QUE FAZEMOS<\/span><\/h2>\n<p><strong><span style=\"color: #333333;\">Promovemos discuss\u00f5es relacionadas \u00e0 Alteridade<\/span><\/strong><span style=\"color: #ff6600;\"><br \/>\n<\/span><\/p>\n<p>Organizamos discuss\u00f5es, eventos e materiais sobre as quest\u00f5es envolvendo a Alteridade na ECA, para p\u00fablico interno e externo, al\u00e9m de materiais de consulta e difus\u00e3o de conhecimento sobre a tem\u00e1tica. A proposta \u00e9 manter e intensificar as diversas atividades j\u00e1 desenvolvidas, especialmente ampliando a rede de parcerias poss\u00edveis para dar visibilidade e consist\u00eancia \u00e0s a\u00e7\u00f5es.<\/p>\n<p>&nbsp;<\/p>\n<div id=\"SITE_PAGES\" class=\"JshATs SITE_PAGES\" data-page-transition=\"OutIn\">\n<div id=\"SITE_PAGES_TRANSITION_GROUP\" class=\"fcNEqv\">\n<div id=\"thklc\" class=\"dBAkHi thklc\">\n<div class=\"HT5ybB\">\n<div id=\"Containerthklc\" class=\"Containerthklc SPY_vo\">\n<div class=\"\" data-mesh-id=\"ContainerthklcinlineContent\" data-testid=\"inline-content\">\n<div data-mesh-id=\"ContainerthklcinlineContent-gridContainer\" data-testid=\"mesh-container-content\">\n<section id=\"comp-lfikevbz1\" class=\"Oqnisf comp-lfikevbz1 wixui-section\" tabindex=\"-1\" data-block-level-container=\"ClassicSection\">\n<div class=\"\" data-mesh-id=\"comp-lfikevbz1inlineContent\" data-testid=\"inline-content\">\n<div data-mesh-id=\"comp-lfikevbz1inlineContent-gridContainer\" data-testid=\"mesh-container-content\">\n<section id=\"comp-ksjhe82m1\" class=\"comp-ksjhe82m1 CohWsy wixui-column-strip\">\n<div class=\"V5AUxf\" data-testid=\"columns\">\n<div id=\"comp-ksjhe82o4\" class=\"comp-ksjhe82o4 YzqVVZ wixui-column-strip__column\">\n<div class=\"\" data-mesh-id=\"comp-ksjhe82o4inlineContent\" data-testid=\"inline-content\">\n<div data-mesh-id=\"comp-ksjhe82o4inlineContent-gridContainer\" data-testid=\"mesh-container-content\">\n<div id=\"comp-ksjhe82s\" class=\"SxM0TO QxJLC3 comp-ksjhe82s wixui-rich-text\" data-testid=\"richTextElement\">\n<p class=\"font_8 wixui-rich-text__text\"><span class=\"wixui-rich-text__text\"><span class=\"color_15 wixui-rich-text__text\">Desde 2017 a ECA recebe estudantes de gradua\u00e7\u00e3o, p\u00f3s-gradua\u00e7\u00e3o, docentes e pesquisadores\/as internos e externos \u00e0 Universidade de S\u00e3o Paulo que queiram compartilhar trabalhos sobre as implica\u00e7\u00f5es das representa\u00e7\u00f5es de g\u00eanero e sobre as constru\u00e7\u00f5es das feminilidades, masculinidades e sexualidades dentro do jornalismo, da publicidade, das rela\u00e7\u00f5es p\u00fablicas, do audiovisual, das artes, em produ\u00e7\u00f5es culturais e art\u00edsticas.<\/span><\/span><\/p>\n<\/div>\n<\/div>\n<\/div>\n<\/div>\n<\/div>\n<\/section>\n<\/div>\n<\/div>\n<\/section>\n<\/div>\n<\/div>\n<\/div>\n<\/div>\n<\/div>\n<\/div>\n<\/div>\n<p><a href=\"https:\/\/sites.usp.br\/diversaeca\/wp-content\/uploads\/sites\/452\/2019\/05\/26219621_144195709632195_3689316552891365218_n.jpg\"><img loading=\"lazy\" decoding=\"async\" class=\"alignnone size-full wp-image-395\" src=\"https:\/\/sites.usp.br\/diversaeca\/wp-content\/uploads\/sites\/452\/2019\/05\/26219621_144195709632195_3689316552891365218_n.jpg\" alt=\"\" width=\"919\" height=\"613\" srcset=\"https:\/\/sites.usp.br\/diversaeca\/wp-content\/uploads\/sites\/452\/2019\/05\/26219621_144195709632195_3689316552891365218_n.jpg 919w, https:\/\/sites.usp.br\/diversaeca\/wp-content\/uploads\/sites\/452\/2019\/05\/26219621_144195709632195_3689316552891365218_n-300x200.jpg 300w, https:\/\/sites.usp.br\/diversaeca\/wp-content\/uploads\/sites\/452\/2019\/05\/26219621_144195709632195_3689316552891365218_n-768x512.jpg 768w, https:\/\/sites.usp.br\/diversaeca\/wp-content\/uploads\/sites\/452\/2019\/05\/26219621_144195709632195_3689316552891365218_n-750x500.jpg 750w, https:\/\/sites.usp.br\/diversaeca\/wp-content\/uploads\/sites\/452\/2019\/05\/26219621_144195709632195_3689316552891365218_n-400x267.jpg 400w\" sizes=\"auto, (max-width: 919px) 100vw, 919px\" \/><\/a><\/p>\n<p><strong><span style=\"color: #ff6600;\"><br \/>\nCOORDENA\u00c7\u00c3O<\/span><\/strong><\/p>\n<p><span style=\"font-weight: 400;\"><strong><a href=\"http:\/\/lattes.cnpq.br\/8397513482369217\" target=\"_blank\" rel=\"noopener\">Profa. Dra. Cl\u00e1udia Lago<\/a><br \/>\n<\/strong><br \/>\n<a href=\"https:\/\/sites.usp.br\/diversaeca\/wp-content\/uploads\/sites\/452\/2019\/04\/cl-.jpg\"><img loading=\"lazy\" decoding=\"async\" class=\"wp-image-258 alignleft\" src=\"https:\/\/sites.usp.br\/diversaeca\/wp-content\/uploads\/sites\/452\/2019\/04\/cl-.jpg\" alt=\"\" width=\"169\" height=\"169\" srcset=\"https:\/\/sites.usp.br\/diversaeca\/wp-content\/uploads\/sites\/452\/2019\/04\/cl-.jpg 694w, https:\/\/sites.usp.br\/diversaeca\/wp-content\/uploads\/sites\/452\/2019\/04\/cl--150x150.jpg 150w, https:\/\/sites.usp.br\/diversaeca\/wp-content\/uploads\/sites\/452\/2019\/04\/cl--300x300.jpg 300w, https:\/\/sites.usp.br\/diversaeca\/wp-content\/uploads\/sites\/452\/2019\/04\/cl--250x250.jpg 250w, https:\/\/sites.usp.br\/diversaeca\/wp-content\/uploads\/sites\/452\/2019\/04\/cl--174x174.jpg 174w, https:\/\/sites.usp.br\/diversaeca\/wp-content\/uploads\/sites\/452\/2019\/04\/cl--45x45.jpg 45w, https:\/\/sites.usp.br\/diversaeca\/wp-content\/uploads\/sites\/452\/2019\/04\/cl--200x200.jpg 200w, https:\/\/sites.usp.br\/diversaeca\/wp-content\/uploads\/sites\/452\/2019\/04\/cl--400x400.jpg 400w\" sizes=\"auto, (max-width: 169px) 100vw, 169px\" \/><\/a>Doutora em Ci\u00eancias da Comunica\u00e7\u00e3o pela Universidade de S\u00e3o Paulo. Faz parte do Comit\u00ea de Rela\u00e7\u00f5es Internacionais da SBPJor e foi eleita em 2020 membro do International Council da IAMCR. \u00c9 professora da Escola de Comunica\u00e7\u00f5es e Artes no departamento CCA, curso Licenciatura em Educomunica\u00e7\u00e3o, da Universidade de S\u00e3o Paulo, professora do Programa de P\u00f3s-Gradua\u00e7\u00e3o em Ci\u00eancias da Comunica\u00e7\u00e3o da Universidade de S\u00e3o Paulo e foi presidente da Comiss\u00e3o de Direitos Humanos da ECA\/USP 2017-2020. \u00c9 membra da Coordena\u00e7\u00e3o do F\u00f3rum das Ci\u00eancias Humanas, Sociais, Sociais Aplicadas, Letras, Lingu\u00edstica e Artes (FCHSSALLA) e da Rede N\u00e3o Cala USP contra a viol\u00eancia de g\u00eanero na universidade. Participa do coletivo de docentes antirracistas da ECA\/USP. Desenvolve pesquisa na \u00e1rea de Comunica\u00e7\u00e3o tendo como foco a constru\u00e7\u00e3o da Alteridade, especialmente relacionada aos estudos de g\u00eanero em narrativas n\u00e3o ficcionais, e pesquisa e extens\u00e3o em Educomunica\u00e7\u00e3o, relacionadas tamb\u00e9m ao estudo da Alteridade. Coordena o Grupo de Pesquisa Alteridade, Subjetividades, Estudos de G\u00eanero e Performances nas Comunica\u00e7\u00f5es e Artes (AlterGen) e o projeto de Extens\u00e3o Diversidade na ECA. Participa do Observat\u00f3rio de Comunica\u00e7\u00e3o, Liberdade de Express\u00e3o e Censura (Obcom) da ECA\/USP. Co0ncluiu em 2023 a forma\u00e7\u00e3o em psican\u00e1lise pelo CEP.<br \/>\n<\/span><\/p>\n","protected":false},"excerpt":{"rendered":"<p>O Diversidade na ECA visa a promo\u00e7\u00e3o das discuss\u00f5es a respeito das rela\u00e7\u00f5es de g\u00eanero, ra\u00e7a, classe, sexualidade e outros marcadores sociais no interior da Academia, para que se fortale\u00e7a a cultura de respeito e fortalecimento dos direitos humanos na universidade, a partir dos pressupostos educomunicativos e em alian\u00e7a com demais entidades e coletivos.\u00a0 Evento promovido pela turma de \u00c9tica de 2018.2 com o objetivo de debater a Interseccionalidade, uma pauta urgente. Convidados Juni\u00e3o e Rosane Borges e a media\u00e7\u00e3o de Denise Oliveira. (Divulga\u00e7\u00e3o) &nbsp; O QUE FAZEMOS Promovemos discuss\u00f5es relacionadas \u00e0 Alteridade Organizamos discuss\u00f5es, eventos e materiais sobre as quest\u00f5es envolvendo a Alteridade na ECA, para p\u00fablico interno e externo, al\u00e9m de materiais de consulta e difus\u00e3o de conhecimento sobre a tem\u00e1tica. A proposta \u00e9 manter e intensificar as diversas atividades j\u00e1 desenvolvidas, especialmente ampliando a rede de parcerias poss\u00edveis para dar visibilidade e consist\u00eancia \u00e0s a\u00e7\u00f5es. &nbsp; Desde 2017 a ECA recebe estudantes de gradua\u00e7\u00e3o, p\u00f3s-gradua\u00e7\u00e3o, docentes e pesquisadores\/as internos e externos \u00e0 Universidade de S\u00e3o Paulo que queiram compartilhar trabalhos sobre as implica\u00e7\u00f5es das representa\u00e7\u00f5es de g\u00eanero e sobre as constru\u00e7\u00f5es das feminilidades, masculinidades e sexualidades dentro do jornalismo, da publicidade, das rela\u00e7\u00f5es p\u00fablicas, do audiovisual, das [&#8230;]<\/p>\n","protected":false},"author":826,"featured_media":0,"parent":0,"menu_order":0,"comment_status":"closed","ping_status":"closed","template":"","meta":{"footnotes":"","_links_to":"","_links_to_target":""},"class_list":["post-674","page","type-page","status-publish","hentry"],"_links":{"self":[{"href":"https:\/\/sites.usp.br\/diversaeca\/wp-json\/wp\/v2\/pages\/674","targetHints":{"allow":["GET"]}}],"collection":[{"href":"https:\/\/sites.usp.br\/diversaeca\/wp-json\/wp\/v2\/pages"}],"about":[{"href":"https:\/\/sites.usp.br\/diversaeca\/wp-json\/wp\/v2\/types\/page"}],"author":[{"embeddable":true,"href":"https:\/\/sites.usp.br\/diversaeca\/wp-json\/wp\/v2\/users\/826"}],"replies":[{"embeddable":true,"href":"https:\/\/sites.usp.br\/diversaeca\/wp-json\/wp\/v2\/comments?post=674"}],"version-history":[{"count":4,"href":"https:\/\/sites.usp.br\/diversaeca\/wp-json\/wp\/v2\/pages\/674\/revisions"}],"predecessor-version":[{"id":850,"href":"https:\/\/sites.usp.br\/diversaeca\/wp-json\/wp\/v2\/pages\/674\/revisions\/850"}],"wp:attachment":[{"href":"https:\/\/sites.usp.br\/diversaeca\/wp-json\/wp\/v2\/media?parent=674"}],"curies":[{"name":"wp","href":"https:\/\/api.w.org\/{rel}","templated":true}]}}