{"id":690,"date":"2023-08-08T02:25:38","date_gmt":"2023-08-08T04:25:38","guid":{"rendered":"https:\/\/sites.usp.br\/diversaeca\/?page_id=690"},"modified":"2024-03-14T11:49:14","modified_gmt":"2024-03-14T13:49:14","slug":"fzdz-na-eca","status":"publish","type":"page","link":"https:\/\/sites.usp.br\/diversaeca\/fzdz-na-eca\/","title":{"rendered":"FZDZ na ECA"},"content":{"rendered":"<p class=\"font_7 wixui-rich-text__text\"><span class=\"wixui-rich-text__text\"><span class=\"color_15 wixui-rich-text__text\"><img loading=\"lazy\" decoding=\"async\" class=\"wp-image-585 alignleft\" src=\"https:\/\/sites.usp.br\/diversaeca\/download\/613\/?tmstv=1691468795&amp;v=614\" alt=\"\" width=\"350\" height=\"350\" \/><\/span><\/span><\/p>\n<p>O Fazendo e Desfazendo G\u00eanero na ECA j\u00e1 realizou 7 edi\u00e7\u00f5es. O evento \u00e9 promovido pela Escola de Comunica\u00e7\u00f5es e Artes, por meio do projeto Diversidade na ECA e do grupo de pesquisa AlterGen, com apoio da Comiss\u00e3o de Direitos Humanos e do PPGCOM da ECA\/USP.<\/p>\n<p>&nbsp;<\/p>\n<div class=\"\" data-mesh-id=\"comp-ksjhe82o4inlineContent\" data-testid=\"inline-content\">\n<div data-mesh-id=\"comp-ksjhe82o4inlineContent-gridContainer\" data-testid=\"mesh-container-content\">\n<p><strong>Desde 2017<\/strong> a ECA recebe estudantes de gradua\u00e7\u00e3o, p\u00f3s-gradua\u00e7\u00e3o, docentes e pesquisadores\/as internos e externos \u00e0 Universidade de S\u00e3o Paulo que queiram compartilhar trabalhos sobre as implica\u00e7\u00f5es das representa\u00e7\u00f5es de g\u00eanero e sobre as constru\u00e7\u00f5es das feminilidades, masculinidades e sexualidades dentro do jornalismo, da publicidade, das rela\u00e7\u00f5es p\u00fablicas, do audiovisual, das artes, em produ\u00e7\u00f5es culturais e art\u00edsticas.<\/p>\n<\/div>\n<\/div>\n","protected":false},"excerpt":{"rendered":"<p>O Fazendo e Desfazendo G\u00eanero na ECA j\u00e1 realizou 7 edi\u00e7\u00f5es. O evento \u00e9 promovido pela Escola de Comunica\u00e7\u00f5es e Artes, por meio do projeto Diversidade na ECA e do grupo de pesquisa AlterGen, com apoio da Comiss\u00e3o de Direitos Humanos e do PPGCOM da ECA\/USP. &nbsp; Desde 2017 a ECA recebe estudantes de gradua\u00e7\u00e3o, p\u00f3s-gradua\u00e7\u00e3o, docentes e pesquisadores\/as internos e externos \u00e0 Universidade de S\u00e3o Paulo que queiram compartilhar trabalhos sobre as implica\u00e7\u00f5es das representa\u00e7\u00f5es de g\u00eanero e sobre as constru\u00e7\u00f5es das feminilidades, masculinidades e sexualidades dentro do jornalismo, da publicidade, das rela\u00e7\u00f5es p\u00fablicas, do audiovisual, das artes, em produ\u00e7\u00f5es culturais e art\u00edsticas.<\/p>\n","protected":false},"author":826,"featured_media":0,"parent":0,"menu_order":0,"comment_status":"closed","ping_status":"closed","template":"","meta":{"footnotes":"","_links_to":"","_links_to_target":""},"class_list":["post-690","page","type-page","status-publish","hentry"],"_links":{"self":[{"href":"https:\/\/sites.usp.br\/diversaeca\/wp-json\/wp\/v2\/pages\/690","targetHints":{"allow":["GET"]}}],"collection":[{"href":"https:\/\/sites.usp.br\/diversaeca\/wp-json\/wp\/v2\/pages"}],"about":[{"href":"https:\/\/sites.usp.br\/diversaeca\/wp-json\/wp\/v2\/types\/page"}],"author":[{"embeddable":true,"href":"https:\/\/sites.usp.br\/diversaeca\/wp-json\/wp\/v2\/users\/826"}],"replies":[{"embeddable":true,"href":"https:\/\/sites.usp.br\/diversaeca\/wp-json\/wp\/v2\/comments?post=690"}],"version-history":[{"count":5,"href":"https:\/\/sites.usp.br\/diversaeca\/wp-json\/wp\/v2\/pages\/690\/revisions"}],"predecessor-version":[{"id":859,"href":"https:\/\/sites.usp.br\/diversaeca\/wp-json\/wp\/v2\/pages\/690\/revisions\/859"}],"wp:attachment":[{"href":"https:\/\/sites.usp.br\/diversaeca\/wp-json\/wp\/v2\/media?parent=690"}],"curies":[{"name":"wp","href":"https:\/\/api.w.org\/{rel}","templated":true}]}}