{"id":1027,"date":"2023-11-13T15:00:37","date_gmt":"2023-11-13T18:00:37","guid":{"rendered":"https:\/\/sites.usp.br\/docencia\/?page_id=1027"},"modified":"2023-11-14T16:17:21","modified_gmt":"2023-11-14T19:17:21","slug":"vivenciando2023","status":"publish","type":"page","link":"https:\/\/sites.usp.br\/docencia\/vivenciando2023\/","title":{"rendered":"vivenciando2023"},"content":{"rendered":"\t\t<div data-elementor-type=\"wp-page\" data-elementor-id=\"1027\" class=\"elementor elementor-1027\">\n\t\t\t\t\t\t<section class=\"elementor-section elementor-top-section elementor-element elementor-element-7e7d4d0 elementor-section-boxed elementor-section-height-default elementor-section-height-default\" data-id=\"7e7d4d0\" data-element_type=\"section\">\n\t\t\t\t\t\t<div class=\"elementor-container elementor-column-gap-default\">\n\t\t\t\t\t<div class=\"elementor-column elementor-col-50 elementor-top-column elementor-element elementor-element-84b08d6\" data-id=\"84b08d6\" data-element_type=\"column\">\n\t\t\t<div class=\"elementor-widget-wrap elementor-element-populated\">\n\t\t\t\t\t\t<div class=\"elementor-element elementor-element-a94fbe5 elementor-widget elementor-widget-heading\" data-id=\"a94fbe5\" data-element_type=\"widget\" data-widget_type=\"heading.default\">\n\t\t\t\t<div class=\"elementor-widget-container\">\n\t\t\t<span class=\"elementor-heading-title elementor-size-xl\">VIVENCIANDO<br>2023<\/span>\t\t<\/div>\n\t\t\t\t<\/div>\n\t\t\t\t\t<\/div>\n\t\t<\/div>\n\t\t\t\t<div class=\"elementor-column elementor-col-50 elementor-top-column elementor-element elementor-element-1129732\" data-id=\"1129732\" data-element_type=\"column\">\n\t\t\t<div class=\"elementor-widget-wrap elementor-element-populated\">\n\t\t\t\t\t\t<div class=\"elementor-element elementor-element-2de4ffb elementor-widget elementor-widget-text-editor\" data-id=\"2de4ffb\" data-element_type=\"widget\" data-widget_type=\"text-editor.default\">\n\t\t\t\t<div class=\"elementor-widget-container\">\n\t\t\t\t\t\t\t<div><span style=\"font-weight: 400;\">Convidamos a todos e todas para participar do Vivenciando 2023 <\/span><span style=\"font-weight: 400;\">\u2018<\/span><i><span style=\"font-weight: 400;\">Ci\u00eancia e Sociedade: paradigmas da produ\u00e7\u00e3o do conhecimento e o contexto s\u00f3cio cultural\u2019<\/span><\/i><span style=\"font-weight: 400;\">,<\/span><span style=\"font-weight: 400;\"> agora integrado ao <\/span><i><span style=\"font-weight: 400;\">Programa de Desenvolvimento Profissional Docente (PDPD)<\/span><\/i><span style=\"font-weight: 400;\">.<\/span><\/div><div>\u00a0<\/div><div>As Pr\u00f3-Reitorias de Gradua\u00e7\u00e3o e de P\u00f3s-Gradua\u00e7\u00e3o aprovaram em seus colegiados o Programa de Desenvolvimento Profissional Docente (PDPD).<\/div><div>\u00a0<\/div><div><span class=\"gmail_default\">As atividades formativas planejadas incluem uma nova edi\u00e7\u00e3o do &#8220;Vivenciando&#8221;, um ciclo de palestras inicialmente concebido pela Comiss\u00e3o de Forma\u00e7\u00e3o Did\u00e1tico-Pedag\u00f3gica da Pr\u00f3-Reitoria de P\u00f3s-Gradua\u00e7\u00e3o.<\/span><\/div><div>\u00a0<\/div><p><span style=\"font-weight: 400;\">O Ciclo Vivenciando 2023, retomando t\u00f3picos que emergiram em edi\u00e7\u00f5es anteriores, revisita debates que tiveram como foco a forma\u00e7\u00e3o docente, considerando as tend\u00eancias contempor\u00e2neas como a compartimentaliza\u00e7\u00e3o do conhecimento, a separa\u00e7\u00e3o entre ci\u00eancia e filosofia e a subsequente especializa\u00e7\u00e3o de cursos e disciplinas. Como \u00e9 caracter\u00edstico dos Ciclos Vivenciando, uma pergunta central nortear\u00e1 nossas discuss\u00f5es: &#8220;Entre a especializa\u00e7\u00e3o e a integra\u00e7\u00e3o transdisciplinar, como valorizar a produ\u00e7\u00e3o resultante da integra\u00e7\u00e3o transdisciplinar, em detrimento do produtivismo ligado \u00e0 especializa\u00e7\u00e3o?&#8221;<\/span><\/p><div><span class=\"gmail_default\"> Desta vez, o evento ser\u00e1 realizado de forma presencial nos dias 22, 23 e 24 de novembro, a partir das 14h30, no pr\u00e9dio do Inova (Cidade Universit\u00e1ria), conforme programa\u00e7\u00e3o abaixo.\u00a0<\/span><\/div><div>\u00a0<\/div><div><span style=\"color: #fcb421;\"><span class=\"gmail_default\"><b>22\/11 &#8211;\u00a0<\/b><\/span><b>A Ci\u00eancia como Processo Social e Cient\u00edfico na Forma\u00e7\u00e3o<\/b><\/span><\/div><div><p><span class=\"gmail_default\">14h30 &#8211;\u00a0<\/span>Mesa 1: Ci\u00eancia, Sociedade e Forma\u00e7\u00e3o Docente<br \/><span class=\"gmail_default\">17h30 &#8211;\u00a0<\/span>Mesa 2: Ci\u00eancia P\u00f3s-Normal, uma nova abordagem epistemol\u00f3gica?<\/p><\/div><div><p><span style=\"color: #fcb421;\"><b><span class=\"gmail_default\">23\/11 &#8211;<\/span>\u00a0Ci\u00eancia, Humanidades e Forma\u00e7\u00e3o Docente<\/b><\/span><br \/><span class=\"gmail_default\">14h30 &#8211;\u00a0<\/span>Mesa 1: A rela\u00e7\u00e3o entre as Ci\u00eancias e Humanidades na Forma\u00e7\u00e3o Docente<br \/><span class=\"gmail_default\">17h30 &#8211;\u00a0<\/span>Mesa 2: Ci\u00eancia, Tecnologia e Humanidades: princ\u00edpios \u00e9ticos e humanos na forma\u00e7\u00e3o docente<\/p><\/div><div><span style=\"color: #fcb421;\"><b>2<span class=\"gmail_default\">4\/11 &#8211;<\/span>\u00a0Ensino e Inova\u00e7\u00e3o: Novos Ambientes Emancipat\u00f3rios?<\/b><\/span><br \/><span class=\"gmail_default\">14h30 &#8211;\u00a0<\/span>Mesa 1: Ci\u00eancia, Tecnologia e Humanidades na constru\u00e7\u00e3o de abordagens educacionais integradas<br \/><span class=\"gmail_default\">17h30 &#8211;\u00a0<\/span>Mesa 2: Sistemas de Intelig\u00eancia Artificial e Ambientes de Ensino, inova\u00e7\u00e3o e emancipa\u00e7\u00e3o?<\/div><div>\u00a0<\/div><div><strong>Importante<\/strong><\/div><div>N\u00e3o haver\u00e1 inscri\u00e7\u00e3o pr\u00e9via.<\/div><div>As mesas ser\u00e3o transmitidas pelo canal do YouTube da <a href=\"https:\/\/www.youtube.com\/channel\/UCsYFoUKkeORyS8MA2tRPOxA\" target=\"_blank\" rel=\"noopener\">PRPG<\/a>.\u00a0<\/div>\t\t\t\t\t\t<\/div>\n\t\t\t\t<\/div>\n\t\t\t\t\t<\/div>\n\t\t<\/div>\n\t\t\t\t\t<\/div>\n\t\t<\/section>\n\t\t\t\t<\/div>\n\t\t","protected":false},"excerpt":{"rendered":"<p>VIVENCIANDO2023 Convidamos a todos e todas para participar do Vivenciando 2023 \u2018Ci\u00eancia e Sociedade: paradigmas da produ\u00e7\u00e3o do conhecimento e o contexto s\u00f3cio cultural\u2019, agora integrado ao Programa de Desenvolvimento Profissional Docente (PDPD).\u00a0As Pr\u00f3-Reitorias de Gradua\u00e7\u00e3o e de P\u00f3s-Gradua\u00e7\u00e3o aprovaram em seus colegiados o Programa de Desenvolvimento Profissional Docente (PDPD).\u00a0As atividades formativas planejadas incluem uma [&hellip;]<\/p>\n","protected":false},"author":148,"featured_media":0,"parent":0,"menu_order":0,"comment_status":"closed","ping_status":"closed","template":"","meta":{"footnotes":"","_links_to":"","_links_to_target":""},"class_list":["post-1027","page","type-page","status-publish","hentry","entry"],"_links":{"self":[{"href":"https:\/\/sites.usp.br\/docencia\/wp-json\/wp\/v2\/pages\/1027","targetHints":{"allow":["GET"]}}],"collection":[{"href":"https:\/\/sites.usp.br\/docencia\/wp-json\/wp\/v2\/pages"}],"about":[{"href":"https:\/\/sites.usp.br\/docencia\/wp-json\/wp\/v2\/types\/page"}],"author":[{"embeddable":true,"href":"https:\/\/sites.usp.br\/docencia\/wp-json\/wp\/v2\/users\/148"}],"replies":[{"embeddable":true,"href":"https:\/\/sites.usp.br\/docencia\/wp-json\/wp\/v2\/comments?post=1027"}],"version-history":[{"count":4,"href":"https:\/\/sites.usp.br\/docencia\/wp-json\/wp\/v2\/pages\/1027\/revisions"}],"predecessor-version":[{"id":1063,"href":"https:\/\/sites.usp.br\/docencia\/wp-json\/wp\/v2\/pages\/1027\/revisions\/1063"}],"wp:attachment":[{"href":"https:\/\/sites.usp.br\/docencia\/wp-json\/wp\/v2\/media?parent=1027"}],"curies":[{"name":"wp","href":"https:\/\/api.w.org\/{rel}","templated":true}]}}