{"id":282,"date":"2019-08-28T11:55:18","date_gmt":"2019-08-28T14:55:18","guid":{"rendered":"http:\/\/sites.usp.br\/docencia\/?page_id=282"},"modified":"2021-07-05T03:33:46","modified_gmt":"2021-07-05T06:33:46","slug":"docentes","status":"publish","type":"page","link":"https:\/\/sites.usp.br\/docencia\/docentes\/","title":{"rendered":"Docentes"},"content":{"rendered":"\t\t<div data-elementor-type=\"wp-page\" data-elementor-id=\"282\" class=\"elementor elementor-282\">\n\t\t\t\t\t\t<section class=\"elementor-section elementor-top-section elementor-element elementor-element-5fb2a643 elementor-section-stretched elementor-section-boxed elementor-section-height-default elementor-section-height-default\" data-id=\"5fb2a643\" data-element_type=\"section\" data-settings=\"{&quot;stretch_section&quot;:&quot;section-stretched&quot;,&quot;background_background&quot;:&quot;classic&quot;}\">\n\t\t\t\t\t\t<div class=\"elementor-container elementor-column-gap-default\">\n\t\t\t\t\t<div class=\"elementor-column elementor-col-100 elementor-top-column elementor-element elementor-element-533c803c\" data-id=\"533c803c\" data-element_type=\"column\">\n\t\t\t<div class=\"elementor-widget-wrap elementor-element-populated\">\n\t\t\t\t\t\t<div class=\"elementor-element elementor-element-6f7d138 elementor-widget-divider--view-line elementor-widget elementor-widget-divider\" data-id=\"6f7d138\" data-element_type=\"widget\" data-widget_type=\"divider.default\">\n\t\t\t\t<div class=\"elementor-widget-container\">\n\t\t\t\t\t<div class=\"elementor-divider\">\n\t\t\t<span class=\"elementor-divider-separator\">\n\t\t\t\t\t\t<\/span>\n\t\t<\/div>\n\t\t\t\t<\/div>\n\t\t\t\t<\/div>\n\t\t\t\t<div class=\"elementor-element elementor-element-3e29c15d elementor-widget elementor-widget-text-editor\" data-id=\"3e29c15d\" data-element_type=\"widget\" data-widget_type=\"text-editor.default\">\n\t\t\t\t<div class=\"elementor-widget-container\">\n\t\t\t\t\t\t\t<p>Em 2019 demos in\u00edcio ao oferecimento de uma atividade voltada ao aprimoramento did\u00e1tico pedag\u00f3gico de docentes USP, contando com\u00a0 70 vagas, em\u00a0 3 etapas, sendo a primeira delas presencial, durante uma semana (abril ou setembro)\u00a0 com carga hor\u00e1ria de 24 horas (9-12hs e 14-17hs); a segunda utilizando o curso online \u201cDoc\u00eancia no Ensino Superior: uma primeira aproxima\u00e7\u00e3o\u201d, oferecendo-se prazo de 40 dias para conclus\u00e3o. Ao final, uma terceira etapa, com dura\u00e7\u00e3o de 3 horas, sendo este mais um encontro presencial, com vistas ao fechamento e discuss\u00e3o de todas as atividades realizadas.<\/p>\t\t\t\t\t\t<\/div>\n\t\t\t\t<\/div>\n\t\t\t\t<div class=\"elementor-element elementor-element-6e76401 elementor-widget-divider--view-line elementor-widget elementor-widget-divider\" data-id=\"6e76401\" data-element_type=\"widget\" data-widget_type=\"divider.default\">\n\t\t\t\t<div class=\"elementor-widget-container\">\n\t\t\t\t\t<div class=\"elementor-divider\">\n\t\t\t<span class=\"elementor-divider-separator\">\n\t\t\t\t\t\t<\/span>\n\t\t<\/div>\n\t\t\t\t<\/div>\n\t\t\t\t<\/div>\n\t\t\t\t\t<\/div>\n\t\t<\/div>\n\t\t\t\t\t<\/div>\n\t\t<\/section>\n\t\t\t\t<section class=\"elementor-section elementor-top-section elementor-element elementor-element-6fb70de elementor-section-stretched elementor-section-boxed elementor-section-height-default elementor-section-height-default\" data-id=\"6fb70de\" data-element_type=\"section\" data-settings=\"{&quot;stretch_section&quot;:&quot;section-stretched&quot;}\">\n\t\t\t\t\t\t<div class=\"elementor-container elementor-column-gap-default\">\n\t\t\t\t\t<div class=\"elementor-column elementor-col-33 elementor-top-column elementor-element elementor-element-7c0a585\" data-id=\"7c0a585\" data-element_type=\"column\">\n\t\t\t<div class=\"elementor-widget-wrap\">\n\t\t\t\t\t\t\t<\/div>\n\t\t<\/div>\n\t\t\t\t<div class=\"elementor-column elementor-col-33 elementor-top-column elementor-element elementor-element-78dc92d\" data-id=\"78dc92d\" data-element_type=\"column\">\n\t\t\t<div class=\"elementor-widget-wrap elementor-element-populated\">\n\t\t\t\t\t\t<div class=\"elementor-element elementor-element-7c84a32 elementor-widget elementor-widget-button\" data-id=\"7c84a32\" data-element_type=\"widget\" data-widget_type=\"button.default\">\n\t\t\t\t<div class=\"elementor-widget-container\">\n\t\t\t\t\t\t\t<div class=\"elementor-button-wrapper\">\n\t\t\t\t\t<a class=\"elementor-button elementor-button-link elementor-size-sm\" href=\"https:\/\/sites.usp.br\/docencia\/disciplina-online-docencia-no-ensino-superior\/\">\n\t\t\t\t\t\t<span class=\"elementor-button-content-wrapper\">\n\t\t\t\t\t\t\t\t\t<span class=\"elementor-button-text\">SAIBA MAIS SOBRE AS ETAPAS E DISCIPLINAS AQUI <\/span>\n\t\t\t\t\t<\/span>\n\t\t\t\t\t<\/a>\n\t\t\t\t<\/div>\n\t\t\t\t\t\t<\/div>\n\t\t\t\t<\/div>\n\t\t\t\t\t<\/div>\n\t\t<\/div>\n\t\t\t\t<div class=\"elementor-column elementor-col-33 elementor-top-column elementor-element elementor-element-9190e52\" data-id=\"9190e52\" data-element_type=\"column\">\n\t\t\t<div class=\"elementor-widget-wrap\">\n\t\t\t\t\t\t\t<\/div>\n\t\t<\/div>\n\t\t\t\t\t<\/div>\n\t\t<\/section>\n\t\t\t\t<\/div>\n\t\t","protected":false},"excerpt":{"rendered":"<p>Em 2019 demos in\u00edcio ao oferecimento de uma atividade voltada ao aprimoramento did\u00e1tico pedag\u00f3gico de docentes USP, contando com\u00a0 70 vagas, em\u00a0 3 etapas, sendo a primeira delas presencial, durante uma semana (abril ou setembro)\u00a0 com carga hor\u00e1ria de 24 horas (9-12hs e 14-17hs); a segunda utilizando o curso online \u201cDoc\u00eancia no Ensino Superior: uma [&hellip;]<\/p>\n","protected":false},"author":1134,"featured_media":0,"parent":0,"menu_order":0,"comment_status":"closed","ping_status":"closed","template":"","meta":{"footnotes":"","_links_to":"","_links_to_target":""},"class_list":["post-282","page","type-page","status-publish","hentry","entry"],"_links":{"self":[{"href":"https:\/\/sites.usp.br\/docencia\/wp-json\/wp\/v2\/pages\/282","targetHints":{"allow":["GET"]}}],"collection":[{"href":"https:\/\/sites.usp.br\/docencia\/wp-json\/wp\/v2\/pages"}],"about":[{"href":"https:\/\/sites.usp.br\/docencia\/wp-json\/wp\/v2\/types\/page"}],"author":[{"embeddable":true,"href":"https:\/\/sites.usp.br\/docencia\/wp-json\/wp\/v2\/users\/1134"}],"replies":[{"embeddable":true,"href":"https:\/\/sites.usp.br\/docencia\/wp-json\/wp\/v2\/comments?post=282"}],"version-history":[{"count":4,"href":"https:\/\/sites.usp.br\/docencia\/wp-json\/wp\/v2\/pages\/282\/revisions"}],"predecessor-version":[{"id":952,"href":"https:\/\/sites.usp.br\/docencia\/wp-json\/wp\/v2\/pages\/282\/revisions\/952"}],"wp:attachment":[{"href":"https:\/\/sites.usp.br\/docencia\/wp-json\/wp\/v2\/media?parent=282"}],"curies":[{"name":"wp","href":"https:\/\/api.w.org\/{rel}","templated":true}]}}