{"id":284,"date":"2019-08-28T11:55:38","date_gmt":"2019-08-28T14:55:38","guid":{"rendered":"http:\/\/sites.usp.br\/docencia\/?page_id=284"},"modified":"2021-02-05T20:56:04","modified_gmt":"2021-02-05T23:56:04","slug":"pos-graduandos","status":"publish","type":"page","link":"https:\/\/sites.usp.br\/docencia\/pos-graduandos\/","title":{"rendered":"P\u00f3s-Graduandos"},"content":{"rendered":"\t\t<div data-elementor-type=\"wp-page\" data-elementor-id=\"284\" class=\"elementor elementor-284\">\n\t\t\t\t\t\t<section class=\"elementor-section elementor-top-section elementor-element elementor-element-27e534fd elementor-section-stretched elementor-section-boxed elementor-section-height-default elementor-section-height-default\" data-id=\"27e534fd\" data-element_type=\"section\" data-settings=\"{&quot;stretch_section&quot;:&quot;section-stretched&quot;,&quot;background_background&quot;:&quot;classic&quot;}\">\n\t\t\t\t\t\t<div class=\"elementor-container elementor-column-gap-default\">\n\t\t\t\t\t<div class=\"elementor-column elementor-col-100 elementor-top-column elementor-element elementor-element-6af9c101\" data-id=\"6af9c101\" data-element_type=\"column\">\n\t\t\t<div class=\"elementor-widget-wrap elementor-element-populated\">\n\t\t\t\t\t\t<div class=\"elementor-element elementor-element-717f0c3 elementor-widget-divider--view-line elementor-widget elementor-widget-divider\" data-id=\"717f0c3\" data-element_type=\"widget\" data-widget_type=\"divider.default\">\n\t\t\t\t<div class=\"elementor-widget-container\">\n\t\t\t\t\t<div class=\"elementor-divider\">\n\t\t\t<span class=\"elementor-divider-separator\">\n\t\t\t\t\t\t<\/span>\n\t\t<\/div>\n\t\t\t\t<\/div>\n\t\t\t\t<\/div>\n\t\t\t\t<div class=\"elementor-element elementor-element-4f53a6c elementor-widget elementor-widget-text-editor\" data-id=\"4f53a6c\" data-element_type=\"widget\" data-widget_type=\"text-editor.default\">\n\t\t\t\t<div class=\"elementor-widget-container\">\n\t\t\t\t\t\t\tAs atividades promovidas por esta Comiss\u00e3o aos p\u00f3s-graduandos USP envolvem o oferecimento do <a href=\"http:\/\/sites.usp.br\/docencia\/pos-graduandos\/curso-online-pos-graduandos\/\">curso online &#8220;Doc\u00eancia no Ensino Superior: uma primeira aproxima\u00e7\u00e3o&#8221;<\/a>, duas vezes ao ano, contando com 1000 vagas cada.\r\n\r\nO curso constitui-se numa s\u00e9rie de entrevistas gravadas com especialistas na \u00e1rea de educa\u00e7\u00e3o e a apresenta\u00e7\u00e3o de recursos did\u00e1ticos envolvendo diferentes temas. Al\u00e9m das leituras sugeridas, ao final os alunos elaboram uma atividade e em sendo aprovada, recebem um certificado de participa\u00e7\u00e3o.\r\n\r\nWorkshops sobre metodologias, capacita\u00e7\u00e3o docente e outros assuntos afins s\u00e3o oferecidos nos diferentes Campi USP. <a href=\"http:\/\/sites.usp.br\/docencia\/pos-graduandos\/workshops\/\">Confira a programa\u00e7\u00e3o!<\/a>\t\t\t\t\t\t<\/div>\n\t\t\t\t<\/div>\n\t\t\t\t<div class=\"elementor-element elementor-element-542f1ac elementor-widget-divider--view-line elementor-widget elementor-widget-divider\" data-id=\"542f1ac\" data-element_type=\"widget\" data-widget_type=\"divider.default\">\n\t\t\t\t<div class=\"elementor-widget-container\">\n\t\t\t\t\t<div class=\"elementor-divider\">\n\t\t\t<span class=\"elementor-divider-separator\">\n\t\t\t\t\t\t<\/span>\n\t\t<\/div>\n\t\t\t\t<\/div>\n\t\t\t\t<\/div>\n\t\t\t\t\t<\/div>\n\t\t<\/div>\n\t\t\t\t\t<\/div>\n\t\t<\/section>\n\t\t\t\t<\/div>\n\t\t","protected":false},"excerpt":{"rendered":"<p>As atividades promovidas por esta Comiss\u00e3o aos p\u00f3s-graduandos USP envolvem o oferecimento do curso online &#8220;Doc\u00eancia no Ensino Superior: uma primeira aproxima\u00e7\u00e3o&#8221;, duas vezes ao ano, contando com 1000 vagas cada. O curso constitui-se numa s\u00e9rie de entrevistas gravadas com especialistas na \u00e1rea de educa\u00e7\u00e3o e a apresenta\u00e7\u00e3o de recursos did\u00e1ticos envolvendo diferentes temas. Al\u00e9m [&hellip;]<\/p>\n","protected":false},"author":1134,"featured_media":0,"parent":0,"menu_order":0,"comment_status":"closed","ping_status":"closed","template":"","meta":{"footnotes":"","_links_to":"","_links_to_target":""},"class_list":["post-284","page","type-page","status-publish","hentry","entry"],"_links":{"self":[{"href":"https:\/\/sites.usp.br\/docencia\/wp-json\/wp\/v2\/pages\/284","targetHints":{"allow":["GET"]}}],"collection":[{"href":"https:\/\/sites.usp.br\/docencia\/wp-json\/wp\/v2\/pages"}],"about":[{"href":"https:\/\/sites.usp.br\/docencia\/wp-json\/wp\/v2\/types\/page"}],"author":[{"embeddable":true,"href":"https:\/\/sites.usp.br\/docencia\/wp-json\/wp\/v2\/users\/1134"}],"replies":[{"embeddable":true,"href":"https:\/\/sites.usp.br\/docencia\/wp-json\/wp\/v2\/comments?post=284"}],"version-history":[{"count":4,"href":"https:\/\/sites.usp.br\/docencia\/wp-json\/wp\/v2\/pages\/284\/revisions"}],"predecessor-version":[{"id":805,"href":"https:\/\/sites.usp.br\/docencia\/wp-json\/wp\/v2\/pages\/284\/revisions\/805"}],"wp:attachment":[{"href":"https:\/\/sites.usp.br\/docencia\/wp-json\/wp\/v2\/media?parent=284"}],"curies":[{"name":"wp","href":"https:\/\/api.w.org\/{rel}","templated":true}]}}