{"id":583,"date":"2020-10-20T21:25:39","date_gmt":"2020-10-21T00:25:39","guid":{"rendered":"http:\/\/sites.usp.br\/docencia\/?page_id=583"},"modified":"2023-11-13T15:26:26","modified_gmt":"2023-11-13T18:26:26","slug":"home-page","status":"publish","type":"page","link":"https:\/\/sites.usp.br\/docencia\/","title":{"rendered":"Home page"},"content":{"rendered":"\t\t<div data-elementor-type=\"wp-page\" data-elementor-id=\"583\" class=\"elementor elementor-583\">\n\t\t\t\t\t\t<section class=\"elementor-section elementor-top-section elementor-element elementor-element-a8c61cb elementor-section-stretched elementor-section-full_width elementor-section-height-min-height elementor-section-items-stretch elementor-section-content-middle elementor-reverse-tablet elementor-reverse-mobile elementor-section-height-default elementor-invisible\" data-id=\"a8c61cb\" data-element_type=\"section\" data-settings=\"{&quot;stretch_section&quot;:&quot;section-stretched&quot;,&quot;animation&quot;:&quot;fadeIn&quot;}\">\n\t\t\t\t\t\t<div class=\"elementor-container elementor-column-gap-narrow\">\n\t\t\t\t\t<div class=\"elementor-column elementor-col-66 elementor-top-column elementor-element elementor-element-992a2b8\" data-id=\"992a2b8\" data-element_type=\"column\">\n\t\t\t<div class=\"elementor-widget-wrap elementor-element-populated\">\n\t\t\t\t\t\t<div class=\"elementor-element elementor-element-c6ee321 elementor-widget elementor-widget-image\" data-id=\"c6ee321\" data-element_type=\"widget\" data-widget_type=\"image.default\">\n\t\t\t\t<div class=\"elementor-widget-container\">\n\t\t\t\t\t\t\t\t\t\t\t\t\t<img fetchpriority=\"high\" decoding=\"async\" width=\"947\" height=\"525\" src=\"https:\/\/sites.usp.br\/docencia\/wp-content\/uploads\/sites\/556\/2020\/10\/colagem-OFICIAL.png\" class=\"attachment-large size-large wp-image-588\" alt=\"\" srcset=\"https:\/\/sites.usp.br\/docencia\/wp-content\/uploads\/sites\/556\/2020\/10\/colagem-OFICIAL.png 947w, https:\/\/sites.usp.br\/docencia\/wp-content\/uploads\/sites\/556\/2020\/10\/colagem-OFICIAL-300x166.png 300w, https:\/\/sites.usp.br\/docencia\/wp-content\/uploads\/sites\/556\/2020\/10\/colagem-OFICIAL-768x426.png 768w\" sizes=\"(max-width: 947px) 100vw, 947px\" \/>\t\t\t\t\t\t\t\t\t\t\t\t\t<\/div>\n\t\t\t\t<\/div>\n\t\t\t\t\t<\/div>\n\t\t<\/div>\n\t\t\t\t<div class=\"elementor-column elementor-col-33 elementor-top-column elementor-element elementor-element-50e522c\" data-id=\"50e522c\" data-element_type=\"column\">\n\t\t\t<div class=\"elementor-widget-wrap elementor-element-populated\">\n\t\t\t\t\t\t<div class=\"elementor-element elementor-element-1c19356 elementor-widget__width-inherit elementor-widget elementor-widget-text-editor\" data-id=\"1c19356\" data-element_type=\"widget\" data-widget_type=\"text-editor.default\">\n\t\t\t\t<div class=\"elementor-widget-container\">\n\t\t\t\t\t\t\t<h2><strong style=\"font-size: 20px; color: #ffffff;\">Comiss\u00e3o de Forma\u00e7\u00e3o Did\u00e1tico Pedag\u00f3gica da Pr\u00f3-Reitoria de P\u00f3s-Gradua\u00e7\u00e3o (PRPG-USP)<\/strong><\/h2><div><strong style=\"font-size: 20px; color: #ffffff;\"><br><\/strong><\/div>\n<p>O objetivo das atividades organizadas pela Comiss\u00e3o de Forma\u00e7\u00e3o Did\u00e1tico Pedag\u00f3gica da Pr\u00f3-Reitoria de P\u00f3s-Gradua\u00e7\u00e3o (PRPG-USP) \u00e9 fomentar a implementa\u00e7\u00e3o de pol\u00edtica b\u00e1sica de complementa\u00e7\u00e3o da forma\u00e7\u00e3o docente, acess\u00edvel a todos alunos de P\u00f3s-Gradua\u00e7\u00e3o da Universidade, com foco nos saberes docentes gerais. A atua\u00e7\u00e3o proposta pela PRPG ser\u00e1 desenvolvida com base em tr\u00eas pilares, dependentes entre si: forma\u00e7\u00e3o did\u00e1tico-pedag\u00f3gica dos p\u00f3s-graduandos; aprimoramento pedag\u00f3gico dos professores; e cria\u00e7\u00e3o de espa\u00e7os de experimenta\u00e7\u00e3o em Pedagogia<\/p>\t\t\t\t\t\t<\/div>\n\t\t\t\t<\/div>\n\t\t\t\t\t<\/div>\n\t\t<\/div>\n\t\t\t\t\t<\/div>\n\t\t<\/section>\n\t\t\t\t<section class=\"elementor-section elementor-top-section elementor-element elementor-element-aa91576 elementor-section-stretched elementor-section-boxed elementor-section-height-default elementor-section-height-default\" data-id=\"aa91576\" data-element_type=\"section\" data-settings=\"{&quot;stretch_section&quot;:&quot;section-stretched&quot;,&quot;background_background&quot;:&quot;classic&quot;}\">\n\t\t\t\t\t\t<div class=\"elementor-container elementor-column-gap-default\">\n\t\t\t\t\t<div class=\"elementor-column elementor-col-100 elementor-top-column elementor-element elementor-element-5885c76\" data-id=\"5885c76\" data-element_type=\"column\">\n\t\t\t<div class=\"elementor-widget-wrap elementor-element-populated\">\n\t\t\t\t\t\t<div class=\"elementor-element elementor-element-48a90cb elementor-widget elementor-widget-spacer\" data-id=\"48a90cb\" data-element_type=\"widget\" data-widget_type=\"spacer.default\">\n\t\t\t\t<div class=\"elementor-widget-container\">\n\t\t\t\t\t<div class=\"elementor-spacer\">\n\t\t\t<div class=\"elementor-spacer-inner\"><\/div>\n\t\t<\/div>\n\t\t\t\t<\/div>\n\t\t\t\t<\/div>\n\t\t\t\t<div class=\"elementor-element elementor-element-12296f4 elementor-align-center elementor-widget elementor-widget-button\" data-id=\"12296f4\" data-element_type=\"widget\" data-widget_type=\"button.default\">\n\t\t\t\t<div class=\"elementor-widget-container\">\n\t\t\t\t\t\t\t<div class=\"elementor-button-wrapper\">\n\t\t\t\t\t<a class=\"elementor-button elementor-button-link elementor-size-lg\" href=\"https:\/\/sites.usp.br\/docencia\/vivenciando2023\">\n\t\t\t\t\t\t<span class=\"elementor-button-content-wrapper\">\n\t\t\t\t\t\t<span class=\"elementor-button-icon\">\n\t\t\t\t<i aria-hidden=\"true\" class=\"fas fa-comments\"><\/i>\t\t\t<\/span>\n\t\t\t\t\t\t\t\t\t<span class=\"elementor-button-text\">VIVENCIANDO 2023<\/span>\n\t\t\t\t\t<\/span>\n\t\t\t\t\t<\/a>\n\t\t\t\t<\/div>\n\t\t\t\t\t\t<\/div>\n\t\t\t\t<\/div>\n\t\t\t\t<div class=\"elementor-element elementor-element-dfaf0ee elementor-widget elementor-widget-spacer\" data-id=\"dfaf0ee\" data-element_type=\"widget\" data-widget_type=\"spacer.default\">\n\t\t\t\t<div class=\"elementor-widget-container\">\n\t\t\t\t\t<div class=\"elementor-spacer\">\n\t\t\t<div class=\"elementor-spacer-inner\"><\/div>\n\t\t<\/div>\n\t\t\t\t<\/div>\n\t\t\t\t<\/div>\n\t\t\t\t\t<\/div>\n\t\t<\/div>\n\t\t\t\t\t<\/div>\n\t\t<\/section>\n\t\t\t\t<section class=\"elementor-section elementor-top-section elementor-element elementor-element-3f606db elementor-section-stretched elementor-section-full_width elementor-section-height-default elementor-section-height-default\" data-id=\"3f606db\" data-element_type=\"section\" data-settings=\"{&quot;stretch_section&quot;:&quot;section-stretched&quot;,&quot;background_background&quot;:&quot;classic&quot;}\">\n\t\t\t\t\t\t<div class=\"elementor-container elementor-column-gap-default\">\n\t\t\t\t\t<div class=\"elementor-column elementor-col-33 elementor-top-column elementor-element elementor-element-dbdd3c5\" data-id=\"dbdd3c5\" data-element_type=\"column\">\n\t\t\t<div class=\"elementor-widget-wrap elementor-element-populated\">\n\t\t\t\t\t\t<div class=\"elementor-element elementor-element-976ecf5 elementor-widget elementor-widget-spacer\" data-id=\"976ecf5\" data-element_type=\"widget\" data-widget_type=\"spacer.default\">\n\t\t\t\t<div class=\"elementor-widget-container\">\n\t\t\t\t\t<div class=\"elementor-spacer\">\n\t\t\t<div class=\"elementor-spacer-inner\"><\/div>\n\t\t<\/div>\n\t\t\t\t<\/div>\n\t\t\t\t<\/div>\n\t\t\t\t\t<\/div>\n\t\t<\/div>\n\t\t\t\t<div class=\"elementor-column elementor-col-66 elementor-top-column elementor-element elementor-element-178d35e\" data-id=\"178d35e\" data-element_type=\"column\">\n\t\t\t<div class=\"elementor-widget-wrap\">\n\t\t\t\t\t\t\t<\/div>\n\t\t<\/div>\n\t\t\t\t\t<\/div>\n\t\t<\/section>\n\t\t\t\t<section class=\"elementor-section elementor-top-section elementor-element elementor-element-3538de0 elementor-section-stretched elementor-section-full_width elementor-section-height-default elementor-section-height-default\" data-id=\"3538de0\" data-element_type=\"section\" data-settings=\"{&quot;stretch_section&quot;:&quot;section-stretched&quot;,&quot;background_background&quot;:&quot;classic&quot;}\">\n\t\t\t\t\t\t<div class=\"elementor-container elementor-column-gap-default\">\n\t\t\t\t\t<div class=\"elementor-column elementor-col-50 elementor-top-column elementor-element elementor-element-a1f05d8\" data-id=\"a1f05d8\" data-element_type=\"column\">\n\t\t\t<div class=\"elementor-widget-wrap elementor-element-populated\">\n\t\t\t\t\t\t<div class=\"elementor-element elementor-element-dfebd27 elementor-widget elementor-widget-spacer\" data-id=\"dfebd27\" data-element_type=\"widget\" data-widget_type=\"spacer.default\">\n\t\t\t\t<div class=\"elementor-widget-container\">\n\t\t\t\t\t<div class=\"elementor-spacer\">\n\t\t\t<div class=\"elementor-spacer-inner\"><\/div>\n\t\t<\/div>\n\t\t\t\t<\/div>\n\t\t\t\t<\/div>\n\t\t\t\t<div class=\"elementor-element elementor-element-bb89de0 elementor-widget elementor-widget-image\" data-id=\"bb89de0\" data-element_type=\"widget\" data-widget_type=\"image.default\">\n\t\t\t\t<div class=\"elementor-widget-container\">\n\t\t\t\t\t\t\t\t\t\t\t\t\t<img decoding=\"async\" src=\"https:\/\/sites.usp.br\/docencia\/wp-content\/uploads\/sites\/556\/2021\/02\/2323.png\" title=\"2323\" alt=\"2323\" loading=\"lazy\" \/>\t\t\t\t\t\t\t\t\t\t\t\t\t<\/div>\n\t\t\t\t<\/div>\n\t\t\t\t\t<\/div>\n\t\t<\/div>\n\t\t\t\t<div class=\"elementor-column elementor-col-50 elementor-top-column elementor-element elementor-element-618f8be\" data-id=\"618f8be\" data-element_type=\"column\">\n\t\t\t<div class=\"elementor-widget-wrap elementor-element-populated\">\n\t\t\t\t\t\t<div class=\"elementor-element elementor-element-73e7d92 elementor-widget__width-inherit elementor-widget elementor-widget-text-editor\" data-id=\"73e7d92\" data-element_type=\"widget\" data-widget_type=\"text-editor.default\">\n\t\t\t\t<div class=\"elementor-widget-container\">\n\t\t\t\t\t\t\t<h1><strong style=\"font-size: 23px; color: rgb(255, 255, 255);\"><br><\/strong><\/h1>\n<h1><strong style=\"font-size: 23px; color: rgb(255, 255, 255);\">MISS\u00c3O<\/strong><br><\/h1>\n<p>O objetivo das atividades organizadas pela Comiss\u00e3o de Forma\u00e7\u00e3o Did\u00e1tico Pedag\u00f3gica da Pr\u00f3-Reitoria de P\u00f3s-Gradua\u00e7\u00e3o (PRPG-USP) \u00e9 fomentar a implementa\u00e7\u00e3o de pol\u00edtica b\u00e1sica de complementa\u00e7\u00e3o da forma\u00e7\u00e3o docente, acess\u00edvel a todos alunos de P\u00f3s-Gradua\u00e7\u00e3o da Universidade, com foco nos saberes docentes gerais.<\/p>\n<p>A atua\u00e7\u00e3o proposta pela PRPG ser\u00e1 desenvolvida com base em tr\u00eas pilares, dependentes entre si: forma\u00e7\u00e3o did\u00e1tico-pedag\u00f3gica dos p\u00f3s-graduandos; aprimoramento pedag\u00f3gico dos professores; e cria\u00e7\u00e3o de espa\u00e7os de experimenta\u00e7\u00e3o em Pedagogia.<\/p><p><br><\/p>\t\t\t\t\t\t<\/div>\n\t\t\t\t<\/div>\n\t\t\t\t\t<\/div>\n\t\t<\/div>\n\t\t\t\t\t<\/div>\n\t\t<\/section>\n\t\t\t\t<section class=\"elementor-section elementor-top-section elementor-element elementor-element-a3aac07 elementor-section-stretched elementor-section-full_width elementor-section-height-default elementor-section-height-default\" data-id=\"a3aac07\" data-element_type=\"section\" data-settings=\"{&quot;stretch_section&quot;:&quot;section-stretched&quot;,&quot;background_background&quot;:&quot;classic&quot;}\">\n\t\t\t\t\t\t<div class=\"elementor-container elementor-column-gap-default\">\n\t\t\t\t\t<div class=\"elementor-column elementor-col-50 elementor-top-column elementor-element elementor-element-a50b3bf\" data-id=\"a50b3bf\" data-element_type=\"column\">\n\t\t\t<div class=\"elementor-widget-wrap elementor-element-populated\">\n\t\t\t\t\t\t<div class=\"elementor-element elementor-element-c8f493f elementor-widget elementor-widget-text-editor\" data-id=\"c8f493f\" data-element_type=\"widget\" data-widget_type=\"text-editor.default\">\n\t\t\t\t<div class=\"elementor-widget-container\">\n\t\t\t\t\t\t\t<h1 style=\"text-align: right;\"><span style=\"color: #ffffff; font-size: 23px; letter-spacing: 1.4px;\">\u00a0<\/span><\/h1><h1 style=\"text-align: right;\"><span style=\"color: #ffffff; font-size: 23px; letter-spacing: 1.4px;\">MEMBROS<\/span><\/h1><p>Prof. Luiz Felipe Pinho Moreira (FM) (2016 &#8211; atual)<br \/>Prof. Alan Durham Mitchell (IME) (2016 &#8211; 2017)<br \/>Profa. Adriana Backx Noronha Viana (FEA) (2016 &#8211; atual)<br \/>Profa. Ana Estela Haddad (FO) (2016 &#8211; atual)<br \/>Prof. Carlos Arturo Navas Iannini (IB) (2016 &#8211; atual)<br \/>Profa. Dagma Venturini Marques Abramides (FOB) (2016 &#8211; atual)<br \/>Prof. Fabio Gregori (FMVZ) (2016 &#8211; atual)<br \/>Prof. Manoel Rodrigues Alves (IAU) (2016 &#8211; atual)<br \/>Profa. Maria Luiza M. Barreto Chaves (ICB) (2019 &#8211; atual)<br \/>Profa. Noeli Prestes Padilha Rivas (FFCLRP) (2019 &#8211; atual)<br \/>Profa. Paula Perin Vicentini (FE) (2016 &#8211; atual)<br \/>Profa. Rita de Cassia Gallego (FE) (2016 &#8211; atual)<br \/>Prof. Ricardo de Carvalho Cavalli (FMRP) (2016 &#8211; 2017)<br \/>Prof. Roberto Gomes de Souza Berlinck (IQSC) (2016 &#8211; 2017)<br \/>Prof. Valdes Roberto Bollela (FMRP) (2019 &#8211; atual)<\/p>\t\t\t\t\t\t<\/div>\n\t\t\t\t<\/div>\n\t\t\t\t\t<\/div>\n\t\t<\/div>\n\t\t\t\t<div class=\"elementor-column elementor-col-50 elementor-top-column elementor-element elementor-element-1e68223\" data-id=\"1e68223\" data-element_type=\"column\">\n\t\t\t<div class=\"elementor-widget-wrap elementor-element-populated\">\n\t\t\t\t\t\t<div class=\"elementor-element elementor-element-c410b05 elementor-widget elementor-widget-spacer\" data-id=\"c410b05\" data-element_type=\"widget\" data-widget_type=\"spacer.default\">\n\t\t\t\t<div class=\"elementor-widget-container\">\n\t\t\t\t\t<div class=\"elementor-spacer\">\n\t\t\t<div class=\"elementor-spacer-inner\"><\/div>\n\t\t<\/div>\n\t\t\t\t<\/div>\n\t\t\t\t<\/div>\n\t\t\t\t<div class=\"elementor-element elementor-element-abf83b1 elementor-widget elementor-widget-image\" data-id=\"abf83b1\" data-element_type=\"widget\" data-widget_type=\"image.default\">\n\t\t\t\t<div class=\"elementor-widget-container\">\n\t\t\t\t\t\t\t\t\t\t\t\t\t<img decoding=\"async\" width=\"1024\" height=\"525\" src=\"https:\/\/sites.usp.br\/docencia\/wp-content\/uploads\/sites\/556\/2020\/10\/colagem-005.png\" class=\"attachment-large size-large wp-image-595\" alt=\"\" srcset=\"https:\/\/sites.usp.br\/docencia\/wp-content\/uploads\/sites\/556\/2020\/10\/colagem-005.png 1024w, https:\/\/sites.usp.br\/docencia\/wp-content\/uploads\/sites\/556\/2020\/10\/colagem-005-300x154.png 300w, https:\/\/sites.usp.br\/docencia\/wp-content\/uploads\/sites\/556\/2020\/10\/colagem-005-768x394.png 768w\" sizes=\"(max-width: 1024px) 100vw, 1024px\" \/>\t\t\t\t\t\t\t\t\t\t\t\t\t<\/div>\n\t\t\t\t<\/div>\n\t\t\t\t\t<\/div>\n\t\t<\/div>\n\t\t\t\t\t<\/div>\n\t\t<\/section>\n\t\t\t\t<\/div>\n\t\t","protected":false},"excerpt":{"rendered":"<p>Comiss\u00e3o de Forma\u00e7\u00e3o Did\u00e1tico Pedag\u00f3gica da Pr\u00f3-Reitoria de P\u00f3s-Gradua\u00e7\u00e3o (PRPG-USP) O objetivo das atividades organizadas pela Comiss\u00e3o de Forma\u00e7\u00e3o Did\u00e1tico Pedag\u00f3gica da Pr\u00f3-Reitoria de P\u00f3s-Gradua\u00e7\u00e3o (PRPG-USP) \u00e9 fomentar a implementa\u00e7\u00e3o de pol\u00edtica b\u00e1sica de complementa\u00e7\u00e3o da forma\u00e7\u00e3o docente, acess\u00edvel a todos alunos de P\u00f3s-Gradua\u00e7\u00e3o da Universidade, com foco nos saberes docentes gerais. A atua\u00e7\u00e3o proposta [&hellip;]<\/p>\n","protected":false},"author":22119,"featured_media":0,"parent":0,"menu_order":0,"comment_status":"closed","ping_status":"closed","template":"","meta":{"footnotes":"","_links_to":"","_links_to_target":""},"class_list":["post-583","page","type-page","status-publish","hentry","entry"],"_links":{"self":[{"href":"https:\/\/sites.usp.br\/docencia\/wp-json\/wp\/v2\/pages\/583","targetHints":{"allow":["GET"]}}],"collection":[{"href":"https:\/\/sites.usp.br\/docencia\/wp-json\/wp\/v2\/pages"}],"about":[{"href":"https:\/\/sites.usp.br\/docencia\/wp-json\/wp\/v2\/types\/page"}],"author":[{"embeddable":true,"href":"https:\/\/sites.usp.br\/docencia\/wp-json\/wp\/v2\/users\/22119"}],"replies":[{"embeddable":true,"href":"https:\/\/sites.usp.br\/docencia\/wp-json\/wp\/v2\/comments?post=583"}],"version-history":[{"count":5,"href":"https:\/\/sites.usp.br\/docencia\/wp-json\/wp\/v2\/pages\/583\/revisions"}],"predecessor-version":[{"id":1067,"href":"https:\/\/sites.usp.br\/docencia\/wp-json\/wp\/v2\/pages\/583\/revisions\/1067"}],"wp:attachment":[{"href":"https:\/\/sites.usp.br\/docencia\/wp-json\/wp\/v2\/media?parent=583"}],"curies":[{"name":"wp","href":"https:\/\/api.w.org\/{rel}","templated":true}]}}