{"id":630,"date":"2020-10-27T20:20:56","date_gmt":"2020-10-27T23:20:56","guid":{"rendered":"http:\/\/sites.usp.br\/docencia\/?page_id=630"},"modified":"2021-07-05T00:33:56","modified_gmt":"2021-07-05T03:33:56","slug":"workshops","status":"publish","type":"page","link":"https:\/\/sites.usp.br\/docencia\/workshops\/","title":{"rendered":"WORKSHOPS"},"content":{"rendered":"\t\t<div data-elementor-type=\"wp-page\" data-elementor-id=\"630\" class=\"elementor elementor-630\">\n\t\t\t\t\t\t<section class=\"elementor-section elementor-top-section elementor-element elementor-element-42cc6b9 elementor-section-boxed elementor-section-height-default elementor-section-height-default\" data-id=\"42cc6b9\" data-element_type=\"section\">\n\t\t\t\t\t\t<div class=\"elementor-container elementor-column-gap-default\">\n\t\t\t\t\t<div class=\"elementor-column elementor-col-66 elementor-top-column elementor-element elementor-element-461c80a\" data-id=\"461c80a\" data-element_type=\"column\">\n\t\t\t<div class=\"elementor-widget-wrap elementor-element-populated\">\n\t\t\t\t\t\t<div class=\"elementor-element elementor-element-1165000 elementor-widget elementor-widget-heading\" data-id=\"1165000\" data-element_type=\"widget\" data-widget_type=\"heading.default\">\n\t\t\t\t<div class=\"elementor-widget-container\">\n\t\t\t<h2 class=\"elementor-heading-title elementor-size-default\">WORKSHOPS<\/h2>\t\t<\/div>\n\t\t\t\t<\/div>\n\t\t\t\t\t<\/div>\n\t\t<\/div>\n\t\t\t\t<div class=\"elementor-column elementor-col-33 elementor-top-column elementor-element elementor-element-54da4db\" data-id=\"54da4db\" data-element_type=\"column\">\n\t\t\t<div class=\"elementor-widget-wrap\">\n\t\t\t\t\t\t\t<\/div>\n\t\t<\/div>\n\t\t\t\t\t<\/div>\n\t\t<\/section>\n\t\t\t\t<section class=\"elementor-section elementor-top-section elementor-element elementor-element-69c0c57 elementor-section-stretched elementor-section-boxed elementor-section-height-default elementor-section-height-default\" data-id=\"69c0c57\" data-element_type=\"section\" data-settings=\"{&quot;stretch_section&quot;:&quot;section-stretched&quot;}\">\n\t\t\t\t\t\t<div class=\"elementor-container elementor-column-gap-default\">\n\t\t\t\t\t<div class=\"elementor-column elementor-col-100 elementor-top-column elementor-element elementor-element-6a7b523\" data-id=\"6a7b523\" data-element_type=\"column\">\n\t\t\t<div class=\"elementor-widget-wrap elementor-element-populated\">\n\t\t\t\t\t\t<div class=\"elementor-element elementor-element-af14e75 elementor-tabs-view-vertical elementor-widget elementor-widget-tabs\" data-id=\"af14e75\" data-element_type=\"widget\" data-widget_type=\"tabs.default\">\n\t\t\t\t<div class=\"elementor-widget-container\">\n\t\t\t\t\t<div class=\"elementor-tabs\">\n\t\t\t<div class=\"elementor-tabs-wrapper\" role=\"tablist\" >\n\t\t\t\t\t\t\t\t\t<div id=\"elementor-tab-title-1831\" class=\"elementor-tab-title elementor-tab-desktop-title\" aria-selected=\"true\" data-tab=\"1\" role=\"tab\" tabindex=\"0\" aria-controls=\"elementor-tab-content-1831\" aria-expanded=\"false\">Workshop: 2019<\/div>\n\t\t\t\t\t\t\t\t\t<div id=\"elementor-tab-title-1832\" class=\"elementor-tab-title elementor-tab-desktop-title\" aria-selected=\"false\" data-tab=\"2\" role=\"tab\" tabindex=\"-1\" aria-controls=\"elementor-tab-content-1832\" aria-expanded=\"false\">Workshop: 2018<\/div>\n\t\t\t\t\t\t\t\t\t<div id=\"elementor-tab-title-1833\" class=\"elementor-tab-title elementor-tab-desktop-title\" aria-selected=\"false\" data-tab=\"3\" role=\"tab\" tabindex=\"-1\" aria-controls=\"elementor-tab-content-1833\" aria-expanded=\"false\">Workshop: 2017 <\/div>\n\t\t\t\t\t\t\t<\/div>\n\t\t\t<div class=\"elementor-tabs-content-wrapper\" role=\"tablist\" aria-orientation=\"vertical\">\n\t\t\t\t\t\t\t\t\t<div class=\"elementor-tab-title elementor-tab-mobile-title\" aria-selected=\"true\" data-tab=\"1\" role=\"tab\" tabindex=\"0\" aria-controls=\"elementor-tab-content-1831\" aria-expanded=\"false\">Workshop: 2019<\/div>\n\t\t\t\t\t<div id=\"elementor-tab-content-1831\" class=\"elementor-tab-content elementor-clearfix\" data-tab=\"1\" role=\"tabpanel\" aria-labelledby=\"elementor-tab-title-1831\" tabindex=\"0\" hidden=\"false\"><ul><li><span style=\"color: #333333;\">22\/03\/2019 &#8211; Informa\u00e7\u00e3o, Visualiza\u00e7\u00e3o e Compreens\u00e3o: o Design como Recurso para a P\u00f3s-Gradua\u00e7\u00e3o<\/span><\/li><li><span style=\"color: #333333;\">08\/05\/2019 &#8211; Tecnologias da Informa\u00e7\u00e3o, Metodologias Ativas e Pr\u00e1ticas Pedag\u00f3gicas<\/span><\/li><li><span style=\"color: #333333;\">29\/05\/2019 &#8211; A linguagem Argumentativa na Pr\u00e1tica Cient\u00edfica: a rela\u00e7\u00e3o entre dados, evidencias e afirma\u00e7\u00f5es cient\u00edficas<\/span><\/li><li><span style=\"color: #333333;\">21\/10\/2019 &#8211; Subjetividade: bem-estar e fatores de risco na vida acad\u00eamica<\/span><\/li><\/ul><p><span style=\"color: #333333;\"><a style=\"color: #333333;\" href=\"https:\/\/sites.usp.br\/docencia\/wp-content\/uploads\/sites\/556\/2019\/08\/workshops.jpg\"><img fetchpriority=\"high\" decoding=\"async\" class=\"size-medium wp-image-432 aligncenter\" src=\"https:\/\/sites.usp.br\/docencia\/wp-content\/uploads\/sites\/556\/2019\/08\/workshops-271x300.jpg\" alt=\"\" width=\"271\" height=\"300\" srcset=\"https:\/\/sites.usp.br\/docencia\/wp-content\/uploads\/sites\/556\/2019\/08\/workshops-271x300.jpg 271w, https:\/\/sites.usp.br\/docencia\/wp-content\/uploads\/sites\/556\/2019\/08\/workshops.jpg 718w\" sizes=\"(max-width: 271px) 100vw, 271px\" \/><\/a><\/span><\/p><\/div>\n\t\t\t\t\t\t\t\t\t<div class=\"elementor-tab-title elementor-tab-mobile-title\" aria-selected=\"false\" data-tab=\"2\" role=\"tab\" tabindex=\"-1\" aria-controls=\"elementor-tab-content-1832\" aria-expanded=\"false\">Workshop: 2018<\/div>\n\t\t\t\t\t<div id=\"elementor-tab-content-1832\" class=\"elementor-tab-content elementor-clearfix\" data-tab=\"2\" role=\"tabpanel\" aria-labelledby=\"elementor-tab-title-1832\" tabindex=\"0\" hidden=\"hidden\"><ul><li>22\/05\/2018 &#8211; Construindo e-books com a SAITERBooker<\/li><li>20\/06\/2018 &#8211; Jigsaw Puzzle: Transforme a sua Sala de Aula em um Ambiente de Aprendizagem<\/li><\/ul><\/div>\n\t\t\t\t\t\t\t\t\t<div class=\"elementor-tab-title elementor-tab-mobile-title\" aria-selected=\"false\" data-tab=\"3\" role=\"tab\" tabindex=\"-1\" aria-controls=\"elementor-tab-content-1833\" aria-expanded=\"false\">Workshop: 2017 <\/div>\n\t\t\t\t\t<div id=\"elementor-tab-content-1833\" class=\"elementor-tab-content elementor-clearfix\" data-tab=\"3\" role=\"tabpanel\" aria-labelledby=\"elementor-tab-title-1833\" tabindex=\"0\" hidden=\"hidden\"><ul><li>05\/09\/2017 &#8211; Informa\u00e7\u00e3o, Visualiza\u00e7\u00e3o e Compreens\u00e3o: o design como recurso para a p\u00f3s-gradua\u00e7\u00e3o<strong><br \/><\/strong><\/li><li>04\/09\/2017 &#8211; Compet\u00eancia Comunicativa na P\u00f3s-Gradua\u00e7\u00e3o: o impacto da comunica\u00e7\u00e3o interpessoal consciente no ambiente profissional<\/li><\/ul><\/div>\n\t\t\t\t\t\t\t<\/div>\n\t\t<\/div>\n\t\t\t\t<\/div>\n\t\t\t\t<\/div>\n\t\t\t\t\t<\/div>\n\t\t<\/div>\n\t\t\t\t\t<\/div>\n\t\t<\/section>\n\t\t\t\t<\/div>\n\t\t","protected":false},"excerpt":{"rendered":"<p>WORKSHOPS Workshop: 2019 Workshop: 2018 Workshop: 2017 Workshop: 2019 22\/03\/2019 &#8211; Informa\u00e7\u00e3o, Visualiza\u00e7\u00e3o e Compreens\u00e3o: o Design como Recurso para a P\u00f3s-Gradua\u00e7\u00e3o 08\/05\/2019 &#8211; Tecnologias da Informa\u00e7\u00e3o, Metodologias Ativas e Pr\u00e1ticas Pedag\u00f3gicas 29\/05\/2019 &#8211; A linguagem Argumentativa na Pr\u00e1tica Cient\u00edfica: a rela\u00e7\u00e3o entre dados, evidencias e afirma\u00e7\u00f5es cient\u00edficas 21\/10\/2019 &#8211; Subjetividade: bem-estar e fatores de [&hellip;]<\/p>\n","protected":false},"author":22119,"featured_media":0,"parent":0,"menu_order":0,"comment_status":"closed","ping_status":"closed","template":"","meta":{"footnotes":"","_links_to":"","_links_to_target":""},"class_list":["post-630","page","type-page","status-publish","hentry","entry"],"_links":{"self":[{"href":"https:\/\/sites.usp.br\/docencia\/wp-json\/wp\/v2\/pages\/630","targetHints":{"allow":["GET"]}}],"collection":[{"href":"https:\/\/sites.usp.br\/docencia\/wp-json\/wp\/v2\/pages"}],"about":[{"href":"https:\/\/sites.usp.br\/docencia\/wp-json\/wp\/v2\/types\/page"}],"author":[{"embeddable":true,"href":"https:\/\/sites.usp.br\/docencia\/wp-json\/wp\/v2\/users\/22119"}],"replies":[{"embeddable":true,"href":"https:\/\/sites.usp.br\/docencia\/wp-json\/wp\/v2\/comments?post=630"}],"version-history":[{"count":4,"href":"https:\/\/sites.usp.br\/docencia\/wp-json\/wp\/v2\/pages\/630\/revisions"}],"predecessor-version":[{"id":908,"href":"https:\/\/sites.usp.br\/docencia\/wp-json\/wp\/v2\/pages\/630\/revisions\/908"}],"wp:attachment":[{"href":"https:\/\/sites.usp.br\/docencia\/wp-json\/wp\/v2\/media?parent=630"}],"curies":[{"name":"wp","href":"https:\/\/api.w.org\/{rel}","templated":true}]}}