{"id":658,"date":"2020-11-11T19:54:06","date_gmt":"2020-11-11T22:54:06","guid":{"rendered":"http:\/\/sites.usp.br\/docencia\/?page_id=658"},"modified":"2021-06-28T19:42:23","modified_gmt":"2021-06-28T22:42:23","slug":"contato","status":"publish","type":"page","link":"https:\/\/sites.usp.br\/docencia\/contato\/","title":{"rendered":"contato"},"content":{"rendered":"\t\t<div data-elementor-type=\"wp-page\" data-elementor-id=\"658\" class=\"elementor elementor-658\">\n\t\t\t\t\t\t<section class=\"elementor-section elementor-top-section elementor-element elementor-element-b3f23b5 elementor-section-boxed elementor-section-height-default elementor-section-height-default\" data-id=\"b3f23b5\" data-element_type=\"section\">\n\t\t\t\t\t\t<div class=\"elementor-container elementor-column-gap-default\">\n\t\t\t\t\t<div class=\"elementor-column elementor-col-100 elementor-top-column elementor-element elementor-element-d94c9a9\" data-id=\"d94c9a9\" data-element_type=\"column\">\n\t\t\t<div class=\"elementor-widget-wrap elementor-element-populated\">\n\t\t\t\t\t\t<div class=\"elementor-element elementor-element-c6dccc1 elementor-widget elementor-widget-text-editor\" data-id=\"c6dccc1\" data-element_type=\"widget\" data-widget_type=\"text-editor.default\">\n\t\t\t\t<div class=\"elementor-widget-container\">\n\t\t\t\t\t\t\t<h3 style=\"text-align: center;\"><span style=\"color: #ffffff;\"><b>Comiss\u00e3o de Forma\u00e7\u00e3o Did\u00e1tico Pedag\u00f3gica da Pr\u00f3-Reitoria de P\u00f3s-Gradua\u00e7\u00e3o\u00a0<\/b><\/span><\/h3><h3 style=\"text-align: center;\"><span style=\"color: #ffffff;\">contato:<\/span> prpg_formacaodidatica@usp.br<\/h3><div>\u00a0<\/div>\t\t\t\t\t\t<\/div>\n\t\t\t\t<\/div>\n\t\t\t\t\t<\/div>\n\t\t<\/div>\n\t\t\t\t\t<\/div>\n\t\t<\/section>\n\t\t\t\t<section class=\"elementor-section elementor-top-section elementor-element elementor-element-7e9d363 elementor-section-boxed elementor-section-height-default elementor-section-height-default\" data-id=\"7e9d363\" data-element_type=\"section\">\n\t\t\t\t\t\t<div class=\"elementor-container elementor-column-gap-default\">\n\t\t\t\t\t<div class=\"elementor-column elementor-col-100 elementor-top-column elementor-element elementor-element-d9fd433\" data-id=\"d9fd433\" data-element_type=\"column\">\n\t\t\t<div class=\"elementor-widget-wrap\">\n\t\t\t\t\t\t\t<\/div>\n\t\t<\/div>\n\t\t\t\t\t<\/div>\n\t\t<\/section>\n\t\t\t\t<\/div>\n\t\t","protected":false},"excerpt":{"rendered":"<p>Comiss\u00e3o de Forma\u00e7\u00e3o Did\u00e1tico Pedag\u00f3gica da Pr\u00f3-Reitoria de P\u00f3s-Gradua\u00e7\u00e3o\u00a0 contato: prpg_formacaodidatica@usp.br \u00a0[wpforms id=&#8221;895&#8243; title=&#8221;false&#8221; description=&#8221;false&#8221;]<\/p>\n","protected":false},"author":22119,"featured_media":0,"parent":0,"menu_order":0,"comment_status":"closed","ping_status":"closed","template":"","meta":{"footnotes":"","_links_to":"","_links_to_target":""},"class_list":["post-658","page","type-page","status-publish","hentry","entry"],"_links":{"self":[{"href":"https:\/\/sites.usp.br\/docencia\/wp-json\/wp\/v2\/pages\/658","targetHints":{"allow":["GET"]}}],"collection":[{"href":"https:\/\/sites.usp.br\/docencia\/wp-json\/wp\/v2\/pages"}],"about":[{"href":"https:\/\/sites.usp.br\/docencia\/wp-json\/wp\/v2\/types\/page"}],"author":[{"embeddable":true,"href":"https:\/\/sites.usp.br\/docencia\/wp-json\/wp\/v2\/users\/22119"}],"replies":[{"embeddable":true,"href":"https:\/\/sites.usp.br\/docencia\/wp-json\/wp\/v2\/comments?post=658"}],"version-history":[{"count":6,"href":"https:\/\/sites.usp.br\/docencia\/wp-json\/wp\/v2\/pages\/658\/revisions"}],"predecessor-version":[{"id":903,"href":"https:\/\/sites.usp.br\/docencia\/wp-json\/wp\/v2\/pages\/658\/revisions\/903"}],"wp:attachment":[{"href":"https:\/\/sites.usp.br\/docencia\/wp-json\/wp\/v2\/media?parent=658"}],"curies":[{"name":"wp","href":"https:\/\/api.w.org\/{rel}","templated":true}]}}