{"id":674,"date":"2020-11-12T12:58:50","date_gmt":"2020-11-12T15:58:50","guid":{"rendered":"http:\/\/sites.usp.br\/docencia\/?page_id=674"},"modified":"2021-02-11T16:09:41","modified_gmt":"2021-02-11T19:09:41","slug":"cursos","status":"publish","type":"page","link":"https:\/\/sites.usp.br\/docencia\/cursos\/","title":{"rendered":"Cursos"},"content":{"rendered":"\t\t<div data-elementor-type=\"wp-page\" data-elementor-id=\"674\" class=\"elementor elementor-674\">\n\t\t\t\t\t\t<section class=\"elementor-section elementor-top-section elementor-element elementor-element-237617f elementor-section-boxed elementor-section-height-default elementor-section-height-default\" data-id=\"237617f\" data-element_type=\"section\">\n\t\t\t\t\t\t<div class=\"elementor-container elementor-column-gap-default\">\n\t\t\t\t\t<div class=\"elementor-column elementor-col-66 elementor-top-column elementor-element elementor-element-fc316c8\" data-id=\"fc316c8\" data-element_type=\"column\">\n\t\t\t<div class=\"elementor-widget-wrap elementor-element-populated\">\n\t\t\t\t\t\t<div class=\"elementor-element elementor-element-f96bd93 elementor-widget elementor-widget-heading\" data-id=\"f96bd93\" data-element_type=\"widget\" data-widget_type=\"heading.default\">\n\t\t\t\t<div class=\"elementor-widget-container\">\n\t\t\t<h2 class=\"elementor-heading-title elementor-size-default\">Cursos oferecidos<\/h2>\t\t<\/div>\n\t\t\t\t<\/div>\n\t\t\t\t\t<\/div>\n\t\t<\/div>\n\t\t\t\t<div class=\"elementor-column elementor-col-33 elementor-top-column elementor-element elementor-element-9c4b29a\" data-id=\"9c4b29a\" data-element_type=\"column\">\n\t\t\t<div class=\"elementor-widget-wrap\">\n\t\t\t\t\t\t\t<\/div>\n\t\t<\/div>\n\t\t\t\t\t<\/div>\n\t\t<\/section>\n\t\t\t\t<section class=\"elementor-section elementor-top-section elementor-element elementor-element-8b2842e elementor-section-stretched elementor-section-boxed elementor-section-height-default elementor-section-height-default\" data-id=\"8b2842e\" data-element_type=\"section\" data-settings=\"{&quot;stretch_section&quot;:&quot;section-stretched&quot;}\">\n\t\t\t\t\t\t<div class=\"elementor-container elementor-column-gap-default\">\n\t\t\t\t\t<div class=\"elementor-column elementor-col-100 elementor-top-column elementor-element elementor-element-583f90f\" data-id=\"583f90f\" data-element_type=\"column\">\n\t\t\t<div class=\"elementor-widget-wrap elementor-element-populated\">\n\t\t\t\t\t\t<div class=\"elementor-element elementor-element-cb1ba23 elementor-widget elementor-widget-toggle\" data-id=\"cb1ba23\" data-element_type=\"widget\" data-widget_type=\"toggle.default\">\n\t\t\t\t<div class=\"elementor-widget-container\">\n\t\t\t\t\t<div class=\"elementor-toggle\">\n\t\t\t\t\t\t\t<div class=\"elementor-toggle-item\">\n\t\t\t\t\t<h3 id=\"elementor-tab-title-2121\" class=\"elementor-tab-title\" data-tab=\"1\" role=\"button\" aria-controls=\"elementor-tab-content-2121\" aria-expanded=\"false\">\n\t\t\t\t\t\t\t\t\t\t\t\t<span class=\"elementor-toggle-icon elementor-toggle-icon-left\" aria-hidden=\"true\">\n\t\t\t\t\t\t\t\t\t\t\t\t\t\t\t<span class=\"elementor-toggle-icon-closed\"><i class=\"fas fa-angle-double-down\"><\/i><\/span>\n\t\t\t\t\t\t\t\t<span class=\"elementor-toggle-icon-opened\"><i class=\"elementor-toggle-icon-opened fas fa-angle-double-up\"><\/i><\/span>\n\t\t\t\t\t\t\t\t\t\t\t\t\t<\/span>\n\t\t\t\t\t\t\t\t\t\t\t\t<a class=\"elementor-toggle-title\" tabindex=\"0\">Curso: 2019<\/a>\n\t\t\t\t\t<\/h3>\n\n\t\t\t\t\t<div id=\"elementor-tab-content-2121\" class=\"elementor-tab-content elementor-clearfix\" data-tab=\"1\" role=\"region\" aria-labelledby=\"elementor-tab-title-2121\"><p><span style=\"color: #ffffff;\">Doc\u00eancia no Ensino Superior: Uma primeira Aproxima\u00e7\u00e3o.<\/span><\/p>\n<p><span style=\"color: #ffffff;\"><b>5\u00aa Turma &#8211; 23\/09\/2019 a 23\/11\/20119<br><\/b><\/span><span style=\"color: rgb(255, 255, 255); font-size: 14px;\">N\u00famero de certificados emitidos: 203<br><\/span><span style=\"color: rgb(255, 255, 255); font-size: 14px;\">N\u00famero de inscritos: 630<\/span><\/p>\n<p><span style=\"color: #ffffff;\"><b>4\u00aa Turma &#8211; 20\/03\/2019 a 28\/07\/2019<br><\/b><\/span><span style=\"color: rgb(255, 255, 255); font-size: 14px;\">N\u00famero de certificados emitidos: 177<br><\/span><span style=\"color: rgb(255, 255, 255); font-size: 14px;\">N\u00famero de inscritos: 474<\/span><\/p><\/div>\n\t\t\t\t<\/div>\n\t\t\t\t\t\t\t<div class=\"elementor-toggle-item\">\n\t\t\t\t\t<h3 id=\"elementor-tab-title-2122\" class=\"elementor-tab-title\" data-tab=\"2\" role=\"button\" aria-controls=\"elementor-tab-content-2122\" aria-expanded=\"false\">\n\t\t\t\t\t\t\t\t\t\t\t\t<span class=\"elementor-toggle-icon elementor-toggle-icon-left\" aria-hidden=\"true\">\n\t\t\t\t\t\t\t\t\t\t\t\t\t\t\t<span class=\"elementor-toggle-icon-closed\"><i class=\"fas fa-angle-double-down\"><\/i><\/span>\n\t\t\t\t\t\t\t\t<span class=\"elementor-toggle-icon-opened\"><i class=\"elementor-toggle-icon-opened fas fa-angle-double-up\"><\/i><\/span>\n\t\t\t\t\t\t\t\t\t\t\t\t\t<\/span>\n\t\t\t\t\t\t\t\t\t\t\t\t<a class=\"elementor-toggle-title\" tabindex=\"0\">Curso: 2018<\/a>\n\t\t\t\t\t<\/h3>\n\n\t\t\t\t\t<div id=\"elementor-tab-content-2122\" class=\"elementor-tab-content elementor-clearfix\" data-tab=\"2\" role=\"region\" aria-labelledby=\"elementor-tab-title-2122\"><p><span style=\"color: #ffffff;\">Doc\u00eancia no Ensino Superior: Uma primeira Aproxima\u00e7\u00e3o.<\/span><\/p>\n<p><span style=\"color: #ffffff;\"><b>3\u00aa Turma &#8211; 24\/09\/2018 a 19\/11\/2018<br><\/b><\/span><span style=\"color: rgb(255, 255, 255); font-size: 14px;\">N\u00famero de certificados emitidos: 395<br><\/span><span style=\"color: rgb(255, 255, 255); font-size: 14px;\">N\u00famero de inscritos: 1010<\/span><\/p>\n<p><span style=\"color: #ffffff;\"><b>2\u00aa Turma &#8211; 16\/04\/2018 a 17\/06\/2018<br><\/b><\/span><span style=\"color: rgb(255, 255, 255); font-size: 14px;\">N\u00famero de certificados emitidos: 469<br><\/span><span style=\"color: rgb(255, 255, 255); font-size: 14px;\">N\u00famero de inscritos: 994<\/span><\/p><\/div>\n\t\t\t\t<\/div>\n\t\t\t\t\t\t\t<div class=\"elementor-toggle-item\">\n\t\t\t\t\t<h3 id=\"elementor-tab-title-2123\" class=\"elementor-tab-title\" data-tab=\"3\" role=\"button\" aria-controls=\"elementor-tab-content-2123\" aria-expanded=\"false\">\n\t\t\t\t\t\t\t\t\t\t\t\t<span class=\"elementor-toggle-icon elementor-toggle-icon-left\" aria-hidden=\"true\">\n\t\t\t\t\t\t\t\t\t\t\t\t\t\t\t<span class=\"elementor-toggle-icon-closed\"><i class=\"fas fa-angle-double-down\"><\/i><\/span>\n\t\t\t\t\t\t\t\t<span class=\"elementor-toggle-icon-opened\"><i class=\"elementor-toggle-icon-opened fas fa-angle-double-up\"><\/i><\/span>\n\t\t\t\t\t\t\t\t\t\t\t\t\t<\/span>\n\t\t\t\t\t\t\t\t\t\t\t\t<a class=\"elementor-toggle-title\" tabindex=\"0\">Curso:2017<\/a>\n\t\t\t\t\t<\/h3>\n\n\t\t\t\t\t<div id=\"elementor-tab-content-2123\" class=\"elementor-tab-content elementor-clearfix\" data-tab=\"3\" role=\"region\" aria-labelledby=\"elementor-tab-title-2123\"><p><span style=\"color: #ffffff;\">Doc\u00eancia no Ensino Superior: Uma primeira Aproxima\u00e7\u00e3o.<\/span><\/p>\n<p><span style=\"color: #ffffff;\"><b>1\u00aa Turma &#8211; 01\/09\/2017 a 15\/11\/2017<br><\/b><\/span><span style=\"color: rgb(255, 255, 255); font-size: 14px;\">N\u00famero de certificados emitidos: 350<br><\/span><span style=\"color: rgb(255, 255, 255); font-size: 14px;\">N\u00famero de inscritos: 1011<\/span><\/p><\/div>\n\t\t\t\t<\/div>\n\t\t\t\t\t\t\t\t<\/div>\n\t\t\t\t<\/div>\n\t\t\t\t<\/div>\n\t\t\t\t\t<\/div>\n\t\t<\/div>\n\t\t\t\t\t<\/div>\n\t\t<\/section>\n\t\t\t\t<\/div>\n\t\t","protected":false},"excerpt":{"rendered":"<p>Cursos oferecidos Curso: 2019 Doc\u00eancia no Ensino Superior: Uma primeira Aproxima\u00e7\u00e3o. 5\u00aa Turma &#8211; 23\/09\/2019 a 23\/11\/20119N\u00famero de certificados emitidos: 203N\u00famero de inscritos: 630 4\u00aa Turma &#8211; 20\/03\/2019 a 28\/07\/2019N\u00famero de certificados emitidos: 177N\u00famero de inscritos: 474 Curso: 2018 Doc\u00eancia no Ensino Superior: Uma primeira Aproxima\u00e7\u00e3o. 3\u00aa Turma &#8211; 24\/09\/2018 a 19\/11\/2018N\u00famero de certificados emitidos: [&hellip;]<\/p>\n","protected":false},"author":22119,"featured_media":0,"parent":0,"menu_order":0,"comment_status":"closed","ping_status":"closed","template":"","meta":{"footnotes":"","_links_to":"","_links_to_target":""},"class_list":["post-674","page","type-page","status-publish","hentry","entry"],"_links":{"self":[{"href":"https:\/\/sites.usp.br\/docencia\/wp-json\/wp\/v2\/pages\/674","targetHints":{"allow":["GET"]}}],"collection":[{"href":"https:\/\/sites.usp.br\/docencia\/wp-json\/wp\/v2\/pages"}],"about":[{"href":"https:\/\/sites.usp.br\/docencia\/wp-json\/wp\/v2\/types\/page"}],"author":[{"embeddable":true,"href":"https:\/\/sites.usp.br\/docencia\/wp-json\/wp\/v2\/users\/22119"}],"replies":[{"embeddable":true,"href":"https:\/\/sites.usp.br\/docencia\/wp-json\/wp\/v2\/comments?post=674"}],"version-history":[{"count":5,"href":"https:\/\/sites.usp.br\/docencia\/wp-json\/wp\/v2\/pages\/674\/revisions"}],"predecessor-version":[{"id":844,"href":"https:\/\/sites.usp.br\/docencia\/wp-json\/wp\/v2\/pages\/674\/revisions\/844"}],"wp:attachment":[{"href":"https:\/\/sites.usp.br\/docencia\/wp-json\/wp\/v2\/media?parent=674"}],"curies":[{"name":"wp","href":"https:\/\/api.w.org\/{rel}","templated":true}]}}