{"id":767,"date":"2021-01-27T12:32:23","date_gmt":"2021-01-27T15:32:23","guid":{"rendered":"http:\/\/sites.usp.br\/docencia\/?page_id=767"},"modified":"2021-07-05T10:09:23","modified_gmt":"2021-07-05T13:09:23","slug":"vivenciando-2020","status":"publish","type":"page","link":"https:\/\/sites.usp.br\/docencia\/vivenciando-2020\/","title":{"rendered":"Vivenciando 2020"},"content":{"rendered":"\t\t<div data-elementor-type=\"wp-page\" data-elementor-id=\"767\" class=\"elementor elementor-767\">\n\t\t\t\t\t\t<section class=\"elementor-section elementor-top-section elementor-element elementor-element-ad16522 elementor-section-boxed elementor-section-height-default elementor-section-height-default\" data-id=\"ad16522\" data-element_type=\"section\">\n\t\t\t\t\t\t<div class=\"elementor-container elementor-column-gap-default\">\n\t\t\t\t\t<div class=\"elementor-column elementor-col-66 elementor-top-column elementor-element elementor-element-812f17a\" data-id=\"812f17a\" data-element_type=\"column\">\n\t\t\t<div class=\"elementor-widget-wrap elementor-element-populated\">\n\t\t\t\t\t\t<div class=\"elementor-element elementor-element-795acc0 elementor-widget elementor-widget-heading\" data-id=\"795acc0\" data-element_type=\"widget\" data-widget_type=\"heading.default\">\n\t\t\t\t<div class=\"elementor-widget-container\">\n\t\t\t<h2 class=\"elementor-heading-title elementor-size-default\">VIVENCIANDO 2020<\/h2>\t\t<\/div>\n\t\t\t\t<\/div>\n\t\t\t\t\t<\/div>\n\t\t<\/div>\n\t\t\t\t<div class=\"elementor-column elementor-col-33 elementor-top-column elementor-element elementor-element-fa1d832\" data-id=\"fa1d832\" data-element_type=\"column\">\n\t\t\t<div class=\"elementor-widget-wrap elementor-element-populated\">\n\t\t\t\t\t\t<div class=\"elementor-element elementor-element-8e6feeb elementor-widget elementor-widget-text-editor\" data-id=\"8e6feeb\" data-element_type=\"widget\" data-widget_type=\"text-editor.default\">\n\t\t\t\t<div class=\"elementor-widget-container\">\n\t\t\t\t\t\t\t<p>\u00a0<\/p><p>Os ciclos \u2018Vivenciando\u2019 se caracterizaram pela incorpora\u00e7\u00e3o de quest\u00f5es relativas a capacita\u00e7\u00e3o docente e do p\u00f3s-graduando durante a crise sanit\u00e1ria global, e mais especificamente, os momentos e contextos da universidade no Brasil, dados seus modelos, pr\u00e1ticas e responsabilidades.<br \/>Cada um dos ciclos do Vivenciando, tendo claro que o objetivo n\u00e3o \u00e9 sugerir ou propor consensos sobre \u2018ideias\u2019 ou \u2018ideais\u2019, mas sim aprender a partir da troca dos pontos de vista, constr\u00f3i-se a partir de uma pergunta norteadora, representativa do foco do ciclo e das tem\u00e1ticas abordadas.<\/p><p>\u00c9 nesse enquadramento que o Vivenciando 2020_1, observando o momento particular do primeiro semestre de 2020, tinha como pergunta <i>\u201cForma\u00e7\u00e3o superior no mundo p\u00f3s-pand\u00eamico: educa\u00e7\u00e3o distanciada e \u00e0 dist\u00e2ncia?\u201d<\/i>. J\u00e1 o Vivenciando 2020_2, abordando mais especificamente elementos de complementa\u00e7\u00e3o da forma\u00e7\u00e3o docente e de capacita\u00e7\u00e3o do p\u00f3s-graduando, tendo como refer\u00eancia a rela\u00e7\u00e3o entre t\u00e9cnicas (meios) e concep\u00e7\u00f5es acerca de processos de ensino \/ aprendizagem (fins) perguntava <i>\u201cEnsino superior no mundo p\u00f3s-pand\u00eamico e desafios de ensinar e aprender: contradi\u00e7\u00f5es n\u00e3o presenciais?\u201d.<\/i><\/p>\t\t\t\t\t\t<\/div>\n\t\t\t\t<\/div>\n\t\t\t\t\t<\/div>\n\t\t<\/div>\n\t\t\t\t\t<\/div>\n\t\t<\/section>\n\t\t\t\t<section class=\"elementor-section elementor-top-section elementor-element elementor-element-f9a95e8 elementor-section-boxed elementor-section-height-default elementor-section-height-default\" data-id=\"f9a95e8\" data-element_type=\"section\">\n\t\t\t\t\t\t<div class=\"elementor-container elementor-column-gap-default\">\n\t\t\t\t\t<div class=\"elementor-column elementor-col-100 elementor-top-column elementor-element elementor-element-a48b131\" data-id=\"a48b131\" data-element_type=\"column\">\n\t\t\t<div class=\"elementor-widget-wrap elementor-element-populated\">\n\t\t\t\t\t\t<div class=\"elementor-element elementor-element-8b4bf57 elementor-widget elementor-widget-heading\" data-id=\"8b4bf57\" data-element_type=\"widget\" data-widget_type=\"heading.default\">\n\t\t\t\t<div class=\"elementor-widget-container\">\n\t\t\t<h2 class=\"elementor-heading-title elementor-size-default\">1\u00b0 semestre<\/h2>\t\t<\/div>\n\t\t\t\t<\/div>\n\t\t\t\t\t<\/div>\n\t\t<\/div>\n\t\t\t\t\t<\/div>\n\t\t<\/section>\n\t\t\t\t<section class=\"elementor-section elementor-top-section elementor-element elementor-element-4a1fdfa elementor-section-stretched elementor-section-full_width elementor-section-height-default elementor-section-height-default\" data-id=\"4a1fdfa\" data-element_type=\"section\" data-settings=\"{&quot;stretch_section&quot;:&quot;section-stretched&quot;}\">\n\t\t\t\t\t\t<div class=\"elementor-container elementor-column-gap-default\">\n\t\t\t\t\t<div class=\"elementor-column elementor-col-50 elementor-top-column elementor-element elementor-element-db56bd4\" data-id=\"db56bd4\" data-element_type=\"column\">\n\t\t\t<div class=\"elementor-widget-wrap elementor-element-populated\">\n\t\t\t\t\t\t<div class=\"elementor-element elementor-element-ab527c6 elementor-widget elementor-widget-image\" data-id=\"ab527c6\" data-element_type=\"widget\" data-widget_type=\"image.default\">\n\t\t\t\t<div class=\"elementor-widget-container\">\n\t\t\t\t\t\t\t\t\t\t\t\t\t\t<a href=\"https:\/\/www.youtube.com\/watch?v=QFWHLiLO9HM&#038;t=12s\" target=\"_blank\">\n\t\t\t\t\t\t\t<img fetchpriority=\"high\" decoding=\"async\" width=\"1024\" height=\"724\" src=\"https:\/\/sites.usp.br\/docencia\/wp-content\/uploads\/sites\/556\/2020\/12\/028_Vivenciando-2020_cartaz-12jun-1-1024x724.png\" class=\"attachment-large size-large wp-image-731\" alt=\"\" srcset=\"https:\/\/sites.usp.br\/docencia\/wp-content\/uploads\/sites\/556\/2020\/12\/028_Vivenciando-2020_cartaz-12jun-1-1024x724.png 1024w, https:\/\/sites.usp.br\/docencia\/wp-content\/uploads\/sites\/556\/2020\/12\/028_Vivenciando-2020_cartaz-12jun-1-300x212.png 300w, https:\/\/sites.usp.br\/docencia\/wp-content\/uploads\/sites\/556\/2020\/12\/028_Vivenciando-2020_cartaz-12jun-1-768x543.png 768w, https:\/\/sites.usp.br\/docencia\/wp-content\/uploads\/sites\/556\/2020\/12\/028_Vivenciando-2020_cartaz-12jun-1-1536x1086.png 1536w, https:\/\/sites.usp.br\/docencia\/wp-content\/uploads\/sites\/556\/2020\/12\/028_Vivenciando-2020_cartaz-12jun-1-2048x1448.png 2048w\" sizes=\"(max-width: 1024px) 100vw, 1024px\" \/>\t\t\t\t\t\t\t\t<\/a>\n\t\t\t\t\t\t\t\t\t\t\t\t\t<\/div>\n\t\t\t\t<\/div>\n\t\t\t\t<div class=\"elementor-element elementor-element-fa3a1ed elementor-widget elementor-widget-image\" data-id=\"fa3a1ed\" data-element_type=\"widget\" data-widget_type=\"image.default\">\n\t\t\t\t<div class=\"elementor-widget-container\">\n\t\t\t\t\t\t\t\t\t\t\t\t\t\t<a href=\"https:\/\/www.youtube.com\/watch?v=5FYyrA57lEA\" target=\"_blank\">\n\t\t\t\t\t\t\t<img decoding=\"async\" width=\"1024\" height=\"724\" src=\"https:\/\/sites.usp.br\/docencia\/wp-content\/uploads\/sites\/556\/2020\/12\/030_Vivenciando-2020_cartaz-26jun-1024x724.png\" class=\"attachment-large size-large wp-image-730\" alt=\"\" srcset=\"https:\/\/sites.usp.br\/docencia\/wp-content\/uploads\/sites\/556\/2020\/12\/030_Vivenciando-2020_cartaz-26jun-1024x724.png 1024w, https:\/\/sites.usp.br\/docencia\/wp-content\/uploads\/sites\/556\/2020\/12\/030_Vivenciando-2020_cartaz-26jun-300x212.png 300w, https:\/\/sites.usp.br\/docencia\/wp-content\/uploads\/sites\/556\/2020\/12\/030_Vivenciando-2020_cartaz-26jun-768x543.png 768w, https:\/\/sites.usp.br\/docencia\/wp-content\/uploads\/sites\/556\/2020\/12\/030_Vivenciando-2020_cartaz-26jun-1536x1086.png 1536w, https:\/\/sites.usp.br\/docencia\/wp-content\/uploads\/sites\/556\/2020\/12\/030_Vivenciando-2020_cartaz-26jun-2048x1448.png 2048w\" sizes=\"(max-width: 1024px) 100vw, 1024px\" \/>\t\t\t\t\t\t\t\t<\/a>\n\t\t\t\t\t\t\t\t\t\t\t\t\t<\/div>\n\t\t\t\t<\/div>\n\t\t\t\t\t<\/div>\n\t\t<\/div>\n\t\t\t\t<div class=\"elementor-column elementor-col-50 elementor-top-column elementor-element elementor-element-470c764\" data-id=\"470c764\" data-element_type=\"column\">\n\t\t\t<div class=\"elementor-widget-wrap elementor-element-populated\">\n\t\t\t\t\t\t<div class=\"elementor-element elementor-element-f39d2fb elementor-widget elementor-widget-image\" data-id=\"f39d2fb\" data-element_type=\"widget\" data-widget_type=\"image.default\">\n\t\t\t\t<div class=\"elementor-widget-container\">\n\t\t\t\t\t\t\t\t\t\t\t\t\t\t<a href=\"https:\/\/www.youtube.com\/watch?v=mBGh5RcBZgE\" target=\"_blank\">\n\t\t\t\t\t\t\t<img decoding=\"async\" width=\"1024\" height=\"724\" src=\"https:\/\/sites.usp.br\/docencia\/wp-content\/uploads\/sites\/556\/2020\/12\/029_Vivenciando-2020_cartaz-19jun-1024x724.png\" class=\"attachment-large size-large wp-image-729\" alt=\"\" srcset=\"https:\/\/sites.usp.br\/docencia\/wp-content\/uploads\/sites\/556\/2020\/12\/029_Vivenciando-2020_cartaz-19jun-1024x724.png 1024w, https:\/\/sites.usp.br\/docencia\/wp-content\/uploads\/sites\/556\/2020\/12\/029_Vivenciando-2020_cartaz-19jun-300x212.png 300w, https:\/\/sites.usp.br\/docencia\/wp-content\/uploads\/sites\/556\/2020\/12\/029_Vivenciando-2020_cartaz-19jun-768x543.png 768w, https:\/\/sites.usp.br\/docencia\/wp-content\/uploads\/sites\/556\/2020\/12\/029_Vivenciando-2020_cartaz-19jun-1536x1086.png 1536w, https:\/\/sites.usp.br\/docencia\/wp-content\/uploads\/sites\/556\/2020\/12\/029_Vivenciando-2020_cartaz-19jun-2048x1448.png 2048w\" sizes=\"(max-width: 1024px) 100vw, 1024px\" \/>\t\t\t\t\t\t\t\t<\/a>\n\t\t\t\t\t\t\t\t\t\t\t\t\t<\/div>\n\t\t\t\t<\/div>\n\t\t\t\t\t<\/div>\n\t\t<\/div>\n\t\t\t\t\t<\/div>\n\t\t<\/section>\n\t\t\t\t<section class=\"elementor-section elementor-top-section elementor-element elementor-element-97428ca elementor-section-boxed elementor-section-height-default elementor-section-height-default\" data-id=\"97428ca\" data-element_type=\"section\">\n\t\t\t\t\t\t<div class=\"elementor-container elementor-column-gap-default\">\n\t\t\t\t\t<div class=\"elementor-column elementor-col-100 elementor-top-column elementor-element elementor-element-1757203\" data-id=\"1757203\" data-element_type=\"column\">\n\t\t\t<div class=\"elementor-widget-wrap elementor-element-populated\">\n\t\t\t\t\t\t<div class=\"elementor-element elementor-element-1b5a6b1 elementor-widget elementor-widget-heading\" data-id=\"1b5a6b1\" data-element_type=\"widget\" data-widget_type=\"heading.default\">\n\t\t\t\t<div class=\"elementor-widget-container\">\n\t\t\t<h2 class=\"elementor-heading-title elementor-size-default\">2\u00b0 semestre<\/h2>\t\t<\/div>\n\t\t\t\t<\/div>\n\t\t\t\t\t<\/div>\n\t\t<\/div>\n\t\t\t\t\t<\/div>\n\t\t<\/section>\n\t\t\t\t<section class=\"elementor-section elementor-top-section elementor-element elementor-element-6c23552 elementor-section-stretched elementor-section-full_width elementor-section-height-default elementor-section-height-default\" data-id=\"6c23552\" data-element_type=\"section\" data-settings=\"{&quot;stretch_section&quot;:&quot;section-stretched&quot;}\">\n\t\t\t\t\t\t<div class=\"elementor-container elementor-column-gap-default\">\n\t\t\t\t\t<div class=\"elementor-column elementor-col-50 elementor-top-column elementor-element elementor-element-46f8683\" data-id=\"46f8683\" data-element_type=\"column\">\n\t\t\t<div class=\"elementor-widget-wrap elementor-element-populated\">\n\t\t\t\t\t\t<div class=\"elementor-element elementor-element-0ace9ab elementor-widget elementor-widget-image\" data-id=\"0ace9ab\" data-element_type=\"widget\" data-widget_type=\"image.default\">\n\t\t\t\t<div class=\"elementor-widget-container\">\n\t\t\t\t\t\t\t\t\t\t\t\t\t\t<a href=\"https:\/\/www.youtube.com\/watch?v=_-KFCyn6rLc\" target=\"_blank\">\n\t\t\t\t\t\t\t<img loading=\"lazy\" decoding=\"async\" width=\"724\" height=\"1024\" src=\"https:\/\/sites.usp.br\/docencia\/wp-content\/uploads\/sites\/556\/2020\/11\/cartaz-001-724x1024.png\" class=\"attachment-large size-large wp-image-683\" alt=\"\" srcset=\"https:\/\/sites.usp.br\/docencia\/wp-content\/uploads\/sites\/556\/2020\/11\/cartaz-001-724x1024.png 724w, https:\/\/sites.usp.br\/docencia\/wp-content\/uploads\/sites\/556\/2020\/11\/cartaz-001-212x300.png 212w, https:\/\/sites.usp.br\/docencia\/wp-content\/uploads\/sites\/556\/2020\/11\/cartaz-001-768x1086.png 768w, https:\/\/sites.usp.br\/docencia\/wp-content\/uploads\/sites\/556\/2020\/11\/cartaz-001-1086x1536.png 1086w, https:\/\/sites.usp.br\/docencia\/wp-content\/uploads\/sites\/556\/2020\/11\/cartaz-001.png 1240w\" sizes=\"(max-width: 724px) 100vw, 724px\" \/>\t\t\t\t\t\t\t\t<\/a>\n\t\t\t\t\t\t\t\t\t\t\t\t\t<\/div>\n\t\t\t\t<\/div>\n\t\t\t\t<div class=\"elementor-element elementor-element-4e2a5ec elementor-widget elementor-widget-image\" data-id=\"4e2a5ec\" data-element_type=\"widget\" data-widget_type=\"image.default\">\n\t\t\t\t<div class=\"elementor-widget-container\">\n\t\t\t\t\t\t\t\t\t\t\t\t\t\t<a href=\"https:\/\/www.youtube.com\/watch?v=favvToSDJvQ\" target=\"_blank\">\n\t\t\t\t\t\t\t<img loading=\"lazy\" decoding=\"async\" width=\"724\" height=\"1024\" src=\"https:\/\/sites.usp.br\/docencia\/wp-content\/uploads\/sites\/556\/2020\/11\/cartaz003-724x1024.png\" class=\"attachment-large size-large wp-image-685\" alt=\"\" srcset=\"https:\/\/sites.usp.br\/docencia\/wp-content\/uploads\/sites\/556\/2020\/11\/cartaz003-724x1024.png 724w, https:\/\/sites.usp.br\/docencia\/wp-content\/uploads\/sites\/556\/2020\/11\/cartaz003-212x300.png 212w, https:\/\/sites.usp.br\/docencia\/wp-content\/uploads\/sites\/556\/2020\/11\/cartaz003-768x1086.png 768w, https:\/\/sites.usp.br\/docencia\/wp-content\/uploads\/sites\/556\/2020\/11\/cartaz003-1086x1536.png 1086w, https:\/\/sites.usp.br\/docencia\/wp-content\/uploads\/sites\/556\/2020\/11\/cartaz003.png 1240w\" sizes=\"(max-width: 724px) 100vw, 724px\" \/>\t\t\t\t\t\t\t\t<\/a>\n\t\t\t\t\t\t\t\t\t\t\t\t\t<\/div>\n\t\t\t\t<\/div>\n\t\t\t\t\t<\/div>\n\t\t<\/div>\n\t\t\t\t<div class=\"elementor-column elementor-col-50 elementor-top-column elementor-element elementor-element-6015fa6\" data-id=\"6015fa6\" data-element_type=\"column\">\n\t\t\t<div class=\"elementor-widget-wrap elementor-element-populated\">\n\t\t\t\t\t\t<div class=\"elementor-element elementor-element-5123363 elementor-widget elementor-widget-image\" data-id=\"5123363\" data-element_type=\"widget\" data-widget_type=\"image.default\">\n\t\t\t\t<div class=\"elementor-widget-container\">\n\t\t\t\t\t\t\t\t\t\t\t\t\t\t<a href=\"https:\/\/www.youtube.com\/watch?v=8hVDeO0UWgA\" target=\"_blank\">\n\t\t\t\t\t\t\t<img loading=\"lazy\" decoding=\"async\" width=\"724\" height=\"1024\" src=\"https:\/\/sites.usp.br\/docencia\/wp-content\/uploads\/sites\/556\/2020\/11\/cartaz002-724x1024.png\" class=\"attachment-large size-large wp-image-684\" alt=\"\" srcset=\"https:\/\/sites.usp.br\/docencia\/wp-content\/uploads\/sites\/556\/2020\/11\/cartaz002-724x1024.png 724w, https:\/\/sites.usp.br\/docencia\/wp-content\/uploads\/sites\/556\/2020\/11\/cartaz002-212x300.png 212w, https:\/\/sites.usp.br\/docencia\/wp-content\/uploads\/sites\/556\/2020\/11\/cartaz002-768x1086.png 768w, https:\/\/sites.usp.br\/docencia\/wp-content\/uploads\/sites\/556\/2020\/11\/cartaz002-1086x1536.png 1086w, https:\/\/sites.usp.br\/docencia\/wp-content\/uploads\/sites\/556\/2020\/11\/cartaz002.png 1240w\" sizes=\"(max-width: 724px) 100vw, 724px\" \/>\t\t\t\t\t\t\t\t<\/a>\n\t\t\t\t\t\t\t\t\t\t\t\t\t<\/div>\n\t\t\t\t<\/div>\n\t\t\t\t\t<\/div>\n\t\t<\/div>\n\t\t\t\t\t<\/div>\n\t\t<\/section>\n\t\t\t\t<\/div>\n\t\t","protected":false},"excerpt":{"rendered":"<p>VIVENCIANDO 2020 \u00a0 Os ciclos \u2018Vivenciando\u2019 se caracterizaram pela incorpora\u00e7\u00e3o de quest\u00f5es relativas a capacita\u00e7\u00e3o docente e do p\u00f3s-graduando durante a crise sanit\u00e1ria global, e mais especificamente, os momentos e contextos da universidade no Brasil, dados seus modelos, pr\u00e1ticas e responsabilidades.Cada um dos ciclos do Vivenciando, tendo claro que o objetivo n\u00e3o \u00e9 sugerir ou [&hellip;]<\/p>\n","protected":false},"author":22119,"featured_media":0,"parent":0,"menu_order":0,"comment_status":"closed","ping_status":"closed","template":"","meta":{"footnotes":"","_links_to":"","_links_to_target":""},"class_list":["post-767","page","type-page","status-publish","hentry","entry"],"_links":{"self":[{"href":"https:\/\/sites.usp.br\/docencia\/wp-json\/wp\/v2\/pages\/767","targetHints":{"allow":["GET"]}}],"collection":[{"href":"https:\/\/sites.usp.br\/docencia\/wp-json\/wp\/v2\/pages"}],"about":[{"href":"https:\/\/sites.usp.br\/docencia\/wp-json\/wp\/v2\/types\/page"}],"author":[{"embeddable":true,"href":"https:\/\/sites.usp.br\/docencia\/wp-json\/wp\/v2\/users\/22119"}],"replies":[{"embeddable":true,"href":"https:\/\/sites.usp.br\/docencia\/wp-json\/wp\/v2\/comments?post=767"}],"version-history":[{"count":4,"href":"https:\/\/sites.usp.br\/docencia\/wp-json\/wp\/v2\/pages\/767\/revisions"}],"predecessor-version":[{"id":954,"href":"https:\/\/sites.usp.br\/docencia\/wp-json\/wp\/v2\/pages\/767\/revisions\/954"}],"wp:attachment":[{"href":"https:\/\/sites.usp.br\/docencia\/wp-json\/wp\/v2\/media?parent=767"}],"curies":[{"name":"wp","href":"https:\/\/api.w.org\/{rel}","templated":true}]}}