{"id":3182,"date":"2024-01-02T15:46:59","date_gmt":"2024-01-02T18:46:59","guid":{"rendered":"https:\/\/sites.usp.br\/dosimetry\/?page_id=3182"},"modified":"2024-01-27T17:53:23","modified_gmt":"2024-01-27T20:53:23","slug":"elisabeth-mateus-yoshimura","status":"publish","type":"page","link":"https:\/\/sites.usp.br\/dosimetry\/elisabeth-mateus-yoshimura\/","title":{"rendered":"Ph.D. Elisabeth Mateus Yoshimura"},"content":{"rendered":"\t\t<div data-elementor-type=\"wp-page\" data-elementor-id=\"3182\" class=\"elementor elementor-3182\" data-elementor-post-type=\"page\">\n\t\t\t\t\t\t<section class=\"elementor-section elementor-top-section elementor-element elementor-element-3d0c151 elementor-section-boxed elementor-section-height-default elementor-section-height-default\" data-id=\"3d0c151\" data-element_type=\"section\">\n\t\t\t\t\t\t<div class=\"elementor-container elementor-column-gap-default\">\n\t\t\t\t\t<div class=\"elementor-column elementor-col-100 elementor-top-column elementor-element elementor-element-49ed625\" data-id=\"49ed625\" data-element_type=\"column\">\n\t\t\t<div class=\"elementor-widget-wrap elementor-element-populated\">\n\t\t\t\t\t\t<div class=\"elementor-element elementor-element-d03f543 elementor-align-right elementor-widget elementor-widget-button\" data-id=\"d03f543\" data-element_type=\"widget\" data-widget_type=\"button.default\">\n\t\t\t\t<div class=\"elementor-widget-container\">\n\t\t\t\t\t\t\t<div class=\"elementor-button-wrapper\">\n\t\t\t\t\t<a class=\"elementor-button elementor-button-link elementor-size-xs\" href=\"https:\/\/sites.usp.br\/dosimetry\/cursos-pagina\/academic-staff\/\">\n\t\t\t\t\t\t<span class=\"elementor-button-content-wrapper\">\n\t\t\t\t\t\t<span class=\"elementor-button-icon\">\n\t\t\t\t<i aria-hidden=\"true\" class=\"fas fa-arrow-alt-circle-left\"><\/i>\t\t\t<\/span>\n\t\t\t\t\t\t\t\t\t<span class=\"elementor-button-text\">Academic Staff<\/span>\n\t\t\t\t\t<\/span>\n\t\t\t\t\t<\/a>\n\t\t\t\t<\/div>\n\t\t\t\t\t\t<\/div>\n\t\t\t\t<\/div>\n\t\t\t\t\t<\/div>\n\t\t<\/div>\n\t\t\t\t\t<\/div>\n\t\t<\/section>\n\t\t\t\t<section class=\"elementor-section elementor-top-section elementor-element elementor-element-6fe6a91 elementor-section-boxed elementor-section-height-default elementor-section-height-default\" data-id=\"6fe6a91\" data-element_type=\"section\">\n\t\t\t\t\t\t<div class=\"elementor-container elementor-column-gap-default\">\n\t\t\t\t\t<div class=\"elementor-column elementor-col-33 elementor-top-column elementor-element elementor-element-25953bc\" data-id=\"25953bc\" data-element_type=\"column\">\n\t\t\t<div class=\"elementor-widget-wrap elementor-element-populated\">\n\t\t\t\t\t\t<div class=\"elementor-element elementor-element-80ec7cc elementor-widget__width-initial elementor-widget elementor-widget-image\" data-id=\"80ec7cc\" data-element_type=\"widget\" data-widget_type=\"image.default\">\n\t\t\t\t<div class=\"elementor-widget-container\">\n\t\t\t\t\t\t\t\t\t\t\t\t\t<img fetchpriority=\"high\" decoding=\"async\" width=\"500\" height=\"500\" src=\"https:\/\/sites.usp.br\/dosimetry\/wp-content\/uploads\/sites\/1384\/2024\/01\/1-1.png\" class=\"attachment-large size-large wp-image-3241\" alt=\"\" srcset=\"https:\/\/sites.usp.br\/dosimetry\/wp-content\/uploads\/sites\/1384\/2024\/01\/1-1.png 500w, https:\/\/sites.usp.br\/dosimetry\/wp-content\/uploads\/sites\/1384\/2024\/01\/1-1-300x300.png 300w, https:\/\/sites.usp.br\/dosimetry\/wp-content\/uploads\/sites\/1384\/2024\/01\/1-1-150x150.png 150w, https:\/\/sites.usp.br\/dosimetry\/wp-content\/uploads\/sites\/1384\/2024\/01\/1-1-45x45.png 45w, https:\/\/sites.usp.br\/dosimetry\/wp-content\/uploads\/sites\/1384\/2024\/01\/1-1-200x200.png 200w, https:\/\/sites.usp.br\/dosimetry\/wp-content\/uploads\/sites\/1384\/2024\/01\/1-1-400x400.png 400w\" sizes=\"(max-width: 500px) 100vw, 500px\" \/>\t\t\t\t\t\t\t\t\t\t\t\t\t<\/div>\n\t\t\t\t<\/div>\n\t\t\t\t\t<\/div>\n\t\t<\/div>\n\t\t\t\t<div class=\"elementor-column elementor-col-66 elementor-top-column elementor-element elementor-element-fd14ac7\" data-id=\"fd14ac7\" data-element_type=\"column\">\n\t\t\t<div class=\"elementor-widget-wrap elementor-element-populated\">\n\t\t\t\t\t\t\t<\/div>\n\t\t<\/div>\n\t\t\t\t\t<\/div>\n\t\t<\/section>\n\t\t\t\t<section class=\"elementor-section elementor-top-section elementor-element elementor-element-67a1aa3 elementor-section-boxed elementor-section-height-default elementor-section-height-default\" data-id=\"67a1aa3\" data-element_type=\"section\">\n\t\t\t\t\t\t<div class=\"elementor-container elementor-column-gap-default\">\n\t\t\t\t\t<div class=\"elementor-column elementor-col-100 elementor-top-column elementor-element elementor-element-9a2c161\" data-id=\"9a2c161\" data-element_type=\"column\">\n\t\t\t<div class=\"elementor-widget-wrap elementor-element-populated\">\n\t\t\t\t\t\t<div class=\"elementor-element elementor-element-009af5a elementor-widget__width-initial elementor-widget elementor-widget-text-editor\" data-id=\"009af5a\" data-element_type=\"widget\" data-widget_type=\"text-editor.default\">\n\t\t\t\t<div class=\"elementor-widget-container\">\n\t\t\t\t\t\t\t<p><span style=\"color: #374151; font-family: S\u00f6hne, ui-sans-serif, system-ui, -apple-system, 'Segoe UI', Roboto, Ubuntu, Cantarell, 'Noto Sans', sans-serif, 'Helvetica Neue', Arial, 'Apple Color Emoji', 'Segoe UI Emoji', 'Segoe UI Symbol', 'Noto Color Emoji'; font-size: 16px; font-style: normal; font-variant-ligatures: normal; font-variant-caps: normal; font-weight: 400; white-space-collapse: preserve;\">Bachelor&#8217;s degree in Physics from the University of S\u00e3o Paulo, as well as a master&#8217;s and a Ph.D. in Physics from the same institution. Currently, she is a full professor at the University of S\u00e3o Paulo. Her expertise lies in the field of Physics, with a focus on Radiation Physics, particularly in the following areas: radiation dosimetry applied to radiology, radiotherapy, and the environment; thermoluminescence and optically stimulated luminescence; radiological protection; and dosimetry of low-intensity lasers applied to health. Additionally, she serves as an ad-hoc consultant for various scientific journals, FAPESP, and CNPq. She supervises students in scientific initiation, master&#8217;s, and doctoral programs.<\/span><\/p>\t\t\t\t\t\t<\/div>\n\t\t\t\t<\/div>\n\t\t\t\t\t<\/div>\n\t\t<\/div>\n\t\t\t\t\t<\/div>\n\t\t<\/section>\n\t\t\t\t<section class=\"elementor-section elementor-top-section elementor-element elementor-element-98d80bd elementor-section-boxed elementor-section-height-default elementor-section-height-default\" data-id=\"98d80bd\" data-element_type=\"section\">\n\t\t\t\t\t\t<div class=\"elementor-container elementor-column-gap-default\">\n\t\t\t\t\t<div class=\"elementor-column elementor-col-20 elementor-top-column elementor-element elementor-element-4b2af61\" data-id=\"4b2af61\" data-element_type=\"column\">\n\t\t\t<div class=\"elementor-widget-wrap elementor-element-populated\">\n\t\t\t\t\t\t<div class=\"elementor-element elementor-element-f455876 elementor-align-center elementor-widget elementor-widget-button\" data-id=\"f455876\" data-element_type=\"widget\" data-widget_type=\"button.default\">\n\t\t\t\t<div class=\"elementor-widget-container\">\n\t\t\t\t\t\t\t<div class=\"elementor-button-wrapper\">\n\t\t\t\t\t<a class=\"elementor-button elementor-button-link elementor-size-sm elementor-animation-grow\" href=\"https:\/\/portal.if.usp.br\/ifusp\/pt-br\/users\/emateus\">\n\t\t\t\t\t\t<span class=\"elementor-button-content-wrapper\">\n\t\t\t\t\t\t\t\t\t<span class=\"elementor-button-text\">IFUSP<\/span>\n\t\t\t\t\t<\/span>\n\t\t\t\t\t<\/a>\n\t\t\t\t<\/div>\n\t\t\t\t\t\t<\/div>\n\t\t\t\t<\/div>\n\t\t\t\t\t<\/div>\n\t\t<\/div>\n\t\t\t\t<div class=\"elementor-column elementor-col-20 elementor-top-column elementor-element elementor-element-d10aa04\" data-id=\"d10aa04\" data-element_type=\"column\">\n\t\t\t<div class=\"elementor-widget-wrap elementor-element-populated\">\n\t\t\t\t\t\t<div class=\"elementor-element elementor-element-277dac7 elementor-align-center elementor-widget elementor-widget-button\" data-id=\"277dac7\" data-element_type=\"widget\" data-widget_type=\"button.default\">\n\t\t\t\t<div class=\"elementor-widget-container\">\n\t\t\t\t\t\t\t<div class=\"elementor-button-wrapper\">\n\t\t\t\t\t<a class=\"elementor-button elementor-button-link elementor-size-sm elementor-animation-grow\" href=\"http:\/\/lattes.cnpq.br\/6019474502149510\">\n\t\t\t\t\t\t<span class=\"elementor-button-content-wrapper\">\n\t\t\t\t\t\t\t\t\t<span class=\"elementor-button-text\">Lattes<\/span>\n\t\t\t\t\t<\/span>\n\t\t\t\t\t<\/a>\n\t\t\t\t<\/div>\n\t\t\t\t\t\t<\/div>\n\t\t\t\t<\/div>\n\t\t\t\t\t<\/div>\n\t\t<\/div>\n\t\t\t\t<div class=\"elementor-column elementor-col-20 elementor-top-column elementor-element elementor-element-8e6160c\" data-id=\"8e6160c\" data-element_type=\"column\">\n\t\t\t<div class=\"elementor-widget-wrap elementor-element-populated\">\n\t\t\t\t\t\t<div class=\"elementor-element elementor-element-f636478 elementor-align-center elementor-widget elementor-widget-button\" data-id=\"f636478\" data-element_type=\"widget\" data-widget_type=\"button.default\">\n\t\t\t\t<div class=\"elementor-widget-container\">\n\t\t\t\t\t\t\t<div class=\"elementor-button-wrapper\">\n\t\t\t\t\t<a class=\"elementor-button elementor-button-link elementor-size-sm elementor-animation-grow\" href=\"https:\/\/bv.fapesp.br\/pt\/pesquisador\/7196\/elisabeth-mateus-yoshimura\/\">\n\t\t\t\t\t\t<span class=\"elementor-button-content-wrapper\">\n\t\t\t\t\t\t\t\t\t<span class=\"elementor-button-text\">FAPESP<\/span>\n\t\t\t\t\t<\/span>\n\t\t\t\t\t<\/a>\n\t\t\t\t<\/div>\n\t\t\t\t\t\t<\/div>\n\t\t\t\t<\/div>\n\t\t\t\t\t<\/div>\n\t\t<\/div>\n\t\t\t\t<div class=\"elementor-column elementor-col-20 elementor-top-column elementor-element elementor-element-870111f\" data-id=\"870111f\" data-element_type=\"column\">\n\t\t\t<div class=\"elementor-widget-wrap elementor-element-populated\">\n\t\t\t\t\t\t<div class=\"elementor-element elementor-element-abbb7b2 elementor-align-center elementor-widget elementor-widget-button\" data-id=\"abbb7b2\" data-element_type=\"widget\" data-widget_type=\"button.default\">\n\t\t\t\t<div class=\"elementor-widget-container\">\n\t\t\t\t\t\t\t<div class=\"elementor-button-wrapper\">\n\t\t\t\t\t<a class=\"elementor-button elementor-button-link elementor-size-sm elementor-animation-grow\" href=\"https:\/\/scholar.google.com\/citations?user=dp-_RWoAAAAJ&#038;hl=pt-BR&#038;oi=ao\">\n\t\t\t\t\t\t<span class=\"elementor-button-content-wrapper\">\n\t\t\t\t\t\t\t\t\t<span class=\"elementor-button-text\">Scholar<\/span>\n\t\t\t\t\t<\/span>\n\t\t\t\t\t<\/a>\n\t\t\t\t<\/div>\n\t\t\t\t\t\t<\/div>\n\t\t\t\t<\/div>\n\t\t\t\t\t<\/div>\n\t\t<\/div>\n\t\t\t\t<div class=\"elementor-column elementor-col-20 elementor-top-column elementor-element elementor-element-060048c\" data-id=\"060048c\" data-element_type=\"column\">\n\t\t\t<div class=\"elementor-widget-wrap elementor-element-populated\">\n\t\t\t\t\t\t<div class=\"elementor-element elementor-element-9d50f62 elementor-align-center elementor-widget elementor-widget-button\" data-id=\"9d50f62\" data-element_type=\"widget\" data-widget_type=\"button.default\">\n\t\t\t\t<div class=\"elementor-widget-container\">\n\t\t\t\t\t\t\t<div class=\"elementor-button-wrapper\">\n\t\t\t\t\t<a class=\"elementor-button elementor-button-link elementor-size-sm elementor-animation-grow\" href=\"https:\/\/orcid.org\/0000-0003-4778-1230\">\n\t\t\t\t\t\t<span class=\"elementor-button-content-wrapper\">\n\t\t\t\t\t\t\t\t\t<span class=\"elementor-button-text\">ORCID<\/span>\n\t\t\t\t\t<\/span>\n\t\t\t\t\t<\/a>\n\t\t\t\t<\/div>\n\t\t\t\t\t\t<\/div>\n\t\t\t\t<\/div>\n\t\t\t\t\t<\/div>\n\t\t<\/div>\n\t\t\t\t\t<\/div>\n\t\t<\/section>\n\t\t\t\t<section class=\"elementor-section elementor-top-section elementor-element elementor-element-3b54330 elementor-section-boxed elementor-section-height-default elementor-section-height-default\" data-id=\"3b54330\" data-element_type=\"section\">\n\t\t\t\t\t\t<div class=\"elementor-container elementor-column-gap-default\">\n\t\t\t\t\t<div class=\"elementor-column elementor-col-100 elementor-top-column elementor-element elementor-element-3a52faa\" data-id=\"3a52faa\" data-element_type=\"column\">\n\t\t\t<div class=\"elementor-widget-wrap elementor-element-populated\">\n\t\t\t\t\t\t<div class=\"elementor-element elementor-element-37219c9 elementor-widget elementor-widget-spacer\" data-id=\"37219c9\" data-element_type=\"widget\" data-widget_type=\"spacer.default\">\n\t\t\t\t<div class=\"elementor-widget-container\">\n\t\t\t\t\t<div class=\"elementor-spacer\">\n\t\t\t<div class=\"elementor-spacer-inner\"><\/div>\n\t\t<\/div>\n\t\t\t\t<\/div>\n\t\t\t\t<\/div>\n\t\t\t\t<div class=\"elementor-element elementor-element-54fccaa elementor-widget elementor-widget-text-editor\" data-id=\"54fccaa\" data-element_type=\"widget\" data-widget_type=\"text-editor.default\">\n\t\t\t\t<div class=\"elementor-widget-container\">\n\t\t\t\t\t\t\t<div><div><blockquote><h6>Universidade de S\u00e3o Paulo, Instituto de F\u00edsica, Departamento de F\u00edsica Nuclear.<br \/>Rua do Mat\u00e3o, 1371<br \/>Butant\u00e3.\u00a0 05508090 &#8211; S\u00e3o Paulo, SP &#8211; Brasil<br \/><span style=\"font-family: 'Source Sans Pro', sans-serif; font-size: 14px; font-style: italic; font-variant-ligatures: normal; font-variant-caps: normal; font-weight: 600;\">Telephone: + 55 (11) 30916991<\/span><br \/><strong>emateus@if.usp.br<\/strong><\/h6><\/blockquote><\/div><\/div>\t\t\t\t\t\t<\/div>\n\t\t\t\t<\/div>\n\t\t\t\t\t<\/div>\n\t\t<\/div>\n\t\t\t\t\t<\/div>\n\t\t<\/section>\n\t\t\t\t<\/div>\n\t\t","protected":false},"excerpt":{"rendered":"<p>Academic Staff Bachelor&#8217;s degree in Physics from the University of S\u00e3o Paulo, as well as a master&#8217;s and a Ph.D. in Physics from the same institution. Currently, she is a full professor at the University of S\u00e3o Paulo. Her expertise lies in the field of Physics, with a focus on Radiation Physics, particularly in the [&hellip;]<\/p>\n","protected":false},"author":23823,"featured_media":0,"parent":0,"menu_order":0,"comment_status":"closed","ping_status":"closed","template":"","meta":{"_monsterinsights_skip_tracking":false,"_monsterinsights_sitenote_active":false,"_monsterinsights_sitenote_note":"","_monsterinsights_sitenote_category":0,"footnotes":"","_links_to":"","_links_to_target":""},"class_list":["post-3182","page","type-page","status-publish","hentry","entry"],"_links":{"self":[{"href":"https:\/\/sites.usp.br\/dosimetry\/wp-json\/wp\/v2\/pages\/3182","targetHints":{"allow":["GET"]}}],"collection":[{"href":"https:\/\/sites.usp.br\/dosimetry\/wp-json\/wp\/v2\/pages"}],"about":[{"href":"https:\/\/sites.usp.br\/dosimetry\/wp-json\/wp\/v2\/types\/page"}],"author":[{"embeddable":true,"href":"https:\/\/sites.usp.br\/dosimetry\/wp-json\/wp\/v2\/users\/23823"}],"replies":[{"embeddable":true,"href":"https:\/\/sites.usp.br\/dosimetry\/wp-json\/wp\/v2\/comments?post=3182"}],"version-history":[{"count":4,"href":"https:\/\/sites.usp.br\/dosimetry\/wp-json\/wp\/v2\/pages\/3182\/revisions"}],"predecessor-version":[{"id":3906,"href":"https:\/\/sites.usp.br\/dosimetry\/wp-json\/wp\/v2\/pages\/3182\/revisions\/3906"}],"wp:attachment":[{"href":"https:\/\/sites.usp.br\/dosimetry\/wp-json\/wp\/v2\/media?parent=3182"}],"curies":[{"name":"wp","href":"https:\/\/api.w.org\/{rel}","templated":true}]}}