{"id":4159,"date":"2024-04-18T16:35:10","date_gmt":"2024-04-18T19:35:10","guid":{"rendered":"https:\/\/sites.usp.br\/dosimetry\/?page_id=4159"},"modified":"2024-05-06T14:08:49","modified_gmt":"2024-05-06T17:08:49","slug":"retired","status":"publish","type":"page","link":"https:\/\/sites.usp.br\/dosimetry\/retired\/","title":{"rendered":"Retired"},"content":{"rendered":"\t\t<div data-elementor-type=\"wp-page\" data-elementor-id=\"4159\" class=\"elementor elementor-4159\" data-elementor-post-type=\"page\">\n\t\t\t\t\t\t<section class=\"elementor-section elementor-top-section elementor-element elementor-element-f3eb6f4 elementor-section-boxed elementor-section-height-default elementor-section-height-default\" data-id=\"f3eb6f4\" data-element_type=\"section\">\n\t\t\t\t\t\t<div class=\"elementor-container elementor-column-gap-default\">\n\t\t\t\t\t<div class=\"elementor-column elementor-col-100 elementor-top-column elementor-element elementor-element-6f72e16\" data-id=\"6f72e16\" data-element_type=\"column\">\n\t\t\t<div class=\"elementor-widget-wrap elementor-element-populated\">\n\t\t\t\t\t\t\t<\/div>\n\t\t<\/div>\n\t\t\t\t\t<\/div>\n\t\t<\/section>\n\t\t\t\t<section class=\"elementor-section elementor-top-section elementor-element elementor-element-5a4b447 elementor-section-boxed elementor-section-height-default elementor-section-height-default\" data-id=\"5a4b447\" data-element_type=\"section\">\n\t\t\t\t\t\t<div class=\"elementor-container elementor-column-gap-default\">\n\t\t\t\t\t<div class=\"elementor-column elementor-col-100 elementor-top-column elementor-element elementor-element-89ce8eb\" data-id=\"89ce8eb\" data-element_type=\"column\">\n\t\t\t<div class=\"elementor-widget-wrap elementor-element-populated\">\n\t\t\t\t\t\t<div class=\"elementor-element elementor-element-58d271d elementor-widget elementor-widget-spacer\" data-id=\"58d271d\" data-element_type=\"widget\" data-widget_type=\"spacer.default\">\n\t\t\t\t<div class=\"elementor-widget-container\">\n\t\t\t\t\t<div class=\"elementor-spacer\">\n\t\t\t<div class=\"elementor-spacer-inner\"><\/div>\n\t\t<\/div>\n\t\t\t\t<\/div>\n\t\t\t\t<\/div>\n\t\t\t\t\t<\/div>\n\t\t<\/div>\n\t\t\t\t\t<\/div>\n\t\t<\/section>\n\t\t\t\t<section class=\"elementor-section elementor-top-section elementor-element elementor-element-dd8ea38 elementor-section-full_width elementor-section-height-default elementor-section-height-default\" data-id=\"dd8ea38\" data-element_type=\"section\">\n\t\t\t\t\t\t<div class=\"elementor-container elementor-column-gap-default\">\n\t\t\t\t\t<div class=\"elementor-column elementor-col-100 elementor-top-column elementor-element elementor-element-43ce160\" data-id=\"43ce160\" data-element_type=\"column\">\n\t\t\t<div class=\"elementor-widget-wrap elementor-element-populated\">\n\t\t\t\t\t\t<div class=\"elementor-element elementor-element-d7fdfc9 elementor-widget__width-initial elementor-position-top elementor-widget elementor-widget-image-box\" data-id=\"d7fdfc9\" data-element_type=\"widget\" data-widget_type=\"image-box.default\">\n\t\t\t\t<div class=\"elementor-widget-container\">\n\t\t\t<div class=\"elementor-image-box-wrapper\"><figure class=\"elementor-image-box-img\"><a href=\"https:\/\/sites.usp.br\/dosimetry\/elisabeth-mateus-yoshimura\/\" tabindex=\"-1\"><img decoding=\"async\" width=\"150\" height=\"150\" src=\"https:\/\/sites.usp.br\/dosimetry\/wp-content\/uploads\/sites\/1384\/2024\/04\/1e9c7500-e1713802857133-150x150.jpg\" class=\"elementor-animation-grow attachment-thumbnail size-thumbnail wp-image-4186\" alt=\"\" srcset=\"https:\/\/sites.usp.br\/dosimetry\/wp-content\/uploads\/sites\/1384\/2024\/04\/1e9c7500-e1713802857133-150x150.jpg 150w, https:\/\/sites.usp.br\/dosimetry\/wp-content\/uploads\/sites\/1384\/2024\/04\/1e9c7500-e1713802857133-45x45.jpg 45w, https:\/\/sites.usp.br\/dosimetry\/wp-content\/uploads\/sites\/1384\/2024\/04\/1e9c7500-e1713802857133-199x200.jpg 199w\" sizes=\"(max-width: 150px) 100vw, 150px\" \/><\/a><\/figure><div class=\"elementor-image-box-content\"><h3 class=\"elementor-image-box-title\"><a href=\"https:\/\/sites.usp.br\/dosimetry\/elisabeth-mateus-yoshimura\/\">Ph.D. Emico Okuno<\/a><\/h3><p class=\"elementor-image-box-description\"><div style=\"text-align: justify; text-indent: 20px;\"><font color=\"#666666\" face=\"Tahoma, Geneva, sans-serif\"><span style=\"font-size: 13px; white-space-collapse: collapse;\">Bachelor degree with a Teaching Qualification in Physics from the Faculty of Philosophy, Sciences, and Letters of the University of S\u00e3o Paulo (1960) and a PhD in Physics from the University of S\u00e3o Paulo (1971). Conducted scientific research on Cosmic Rays with Prof. Cesare Mansueto Giulio Lattes from 1959 to 1967. Did an internship at the Ryerson Laboratory at...<\/span><\/font><span style=\"color: var( --e-global-color-text ); font-family: var( --e-global-typography-text-font-family ), Sans-serif; font-size: 18px; font-weight: var( --e-global-typography-text-font-weight ); text-align: center;\"><\/span><\/div><div style=\"text-align: justify; text-indent: 20px;\"><font color=\"#666666\" face=\"Tahoma, Geneva, sans-serif\"><span style=\"font-size: 13px; white-space-collapse: collapse;\"><\/p><\/div><\/div>\t\t<\/div>\n\t\t\t\t<\/div>\n\t\t\t\t\t<\/div>\n\t\t<\/div>\n\t\t\t\t\t<\/div>\n\t\t<\/section>\n\t\t\t\t<section class=\"elementor-section elementor-top-section elementor-element elementor-element-6519c8f elementor-section-boxed elementor-section-height-default elementor-section-height-default\" data-id=\"6519c8f\" data-element_type=\"section\">\n\t\t\t\t\t\t<div class=\"elementor-container elementor-column-gap-default\">\n\t\t\t\t\t<div class=\"elementor-column elementor-col-100 elementor-top-column elementor-element elementor-element-e7fa318\" data-id=\"e7fa318\" data-element_type=\"column\">\n\t\t\t<div class=\"elementor-widget-wrap elementor-element-populated\">\n\t\t\t\t\t\t<div class=\"elementor-element elementor-element-baf2c05 elementor-button-info elementor-align-center elementor-widget elementor-widget-button\" data-id=\"baf2c05\" data-element_type=\"widget\" data-widget_type=\"button.default\">\n\t\t\t\t<div class=\"elementor-widget-container\">\n\t\t\t\t\t\t\t<div class=\"elementor-button-wrapper\">\n\t\t\t\t\t<a class=\"elementor-button elementor-button-link elementor-size-xs elementor-animation-grow\" href=\"https:\/\/sites.usp.br\/dosimetry\/retired\/emico-okuno\/\">\n\t\t\t\t\t\t<span class=\"elementor-button-content-wrapper\">\n\t\t\t\t\t\t<span class=\"elementor-button-icon\">\n\t\t\t\t<i aria-hidden=\"true\" class=\"fas fa-plus\"><\/i>\t\t\t<\/span>\n\t\t\t\t\t\t\t\t\t<span class=\"elementor-button-text\">Read More<\/span>\n\t\t\t\t\t<\/span>\n\t\t\t\t\t<\/a>\n\t\t\t\t<\/div>\n\t\t\t\t\t\t<\/div>\n\t\t\t\t<\/div>\n\t\t\t\t\t<\/div>\n\t\t<\/div>\n\t\t\t\t\t<\/div>\n\t\t<\/section>\n\t\t\t\t<section class=\"elementor-section elementor-top-section elementor-element elementor-element-503ffcb elementor-section-boxed elementor-section-height-default elementor-section-height-default\" data-id=\"503ffcb\" data-element_type=\"section\">\n\t\t\t\t\t\t<div class=\"elementor-container elementor-column-gap-default\">\n\t\t\t\t\t<div class=\"elementor-column elementor-col-100 elementor-top-column elementor-element elementor-element-4a3a0a9\" data-id=\"4a3a0a9\" data-element_type=\"column\">\n\t\t\t<div class=\"elementor-widget-wrap elementor-element-populated\">\n\t\t\t\t\t\t<div class=\"elementor-element elementor-element-633d2a5 elementor-widget elementor-widget-spacer\" data-id=\"633d2a5\" data-element_type=\"widget\" data-widget_type=\"spacer.default\">\n\t\t\t\t<div class=\"elementor-widget-container\">\n\t\t\t\t\t<div class=\"elementor-spacer\">\n\t\t\t<div class=\"elementor-spacer-inner\"><\/div>\n\t\t<\/div>\n\t\t\t\t<\/div>\n\t\t\t\t<\/div>\n\t\t\t\t\t<\/div>\n\t\t<\/div>\n\t\t\t\t\t<\/div>\n\t\t<\/section>\n\t\t\t\t<section class=\"elementor-section elementor-top-section elementor-element elementor-element-d3c7c30 elementor-section-full_width elementor-section-height-default elementor-section-height-default\" data-id=\"d3c7c30\" data-element_type=\"section\">\n\t\t\t\t\t\t<div class=\"elementor-container elementor-column-gap-default\">\n\t\t\t\t\t<div class=\"elementor-column elementor-col-100 elementor-top-column elementor-element elementor-element-3583a5c\" data-id=\"3583a5c\" data-element_type=\"column\">\n\t\t\t<div class=\"elementor-widget-wrap elementor-element-populated\">\n\t\t\t\t\t\t<div class=\"elementor-element elementor-element-4ca5195 elementor-widget__width-initial elementor-position-top elementor-widget elementor-widget-image-box\" data-id=\"4ca5195\" data-element_type=\"widget\" data-widget_type=\"image-box.default\">\n\t\t\t\t<div class=\"elementor-widget-container\">\n\t\t\t<div class=\"elementor-image-box-wrapper\"><figure class=\"elementor-image-box-img\"><a href=\"https:\/\/sites.usp.br\/dosimetry\/elisabeth-mateus-yoshimura\/\" tabindex=\"-1\"><img decoding=\"async\" width=\"150\" height=\"150\" src=\"https:\/\/sites.usp.br\/dosimetry\/wp-content\/uploads\/sites\/1384\/2024\/04\/0dac7dd0-150x150.jpg\" class=\"elementor-animation-grow attachment-thumbnail size-thumbnail wp-image-4177\" alt=\"\" srcset=\"https:\/\/sites.usp.br\/dosimetry\/wp-content\/uploads\/sites\/1384\/2024\/04\/0dac7dd0-150x150.jpg 150w, https:\/\/sites.usp.br\/dosimetry\/wp-content\/uploads\/sites\/1384\/2024\/04\/0dac7dd0-45x45.jpg 45w, https:\/\/sites.usp.br\/dosimetry\/wp-content\/uploads\/sites\/1384\/2024\/04\/0dac7dd0-199x200.jpg 199w\" sizes=\"(max-width: 150px) 100vw, 150px\" \/><\/a><\/figure><div class=\"elementor-image-box-content\"><h3 class=\"elementor-image-box-title\"><a href=\"https:\/\/sites.usp.br\/dosimetry\/elisabeth-mateus-yoshimura\/\">Ph.D. Ana Regina Blak<\/a><\/h3><p class=\"elementor-image-box-description\"><div style=\"text-align: justify; text-indent: 20px;\"><font color=\"#666666\" face=\"Tahoma, Geneva, sans-serif\"><span style=\"font-size: 13px; white-space-collapse: collapse;\">Bachelor's degree in Physics from the University of S\u00e3o Paulo (1970), master's degree in Physics from the University of S\u00e3o Paulo (1973), and a PhD in Physics from the University of S\u00e3o Paulo (1979). Currently, she holds a position as....<\/span><\/font><span style=\"color: var( --e-global-color-text ); font-family: var( --e-global-typography-text-font-family ), Sans-serif; font-size: 18px; font-weight: var( --e-global-typography-text-font-weight ); text-align: center;\"><\/span><\/div><div style=\"text-align: justify; text-indent: 20px;\"><font color=\"#666666\" face=\"Tahoma, Geneva, sans-serif\"><span style=\"font-size: 13px; white-space-collapse: collapse;\"><\/p><\/div><\/div>\t\t<\/div>\n\t\t\t\t<\/div>\n\t\t\t\t\t<\/div>\n\t\t<\/div>\n\t\t\t\t\t<\/div>\n\t\t<\/section>\n\t\t\t\t<section class=\"elementor-section elementor-top-section elementor-element elementor-element-68fbc70 elementor-section-boxed elementor-section-height-default elementor-section-height-default\" data-id=\"68fbc70\" data-element_type=\"section\">\n\t\t\t\t\t\t<div class=\"elementor-container elementor-column-gap-default\">\n\t\t\t\t\t<div class=\"elementor-column elementor-col-100 elementor-top-column elementor-element elementor-element-ec95d7e\" data-id=\"ec95d7e\" data-element_type=\"column\">\n\t\t\t<div class=\"elementor-widget-wrap elementor-element-populated\">\n\t\t\t\t\t\t<div class=\"elementor-element elementor-element-7dee3df elementor-button-info elementor-align-center elementor-widget elementor-widget-button\" data-id=\"7dee3df\" data-element_type=\"widget\" data-widget_type=\"button.default\">\n\t\t\t\t<div class=\"elementor-widget-container\">\n\t\t\t\t\t\t\t<div class=\"elementor-button-wrapper\">\n\t\t\t\t\t<a class=\"elementor-button elementor-button-link elementor-size-xs elementor-animation-grow\" href=\"https:\/\/sites.usp.br\/dosimetry\/retired\/ana-regina-blak\/\">\n\t\t\t\t\t\t<span class=\"elementor-button-content-wrapper\">\n\t\t\t\t\t\t<span class=\"elementor-button-icon\">\n\t\t\t\t<i aria-hidden=\"true\" class=\"fas fa-plus\"><\/i>\t\t\t<\/span>\n\t\t\t\t\t\t\t\t\t<span class=\"elementor-button-text\">Read More<\/span>\n\t\t\t\t\t<\/span>\n\t\t\t\t\t<\/a>\n\t\t\t\t<\/div>\n\t\t\t\t\t\t<\/div>\n\t\t\t\t<\/div>\n\t\t\t\t\t<\/div>\n\t\t<\/div>\n\t\t\t\t\t<\/div>\n\t\t<\/section>\n\t\t\t\t<\/div>\n\t\t","protected":false},"excerpt":{"rendered":"<p>Ph.D. Emico Okuno Bachelor degree with a Teaching Qualification in Physics from the Faculty of Philosophy, Sciences, and Letters of the University of S\u00e3o Paulo (1960) and a PhD in Physics from the University of S\u00e3o Paulo (1971). Conducted scientific research on Cosmic Rays with Prof. Cesare Mansueto Giulio Lattes from 1959 to 1967. Did [&hellip;]<\/p>\n","protected":false},"author":23823,"featured_media":0,"parent":0,"menu_order":0,"comment_status":"closed","ping_status":"closed","template":"","meta":{"_monsterinsights_skip_tracking":false,"_monsterinsights_sitenote_active":false,"_monsterinsights_sitenote_note":"","_monsterinsights_sitenote_category":0,"footnotes":"","_links_to":"","_links_to_target":""},"class_list":["post-4159","page","type-page","status-publish","hentry","entry"],"_links":{"self":[{"href":"https:\/\/sites.usp.br\/dosimetry\/wp-json\/wp\/v2\/pages\/4159","targetHints":{"allow":["GET"]}}],"collection":[{"href":"https:\/\/sites.usp.br\/dosimetry\/wp-json\/wp\/v2\/pages"}],"about":[{"href":"https:\/\/sites.usp.br\/dosimetry\/wp-json\/wp\/v2\/types\/page"}],"author":[{"embeddable":true,"href":"https:\/\/sites.usp.br\/dosimetry\/wp-json\/wp\/v2\/users\/23823"}],"replies":[{"embeddable":true,"href":"https:\/\/sites.usp.br\/dosimetry\/wp-json\/wp\/v2\/comments?post=4159"}],"version-history":[{"count":4,"href":"https:\/\/sites.usp.br\/dosimetry\/wp-json\/wp\/v2\/pages\/4159\/revisions"}],"predecessor-version":[{"id":4402,"href":"https:\/\/sites.usp.br\/dosimetry\/wp-json\/wp\/v2\/pages\/4159\/revisions\/4402"}],"wp:attachment":[{"href":"https:\/\/sites.usp.br\/dosimetry\/wp-json\/wp\/v2\/media?parent=4159"}],"curies":[{"name":"wp","href":"https:\/\/api.w.org\/{rel}","templated":true}]}}