{"id":4201,"date":"2024-04-22T13:30:49","date_gmt":"2024-04-22T16:30:49","guid":{"rendered":"https:\/\/sites.usp.br\/dosimetry\/?page_id=4201"},"modified":"2024-04-25T16:29:59","modified_gmt":"2024-04-25T19:29:59","slug":"emico-okuno","status":"publish","type":"page","link":"https:\/\/sites.usp.br\/dosimetry\/retired\/emico-okuno\/","title":{"rendered":"Emico Okuno"},"content":{"rendered":"\t\t<div data-elementor-type=\"wp-page\" data-elementor-id=\"4201\" class=\"elementor elementor-4201\" data-elementor-post-type=\"page\">\n\t\t\t\t\t\t<section class=\"elementor-section elementor-top-section elementor-element elementor-element-bab5391 elementor-section-boxed elementor-section-height-default elementor-section-height-default\" data-id=\"bab5391\" data-element_type=\"section\">\n\t\t\t\t\t\t<div class=\"elementor-container elementor-column-gap-default\">\n\t\t\t\t\t<div class=\"elementor-column elementor-col-100 elementor-top-column elementor-element elementor-element-af3b274\" data-id=\"af3b274\" data-element_type=\"column\">\n\t\t\t<div class=\"elementor-widget-wrap elementor-element-populated\">\n\t\t\t\t\t\t<div class=\"elementor-element elementor-element-8f51653 elementor-align-right elementor-widget elementor-widget-button\" data-id=\"8f51653\" data-element_type=\"widget\" data-widget_type=\"button.default\">\n\t\t\t\t<div class=\"elementor-widget-container\">\n\t\t\t\t\t\t\t<div class=\"elementor-button-wrapper\">\n\t\t\t\t\t<a class=\"elementor-button elementor-button-link elementor-size-xs\" href=\"https:\/\/sites.usp.br\/dosimetry\/retired\/\">\n\t\t\t\t\t\t<span class=\"elementor-button-content-wrapper\">\n\t\t\t\t\t\t<span class=\"elementor-button-icon\">\n\t\t\t\t<i aria-hidden=\"true\" class=\"fas fa-arrow-alt-circle-left\"><\/i>\t\t\t<\/span>\n\t\t\t\t\t\t\t\t\t<span class=\"elementor-button-text\">Retired<\/span>\n\t\t\t\t\t<\/span>\n\t\t\t\t\t<\/a>\n\t\t\t\t<\/div>\n\t\t\t\t\t\t<\/div>\n\t\t\t\t<\/div>\n\t\t\t\t\t<\/div>\n\t\t<\/div>\n\t\t\t\t\t<\/div>\n\t\t<\/section>\n\t\t\t\t<section class=\"elementor-section elementor-top-section elementor-element elementor-element-e77d1bd elementor-section-boxed elementor-section-height-default elementor-section-height-default\" data-id=\"e77d1bd\" data-element_type=\"section\">\n\t\t\t\t\t\t<div class=\"elementor-container elementor-column-gap-default\">\n\t\t\t\t\t<div class=\"elementor-column elementor-col-33 elementor-top-column elementor-element elementor-element-85b2143\" data-id=\"85b2143\" data-element_type=\"column\">\n\t\t\t<div class=\"elementor-widget-wrap elementor-element-populated\">\n\t\t\t\t\t\t<div class=\"elementor-element elementor-element-35b060a elementor-widget__width-initial elementor-widget elementor-widget-image\" data-id=\"35b060a\" data-element_type=\"widget\" data-widget_type=\"image.default\">\n\t\t\t\t<div class=\"elementor-widget-container\">\n\t\t\t\t\t\t\t\t\t\t\t\t\t<img decoding=\"async\" width=\"199\" height=\"224\" src=\"https:\/\/sites.usp.br\/dosimetry\/wp-content\/uploads\/sites\/1384\/2024\/04\/1e9c7500-e1713802857133.jpg\" class=\"attachment-large size-large wp-image-4186\" alt=\"\" \/>\t\t\t\t\t\t\t\t\t\t\t\t\t<\/div>\n\t\t\t\t<\/div>\n\t\t\t\t\t<\/div>\n\t\t<\/div>\n\t\t\t\t<div class=\"elementor-column elementor-col-66 elementor-top-column elementor-element elementor-element-eeaa98b\" data-id=\"eeaa98b\" data-element_type=\"column\">\n\t\t\t<div class=\"elementor-widget-wrap elementor-element-populated\">\n\t\t\t\t\t\t<div class=\"elementor-element elementor-element-3b7a85c elementor-widget elementor-widget-heading\" data-id=\"3b7a85c\" data-element_type=\"widget\" data-widget_type=\"heading.default\">\n\t\t\t\t<div class=\"elementor-widget-container\">\n\t\t\t<h2 class=\"elementor-heading-title elementor-size-default\">Ph.D. Emico Okuno<\/h2>\t\t<\/div>\n\t\t\t\t<\/div>\n\t\t\t\t\t<\/div>\n\t\t<\/div>\n\t\t\t\t\t<\/div>\n\t\t<\/section>\n\t\t\t\t<section class=\"elementor-section elementor-top-section elementor-element elementor-element-ce27d3f elementor-section-boxed elementor-section-height-default elementor-section-height-default\" data-id=\"ce27d3f\" data-element_type=\"section\">\n\t\t\t\t\t\t<div class=\"elementor-container elementor-column-gap-default\">\n\t\t\t\t\t<div class=\"elementor-column elementor-col-100 elementor-top-column elementor-element elementor-element-892a5a9\" data-id=\"892a5a9\" data-element_type=\"column\">\n\t\t\t<div class=\"elementor-widget-wrap elementor-element-populated\">\n\t\t\t\t\t\t<div class=\"elementor-element elementor-element-6968b45 elementor-widget__width-initial elementor-widget elementor-widget-text-editor\" data-id=\"6968b45\" data-element_type=\"widget\" data-widget_type=\"text-editor.default\">\n\t\t\t\t<div class=\"elementor-widget-container\">\n\t\t\t\t\t\t\t<p><span style=\"color: #0d0d0d; font-family: S\u00f6hne, ui-sans-serif, system-ui, -apple-system, Segoe UI, Roboto, Ubuntu, Cantarell, Noto Sans, sans-serif, Helvetica Neue, Arial, Apple Color Emoji, Segoe UI Emoji, Segoe UI Symbol, Noto Color Emoji;\"><span style=\"font-size: 16px; white-space-collapse: preserve;\">Bachelor degree with a Teaching Qualification <\/span><\/span><span style=\"color: #0d0d0d; font-family: S\u00f6hne, ui-sans-serif, system-ui, -apple-system, 'Segoe UI', Roboto, Ubuntu, Cantarell, 'Noto Sans', sans-serif, 'Helvetica Neue', Arial, 'Apple Color Emoji', 'Segoe UI Emoji', 'Segoe UI Symbol', 'Noto Color Emoji'; font-size: 16px; font-style: normal; font-variant-ligatures: normal; font-variant-caps: normal; font-weight: 400; white-space-collapse: preserve; background-color: #ffffff;\">in Physics from the Faculty of Philosophy, Sciences, and Letters of the University of S\u00e3o Paulo (1960) and a PhD in Physics from the University of S\u00e3o Paulo (1971). Conducted scientific research on Cosmic Rays with Prof. Cesare Mansueto Giulio Lattes from 1959 to 1967. She did an internship at the Ryerson Laboratory at the University of Chicago (3 months in 1962) where worked with Prof. Masatoshi Koshiba (Nobel Prize in Physics in 2002). She did a postdoctoral internship at the Istituto di F\u00edsica della Universit\u00e0 degli Studi di Parma (1971-1973). She has experience in the area of Medical Physics &#8211; Biological effects of ionizing and non-ionizing radiation, Biomechanics, Radiological protection, Thermoluminescent dosimetry, and Material Properties. She is the author and co-author of 7 textbooks, one of which is the English translation &#8220;Biomechanics of the Human Body&#8221;, published by Springer in 2014 and another, translated into Italian &#8211; &#8220;La Fisica del Calcio&#8221;, published in Italy by Editora Zanichelli in Feb\/2016.<\/span><\/p>\t\t\t\t\t\t<\/div>\n\t\t\t\t<\/div>\n\t\t\t\t\t<\/div>\n\t\t<\/div>\n\t\t\t\t\t<\/div>\n\t\t<\/section>\n\t\t\t\t<section class=\"elementor-section elementor-top-section elementor-element elementor-element-13612e5 elementor-section-boxed elementor-section-height-default elementor-section-height-default\" data-id=\"13612e5\" data-element_type=\"section\">\n\t\t\t\t\t\t<div class=\"elementor-container elementor-column-gap-default\">\n\t\t\t\t\t<div class=\"elementor-column elementor-col-33 elementor-top-column elementor-element elementor-element-1003957\" data-id=\"1003957\" data-element_type=\"column\">\n\t\t\t<div class=\"elementor-widget-wrap elementor-element-populated\">\n\t\t\t\t\t\t<div class=\"elementor-element elementor-element-ed325d7 elementor-align-center elementor-widget elementor-widget-button\" data-id=\"ed325d7\" data-element_type=\"widget\" data-widget_type=\"button.default\">\n\t\t\t\t<div class=\"elementor-widget-container\">\n\t\t\t\t\t\t\t<div class=\"elementor-button-wrapper\">\n\t\t\t\t\t<a class=\"elementor-button elementor-button-link elementor-size-sm elementor-animation-grow\" href=\"https:\/\/portal.if.usp.br\/ifusp\/pt-br\/users\/eokuno\">\n\t\t\t\t\t\t<span class=\"elementor-button-content-wrapper\">\n\t\t\t\t\t\t\t\t\t<span class=\"elementor-button-text\">IFUSP<\/span>\n\t\t\t\t\t<\/span>\n\t\t\t\t\t<\/a>\n\t\t\t\t<\/div>\n\t\t\t\t\t\t<\/div>\n\t\t\t\t<\/div>\n\t\t\t\t\t<\/div>\n\t\t<\/div>\n\t\t\t\t<div class=\"elementor-column elementor-col-33 elementor-top-column elementor-element elementor-element-f64e9ea\" data-id=\"f64e9ea\" data-element_type=\"column\">\n\t\t\t<div class=\"elementor-widget-wrap elementor-element-populated\">\n\t\t\t\t\t\t<div class=\"elementor-element elementor-element-b720a69 elementor-align-center elementor-widget elementor-widget-button\" data-id=\"b720a69\" data-element_type=\"widget\" data-widget_type=\"button.default\">\n\t\t\t\t<div class=\"elementor-widget-container\">\n\t\t\t\t\t\t\t<div class=\"elementor-button-wrapper\">\n\t\t\t\t\t<a class=\"elementor-button elementor-button-link elementor-size-sm elementor-animation-grow\" href=\"http:\/\/lattes.cnpq.br\/4214052608204228\">\n\t\t\t\t\t\t<span class=\"elementor-button-content-wrapper\">\n\t\t\t\t\t\t\t\t\t<span class=\"elementor-button-text\">Lattes<\/span>\n\t\t\t\t\t<\/span>\n\t\t\t\t\t<\/a>\n\t\t\t\t<\/div>\n\t\t\t\t\t\t<\/div>\n\t\t\t\t<\/div>\n\t\t\t\t\t<\/div>\n\t\t<\/div>\n\t\t\t\t<div class=\"elementor-column elementor-col-33 elementor-top-column elementor-element elementor-element-7ca1991\" data-id=\"7ca1991\" data-element_type=\"column\">\n\t\t\t<div class=\"elementor-widget-wrap elementor-element-populated\">\n\t\t\t\t\t\t<div class=\"elementor-element elementor-element-03d30a8 elementor-align-center elementor-widget elementor-widget-button\" data-id=\"03d30a8\" data-element_type=\"widget\" data-widget_type=\"button.default\">\n\t\t\t\t<div class=\"elementor-widget-container\">\n\t\t\t\t\t\t\t<div class=\"elementor-button-wrapper\">\n\t\t\t\t\t<a class=\"elementor-button elementor-button-link elementor-size-sm elementor-animation-grow\" href=\"https:\/\/bv.fapesp.br\/pt\/pesquisador\/90589\/emico-okuno\/\">\n\t\t\t\t\t\t<span class=\"elementor-button-content-wrapper\">\n\t\t\t\t\t\t\t\t\t<span class=\"elementor-button-text\">FAPESP<\/span>\n\t\t\t\t\t<\/span>\n\t\t\t\t\t<\/a>\n\t\t\t\t<\/div>\n\t\t\t\t\t\t<\/div>\n\t\t\t\t<\/div>\n\t\t\t\t\t<\/div>\n\t\t<\/div>\n\t\t\t\t\t<\/div>\n\t\t<\/section>\n\t\t\t\t<section class=\"elementor-section elementor-top-section elementor-element elementor-element-c80a845 elementor-section-boxed elementor-section-height-default elementor-section-height-default\" data-id=\"c80a845\" data-element_type=\"section\">\n\t\t\t\t\t\t<div class=\"elementor-container elementor-column-gap-default\">\n\t\t\t\t\t<div class=\"elementor-column elementor-col-100 elementor-top-column elementor-element elementor-element-b7885ca\" data-id=\"b7885ca\" data-element_type=\"column\">\n\t\t\t<div class=\"elementor-widget-wrap elementor-element-populated\">\n\t\t\t\t\t\t<div class=\"elementor-element elementor-element-3cb0f68 elementor-widget elementor-widget-spacer\" data-id=\"3cb0f68\" data-element_type=\"widget\" data-widget_type=\"spacer.default\">\n\t\t\t\t<div class=\"elementor-widget-container\">\n\t\t\t\t\t<div class=\"elementor-spacer\">\n\t\t\t<div class=\"elementor-spacer-inner\"><\/div>\n\t\t<\/div>\n\t\t\t\t<\/div>\n\t\t\t\t<\/div>\n\t\t\t\t<div class=\"elementor-element elementor-element-fce098e elementor-widget elementor-widget-text-editor\" data-id=\"fce098e\" data-element_type=\"widget\" data-widget_type=\"text-editor.default\">\n\t\t\t\t<div class=\"elementor-widget-container\">\n\t\t\t\t\t\t\t<blockquote><h6>Universidade de S\u00e3o Paulo, Instituto de F\u00edsica, Departamento de F\u00edsica Nuclear.<br \/>Rua do Mat\u00e3o, 1371<br \/>Butant\u00e3.\u00a0 05508090 &#8211; S\u00e3o Paulo, SP &#8211; Brasil<br \/><span style=\"font-family: 'Source Sans Pro', sans-serif; font-size: 14px; font-style: italic; font-variant-ligatures: normal; font-variant-caps: normal; font-weight: 600;\">Telephone: Telefone: +55 (11) 30916994<\/span><br \/>eokuno@if.usp.br<\/h6><\/blockquote>\t\t\t\t\t\t<\/div>\n\t\t\t\t<\/div>\n\t\t\t\t\t<\/div>\n\t\t<\/div>\n\t\t\t\t\t<\/div>\n\t\t<\/section>\n\t\t\t\t<\/div>\n\t\t","protected":false},"excerpt":{"rendered":"<p>Retired Ph.D. Emico Okuno Bachelor degree with a Teaching Qualification in Physics from the Faculty of Philosophy, Sciences, and Letters of the University of S\u00e3o Paulo (1960) and a PhD in Physics from the University of S\u00e3o Paulo (1971). Conducted scientific research on Cosmic Rays with Prof. Cesare Mansueto Giulio Lattes from 1959 to 1967. [&hellip;]<\/p>\n","protected":false},"author":23823,"featured_media":0,"parent":4159,"menu_order":0,"comment_status":"closed","ping_status":"closed","template":"","meta":{"_monsterinsights_skip_tracking":false,"_monsterinsights_sitenote_active":false,"_monsterinsights_sitenote_note":"","_monsterinsights_sitenote_category":0,"footnotes":"","_links_to":"","_links_to_target":""},"class_list":["post-4201","page","type-page","status-publish","hentry","entry"],"_links":{"self":[{"href":"https:\/\/sites.usp.br\/dosimetry\/wp-json\/wp\/v2\/pages\/4201","targetHints":{"allow":["GET"]}}],"collection":[{"href":"https:\/\/sites.usp.br\/dosimetry\/wp-json\/wp\/v2\/pages"}],"about":[{"href":"https:\/\/sites.usp.br\/dosimetry\/wp-json\/wp\/v2\/types\/page"}],"author":[{"embeddable":true,"href":"https:\/\/sites.usp.br\/dosimetry\/wp-json\/wp\/v2\/users\/23823"}],"replies":[{"embeddable":true,"href":"https:\/\/sites.usp.br\/dosimetry\/wp-json\/wp\/v2\/comments?post=4201"}],"version-history":[{"count":4,"href":"https:\/\/sites.usp.br\/dosimetry\/wp-json\/wp\/v2\/pages\/4201\/revisions"}],"predecessor-version":[{"id":4384,"href":"https:\/\/sites.usp.br\/dosimetry\/wp-json\/wp\/v2\/pages\/4201\/revisions\/4384"}],"up":[{"embeddable":true,"href":"https:\/\/sites.usp.br\/dosimetry\/wp-json\/wp\/v2\/pages\/4159"}],"wp:attachment":[{"href":"https:\/\/sites.usp.br\/dosimetry\/wp-json\/wp\/v2\/media?parent=4201"}],"curies":[{"name":"wp","href":"https:\/\/api.w.org\/{rel}","templated":true}]}}