{"id":1007,"date":"2017-02-07T11:51:12","date_gmt":"2017-02-07T13:51:12","guid":{"rendered":"http:\/\/sites.usp.br\/dpi\/?page_id=1007"},"modified":"2017-03-16T14:32:15","modified_gmt":"2017-03-16T17:32:15","slug":"concessoes","status":"publish","type":"page","link":"https:\/\/sites.usp.br\/dpi\/concessoes\/","title":{"rendered":"Concess\u00e3o de Direito Real de Uso"},"content":{"rendered":"<p>\u00c9 um tipo de contrato administrativo pelo qual a Administra\u00e7\u00e3o confere ao particular o uso privativo de um bem p\u00fablico, de acordo com uma finalidade previamente fixada. Esta modalidade \u00e9 utilizada pela Universidade para a instala\u00e7\u00e3o de bancos, servi\u00e7os reprogr\u00e1ficos, lanchonetes e restaurantes. Pode ser gratuita, mas \u00e9 comum a administra\u00e7\u00e3o exigir uma contrapresta\u00e7\u00e3o pecuni\u00e1ria pelo uso do bem p\u00fablico.<\/p>\n<p>Aten\u00e7\u00e3o para a divulga\u00e7\u00e3o das pr\u00f3ximas licita\u00e7\u00f5es na modalidade de Concorr\u00eancia.<\/p>\n","protected":false},"excerpt":{"rendered":"<p>\u00c9 um tipo de contrato administrativo pelo qual a Administra\u00e7\u00e3o confere ao particular o uso privativo de um bem p\u00fablico, de acordo com uma finalidade previamente fixada. Esta modalidade \u00e9 utilizada pela Universidade para a instala\u00e7\u00e3o de bancos, servi\u00e7os reprogr\u00e1ficos, lanchonetes e restaurantes. Pode ser gratuita, mas \u00e9 comum a administra\u00e7\u00e3o exigir uma contrapresta\u00e7\u00e3o pecuni\u00e1ria pelo uso do bem p\u00fablico. Aten\u00e7\u00e3o para a divulga\u00e7\u00e3o das pr\u00f3ximas licita\u00e7\u00f5es na modalidade de Concorr\u00eancia.<\/p>\n","protected":false},"author":399,"featured_media":0,"parent":0,"menu_order":0,"comment_status":"closed","ping_status":"closed","template":"","meta":{"footnotes":"","_links_to":"","_links_to_target":""},"class_list":["post-1007","page","type-page","status-publish","hentry"],"_links":{"self":[{"href":"https:\/\/sites.usp.br\/dpi\/wp-json\/wp\/v2\/pages\/1007","targetHints":{"allow":["GET"]}}],"collection":[{"href":"https:\/\/sites.usp.br\/dpi\/wp-json\/wp\/v2\/pages"}],"about":[{"href":"https:\/\/sites.usp.br\/dpi\/wp-json\/wp\/v2\/types\/page"}],"author":[{"embeddable":true,"href":"https:\/\/sites.usp.br\/dpi\/wp-json\/wp\/v2\/users\/399"}],"replies":[{"embeddable":true,"href":"https:\/\/sites.usp.br\/dpi\/wp-json\/wp\/v2\/comments?post=1007"}],"version-history":[{"count":7,"href":"https:\/\/sites.usp.br\/dpi\/wp-json\/wp\/v2\/pages\/1007\/revisions"}],"predecessor-version":[{"id":1267,"href":"https:\/\/sites.usp.br\/dpi\/wp-json\/wp\/v2\/pages\/1007\/revisions\/1267"}],"wp:attachment":[{"href":"https:\/\/sites.usp.br\/dpi\/wp-json\/wp\/v2\/media?parent=1007"}],"curies":[{"name":"wp","href":"https:\/\/api.w.org\/{rel}","templated":true}]}}