{"id":1009,"date":"2017-02-07T11:51:31","date_gmt":"2017-02-07T13:51:31","guid":{"rendered":"http:\/\/sites.usp.br\/dpi\/?page_id=1009"},"modified":"2017-02-07T15:31:57","modified_gmt":"2017-02-07T17:31:57","slug":"permissao-de-uso","status":"publish","type":"page","link":"https:\/\/sites.usp.br\/dpi\/permissao-de-uso\/","title":{"rendered":"Permiss\u00e3o de Uso"},"content":{"rendered":"<p>\u00c9 um ato administrativo prec\u00e1rio atrav\u00e9s do qual \u00a0a Administra\u00e7\u00e3o transfere ao particular \u00a0o uso de\u00a0espa\u00e7o de acordo com \u00a0obriga\u00e7\u00f5es e termos pactuados, podendo ser gratuita ou mediante o pagamento de taxa. A permiss\u00e3o \u00e9 prec\u00e1ria, pois pode ser desfeita a qualquer momento, sem o pagamento de uma indeniza\u00e7\u00e3o.<\/p>\n","protected":false},"excerpt":{"rendered":"<p>\u00c9 um ato administrativo prec\u00e1rio atrav\u00e9s do qual \u00a0a Administra\u00e7\u00e3o transfere ao particular \u00a0o uso de\u00a0espa\u00e7o de acordo com \u00a0obriga\u00e7\u00f5es e termos pactuados, podendo ser gratuita ou mediante o pagamento de taxa. A permiss\u00e3o \u00e9 prec\u00e1ria, pois pode ser desfeita a qualquer momento, sem o pagamento de uma indeniza\u00e7\u00e3o.<\/p>\n","protected":false},"author":399,"featured_media":0,"parent":0,"menu_order":0,"comment_status":"closed","ping_status":"closed","template":"","meta":{"footnotes":"","_links_to":"","_links_to_target":""},"class_list":["post-1009","page","type-page","status-publish","hentry"],"_links":{"self":[{"href":"https:\/\/sites.usp.br\/dpi\/wp-json\/wp\/v2\/pages\/1009","targetHints":{"allow":["GET"]}}],"collection":[{"href":"https:\/\/sites.usp.br\/dpi\/wp-json\/wp\/v2\/pages"}],"about":[{"href":"https:\/\/sites.usp.br\/dpi\/wp-json\/wp\/v2\/types\/page"}],"author":[{"embeddable":true,"href":"https:\/\/sites.usp.br\/dpi\/wp-json\/wp\/v2\/users\/399"}],"replies":[{"embeddable":true,"href":"https:\/\/sites.usp.br\/dpi\/wp-json\/wp\/v2\/comments?post=1009"}],"version-history":[{"count":4,"href":"https:\/\/sites.usp.br\/dpi\/wp-json\/wp\/v2\/pages\/1009\/revisions"}],"predecessor-version":[{"id":1027,"href":"https:\/\/sites.usp.br\/dpi\/wp-json\/wp\/v2\/pages\/1009\/revisions\/1027"}],"wp:attachment":[{"href":"https:\/\/sites.usp.br\/dpi\/wp-json\/wp\/v2\/media?parent=1009"}],"curies":[{"name":"wp","href":"https:\/\/api.w.org\/{rel}","templated":true}]}}