{"id":853,"date":"2017-01-11T11:51:02","date_gmt":"2017-01-11T13:51:02","guid":{"rendered":"http:\/\/sites.usp.br\/dpi\/?page_id=853"},"modified":"2025-07-07T14:41:57","modified_gmt":"2025-07-07T17:41:57","slug":"sobre-divisao","status":"publish","type":"page","link":"https:\/\/sites.usp.br\/dpi\/sobre-divisao\/","title":{"rendered":"Sobre o Servi\u00e7o"},"content":{"rendered":"<h4><em>As atribui\u00e7\u00f5es do Servi\u00e7o T\u00e9cnico de Patrim\u00f4nio Imobili\u00e1rio do Departamento de Finan\u00e7as da CODAGE foram definidas pela Resolu\u00e7\u00e3o n\u00ba 5889\/2010.<\/em><\/h4>\n<h3><strong>Entre suas atividades destacamos as principais:<\/strong><\/h3>\n<ul>\n<li>\n<h4><em>Manter em arquivo toda a documenta\u00e7\u00e3o dos im\u00f3veis da Universidade;<\/em><\/h4>\n<\/li>\n<li>\n<h4><em>Realizar vistorias t\u00e9cnicas e laudos de avalia\u00e7\u00e3o para fins de loca\u00e7\u00e3o ou venda de im\u00f3veis;<\/em><\/h4>\n<\/li>\n<li>\n<h4><em>Realizar an\u00e1lise de documentos de propriedade e elaborar levantamentos t\u00e9cnicos, em conson\u00e2ncia com a Procuradoria do Patrim\u00f4nio Imobili\u00e1rio da Procuradoria Geral do Estado.<\/em><\/h4>\n<\/li>\n<\/ul>\n<h3><strong>Quanto aos bens origin\u00e1rios de heran\u00e7as vacantes e\/ou \u00a0testament\u00e1rias<\/strong>:<\/h3>\n<ul>\n<li>\n<h4><em>Providenciar reformas e reparos;<\/em><\/h4>\n<\/li>\n<li>\n<h4><em>Celebrar contratos de loca\u00e7\u00e3o e controlar os respectivos pagamentos;<\/em><\/h4>\n<\/li>\n<li>\n<h4><em>Providenciar documentos e certid\u00f5es necess\u00e1rios para a regulariza\u00e7\u00e3o do dom\u00ednio dos im\u00f3veis e obten\u00e7\u00e3o de alvar\u00e1s para reformas e demoli\u00e7\u00f5es;<\/em><\/h4>\n<\/li>\n<li>\n<h4><em>Elaborar as minutas de escrituras para aquisi\u00e7\u00e3o, venda ou doa\u00e7\u00e3o de im\u00f3veis;<\/em><\/h4>\n<\/li>\n<li>\n<h4><em>Efetuar o registro imobili\u00e1rio dos im\u00f3veis e solicitar a incorpora\u00e7\u00e3o cont\u00e1bil ao patrim\u00f4nio da Universidade;<\/em><\/h4>\n<\/li>\n<li>\n<h4><em>Venda dos im\u00f3veis por leil\u00e3o p\u00fablico.<\/em><\/h4>\n<\/li>\n<\/ul>\n<h3><strong>Quanto aos im\u00f3veis pr\u00f3prios da USP:<\/strong><\/h3>\n<ul>\n<li>\n<h4><em>Elaborar minutas de escritura para transmiss\u00e3o da propriedade dos im\u00f3veis destinados \u00e0 Universidade, e providenciar o respectivo registro e\/ou anota\u00e7\u00f5es imobili\u00e1rios;<\/em><\/h4>\n<\/li>\n<li>\n<h4><em>Representar a Universidade perante o Servi\u00e7o de Gerenciamento de Im\u00f3veis (SGI) do Conselho do Patrim\u00f4nio Imobili\u00e1rio do Estado.<\/em><\/h4>\n<\/li>\n<\/ul>\n<div class=\"content left\">\n<div class=\"post-853 page type-page status-publish hentry\">\n<div class=\"entry clearfix\">\n<h3><\/h3>\n<h3><em>Endere\u00e7o<\/em>: Rua da Pra\u00e7a do Rel\u00f3gio n\u00ba 109 &#8211; Bloco &#8220;L&#8221; &#8211; 6\u00ba andar &#8211; Salas 612 a 616 &#8211; Butant\u00e3 &#8211; CEP: 05508-050 &#8211; S\u00e3o Paulo\/SP<\/h3>\n<p>&nbsp;<\/p>\n<h3><strong>E-mail para contatos do Servi\u00e7o T\u00e9cnico de Patrim\u00f4nio Imobili\u00e1rio: <a>imoveis@usp.br<\/a><\/strong><\/h3>\n<\/div>\n<\/div>\n<\/div>\n<aside class=\"sidebar sb-right\">\n<div class=\"sb-widget\"><\/div>\n<\/aside>\n<ul>\n<li>\n<h1><strong>Equipe (SVPI)<i>:<\/i><\/strong><\/h1>\n<\/li>\n<\/ul>\n<p>&nbsp;<\/p>\n<h2><em><strong>Chefe T\u00e9cnico\u00a0<\/strong><\/em><\/h2>\n<h3><strong>Clara Marisa Zorigian \u2013 Tel. 3091-0101<\/strong><\/h3>\n<ul>\n<li>\n<h4>Ivone Carneiro Rafael (Arquiteta) \u2013 Tel. 3091-3483<\/h4>\n<\/li>\n<\/ul>\n<p>&nbsp;<\/p>\n<ul>\n<li>\n<h3><strong><em>Se\u00e7\u00e3o de Administra\u00e7\u00e3o de Im\u00f3veis (SCADMIN):<\/em><\/strong><\/h3>\n<\/li>\n<\/ul>\n<h4><\/h4>\n<h4>Winicius Rochel da Silva (Chefe) \u2013 Tel. 2648-0731<\/h4>\n<h4>Katia Protti\u00a0 \u2013 Tel. 3091-3481<\/h4>\n<h4>Luiz Carlos de Oliveira \u2013 Tel. 3091-3468<\/h4>\n<p>&nbsp;<\/p>\n<ul>\n<li>\n<h3><em>Se\u00e7\u00e3o T\u00e9cnica\u00a0de Aliena\u00e7\u00f5es e Gest\u00e3o de Documentos Fundi\u00e1rios (SCAGDOC):<\/em><\/h3>\n<\/li>\n<\/ul>\n<h4><\/h4>\n<h4>Julio Cesar Alves (Chefe) \u2013 Tel. 3091-0104<\/h4>\n<h4>Alessandro Cesar da Cunha &#8211; Tel. 3091-1554<\/h4>\n<h4>Valdir Aparecido Capellari\u00a0 (Analista) &#8211; Tel. 3091-3533<\/h4>\n<h4><\/h4>\n<p>&nbsp;<\/p>\n<h4><\/h4>\n","protected":false},"excerpt":{"rendered":"<p>As atribui\u00e7\u00f5es do Servi\u00e7o T\u00e9cnico de Patrim\u00f4nio Imobili\u00e1rio do Departamento de Finan\u00e7as da CODAGE foram definidas pela Resolu\u00e7\u00e3o n\u00ba 5889\/2010. Entre suas atividades destacamos as principais: Manter em arquivo toda a documenta\u00e7\u00e3o dos im\u00f3veis da Universidade; Realizar vistorias t\u00e9cnicas e laudos de avalia\u00e7\u00e3o para fins de loca\u00e7\u00e3o ou venda de im\u00f3veis; Realizar an\u00e1lise de documentos de propriedade e elaborar levantamentos t\u00e9cnicos, em conson\u00e2ncia com a Procuradoria do Patrim\u00f4nio Imobili\u00e1rio da Procuradoria Geral do Estado. Quanto aos bens origin\u00e1rios de heran\u00e7as vacantes e\/ou \u00a0testament\u00e1rias: Providenciar reformas e reparos; Celebrar contratos de loca\u00e7\u00e3o e controlar os respectivos pagamentos; Providenciar documentos e certid\u00f5es necess\u00e1rios para a regulariza\u00e7\u00e3o do dom\u00ednio dos im\u00f3veis e obten\u00e7\u00e3o de alvar\u00e1s para reformas e demoli\u00e7\u00f5es; Elaborar as minutas de escrituras para aquisi\u00e7\u00e3o, venda ou doa\u00e7\u00e3o de im\u00f3veis; Efetuar o registro imobili\u00e1rio dos im\u00f3veis e solicitar a incorpora\u00e7\u00e3o cont\u00e1bil ao patrim\u00f4nio da Universidade; Venda dos im\u00f3veis por leil\u00e3o p\u00fablico. Quanto aos im\u00f3veis pr\u00f3prios da USP: Elaborar minutas de escritura para transmiss\u00e3o da propriedade dos im\u00f3veis destinados \u00e0 Universidade, e providenciar o respectivo registro e\/ou anota\u00e7\u00f5es imobili\u00e1rios; Representar a Universidade perante o Servi\u00e7o de Gerenciamento de Im\u00f3veis (SGI) do Conselho do Patrim\u00f4nio Imobili\u00e1rio do Estado. Endere\u00e7o: Rua da Pra\u00e7a do Rel\u00f3gio [&#8230;]<\/p>\n","protected":false},"author":400,"featured_media":0,"parent":0,"menu_order":4,"comment_status":"closed","ping_status":"closed","template":"","meta":{"footnotes":"","_links_to":"","_links_to_target":""},"class_list":["post-853","page","type-page","status-publish","hentry"],"_links":{"self":[{"href":"https:\/\/sites.usp.br\/dpi\/wp-json\/wp\/v2\/pages\/853","targetHints":{"allow":["GET"]}}],"collection":[{"href":"https:\/\/sites.usp.br\/dpi\/wp-json\/wp\/v2\/pages"}],"about":[{"href":"https:\/\/sites.usp.br\/dpi\/wp-json\/wp\/v2\/types\/page"}],"author":[{"embeddable":true,"href":"https:\/\/sites.usp.br\/dpi\/wp-json\/wp\/v2\/users\/400"}],"replies":[{"embeddable":true,"href":"https:\/\/sites.usp.br\/dpi\/wp-json\/wp\/v2\/comments?post=853"}],"version-history":[{"count":6,"href":"https:\/\/sites.usp.br\/dpi\/wp-json\/wp\/v2\/pages\/853\/revisions"}],"predecessor-version":[{"id":3124,"href":"https:\/\/sites.usp.br\/dpi\/wp-json\/wp\/v2\/pages\/853\/revisions\/3124"}],"wp:attachment":[{"href":"https:\/\/sites.usp.br\/dpi\/wp-json\/wp\/v2\/media?parent=853"}],"curies":[{"name":"wp","href":"https:\/\/api.w.org\/{rel}","templated":true}]}}