{"id":855,"date":"2017-01-11T11:59:09","date_gmt":"2017-01-11T13:59:09","guid":{"rendered":"http:\/\/sites.usp.br\/dpi\/?page_id=855"},"modified":"2017-09-12T16:43:23","modified_gmt":"2017-09-12T19:43:23","slug":"licitacoes","status":"publish","type":"page","link":"https:\/\/sites.usp.br\/dpi\/licitacoes\/","title":{"rendered":"Licita\u00e7\u00f5es"},"content":{"rendered":"<h4>Por for\u00e7a da lei 8.666\/93 a aliena\u00e7\u00e3o de im\u00f3veis da USP se d\u00e1 por licita\u00e7\u00e3o na modalidade de Concorr\u00eancia do tipo maior lance ou oferta.<\/h4>\n<h4>Vide o link &#8220;Im\u00f3veis \u00e0 venda&#8221;<\/h4>\n<p>&nbsp;<\/p>\n<p>&nbsp;<\/p>\n","protected":false},"excerpt":{"rendered":"<p>Por for\u00e7a da lei 8.666\/93 a aliena\u00e7\u00e3o de im\u00f3veis da USP se d\u00e1 por licita\u00e7\u00e3o na modalidade de Concorr\u00eancia do tipo maior lance ou oferta. Vide o link &#8220;Im\u00f3veis \u00e0 venda&#8221; &nbsp; &nbsp;<\/p>\n","protected":false},"author":400,"featured_media":0,"parent":0,"menu_order":0,"comment_status":"closed","ping_status":"closed","template":"","meta":{"footnotes":"","_links_to":"","_links_to_target":""},"class_list":["post-855","page","type-page","status-publish","hentry"],"_links":{"self":[{"href":"https:\/\/sites.usp.br\/dpi\/wp-json\/wp\/v2\/pages\/855","targetHints":{"allow":["GET"]}}],"collection":[{"href":"https:\/\/sites.usp.br\/dpi\/wp-json\/wp\/v2\/pages"}],"about":[{"href":"https:\/\/sites.usp.br\/dpi\/wp-json\/wp\/v2\/types\/page"}],"author":[{"embeddable":true,"href":"https:\/\/sites.usp.br\/dpi\/wp-json\/wp\/v2\/users\/400"}],"replies":[{"embeddable":true,"href":"https:\/\/sites.usp.br\/dpi\/wp-json\/wp\/v2\/comments?post=855"}],"version-history":[{"count":5,"href":"https:\/\/sites.usp.br\/dpi\/wp-json\/wp\/v2\/pages\/855\/revisions"}],"predecessor-version":[{"id":2014,"href":"https:\/\/sites.usp.br\/dpi\/wp-json\/wp\/v2\/pages\/855\/revisions\/2014"}],"wp:attachment":[{"href":"https:\/\/sites.usp.br\/dpi\/wp-json\/wp\/v2\/media?parent=855"}],"curies":[{"name":"wp","href":"https:\/\/api.w.org\/{rel}","templated":true}]}}