{"id":643,"date":"2021-11-05T14:06:24","date_gmt":"2021-11-05T17:06:24","guid":{"rendered":"https:\/\/sites.usp.br\/dramaturgiasemprocesso\/?page_id=643"},"modified":"2021-11-24T15:29:52","modified_gmt":"2021-11-24T18:29:52","slug":"sobre","status":"publish","type":"page","link":"https:\/\/sites.usp.br\/dramaturgiasemprocesso\/sobre\/","title":{"rendered":"Sobre"},"content":{"rendered":"\t\t<div data-elementor-type=\"wp-page\" data-elementor-id=\"643\" class=\"elementor elementor-643\" data-elementor-post-type=\"page\">\n\t\t\t\t\t\t<section class=\"elementor-section elementor-top-section elementor-element elementor-element-c14fe96 elementor-section-boxed elementor-section-height-default elementor-section-height-default\" data-id=\"c14fe96\" data-element_type=\"section\" data-settings=\"{&quot;background_background&quot;:&quot;video&quot;,&quot;background_video_link&quot;:&quot;https:\\\/\\\/sites.usp.br\\\/dramaturgiasemprocesso\\\/wp-content\\\/uploads\\\/sites\\\/952\\\/2021\\\/11\\\/videobg.mp4&quot;,&quot;background_play_on_mobile&quot;:&quot;yes&quot;}\">\n\t\t\t\t\t\t\t\t<div class=\"elementor-background-video-container\">\n\t\t\t\t\t\t\t\t\t\t\t\t\t<video class=\"elementor-background-video-hosted elementor-html5-video\" autoplay muted playsinline loop><\/video>\n\t\t\t\t\t\t\t\t\t\t\t<\/div>\n\t\t\t\t\t\t\t\t\t<div class=\"elementor-background-overlay\"><\/div>\n\t\t\t\t\t\t\t<div class=\"elementor-container elementor-column-gap-default\">\n\t\t\t\t\t<div class=\"elementor-column elementor-col-100 elementor-top-column elementor-element elementor-element-d98bf73\" data-id=\"d98bf73\" data-element_type=\"column\">\n\t\t\t<div class=\"elementor-widget-wrap elementor-element-populated\">\n\t\t\t\t\t\t<div class=\"elementor-element elementor-element-55fda49 elementor-invisible elementor-widget elementor-widget-image\" data-id=\"55fda49\" data-element_type=\"widget\" data-settings=\"{&quot;_animation&quot;:&quot;fadeInDown&quot;}\" data-widget_type=\"image.default\">\n\t\t\t\t<div class=\"elementor-widget-container\">\n\t\t\t\t\t\t\t\t\t\t\t\t\t<img decoding=\"async\" width=\"300\" height=\"72\" src=\"https:\/\/sites.usp.br\/dramaturgiasemprocesso\/wp-content\/uploads\/sites\/952\/2021\/11\/reguabranca-300x72.png\" class=\"attachment-medium size-medium wp-image-626\" alt=\"\" srcset=\"https:\/\/sites.usp.br\/dramaturgiasemprocesso\/wp-content\/uploads\/sites\/952\/2021\/11\/reguabranca-300x72.png 300w, https:\/\/sites.usp.br\/dramaturgiasemprocesso\/wp-content\/uploads\/sites\/952\/2021\/11\/reguabranca.png 490w\" sizes=\"(max-width: 300px) 100vw, 300px\" \/>\t\t\t\t\t\t\t\t\t\t\t\t\t<\/div>\n\t\t\t\t<\/div>\n\t\t\t\t<div class=\"elementor-element elementor-element-28bf8d4 elementor-invisible elementor-widget elementor-widget-image\" data-id=\"28bf8d4\" data-element_type=\"widget\" data-settings=\"{&quot;_animation&quot;:&quot;zoomIn&quot;}\" data-widget_type=\"image.default\">\n\t\t\t\t<div class=\"elementor-widget-container\">\n\t\t\t\t\t\t\t\t\t\t\t\t\t<img fetchpriority=\"high\" decoding=\"async\" width=\"600\" height=\"169\" src=\"https:\/\/sites.usp.br\/dramaturgiasemprocesso\/wp-content\/uploads\/sites\/952\/2021\/11\/logo_white-1.png\" class=\"attachment-full size-full wp-image-277\" alt=\"\" srcset=\"https:\/\/sites.usp.br\/dramaturgiasemprocesso\/wp-content\/uploads\/sites\/952\/2021\/11\/logo_white-1.png 600w, https:\/\/sites.usp.br\/dramaturgiasemprocesso\/wp-content\/uploads\/sites\/952\/2021\/11\/logo_white-1-300x85.png 300w\" sizes=\"(max-width: 600px) 100vw, 600px\" \/>\t\t\t\t\t\t\t\t\t\t\t\t\t<\/div>\n\t\t\t\t<\/div>\n\t\t\t\t\t<\/div>\n\t\t<\/div>\n\t\t\t\t\t<\/div>\n\t\t<\/section>\n\t\t\t\t<section class=\"elementor-section elementor-top-section elementor-element elementor-element-2225d6b elementor-section-boxed elementor-section-height-default elementor-section-height-default\" data-id=\"2225d6b\" data-element_type=\"section\">\n\t\t\t\t\t\t<div class=\"elementor-container elementor-column-gap-default\">\n\t\t\t\t\t<div class=\"elementor-column elementor-col-25 elementor-top-column elementor-element elementor-element-e0c511d\" data-id=\"e0c511d\" data-element_type=\"column\">\n\t\t\t<div class=\"elementor-widget-wrap\">\n\t\t\t\t\t\t\t<\/div>\n\t\t<\/div>\n\t\t\t\t<div class=\"elementor-column elementor-col-50 elementor-top-column elementor-element elementor-element-dcec023\" data-id=\"dcec023\" data-element_type=\"column\">\n\t\t\t<div class=\"elementor-widget-wrap elementor-element-populated\">\n\t\t\t\t\t\t<div class=\"elementor-element elementor-element-5a15714 elementor-widget elementor-widget-heading\" data-id=\"5a15714\" data-element_type=\"widget\" data-widget_type=\"heading.default\">\n\t\t\t\t<div class=\"elementor-widget-container\">\n\t\t\t<h2 class=\"elementor-heading-title elementor-size-xxl\">Sobre<\/h2>\t\t<\/div>\n\t\t\t\t<\/div>\n\t\t\t\t<div class=\"elementor-element elementor-element-4569cc7 elementor-widget elementor-widget-text-editor\" data-id=\"4569cc7\" data-element_type=\"widget\" data-widget_type=\"text-editor.default\">\n\t\t\t\t<div class=\"elementor-widget-container\">\n\t\t\t\t\t\t\t<p>O edital <del>Dramaturgias em Processo<\/del> teve sua edi\u00e7\u00e3o inicial em 2020, com o intuito de incentivar a produ\u00e7\u00e3o dramat\u00fargica, ante a car\u00eancia de iniciativas de fomento a arte e cultura\u00a0<span style=\"font-family: Vollkorn, sans-serif; font-size: 18px; font-style: normal; font-variant-ligatures: normal; font-variant-caps: normal; font-weight: 400;\">no contexto da pandemia.<\/span><span style=\"font-family: Vollkorn, sans-serif; font-size: 18px; font-style: normal; font-variant-ligatures: normal; font-variant-caps: normal; font-weight: 400;\">\u00a0<\/span><\/p><p>Foram pensadas duas categorias que contemplassem tanto a experi\u00eancia pr\u00e9via em dramaturgia quanto incurs\u00f5es iniciais na \u00e1rea. Esta distin\u00e7\u00e3o n\u00e3o guarda necessariamente um recorte qualitativo, mas de perfis e trajet\u00f3rias diferentes de cada artista.<\/p><p>Os projetos de dramaturgia inscritos revelaram uma grande pluralidade de temas, formas dram\u00e1ticas e diversidade geogr\u00e1fica, o que ficou evidenciado nesta primeira sele\u00e7\u00e3o publicada em 2021.<\/p>\t\t\t\t\t\t<\/div>\n\t\t\t\t<\/div>\n\t\t\t\t\t<\/div>\n\t\t<\/div>\n\t\t\t\t<div class=\"elementor-column elementor-col-25 elementor-top-column elementor-element elementor-element-2504d43\" data-id=\"2504d43\" data-element_type=\"column\">\n\t\t\t<div class=\"elementor-widget-wrap\">\n\t\t\t\t\t\t\t<\/div>\n\t\t<\/div>\n\t\t\t\t\t<\/div>\n\t\t<\/section>\n\t\t\t\t<section class=\"elementor-section elementor-top-section elementor-element elementor-element-e41e28e elementor-section-full_width elementor-section-height-default elementor-section-height-default\" data-id=\"e41e28e\" data-element_type=\"section\">\n\t\t\t\t\t\t<div class=\"elementor-container elementor-column-gap-default\">\n\t\t\t\t\t<div class=\"elementor-column elementor-col-100 elementor-top-column elementor-element elementor-element-3e5db10\" data-id=\"3e5db10\" data-element_type=\"column\">\n\t\t\t<div class=\"elementor-widget-wrap elementor-element-populated\">\n\t\t\t\t\t\t<div class=\"elementor-element elementor-element-a54f5f7 elementor-widget__width-auto elementor-widget elementor-widget-text-editor\" data-id=\"a54f5f7\" data-element_type=\"widget\" data-widget_type=\"text-editor.default\">\n\t\t\t\t<div class=\"elementor-widget-container\">\n\t\t\t\t\t\t\t<h3 style=\"text-align: center;\"><span style=\"color: #000000;\">Dramaturgias em Processo: 2020-2021<\/span><\/h3><p style=\"text-align: center;\"><span style=\"color: #000000;\"><strong>Comiss\u00e3o Julgadora do Edital 03\/2020<br \/><\/strong><\/span><span style=\"color: #000000;\">Cl\u00e1udia Alves Fabiano<br \/><\/span><span style=\"color: #000000;\">Dilson Rufino\u00a0<br \/><\/span><span style=\"color: #000000;\">Francisco Serpa Peres<br \/><\/span><span style=\"color: #000000;\">Maria Tendlau\u00a0<br \/><\/span><span style=\"color: #000000;\">Otac\u00edlio Alacran<br \/><\/span><span style=\"color: #000000;\">Ren\u00e9 Marcelo Piazentin Amado<br \/><\/span><span style=\"color: #000000;\">Caetano Gotardo<br \/><\/span><span style=\"color: #000000;\">Paula Autran<\/span><\/p><p style=\"text-align: center;\"><span style=\"color: #000000;\"><strong>Ilustra\u00e7\u00f5es <\/strong>Isabella Marchetto Gualberto<\/span><\/p><p style=\"text-align: center;\"><span style=\"color: #000000;\"><strong>Programa\u00e7\u00e3o<\/strong>\u00a0Vin\u00edcius Pereira\u00a0\u2022\u00a0<a style=\"color: #000000;\" href=\"http:\/\/viniciusofp.com.br\/\" target=\"_blank\" rel=\"noopener\" data-saferedirecturl=\"https:\/\/www.google.com\/url?q=http:\/\/viniciusofp.com.br&amp;source=gmail&amp;ust=1637842625943000&amp;usg=AOvVaw3Qt5gX2sV1NANq4c_4RvAu\">viniciusofp.com.br<\/a><\/span><\/p>\t\t\t\t\t\t<\/div>\n\t\t\t\t<\/div>\n\t\t\t\t\t<\/div>\n\t\t<\/div>\n\t\t\t\t\t<\/div>\n\t\t<\/section>\n\t\t\t\t<\/div>\n\t\t","protected":false},"excerpt":{"rendered":"<p>Sobre O edital Dramaturgias em Processo teve sua edi\u00e7\u00e3o inicial em 2020, com o intuito de incentivar a produ\u00e7\u00e3o dramat\u00fargica, ante a car\u00eancia de iniciativas de fomento a arte e cultura\u00a0no contexto da pandemia.\u00a0 Foram pensadas duas categorias que contemplassem tanto a experi\u00eancia pr\u00e9via em dramaturgia quanto incurs\u00f5es iniciais na \u00e1rea. Esta distin\u00e7\u00e3o n\u00e3o guarda [&hellip;]<\/p>\n","protected":false},"author":22639,"featured_media":0,"parent":0,"menu_order":0,"comment_status":"closed","ping_status":"closed","template":"elementor_header_footer","meta":{"_monsterinsights_skip_tracking":false,"_monsterinsights_sitenote_active":false,"_monsterinsights_sitenote_note":"","_monsterinsights_sitenote_category":0,"ocean_post_layout":"","ocean_both_sidebars_style":"","ocean_both_sidebars_content_width":0,"ocean_both_sidebars_sidebars_width":0,"ocean_sidebar":"0","ocean_second_sidebar":"0","ocean_disable_margins":"enable","ocean_add_body_class":"","ocean_shortcode_before_top_bar":"","ocean_shortcode_after_top_bar":"","ocean_shortcode_before_header":"","ocean_shortcode_after_header":"","ocean_has_shortcode":"","ocean_shortcode_after_title":"","ocean_shortcode_before_footer_widgets":"","ocean_shortcode_after_footer_widgets":"","ocean_shortcode_before_footer_bottom":"","ocean_shortcode_after_footer_bottom":"","ocean_display_top_bar":"default","ocean_display_header":"default","ocean_header_style":"","ocean_center_header_left_menu":"0","ocean_custom_header_template":"0","ocean_custom_logo":0,"ocean_custom_retina_logo":0,"ocean_custom_logo_max_width":0,"ocean_custom_logo_tablet_max_width":0,"ocean_custom_logo_mobile_max_width":0,"ocean_custom_logo_max_height":0,"ocean_custom_logo_tablet_max_height":0,"ocean_custom_logo_mobile_max_height":0,"ocean_header_custom_menu":"0","ocean_menu_typo_font_family":"0","ocean_menu_typo_font_subset":"","ocean_menu_typo_font_size":0,"ocean_menu_typo_font_size_tablet":0,"ocean_menu_typo_font_size_mobile":0,"ocean_menu_typo_font_size_unit":"px","ocean_menu_typo_font_weight":"","ocean_menu_typo_font_weight_tablet":"","ocean_menu_typo_font_weight_mobile":"","ocean_menu_typo_transform":"","ocean_menu_typo_transform_tablet":"","ocean_menu_typo_transform_mobile":"","ocean_menu_typo_line_height":0,"ocean_menu_typo_line_height_tablet":0,"ocean_menu_typo_line_height_mobile":0,"ocean_menu_typo_line_height_unit":"","ocean_menu_typo_spacing":0,"ocean_menu_typo_spacing_tablet":0,"ocean_menu_typo_spacing_mobile":0,"ocean_menu_typo_spacing_unit":"","ocean_menu_link_color":"","ocean_menu_link_color_hover":"","ocean_menu_link_color_active":"","ocean_menu_link_background":"","ocean_menu_link_hover_background":"","ocean_menu_link_active_background":"","ocean_menu_social_links_bg":"","ocean_menu_social_hover_links_bg":"","ocean_menu_social_links_color":"","ocean_menu_social_hover_links_color":"","ocean_disable_title":"default","ocean_disable_heading":"default","ocean_post_title":"","ocean_post_subheading":"","ocean_post_title_style":"","ocean_post_title_background_color":"","ocean_post_title_background":0,"ocean_post_title_bg_image_position":"","ocean_post_title_bg_image_attachment":"","ocean_post_title_bg_image_repeat":"","ocean_post_title_bg_image_size":"","ocean_post_title_height":0,"ocean_post_title_bg_overlay":0.5,"ocean_post_title_bg_overlay_color":"","ocean_disable_breadcrumbs":"default","ocean_breadcrumbs_color":"","ocean_breadcrumbs_separator_color":"","ocean_breadcrumbs_links_color":"","ocean_breadcrumbs_links_hover_color":"","ocean_display_footer_widgets":"default","ocean_display_footer_bottom":"default","ocean_custom_footer_template":"0","footnotes":"","_links_to":"","_links_to_target":""},"class_list":["post-643","page","type-page","status-publish","hentry","entry"],"_links":{"self":[{"href":"https:\/\/sites.usp.br\/dramaturgiasemprocesso\/wp-json\/wp\/v2\/pages\/643","targetHints":{"allow":["GET"]}}],"collection":[{"href":"https:\/\/sites.usp.br\/dramaturgiasemprocesso\/wp-json\/wp\/v2\/pages"}],"about":[{"href":"https:\/\/sites.usp.br\/dramaturgiasemprocesso\/wp-json\/wp\/v2\/types\/page"}],"author":[{"embeddable":true,"href":"https:\/\/sites.usp.br\/dramaturgiasemprocesso\/wp-json\/wp\/v2\/users\/22639"}],"replies":[{"embeddable":true,"href":"https:\/\/sites.usp.br\/dramaturgiasemprocesso\/wp-json\/wp\/v2\/comments?post=643"}],"version-history":[{"count":4,"href":"https:\/\/sites.usp.br\/dramaturgiasemprocesso\/wp-json\/wp\/v2\/pages\/643\/revisions"}],"predecessor-version":[{"id":1741,"href":"https:\/\/sites.usp.br\/dramaturgiasemprocesso\/wp-json\/wp\/v2\/pages\/643\/revisions\/1741"}],"wp:attachment":[{"href":"https:\/\/sites.usp.br\/dramaturgiasemprocesso\/wp-json\/wp\/v2\/media?parent=643"}],"curies":[{"name":"wp","href":"https:\/\/api.w.org\/{rel}","templated":true}]}}