{"id":647,"date":"2021-11-05T14:07:20","date_gmt":"2021-11-05T17:07:20","guid":{"rendered":"https:\/\/sites.usp.br\/dramaturgiasemprocesso\/?page_id=647"},"modified":"2023-04-27T09:32:09","modified_gmt":"2023-04-27T12:32:09","slug":"equipe","status":"publish","type":"page","link":"https:\/\/sites.usp.br\/dramaturgiasemprocesso\/equipe\/","title":{"rendered":"Equipe"},"content":{"rendered":"\t\t<div data-elementor-type=\"wp-page\" data-elementor-id=\"647\" class=\"elementor elementor-647\" data-elementor-post-type=\"page\">\n\t\t\t\t\t\t<section class=\"elementor-section elementor-top-section elementor-element elementor-element-707568b elementor-section-boxed elementor-section-height-default elementor-section-height-default\" data-id=\"707568b\" data-element_type=\"section\" data-settings=\"{&quot;background_background&quot;:&quot;video&quot;,&quot;background_video_link&quot;:&quot;https:\\\/\\\/sites.usp.br\\\/dramaturgiasemprocesso\\\/wp-content\\\/uploads\\\/sites\\\/952\\\/2021\\\/11\\\/videobg.mp4&quot;,&quot;background_play_on_mobile&quot;:&quot;yes&quot;}\">\n\t\t\t\t\t\t\t\t<div class=\"elementor-background-video-container\">\n\t\t\t\t\t\t\t\t\t\t\t\t\t<video class=\"elementor-background-video-hosted elementor-html5-video\" autoplay muted playsinline loop><\/video>\n\t\t\t\t\t\t\t\t\t\t\t<\/div>\n\t\t\t\t\t\t\t\t\t<div class=\"elementor-background-overlay\"><\/div>\n\t\t\t\t\t\t\t<div class=\"elementor-container elementor-column-gap-default\">\n\t\t\t\t\t<div class=\"elementor-column elementor-col-100 elementor-top-column elementor-element elementor-element-5055f21\" data-id=\"5055f21\" data-element_type=\"column\">\n\t\t\t<div class=\"elementor-widget-wrap elementor-element-populated\">\n\t\t\t\t\t\t<div class=\"elementor-element elementor-element-ad59f51 elementor-invisible elementor-widget elementor-widget-image\" data-id=\"ad59f51\" data-element_type=\"widget\" data-settings=\"{&quot;_animation&quot;:&quot;fadeInDown&quot;}\" data-widget_type=\"image.default\">\n\t\t\t\t<div class=\"elementor-widget-container\">\n\t\t\t\t\t\t\t\t\t\t\t\t\t<img decoding=\"async\" width=\"300\" height=\"72\" src=\"https:\/\/sites.usp.br\/dramaturgiasemprocesso\/wp-content\/uploads\/sites\/952\/2021\/11\/reguabranca-300x72.png\" class=\"attachment-medium size-medium wp-image-626\" alt=\"\" srcset=\"https:\/\/sites.usp.br\/dramaturgiasemprocesso\/wp-content\/uploads\/sites\/952\/2021\/11\/reguabranca-300x72.png 300w, https:\/\/sites.usp.br\/dramaturgiasemprocesso\/wp-content\/uploads\/sites\/952\/2021\/11\/reguabranca.png 490w\" sizes=\"(max-width: 300px) 100vw, 300px\" \/>\t\t\t\t\t\t\t\t\t\t\t\t\t<\/div>\n\t\t\t\t<\/div>\n\t\t\t\t<div class=\"elementor-element elementor-element-2dc95da elementor-invisible elementor-widget elementor-widget-image\" data-id=\"2dc95da\" data-element_type=\"widget\" data-settings=\"{&quot;_animation&quot;:&quot;zoomIn&quot;}\" data-widget_type=\"image.default\">\n\t\t\t\t<div class=\"elementor-widget-container\">\n\t\t\t\t\t\t\t\t\t\t\t\t\t<img fetchpriority=\"high\" decoding=\"async\" width=\"600\" height=\"169\" src=\"https:\/\/sites.usp.br\/dramaturgiasemprocesso\/wp-content\/uploads\/sites\/952\/2021\/11\/logo_white-1.png\" class=\"attachment-full size-full wp-image-277\" alt=\"\" srcset=\"https:\/\/sites.usp.br\/dramaturgiasemprocesso\/wp-content\/uploads\/sites\/952\/2021\/11\/logo_white-1.png 600w, https:\/\/sites.usp.br\/dramaturgiasemprocesso\/wp-content\/uploads\/sites\/952\/2021\/11\/logo_white-1-300x85.png 300w\" sizes=\"(max-width: 600px) 100vw, 600px\" \/>\t\t\t\t\t\t\t\t\t\t\t\t\t<\/div>\n\t\t\t\t<\/div>\n\t\t\t\t\t<\/div>\n\t\t<\/div>\n\t\t\t\t\t<\/div>\n\t\t<\/section>\n\t\t\t\t<section class=\"elementor-section elementor-top-section elementor-element elementor-element-8ca2c8a elementor-section-boxed elementor-section-height-default elementor-section-height-default\" data-id=\"8ca2c8a\" data-element_type=\"section\" data-settings=\"{&quot;background_background&quot;:&quot;slideshow&quot;,&quot;background_slideshow_gallery&quot;:[],&quot;background_slideshow_loop&quot;:&quot;yes&quot;,&quot;background_slideshow_slide_duration&quot;:5000,&quot;background_slideshow_slide_transition&quot;:&quot;fade&quot;,&quot;background_slideshow_transition_duration&quot;:500}\">\n\t\t\t\t\t\t<div class=\"elementor-container elementor-column-gap-default\">\n\t\t\t\t\t<div class=\"elementor-column elementor-col-25 elementor-top-column elementor-element elementor-element-997c63c\" data-id=\"997c63c\" data-element_type=\"column\">\n\t\t\t<div class=\"elementor-widget-wrap\">\n\t\t\t\t\t\t\t<\/div>\n\t\t<\/div>\n\t\t\t\t<div class=\"elementor-column elementor-col-50 elementor-top-column elementor-element elementor-element-9026eb0\" data-id=\"9026eb0\" data-element_type=\"column\">\n\t\t\t<div class=\"elementor-widget-wrap elementor-element-populated\">\n\t\t\t\t\t\t<div class=\"elementor-element elementor-element-15e6ba3 elementor-widget elementor-widget-heading\" data-id=\"15e6ba3\" data-element_type=\"widget\" data-widget_type=\"heading.default\">\n\t\t\t\t<div class=\"elementor-widget-container\">\n\t\t\t<h2 class=\"elementor-heading-title elementor-size-xxl\">Equipe<\/h2>\t\t<\/div>\n\t\t\t\t<\/div>\n\t\t\t\t<div class=\"elementor-element elementor-element-5ae68db elementor-widget__width-initial elementor-widget elementor-widget-text-editor\" data-id=\"5ae68db\" data-element_type=\"widget\" data-widget_type=\"text-editor.default\">\n\t\t\t\t<div class=\"elementor-widget-container\">\n\t\t\t\t\t\t\t<p><strong>UNIVERSIDADE DE S\u00c3O PAULO<\/strong><br><del>Reitor:<\/del>\u2002Carlos Gilberto Carlotti Junior<br><del>Vice-Reitora:<\/del>\u2002Maria Arminda do Nascimento Arruda<\/p>\n<p><strong>PR\u00d3-REITORIA DE CULTURA E EXTENS\u00c3O UNIVERSIT\u00c1RIA<\/strong><br><del>Pr\u00f3-Reitora:<\/del>\u2002Marli Quadros Leite<br><del>Pr\u00f3-Reitor Adjunto<\/del>:\u2002Hussam El Dine Zaher<\/p>\n<p><strong>TEATRO DA UNIVERSIDADE DE S\u00c3O PAULO<\/strong><br><del>Diretor<\/del>:\u2002Luiz Fernando Ramos<br><del>Vice-Diretor:<\/del>\u2002Jos\u00e9 Fernando Peixoto de Azevedo&nbsp;<br><del>Assistente T\u00e9cnico de Dire\u00e7\u00e3o:<\/del>\u2002Magali Chamiso Chamelette de Oliveira<br><del>Orientadores de Arte Dram\u00e1tica:<\/del>\u2002Cl\u00e1udia Alves Fabiano, Dilson Rufino, Francisco Serpa Peres, Maria Tendlau e Ren\u00e9 Marcelo Piazentin Amado<br><del>Analista de Comunica\u00e7\u00e3o:<\/del>\u2002F\u00e1bio Larsson<br><del>T\u00e9cnico Cont\u00e1bil:<\/del>\u2002Nilton Casagrande<br><del>Iluminador:<\/del>\u2002Rog\u00e9rio C\u00e2ndido dos Santos<br><del>T\u00e9cnico para Assuntos Administrativos:<\/del>\u2002Marcos Chichorro dos Santos<br><del>Agente Cultural:<\/del>\u2002Otac\u00edlio Alacran<br><del>Auxiliar de Manuten\u00e7\u00e3o:<\/del>\u2002Antonio Marcos Nogueira da Silva<\/p>\t\t\t\t\t\t<\/div>\n\t\t\t\t<\/div>\n\t\t\t\t\t<\/div>\n\t\t<\/div>\n\t\t\t\t<div class=\"elementor-column elementor-col-25 elementor-top-column elementor-element elementor-element-a5f32dd\" data-id=\"a5f32dd\" data-element_type=\"column\">\n\t\t\t<div class=\"elementor-widget-wrap\">\n\t\t\t\t\t\t\t<\/div>\n\t\t<\/div>\n\t\t\t\t\t<\/div>\n\t\t<\/section>\n\t\t\t\t<\/div>\n\t\t","protected":false},"excerpt":{"rendered":"<p>Equipe UNIVERSIDADE DE S\u00c3O PAULOReitor:\u2002Carlos Gilberto Carlotti JuniorVice-Reitora:\u2002Maria Arminda do Nascimento Arruda PR\u00d3-REITORIA DE CULTURA E EXTENS\u00c3O UNIVERSIT\u00c1RIAPr\u00f3-Reitora:\u2002Marli Quadros LeitePr\u00f3-Reitor Adjunto:\u2002Hussam El Dine Zaher TEATRO DA UNIVERSIDADE DE S\u00c3O PAULODiretor:\u2002Luiz Fernando RamosVice-Diretor:\u2002Jos\u00e9 Fernando Peixoto de Azevedo&nbsp;Assistente T\u00e9cnico de Dire\u00e7\u00e3o:\u2002Magali Chamiso Chamelette de OliveiraOrientadores de Arte Dram\u00e1tica:\u2002Cl\u00e1udia Alves Fabiano, Dilson Rufino, Francisco Serpa Peres, Maria Tendlau [&hellip;]<\/p>\n","protected":false},"author":22639,"featured_media":0,"parent":0,"menu_order":0,"comment_status":"closed","ping_status":"closed","template":"elementor_header_footer","meta":{"_monsterinsights_skip_tracking":false,"_monsterinsights_sitenote_active":false,"_monsterinsights_sitenote_note":"","_monsterinsights_sitenote_category":0,"ocean_post_layout":"","ocean_both_sidebars_style":"","ocean_both_sidebars_content_width":0,"ocean_both_sidebars_sidebars_width":0,"ocean_sidebar":"0","ocean_second_sidebar":"0","ocean_disable_margins":"enable","ocean_add_body_class":"","ocean_shortcode_before_top_bar":"","ocean_shortcode_after_top_bar":"","ocean_shortcode_before_header":"","ocean_shortcode_after_header":"","ocean_has_shortcode":"","ocean_shortcode_after_title":"","ocean_shortcode_before_footer_widgets":"","ocean_shortcode_after_footer_widgets":"","ocean_shortcode_before_footer_bottom":"","ocean_shortcode_after_footer_bottom":"","ocean_display_top_bar":"default","ocean_display_header":"default","ocean_header_style":"","ocean_center_header_left_menu":"0","ocean_custom_header_template":"0","ocean_custom_logo":0,"ocean_custom_retina_logo":0,"ocean_custom_logo_max_width":0,"ocean_custom_logo_tablet_max_width":0,"ocean_custom_logo_mobile_max_width":0,"ocean_custom_logo_max_height":0,"ocean_custom_logo_tablet_max_height":0,"ocean_custom_logo_mobile_max_height":0,"ocean_header_custom_menu":"0","ocean_menu_typo_font_family":"0","ocean_menu_typo_font_subset":"","ocean_menu_typo_font_size":0,"ocean_menu_typo_font_size_tablet":0,"ocean_menu_typo_font_size_mobile":0,"ocean_menu_typo_font_size_unit":"px","ocean_menu_typo_font_weight":"","ocean_menu_typo_font_weight_tablet":"","ocean_menu_typo_font_weight_mobile":"","ocean_menu_typo_transform":"","ocean_menu_typo_transform_tablet":"","ocean_menu_typo_transform_mobile":"","ocean_menu_typo_line_height":0,"ocean_menu_typo_line_height_tablet":0,"ocean_menu_typo_line_height_mobile":0,"ocean_menu_typo_line_height_unit":"","ocean_menu_typo_spacing":0,"ocean_menu_typo_spacing_tablet":0,"ocean_menu_typo_spacing_mobile":0,"ocean_menu_typo_spacing_unit":"","ocean_menu_link_color":"","ocean_menu_link_color_hover":"","ocean_menu_link_color_active":"","ocean_menu_link_background":"","ocean_menu_link_hover_background":"","ocean_menu_link_active_background":"","ocean_menu_social_links_bg":"","ocean_menu_social_hover_links_bg":"","ocean_menu_social_links_color":"","ocean_menu_social_hover_links_color":"","ocean_disable_title":"default","ocean_disable_heading":"default","ocean_post_title":"","ocean_post_subheading":"","ocean_post_title_style":"","ocean_post_title_background_color":"","ocean_post_title_background":0,"ocean_post_title_bg_image_position":"","ocean_post_title_bg_image_attachment":"","ocean_post_title_bg_image_repeat":"","ocean_post_title_bg_image_size":"","ocean_post_title_height":0,"ocean_post_title_bg_overlay":0.5,"ocean_post_title_bg_overlay_color":"","ocean_disable_breadcrumbs":"default","ocean_breadcrumbs_color":"","ocean_breadcrumbs_separator_color":"","ocean_breadcrumbs_links_color":"","ocean_breadcrumbs_links_hover_color":"","ocean_display_footer_widgets":"default","ocean_display_footer_bottom":"default","ocean_custom_footer_template":"0","footnotes":"","_links_to":"","_links_to_target":""},"class_list":["post-647","page","type-page","status-publish","hentry","entry"],"_links":{"self":[{"href":"https:\/\/sites.usp.br\/dramaturgiasemprocesso\/wp-json\/wp\/v2\/pages\/647","targetHints":{"allow":["GET"]}}],"collection":[{"href":"https:\/\/sites.usp.br\/dramaturgiasemprocesso\/wp-json\/wp\/v2\/pages"}],"about":[{"href":"https:\/\/sites.usp.br\/dramaturgiasemprocesso\/wp-json\/wp\/v2\/types\/page"}],"author":[{"embeddable":true,"href":"https:\/\/sites.usp.br\/dramaturgiasemprocesso\/wp-json\/wp\/v2\/users\/22639"}],"replies":[{"embeddable":true,"href":"https:\/\/sites.usp.br\/dramaturgiasemprocesso\/wp-json\/wp\/v2\/comments?post=647"}],"version-history":[{"count":4,"href":"https:\/\/sites.usp.br\/dramaturgiasemprocesso\/wp-json\/wp\/v2\/pages\/647\/revisions"}],"predecessor-version":[{"id":2120,"href":"https:\/\/sites.usp.br\/dramaturgiasemprocesso\/wp-json\/wp\/v2\/pages\/647\/revisions\/2120"}],"wp:attachment":[{"href":"https:\/\/sites.usp.br\/dramaturgiasemprocesso\/wp-json\/wp\/v2\/media?parent=647"}],"curies":[{"name":"wp","href":"https:\/\/api.w.org\/{rel}","templated":true}]}}