{"id":10097,"date":"2016-05-24T13:11:43","date_gmt":"2016-05-24T16:11:43","guid":{"rendered":"http:\/\/sites.usp.br\/ebt\/?page_id=10097"},"modified":"2017-07-17T17:31:50","modified_gmt":"2017-07-17T20:31:50","slug":"usp-lista-telefonica-acesso-e-informacao-docente-e-funcionarios","status":"publish","type":"page","link":"https:\/\/sites.usp.br\/ebt\/?page_id=10097","title":{"rendered":"USP: Lista Telef\u00f4nica &#8211; Acesso e informa\u00e7\u00e3o (Docentes e Funcion\u00e1rios)"},"content":{"rendered":"<address><span style=\"color: #ff0000;font-size: 14px\">\u2666 <\/span><em><span style=\"color: #ff0000\"><em><strong><span style=\"color: #000000;font-size: 14px\">Amadeu Rodrigues da Silva J\u00fanior <\/span><\/strong><\/em><\/span><\/em><span style=\"color: #ff0000\"><strong><span style=\"font-size: 10px\"><span style=\"color: #0000ff\"><span style=\"color: #0000ff\">&#8211; <a style=\"color: #0000ff\" href=\"\/\/uspdigital.usp.br\/telefonia\/telFormularioEmail.jsp?codigoPessoaUsuario=0&amp;codigoPessoa=78306&amp;nomePessoa=Amadeu Rodrigues da Silva Junior&amp;print=s\">E-mail(<em>USP<\/em>)<\/a> <\/span><\/span><span style=\"color: #0000ff\"><span style=\"color: #0000ff\">&#8211; <\/span><\/span><span style=\"color: #0000ff\"><a href=\"\/\/lattes.cnpq.br\/4941647300671224\"><span style=\"color: #0000ff\">Curr\u00edculo Lattes<\/span><\/a><\/span> <\/span><\/strong><\/span><\/address>\n<hr \/>\n<hr \/>\n<address style=\"text-align: right\"><strong><span style=\"font-size: 10px\">p\u00e1gina 1<\/span><\/strong><\/address>\n<hr \/>\n<p style=\"text-align: justify\"><span style=\"font-size: 10px\">SILVA JR, A.R. AUSP: Lista Telef\u00f4nica &#8211; Acesso e informa\u00e7\u00e3o (Docentes e Funcion\u00e1rios). Encicl. Bras. Teleodontol., Volume 1 (S\u00e9rie A): p\u00e1gina 1, fevereiro, 2011. ISSN 2448 1181. <strong><br \/>\n<\/strong><\/span><\/p>\n<hr \/>\n<p style=\"text-align: justify\"><span style=\"font-family: Arial\">Lista Telef\u00f4nica (USP)? Para consultar um telefone (Docentes e Funcion\u00e1rios) acessar o site (<strong><span style=\"color: #0000ff\"><a style=\"color: #0000ff\" href=\"https:\/\/uspdigital.usp.br\/telefonia\/listaTelefonica\">Link<\/a><\/span><\/strong>) da\u00a0 Universidade de S\u00e3o Paulo.<\/span><\/p>\n<p><span style=\"font-family: Arial\">.<\/span><\/p>\n<hr \/>\n<p style=\"text-align: justify\"><strong><span style=\"font-size: 10px\">REFER\u00caNCIAS<\/span><\/strong><\/p>\n<div style=\"text-align: justify\" align=\"justify\">\n<div align=\"justify\"><span style=\"font-size: 10px\">1. USP. Universidade de sa\u00f5a Paulo\u00a0 (Link)<\/span><\/div>\n<div style=\"text-align: center\" align=\"justify\">\n<address style=\"text-align: right\">\n<hr \/>\n<hr \/>\n<address style=\"text-align: right\">\u00a0<\/address>\n<\/address>\n<\/div>\n<\/div>\n","protected":false},"excerpt":{"rendered":"<p>\u2666 Amadeu Rodrigues da Silva J\u00fanior &#8211; E-mail(USP) &#8211; Curr\u00edculo Lattes p\u00e1gina 1 SILVA JR, [&hellip;]<\/p>\n","protected":false},"author":58,"featured_media":0,"parent":9070,"menu_order":0,"comment_status":"open","ping_status":"closed","template":"","meta":{"footnotes":"","_links_to":"","_links_to_target":""},"class_list":["post-10097","page","type-page","status-publish","hentry"],"_links":{"self":[{"href":"https:\/\/sites.usp.br\/ebt\/index.php?rest_route=\/wp\/v2\/pages\/10097","targetHints":{"allow":["GET"]}}],"collection":[{"href":"https:\/\/sites.usp.br\/ebt\/index.php?rest_route=\/wp\/v2\/pages"}],"about":[{"href":"https:\/\/sites.usp.br\/ebt\/index.php?rest_route=\/wp\/v2\/types\/page"}],"author":[{"embeddable":true,"href":"https:\/\/sites.usp.br\/ebt\/index.php?rest_route=\/wp\/v2\/users\/58"}],"replies":[{"embeddable":true,"href":"https:\/\/sites.usp.br\/ebt\/index.php?rest_route=%2Fwp%2Fv2%2Fcomments&post=10097"}],"version-history":[{"count":4,"href":"https:\/\/sites.usp.br\/ebt\/index.php?rest_route=\/wp\/v2\/pages\/10097\/revisions"}],"predecessor-version":[{"id":23233,"href":"https:\/\/sites.usp.br\/ebt\/index.php?rest_route=\/wp\/v2\/pages\/10097\/revisions\/23233"}],"up":[{"embeddable":true,"href":"https:\/\/sites.usp.br\/ebt\/index.php?rest_route=\/wp\/v2\/pages\/9070"}],"wp:attachment":[{"href":"https:\/\/sites.usp.br\/ebt\/index.php?rest_route=%2Fwp%2Fv2%2Fmedia&parent=10097"}],"curies":[{"name":"wp","href":"https:\/\/api.w.org\/{rel}","templated":true}]}}