{"id":10550,"date":"2016-05-31T16:19:01","date_gmt":"2016-05-31T19:19:01","guid":{"rendered":"http:\/\/sites.usp.br\/ebt\/?page_id=10550"},"modified":"2018-02-07T14:07:31","modified_gmt":"2018-02-07T16:07:31","slug":"para-publicar-na-revista-tem-que-ter-curriculo-lattes","status":"publish","type":"page","link":"https:\/\/sites.usp.br\/ebt\/?page_id=10550","title":{"rendered":"Para publicar na revista tem que ter &#8220;Curr\u00edculo Lattes&#8221;?"},"content":{"rendered":"<address style=\"text-align: right\"><strong><span style=\"font-size: 10px\"><em><span style=\"color: #ff0000\"><span style=\"color: #000000;font-size: 14px\"><a href=\"http:\/\/sites.usp.br\/podae\/wp-content\/uploads\/sites\/36\/2014\/05\/a-pontoamarelo.gif\"><img loading=\"lazy\" decoding=\"async\" class=\"\" src=\"http:\/\/sites.usp.br\/podae\/wp-content\/uploads\/sites\/36\/2014\/05\/a-pontoamarelo.gif\" alt=\"Pontoamarelo_Podae\" width=\"7\" height=\"9\" \/><\/a> <\/span><\/span><\/em> Equipe Editorial (<span style=\"color: #0000ff\"><strong><strong><strong><a style=\"color: #0000ff\" href=\"http:\/\/buscatextual.cnpq.br\/buscatextual\/email.do?metodo=apresentar&amp;seqIdPessoa=396158&amp;nomeDestinatario=Luiz_Carlos_Pardini\">E-mail<\/a><\/strong><\/strong><\/strong><\/span>) <\/span><\/strong><\/address>\n<div align=\"center\">\n<div align=\"center\">\n<div align=\"center\">\n<hr style=\"width: 321px\" \/>\n<hr \/>\n<hr \/>\n<\/div>\n<\/div>\n<\/div>\n<p style=\"text-align: justify\"><span style=\"font-family: Arial\"><strong>Para publicar na Enciclop\u00e9dia Brasileira de Teleodontologia<\/strong> deve ter o Curr\u00edculo Lattes atualizado, sendo que esta condi\u00e7\u00e3o \u00e9 necess\u00e1rio para viabilizar a publica\u00e7\u00e3o do trabalho (Hipertextos).<br \/>\n<\/span><\/p>\n<p><span style=\"font-family: Arial\"><strong>Conselho Nacional de Desenvolvimento Cient\u00edfico e Tecnol\u00f3gico \u2013 \u201c<\/strong><em>National Counsel of Technological and Scientific Development<\/em> (<span style=\"color: #0000ff\"><strong><a style=\"color: #0000ff\" href=\"http:\/\/cnpq.br\/\">CNPq<\/a><\/strong><\/span>) cont\u00e9m informa\u00e7\u00f5es sobre o <strong>Pesquisador<\/strong> inseridos na <span style=\"color: #0000ff\"><strong><a style=\"color: #0000ff\" href=\"http:\/\/lattes.cnpq.br\/\">Plataforma Lattes<\/a><\/strong><\/span> (Curr\u00edculo: <span style=\"color: #0000ff\"><strong><a style=\"color: #0000ff\" href=\"https:\/\/wwws.cnpq.br\/cvlattesweb\/pkg_cv_estr.inicio\">Cadastrar<\/a><\/strong><\/span> \/ <span style=\"color: #0000ff\"><strong><a style=\"color: #0000ff\" href=\"http:\/\/buscatextual.cnpq.br\/buscatextual\/busca.do?metodo=apresentar\">Buscar<\/a><\/strong><\/span> \/ <span style=\"color: #0000ff\"><strong><a style=\"color: #0000ff\" href=\"https:\/\/wwws.cnpq.br\/cvlattesweb\/pkg_login.prc_form\">Atualiza\u00e7\u00e3o<\/a><\/strong><\/span>) e Diret\u00f3rio de Grupo (<span style=\"color: #0000ff\"><strong><a style=\"color: #0000ff\" href=\"http:\/\/dgp.cnpq.br\/dgp\/faces\/consulta\/consulta_parametrizada.jsf\">Busca<\/a><\/strong><\/span> \/<span style=\"color: #0000ff\"> <strong><a style=\"color: #0000ff\" href=\"http:\/\/dgp.cnpq.br\/dgp\/\">Atualiza\u00e7\u00e3o<\/a><\/strong><\/span>)<br \/>\n<\/span><\/p>\n<hr \/>\n<address style=\"text-align: right\">\n<address style=\"text-align: right\"><strong><span style=\"font-size: 10px\"><em><span style=\"color: #000000\">Enciclop\u00e9dia Brasileira de Teleodontologia (ISSN 2448-1181)<\/span><\/em><\/span><\/strong><\/address>\n<\/address>\n<hr \/>\n<hr \/>\n<address style=\"text-align: right\">\u00a0<\/address>\n<p>&nbsp;<\/p>\n","protected":false},"excerpt":{"rendered":"<p>Equipe Editorial (E-mail) Para publicar na Enciclop\u00e9dia Brasileira de Teleodontologia deve ter o Curr\u00edculo Lattes [&hellip;]<\/p>\n","protected":false},"author":58,"featured_media":0,"parent":8285,"menu_order":0,"comment_status":"open","ping_status":"closed","template":"","meta":{"footnotes":"","_links_to":"","_links_to_target":""},"class_list":["post-10550","page","type-page","status-publish","hentry"],"_links":{"self":[{"href":"https:\/\/sites.usp.br\/ebt\/index.php?rest_route=\/wp\/v2\/pages\/10550","targetHints":{"allow":["GET"]}}],"collection":[{"href":"https:\/\/sites.usp.br\/ebt\/index.php?rest_route=\/wp\/v2\/pages"}],"about":[{"href":"https:\/\/sites.usp.br\/ebt\/index.php?rest_route=\/wp\/v2\/types\/page"}],"author":[{"embeddable":true,"href":"https:\/\/sites.usp.br\/ebt\/index.php?rest_route=\/wp\/v2\/users\/58"}],"replies":[{"embeddable":true,"href":"https:\/\/sites.usp.br\/ebt\/index.php?rest_route=%2Fwp%2Fv2%2Fcomments&post=10550"}],"version-history":[{"count":4,"href":"https:\/\/sites.usp.br\/ebt\/index.php?rest_route=\/wp\/v2\/pages\/10550\/revisions"}],"predecessor-version":[{"id":26814,"href":"https:\/\/sites.usp.br\/ebt\/index.php?rest_route=\/wp\/v2\/pages\/10550\/revisions\/26814"}],"up":[{"embeddable":true,"href":"https:\/\/sites.usp.br\/ebt\/index.php?rest_route=\/wp\/v2\/pages\/8285"}],"wp:attachment":[{"href":"https:\/\/sites.usp.br\/ebt\/index.php?rest_route=%2Fwp%2Fv2%2Fmedia&parent=10550"}],"curies":[{"name":"wp","href":"https:\/\/api.w.org\/{rel}","templated":true}]}}