{"id":120,"date":"2011-01-01T00:01:42","date_gmt":"2011-01-01T02:01:42","guid":{"rendered":"http:\/\/sites.usp.brprp\/?page_id=120"},"modified":"2020-09-23T17:21:02","modified_gmt":"2020-09-23T20:21:02","slug":"forp-q-t-encl-bras-teleodontol","status":"publish","type":"page","link":"https:\/\/sites.usp.br\/ebt\/?page_id=120","title":{"rendered":"Suplementos"},"content":{"rendered":"<h6><span style=\"color: #ff0000; font-size: 14px;\"><em><strong><a href=\"http:\/\/sites.usp.br\/podae\/wp-login.php\"><img loading=\"lazy\" decoding=\"async\" class=\"alignleft wp-image-528\" src=\"http:\/\/sites.usp.br\/podae\/wp-content\/uploads\/sites\/36\/2014\/05\/FORP_PODAE_00.jpg\" alt=\"FORP_PODAE_00\" width=\"32\" height=\"33\" \/><\/a><\/strong><\/em>\u2022<\/span><span style=\"color: #ff0000;\"><span style=\"color: #000000; font-size: 14px;\"><em><strong> Enciclop\u00e9dia <span style=\"font-size: 13px;\">Brasileira de Teleodontologia: <\/span><\/strong><\/em><strong><span style=\"font-size: 13px;\">Suplementos<\/span><\/strong><\/span><\/span><\/h6>\n<hr \/>\n<p style=\"text-align: justify;\"><span style=\"color: #ff0000;\"><span style=\"font-size: 13px; color: #ff0000;\"><span style=\"color: #000000;\">A<\/span><\/span><\/span><span style=\"color: #ff0000;\"><span style=\"font-size: 13px; color: #ff0000;\"><span style=\"color: #000000;\"> Equipe do <strong>Polo de Odontologia Digital Aplicado \u00e0 Educa\u00e7\u00e3o<\/strong> (<strong>PODAE<\/strong>), da <strong>Faculdade de Odontologia de Ribeir\u00e3o Preto<\/strong> (<a href=\"https:\/\/www.forp.usp.br\/\"><strong><span style=\"color: #0000ff;\">FOR<\/span>P<\/strong><\/a>) est\u00e1 associada com o Corpo Editorial e Assessores (<span style=\"color: #0000ff;\"><strong><a style=\"color: #0000ff;\" href=\"https:\/\/sites.usp.br\/podae\/?page_id=3336\">Pareceristas<\/a><\/strong><\/span>) da <\/span><\/span><\/span><span style=\"font-size: 13px;\"><strong>Enciclop\u00e9dia Brasileira de Teleodontologi<\/strong><\/span><span style=\"color: #ff0000;\"><span style=\"font-size: 13px; color: #ff0000;\"><span style=\"color: #000000;\">a (<strong>ISSN <span style=\"color: #0000ff;\"><a style=\"color: #0000ff;\" href=\"https:\/\/portal.issn.org\/resource\/ISSN\/2448-1181#\">2448-1181<\/a><\/span><\/strong> &#8211; <strong>Encicl. Bras. Teleodontol<\/strong>. (<strong>Sistema Integrado de Bibliotecas da Universidade de S\u00e3o Paulo<\/strong> (<a href=\"https:\/\/www5.usp.br\/\"><strong><span style=\"color: #0000ff;\">USP<\/span><\/strong><\/a> \/ <strong><span style=\"color: #0000ff;\"><a style=\"color: #0000ff;\" href=\"https:\/\/sites.usp.br\/podae\/wp-content\/uploads\/sites\/36\/2019\/06\/Encicl.-Bras.Teleodontol.jpg\"><span style=\"color: #0000ff;\">SIBI<\/span><\/a><\/span><\/strong>). <\/span><\/span><\/span><\/p>\n<p style=\"text-align: justify;\"><span style=\"color: #ff0000;\"><span style=\"font-size: 13px; color: #ff0000;\"><span style=\"color: #000000;\">Esta parceria contribui com as Estrat\u00e9gicas Midi\u00e1ticas (Inova\u00e7\u00f5es Tecnol\u00f3gicas) associadas com o Ensino e o Aprendizado em Sa\u00fade<\/span><\/span><\/span><span style=\"color: #ff0000;\"><span style=\"font-size: 13px; color: #ff0000;\"><span style=\"color: #000000;\">.<\/span><\/span><\/span><\/p>\n<p style=\"text-align: justify;\"><span style=\"color: #ff0000;\"><span style=\"font-size: 13px; color: #ff0000;\"><span style=\"color: #000000;\"><strong>SUPLEMENTOS<\/strong>: Ampliam as informa\u00e7\u00f5es t\u00e9cnicas e cient\u00edficas: <\/span><\/span><\/span><\/p>\n<hr style=\"width: 321px;\" \/>\n<ul>\n<li style=\"text-align: center;\"><strong style=\"text-align: center;\"><span style=\"font-size: 12px;\"><span style=\"font-family: Arial;\">Janeiro\u00a0 \/\u00a0 Junho:\u00a0<span style=\"color: #0000ff;\">A<\/span> &#8211; <span style=\"color: #0000ff;\">B<\/span> &#8211; <span style=\"color: #0000ff;\">C<\/span> &#8211; <span style=\"color: #0000ff;\">D<\/span> &#8211; <span style=\"color: #0000ff;\">E<\/span>\u00a0<\/span><\/span><\/strong><\/li>\n<li style=\"text-align: center;\"><span style=\"color: #ff0000;\"><span style=\"font-size: 13px; color: #ff0000;\"><span style=\"color: #000000;\"><strong style=\"text-align: center;\"><span style=\"font-size: 12px;\"><span style=\"font-family: Arial;\">Fevereiro\u00a0 \/\u00a0 Julho: <span style=\"color: #0000ff;\">F<\/span> &#8211; G &#8211; H &#8211; I &#8211; J<\/span><\/span><\/strong><\/span><\/span><\/span><\/li>\n<li style=\"text-align: center;\"><span style=\"color: #ff0000;\"><span style=\"font-size: 13px; color: #ff0000;\"><span style=\"color: #000000;\"><strong style=\"text-align: center;\"><span style=\"font-size: 12px;\"><span style=\"font-family: Arial;\">Mar\u00e7o\u00a0 \/\u00a0 Agosto: K &#8211; L &#8211; M &#8211; N &#8211; O<\/span><\/span><\/strong><\/span><\/span><\/span><\/li>\n<li style=\"text-align: center;\"><span style=\"color: #ff0000;\"><span style=\"font-size: 13px; color: #ff0000;\"><span style=\"color: #000000;\"><strong style=\"text-align: center;\"><span style=\"font-size: 12px;\"><span style=\"font-family: Arial;\">Abril\u00a0 \/\u00a0 Setembro: P &#8211; Q &#8211; R &#8211; S &#8211; T<\/span><\/span><\/strong><\/span><\/span><\/span><\/li>\n<li style=\"text-align: center;\"><span style=\"color: #ff0000;\"><span style=\"font-size: 13px; color: #ff0000;\"><span style=\"color: #000000;\"><strong style=\"text-align: center;\"><span style=\"font-size: 12px;\"><span style=\"font-family: Arial;\">Maio\u00a0 \/\u00a0 Outubro: U &#8211; V &#8211; W<\/span><\/span><\/strong><\/span><\/span><\/span><\/li>\n<li style=\"text-align: center;\"><span style=\"color: #ff0000;\"><span style=\"font-size: 13px; color: #ff0000;\"><span style=\"color: #000000;\"><strong style=\"text-align: center;\"><span style=\"font-size: 12px;\"><span style=\"font-family: Arial;\">Novembro\u00a0 \/\u00a0 Dezembro: X &#8211; Y &#8211; Z<\/span><\/span><\/strong><\/span><\/span><\/span><\/li>\n<\/ul>\n","protected":false},"excerpt":{"rendered":"<p>\u2022 Enciclop\u00e9dia Brasileira de Teleodontologia: Suplementos A Equipe do Polo de Odontologia Digital Aplicado \u00e0 [&hellip;]<\/p>\n","protected":false},"author":13,"featured_media":0,"parent":0,"menu_order":6,"comment_status":"closed","ping_status":"closed","template":"","meta":{"footnotes":"","_links_to":"","_links_to_target":""},"class_list":["post-120","page","type-page","status-publish","hentry"],"_links":{"self":[{"href":"https:\/\/sites.usp.br\/ebt\/index.php?rest_route=\/wp\/v2\/pages\/120","targetHints":{"allow":["GET"]}}],"collection":[{"href":"https:\/\/sites.usp.br\/ebt\/index.php?rest_route=\/wp\/v2\/pages"}],"about":[{"href":"https:\/\/sites.usp.br\/ebt\/index.php?rest_route=\/wp\/v2\/types\/page"}],"author":[{"embeddable":true,"href":"https:\/\/sites.usp.br\/ebt\/index.php?rest_route=\/wp\/v2\/users\/13"}],"replies":[{"embeddable":true,"href":"https:\/\/sites.usp.br\/ebt\/index.php?rest_route=%2Fwp%2Fv2%2Fcomments&post=120"}],"version-history":[{"count":6,"href":"https:\/\/sites.usp.br\/ebt\/index.php?rest_route=\/wp\/v2\/pages\/120\/revisions"}],"predecessor-version":[{"id":35684,"href":"https:\/\/sites.usp.br\/ebt\/index.php?rest_route=\/wp\/v2\/pages\/120\/revisions\/35684"}],"wp:attachment":[{"href":"https:\/\/sites.usp.br\/ebt\/index.php?rest_route=%2Fwp%2Fv2%2Fmedia&parent=120"}],"curies":[{"name":"wp","href":"https:\/\/api.w.org\/{rel}","templated":true}]}}