{"id":14641,"date":"2011-01-01T00:11:01","date_gmt":"2011-01-01T02:11:01","guid":{"rendered":"http:\/\/sites.usp.br\/ebt\/?page_id=14641"},"modified":"2018-08-07T10:53:24","modified_gmt":"2018-08-07T13:53:24","slug":"manutencao-e-desenvolvimento-tecnologico-teleodontologia","status":"publish","type":"page","link":"https:\/\/sites.usp.br\/ebt\/?page_id=14641","title":{"rendered":"M.01 Manuten\u00e7\u00e3o e Desenvolvimento Tecnol\u00f3gico: Teleodontologia"},"content":{"rendered":"<hr \/>\n<address style=\"text-align: right;\"><span style=\"color: #fd8725; font-size: 14px;\">\u2666 <\/span><strong><span style=\"font-size: 10px;\">Enciclop\u00e9dia Brasileira de Teleodontologia, Volume 1 (<span style=\"color: #0000ff;\"><a style=\"color: #0000ff;\" href=\"http:\/\/sites.usp.br\/ebt\/forp-m-p-encl-bras-teleodontol\/m\/\">S\u00e9rie M<\/a><\/span>): janeiro\u00a0 a\u00a0 dezembro, 2011. ISSN 2448 -1181<br \/>\n<\/span><\/strong><\/address>\n<hr \/>\n<address style=\"text-align: right;\"><span style=\"color: #ff0000; font-size: 14px;\">\u2666 <\/span><strong><span style=\"font-size: 10px;\">Sum\u00e1rio <\/span><\/strong><\/address>\n<hr \/>\n<hr \/>\n","protected":false},"excerpt":{"rendered":"<p>\u2666 Enciclop\u00e9dia Brasileira de Teleodontologia, Volume 1 (S\u00e9rie M): janeiro\u00a0 a\u00a0 dezembro, 2011. ISSN 2448 [&hellip;]<\/p>\n","protected":false},"author":58,"featured_media":0,"parent":1197,"menu_order":0,"comment_status":"open","ping_status":"closed","template":"","meta":{"footnotes":"","_links_to":"","_links_to_target":""},"class_list":["post-14641","page","type-page","status-publish","hentry"],"_links":{"self":[{"href":"https:\/\/sites.usp.br\/ebt\/index.php?rest_route=\/wp\/v2\/pages\/14641","targetHints":{"allow":["GET"]}}],"collection":[{"href":"https:\/\/sites.usp.br\/ebt\/index.php?rest_route=\/wp\/v2\/pages"}],"about":[{"href":"https:\/\/sites.usp.br\/ebt\/index.php?rest_route=\/wp\/v2\/types\/page"}],"author":[{"embeddable":true,"href":"https:\/\/sites.usp.br\/ebt\/index.php?rest_route=\/wp\/v2\/users\/58"}],"replies":[{"embeddable":true,"href":"https:\/\/sites.usp.br\/ebt\/index.php?rest_route=%2Fwp%2Fv2%2Fcomments&post=14641"}],"version-history":[{"count":4,"href":"https:\/\/sites.usp.br\/ebt\/index.php?rest_route=\/wp\/v2\/pages\/14641\/revisions"}],"predecessor-version":[{"id":32560,"href":"https:\/\/sites.usp.br\/ebt\/index.php?rest_route=\/wp\/v2\/pages\/14641\/revisions\/32560"}],"up":[{"embeddable":true,"href":"https:\/\/sites.usp.br\/ebt\/index.php?rest_route=\/wp\/v2\/pages\/1197"}],"wp:attachment":[{"href":"https:\/\/sites.usp.br\/ebt\/index.php?rest_route=%2Fwp%2Fv2%2Fmedia&parent=14641"}],"curies":[{"name":"wp","href":"https:\/\/api.w.org\/{rel}","templated":true}]}}