{"id":15070,"date":"2013-01-01T00:01:00","date_gmt":"2013-01-01T02:01:00","guid":{"rendered":"http:\/\/sites.usp.br\/ebt\/?page_id=15070"},"modified":"2017-04-01T10:11:48","modified_gmt":"2017-04-01T13:11:48","slug":"web-estacao-de-trabalho-rede-interativa-de-telessaude","status":"publish","type":"page","link":"https:\/\/sites.usp.br\/ebt\/?page_id=15070","title":{"rendered":"W.03 WEB (Esta\u00e7\u00e3o de Trabalho): Rede Interativa de Telessa\u00fade"},"content":{"rendered":"<hr \/>\n<address style=\"text-align: right\"><span style=\"color: #fd8725;font-size: 14px\">\u2666 <\/span><strong><span style=\"font-size: 10px\">Enciclop\u00e9dia Brasileira de Teleodontologia, Volume 3 (S\u00e9rie W): janeiro \/ dezembro, 2013.\u00a0 ISSN 2448 -1181<br \/>\n<\/span><\/strong><\/address>\n<hr \/>\n<address style=\"text-align: right\"><span style=\"color: #ff0000;font-size: 14px\">\u2666 <\/span><strong><span style=\"font-size: 10px\">Sum\u00e1rio <\/span><\/strong><\/address>\n<hr \/>\n<hr \/>\n","protected":false},"excerpt":{"rendered":"<p>\u2666 Enciclop\u00e9dia Brasileira de Teleodontologia, Volume 3 (S\u00e9rie W): janeiro \/ dezembro, 2013.\u00a0 ISSN 2448 [&hellip;]<\/p>\n","protected":false},"author":58,"featured_media":0,"parent":1224,"menu_order":0,"comment_status":"open","ping_status":"closed","template":"","meta":{"footnotes":"","_links_to":"","_links_to_target":""},"class_list":["post-15070","page","type-page","status-publish","hentry"],"_links":{"self":[{"href":"https:\/\/sites.usp.br\/ebt\/index.php?rest_route=\/wp\/v2\/pages\/15070","targetHints":{"allow":["GET"]}}],"collection":[{"href":"https:\/\/sites.usp.br\/ebt\/index.php?rest_route=\/wp\/v2\/pages"}],"about":[{"href":"https:\/\/sites.usp.br\/ebt\/index.php?rest_route=\/wp\/v2\/types\/page"}],"author":[{"embeddable":true,"href":"https:\/\/sites.usp.br\/ebt\/index.php?rest_route=\/wp\/v2\/users\/58"}],"replies":[{"embeddable":true,"href":"https:\/\/sites.usp.br\/ebt\/index.php?rest_route=%2Fwp%2Fv2%2Fcomments&post=15070"}],"version-history":[{"count":6,"href":"https:\/\/sites.usp.br\/ebt\/index.php?rest_route=\/wp\/v2\/pages\/15070\/revisions"}],"predecessor-version":[{"id":20779,"href":"https:\/\/sites.usp.br\/ebt\/index.php?rest_route=\/wp\/v2\/pages\/15070\/revisions\/20779"}],"up":[{"embeddable":true,"href":"https:\/\/sites.usp.br\/ebt\/index.php?rest_route=\/wp\/v2\/pages\/1224"}],"wp:attachment":[{"href":"https:\/\/sites.usp.br\/ebt\/index.php?rest_route=%2Fwp%2Fv2%2Fmedia&parent=15070"}],"curies":[{"name":"wp","href":"https:\/\/api.w.org\/{rel}","templated":true}]}}