{"id":15972,"date":"2016-11-18T17:48:04","date_gmt":"2016-11-18T19:48:04","guid":{"rendered":"http:\/\/sites.usp.br\/ebt\/?page_id=15972"},"modified":"2018-11-05T16:55:14","modified_gmt":"2018-11-05T18:55:14","slug":"vanguarda-educacional-atividade-online","status":"publish","type":"page","link":"https:\/\/sites.usp.br\/ebt\/?page_id=15972","title":{"rendered":"V \u2013 Vanguarda Educacional (Atividade Online)"},"content":{"rendered":"<p style=\"text-align: center;\"><strong><span style=\"font-size: 14px;\"><span style=\"font-family: Arial;\">Atividade Educativa Online: Arauto e Atributo Educacional<\/span><\/span><\/strong><br \/>\n<strong><span style=\"font-size: 14px;\"><span style=\"font-family: Arial;\"><span style=\"color: #0000ff;\"><span style=\"color: #000000;\">Publica\u00e7\u00e3o Anual<\/span> <\/span><\/span><\/span><\/strong><span style=\"font-size: 14px;\"><span style=\"font-family: Arial;\"><span style=\"color: #0000ff;\">(<\/span><\/span><\/span><strong><span style=\"font-size: 14px;\"><span style=\"font-family: Arial;\"><span style=\"color: #0000ff;\"><span style=\"font-size: 15px;\"><em><span style=\"color: #000000;\"><span style=\"text-decoration: underline;\">Suplemento<\/span><\/span><\/em><\/span><\/span><\/span><\/span><\/strong><span style=\"font-size: 14px;\"><span style=\"font-family: Arial;\"><span style=\"color: #0000ff;\">)<\/span><\/span><\/span> <span style=\"font-size: 14px;\"><span style=\"font-family: Arial;\"><span style=\"color: #0000ff;\"><span style=\"color: #000000;\"><strong>Mar\u00e7o\u00a0 e Dezembro <\/strong><\/span><\/span><\/span><\/span><strong><span style=\"font-size: 14px;\"><span style=\"font-family: Arial;\"><span style=\"color: #0000ff;\"><span style=\"color: #000000;\">\/<\/span> <a href=\"http:\/\/sites.usp.br\/ebt\/forp-u-z-encl-bras-teleodontol\/v\/\"><span style=\"color: #0000ff;\">S\u00e9rie V<\/span> <\/a><\/span><\/span><\/span><\/strong><\/p>\n<address style=\"text-align: right;\">\n<hr style=\"width: 321px;\" \/>\n<div align=\"center\">\n<p><span style=\"color: #000000;\"><strong><span style=\"font-size: 10px;\">\u00a0\u00a0<span style=\"text-decoration: underline;\">Visitantes<\/span>:\u00a0 \u00a0<\/span><\/strong><\/span><a href=\"https:\/\/contador.s12.com.br\"><img loading=\"lazy\" decoding=\"async\" class=\"\" src=\"https:\/\/contador.s12.com.br\/img-dcWWcDZxBwC785W8-21.gif\" alt=\"contador de visitantes\" width=\"54\" height=\"12\" border=\"0\" \/><\/a><\/p>\n<\/div>\n<hr style=\"width: 321px;\" \/>\n<\/address>\n","protected":false},"excerpt":{"rendered":"<p>Atividade Educativa Online: Arauto e Atributo Educacional Publica\u00e7\u00e3o Anual (Suplemento) Mar\u00e7o\u00a0 e Dezembro \/ S\u00e9rie [&hellip;]<\/p>\n","protected":false},"author":58,"featured_media":0,"parent":1226,"menu_order":0,"comment_status":"open","ping_status":"closed","template":"","meta":{"footnotes":"","_links_to":"","_links_to_target":""},"class_list":["post-15972","page","type-page","status-publish","hentry"],"_links":{"self":[{"href":"https:\/\/sites.usp.br\/ebt\/index.php?rest_route=\/wp\/v2\/pages\/15972","targetHints":{"allow":["GET"]}}],"collection":[{"href":"https:\/\/sites.usp.br\/ebt\/index.php?rest_route=\/wp\/v2\/pages"}],"about":[{"href":"https:\/\/sites.usp.br\/ebt\/index.php?rest_route=\/wp\/v2\/types\/page"}],"author":[{"embeddable":true,"href":"https:\/\/sites.usp.br\/ebt\/index.php?rest_route=\/wp\/v2\/users\/58"}],"replies":[{"embeddable":true,"href":"https:\/\/sites.usp.br\/ebt\/index.php?rest_route=%2Fwp%2Fv2%2Fcomments&post=15972"}],"version-history":[{"count":4,"href":"https:\/\/sites.usp.br\/ebt\/index.php?rest_route=\/wp\/v2\/pages\/15972\/revisions"}],"predecessor-version":[{"id":34191,"href":"https:\/\/sites.usp.br\/ebt\/index.php?rest_route=\/wp\/v2\/pages\/15972\/revisions\/34191"}],"up":[{"embeddable":true,"href":"https:\/\/sites.usp.br\/ebt\/index.php?rest_route=\/wp\/v2\/pages\/1226"}],"wp:attachment":[{"href":"https:\/\/sites.usp.br\/ebt\/index.php?rest_route=%2Fwp%2Fv2%2Fmedia&parent=15972"}],"curies":[{"name":"wp","href":"https:\/\/api.w.org\/{rel}","templated":true}]}}